{"id":1031,"date":"2018-11-11T23:25:01","date_gmt":"2018-11-11T22:25:01","guid":{"rendered":"http:\/\/agora.xtec.cat\/inslaplana\/?page_id=1031"},"modified":"2018-11-11T23:31:58","modified_gmt":"2018-11-11T22:31:58","slug":"hipica","status":"publish","type":"page","link":"https:\/\/agora.xtec.cat\/inslaplana\/projectes-del-centre\/hipica\/","title":{"rendered":"H\u00edpica"},"content":{"rendered":"<p><a href=\"https:\/\/agora.xtec.cat\/inslaplana\/wp-content\/uploads\/usu1618\/2018\/11\/baixa-3.png\"><img loading=\"lazy\" decoding=\"async\" class=\"alignleft wp-image-1042\" src=\"https:\/\/agora.xtec.cat\/inslaplana\/wp-content\/uploads\/usu1618\/2018\/11\/baixa-3.png\" alt=\"\" width=\"227\" height=\"85\" srcset=\"https:\/\/agora.xtec.cat\/inslaplana\/wp-content\/uploads\/usu1618\/2018\/11\/baixa-3.png 366w, https:\/\/agora.xtec.cat\/inslaplana\/wp-content\/uploads\/usu1618\/2018\/11\/baixa-3-300x112.png 300w\" sizes=\"auto, (max-width: 227px) 100vw, 227px\" \/><\/a>Aquest curs els alumnes de l&#8217;aula SIEI tamb\u00e9 participaran den el projecte de h\u00edpica que ja van comen\u00e7ar els curs passat. Aquest projecte va ser finalista de les beques <em>&#8220;educar fomentant l&#8217;esfor\u00e7&#8221;<\/em> de la fundaci\u00f3 <a href=\"http:\/\/www.espavila.cat\/\" target=\"_blank\" rel=\"noopener\">ESPAVILA<\/a><\/p>\n<p>&nbsp;<\/p>\n\r\n\t<div class=\"slideshow_container slideshow_container_style-light\" style=\" \" data-slideshow-id=\"1032\" data-style-name=\"style-light\" data-style-version=\"2.3.1\" >\r\n\r\n\t\t\t\t\t<div class=\"slideshow_loading_icon\"><\/div>\r\n\t\t\r\n\t\t<div class=\"slideshow_content\" style=\"display: none;\">\r\n\r\n\t\t\t<div class=\"slideshow_view\">\r\n\t\t\t\t<div class=\"slideshow_slide slideshow_slide_image\">\r\n\t\t\t\t\t\t\t\t\t\t\t<img src=\"https:\/\/agora.xtec.cat\/inslaplana\/wp-content\/uploads\/usu1618\/2018\/11\/301639_f907d6f8e9df4ac1a34a0fd70f5744e4_mv2_d_3096_2322_s_2-1.jpg\" alt=\"301639_f907d6f8e9df4ac1a34a0fd70f5744e4_mv2_d_3096_2322_s_2 (1)\" width=\"828\" height=\"621\" \/>\r\n\t\t\t\t\t\t\t\t\t\t<div class=\"slideshow_description_box slideshow_transparent\">\r\n\t\t\t\t\t\t<div class=\"slideshow_title\">301639_f907d6f8e9df4ac1a34a0fd70f5744e4_mv2_d_3096_2322_s_2 (1)<\/div>\t\t\t\t\t\t\t\t\t\t\t<\/div>\r\n\t\t\t\t<\/div>\r\n\r\n\t\t\t\t\t\t<div style=\"clear: both;\"><\/div><\/div><div class=\"slideshow_view\">\r\n\t\t\t\t<div class=\"slideshow_slide slideshow_slide_image\">\r\n\t\t\t\t\t\t\t\t\t\t\t<img src=\"https:\/\/agora.xtec.cat\/inslaplana\/wp-content\/uploads\/usu1618\/2018\/11\/301639_e71a7417ac23405eb39ae591d773a4a5_mv2_d_2322_3096_s_2.jpg\" alt=\"301639_e71a7417ac23405eb39ae591d773a4a5_mv2_d_2322_3096_s_2\" width=\"466\" height=\"621\" \/>\r\n\t\t\t\t\t\t\t\t\t\t<div class=\"slideshow_description_box slideshow_transparent\">\r\n\t\t\t\t\t\t<div class=\"slideshow_title\">301639_e71a7417ac23405eb39ae591d773a4a5_mv2_d_2322_3096_s_2<\/div>\t\t\t\t\t\t\t\t\t\t\t<\/div>\r\n\t\t\t\t<\/div>\r\n\r\n\t\t\t\t\t\t<div style=\"clear: both;\"><\/div><\/div><div class=\"slideshow_view\">\r\n\t\t\t\t<div class=\"slideshow_slide slideshow_slide_image\">\r\n\t\t\t\t\t\t\t\t\t\t\t<img src=\"https:\/\/agora.xtec.cat\/inslaplana\/wp-content\/uploads\/usu1618\/2018\/11\/301639_d31adb586e6e4085b8a2894ccf2a12a1_mv2_d_2322_4128_s_2.jpg\" alt=\"301639_d31adb586e6e4085b8a2894ccf2a12a1_mv2_d_2322_4128_s_2\" width=\"349\" height=\"621\" \/>\r\n\t\t\t\t\t\t\t\t\t\t<div class=\"slideshow_description_box slideshow_transparent\">\r\n\t\t\t\t\t\t<div class=\"slideshow_title\">301639_d31adb586e6e4085b8a2894ccf2a12a1_mv2_d_2322_4128_s_2<\/div>\t\t\t\t\t\t\t\t\t\t\t<\/div>\r\n\t\t\t\t<\/div>\r\n\r\n\t\t\t\t\t\t<div style=\"clear: both;\"><\/div><\/div><div class=\"slideshow_view\">\r\n\t\t\t\t<div class=\"slideshow_slide slideshow_slide_image\">\r\n\t\t\t\t\t\t\t\t\t\t\t<img src=\"https:\/\/agora.xtec.cat\/inslaplana\/wp-content\/uploads\/usu1618\/2018\/11\/301639_bb110a953530490296147cdf1b911849_mv2_d_2322_1306_s_2.jpg\" alt=\"301639_bb110a953530490296147cdf1b911849_mv2_d_2322_1306_s_2\" width=\"1104\" height=\"621\" \/>\r\n\t\t\t\t\t\t\t\t\t\t<div class=\"slideshow_description_box slideshow_transparent\">\r\n\t\t\t\t\t\t<div class=\"slideshow_title\">301639_bb110a953530490296147cdf1b911849_mv2_d_2322_1306_s_2<\/div>\t\t\t\t\t\t\t\t\t\t\t<\/div>\r\n\t\t\t\t<\/div>\r\n\r\n\t\t\t\t\t\t<div style=\"clear: both;\"><\/div><\/div><div class=\"slideshow_view\">\r\n\t\t\t\t<div class=\"slideshow_slide slideshow_slide_image\">\r\n\t\t\t\t\t\t\t\t\t\t\t<img src=\"https:\/\/agora.xtec.cat\/inslaplana\/wp-content\/uploads\/usu1618\/2018\/11\/301639_a100fee7a0a544e596e5283ec511de3c_mv2_d_2322_4128_s_2.jpg\" alt=\"301639_a100fee7a0a544e596e5283ec511de3c_mv2_d_2322_4128_s_2\" width=\"349\" height=\"621\" \/>\r\n\t\t\t\t\t\t\t\t\t\t<div class=\"slideshow_description_box slideshow_transparent\">\r\n\t\t\t\t\t\t<div class=\"slideshow_title\">301639_a100fee7a0a544e596e5283ec511de3c_mv2_d_2322_4128_s_2<\/div>\t\t\t\t\t\t\t\t\t\t\t<\/div>\r\n\t\t\t\t<\/div>\r\n\r\n\t\t\t\t\t\t<div style=\"clear: both;\"><\/div><\/div><div class=\"slideshow_view\">\r\n\t\t\t\t<div class=\"slideshow_slide slideshow_slide_image\">\r\n\t\t\t\t\t\t\t\t\t\t\t<img src=\"https:\/\/agora.xtec.cat\/inslaplana\/wp-content\/uploads\/usu1618\/2018\/11\/301639_74d5bceaf9244bf096efa45059ddc390_mv2_d_2322_4128_s_2.jpg\" alt=\"301639_74d5bceaf9244bf096efa45059ddc390_mv2_d_2322_4128_s_2\" width=\"349\" height=\"621\" \/>\r\n\t\t\t\t\t\t\t\t\t\t<div class=\"slideshow_description_box slideshow_transparent\">\r\n\t\t\t\t\t\t<div class=\"slideshow_title\">301639_74d5bceaf9244bf096efa45059ddc390_mv2_d_2322_4128_s_2<\/div>\t\t\t\t\t\t\t\t\t\t\t<\/div>\r\n\t\t\t\t<\/div>\r\n\r\n\t\t\t\t\t\t<div style=\"clear: both;\"><\/div><\/div><div class=\"slideshow_view\">\r\n\t\t\t\t<div class=\"slideshow_slide slideshow_slide_image\">\r\n\t\t\t\t\t\t\t\t\t\t\t<img src=\"https:\/\/agora.xtec.cat\/inslaplana\/wp-content\/uploads\/usu1618\/2018\/11\/301639_24a34b8c87d94073bf9cad21bebb0f3a_mv2_d_2322_1306_s_2.jpg\" alt=\"301639_24a34b8c87d94073bf9cad21bebb0f3a_mv2_d_2322_1306_s_2\" width=\"1104\" height=\"621\" \/>\r\n\t\t\t\t\t\t\t\t\t\t<div class=\"slideshow_description_box slideshow_transparent\">\r\n\t\t\t\t\t\t<div class=\"slideshow_title\">301639_24a34b8c87d94073bf9cad21bebb0f3a_mv2_d_2322_1306_s_2<\/div>\t\t\t\t\t\t\t\t\t\t\t<\/div>\r\n\t\t\t\t<\/div>\r\n\r\n\t\t\t\t\t\t<div style=\"clear: both;\"><\/div><\/div><div class=\"slideshow_view\">\r\n\t\t\t\t<div class=\"slideshow_slide slideshow_slide_image\">\r\n\t\t\t\t\t\t\t\t\t\t\t<img src=\"https:\/\/agora.xtec.cat\/inslaplana\/wp-content\/uploads\/usu1618\/2018\/11\/301639_5ed32ea77c1646d08fe2165646ad570c_mv2_d_3096_2322_s_2.jpg\" alt=\"301639_5ed32ea77c1646d08fe2165646ad570c_mv2_d_3096_2322_s_2\" width=\"828\" height=\"621\" \/>\r\n\t\t\t\t\t\t\t\t\t\t<div class=\"slideshow_description_box slideshow_transparent\">\r\n\t\t\t\t\t\t<div class=\"slideshow_title\">301639_5ed32ea77c1646d08fe2165646ad570c_mv2_d_3096_2322_s_2<\/div>\t\t\t\t\t\t\t\t\t\t\t<\/div>\r\n\t\t\t\t<\/div>\r\n\r\n\t\t\t\t\t\t<div style=\"clear: both;\"><\/div><\/div><div class=\"slideshow_view\">\r\n\t\t\t\t<div class=\"slideshow_slide slideshow_slide_image\">\r\n\t\t\t\t\t\t\t\t\t\t\t<img src=\"https:\/\/agora.xtec.cat\/inslaplana\/wp-content\/uploads\/usu1618\/2018\/11\/301639_00ab516d915948b586162738bf0acf6b_mv2_d_2322_1306_s_2.jpg\" alt=\"301639_00ab516d915948b586162738bf0acf6b_mv2_d_2322_1306_s_2\" width=\"1104\" height=\"621\" \/>\r\n\t\t\t\t\t\t\t\t\t\t<div class=\"slideshow_description_box slideshow_transparent\">\r\n\t\t\t\t\t\t<div class=\"slideshow_title\">301639_00ab516d915948b586162738bf0acf6b_mv2_d_2322_1306_s_2<\/div>\t\t\t\t\t\t\t\t\t\t\t<\/div>\r\n\t\t\t\t<\/div>\r\n\r\n\t\t\t\t\t\t<div style=\"clear: both;\"><\/div><\/div>\r\n\t\t<\/div>\r\n\r\n\t\t<div class=\"slideshow_controlPanel slideshow_transparent\" style=\"display: none;\"><ul><li class=\"slideshow_togglePlay\" data-play-text=\"Visualitza\" data-pause-text=\"Pausa\"><\/li><\/ul><\/div>\r\n\r\n\t\t<div class=\"slideshow_button slideshow_previous slideshow_transparent\" role=\"button\" data-previous-text=\"Anterior\" style=\"display: none;\"><\/div>\r\n\t\t<div class=\"slideshow_button slideshow_next slideshow_transparent\" role=\"button\" data-next-text=\"Seg\u00fcent\" style=\"display: none;\"><\/div>\r\n\r\n\t\t<div class=\"slideshow_pagination\" style=\"display: none;\" data-go-to-text=\"V\u00e9s a la diapositiva\"><div class=\"slideshow_pagination_center\"><\/div><\/div>\r\n\r\n\t\t<!-- WordPress Slideshow Version 2.3.1 -->\r\n\r\n\t\t\t<\/div>\r\n\r\n\n","protected":false},"excerpt":{"rendered":"<p><a href=\"https:\/\/agora.xtec.cat\/inslaplana\/wp-content\/uploads\/usu1618\/2018\/11\/baixa-3.png\"><\/a>Aquest curs els alumnes de l&#8217;aula SIEI tamb\u00e9 participaran den el projecte de h\u00edpica que ja van comen\u00e7ar els curs passat. Aquest projecte va ser finalista de les beques &#8220;educar fomentant l&#8217;esfor\u00e7&#8221; de la fundaci\u00f3 <a href=\"http:\/\/www.espavila.cat\/\" target=\"_blank\" rel=\"noopener\">ESPAVILA<\/a><br \/>\n&nbsp;<\/p>\n<p>\t\t\t\t\t\t301639_f907d6f8e9df4ac1a34a0fd70f5744e4_mv2_d_3096_2322_s_2 (1)\t\t\t\t\t\t\t\t\t\t\t<\/p>\n<p>\t\t\t\t\t\t301639_e71a7417ac23405eb39ae591d773a4a5_mv2_d_2322_3096_s_2\t\t\t\t\t\t\t\t\t\t\t<\/p>\n<p>\t\t\t\t\t\t301639_d31adb586e6e4085b8a2894ccf2a12a1_mv2_d_2322_4128_s_2\t\t\t\t\t\t\t\t\t\t\t<\/p>\n<p>\t\t\t\t\t\t301639_bb110a953530490296147cdf1b911849_mv2_d_2322_1306_s_2\t\t\t\t\t\t\t\t\t\t\t<\/p>\n<p>\t\t\t\t\t\t301639_a100fee7a0a544e596e5283ec511de3c_mv2_d_2322_4128_s_2\t\t\t\t\t\t\t\t\t\t\t<\/p>\n<p>\t\t\t\t\t\t301639_74d5bceaf9244bf096efa45059ddc390_mv2_d_2322_4128_s_2\t\t\t\t\t\t\t\t\t\t\t<\/p>\n<p>\t\t\t\t\t\t301639_24a34b8c87d94073bf9cad21bebb0f3a_mv2_d_2322_1306_s_2\t\t\t\t\t\t\t\t\t\t\t<\/p>\n<p>\t\t\t\t\t\t301639_5ed32ea77c1646d08fe2165646ad570c_mv2_d_3096_2322_s_2\t\t\t\t\t\t\t\t\t\t\t<\/p>\n<p>\t\t\t\t\t\t301639_00ab516d915948b586162738bf0acf6b_mv2_d_2322_1306_s_2\t\t\t\t\t\t\t\t\t\t\t<\/p>\n<ul>\n<li class=\"slideshow_togglePlay\" data-play-text=\"Visualitza\" data-pause-text=\"Pausa\"><\/li>\n<\/ul>\n","protected":false},"author":1,"featured_media":0,"parent":999,"menu_order":0,"comment_status":"closed","ping_status":"closed","template":"page-templates\/side-menu.php","meta":{"_bbp_topic_count":0,"_bbp_reply_count":0,"_bbp_total_topic_count":0,"_bbp_total_reply_count":0,"_bbp_voice_count":0,"_bbp_anonymous_reply_count":0,"_bbp_topic_count_hidden":0,"_bbp_reply_count_hidden":0,"_bbp_forum_subforum_count":0,"footnotes":""},"class_list":["post-1031","page","type-page","status-publish","hentry"],"post_mailing_queue_ids":[],"_links":{"self":[{"href":"https:\/\/agora.xtec.cat\/inslaplana\/wp-json\/wp\/v2\/pages\/1031","targetHints":{"allow":["GET"]}}],"collection":[{"href":"https:\/\/agora.xtec.cat\/inslaplana\/wp-json\/wp\/v2\/pages"}],"about":[{"href":"https:\/\/agora.xtec.cat\/inslaplana\/wp-json\/wp\/v2\/types\/page"}],"author":[{"embeddable":true,"href":"https:\/\/agora.xtec.cat\/inslaplana\/wp-json\/wp\/v2\/users\/1"}],"replies":[{"embeddable":true,"href":"https:\/\/agora.xtec.cat\/inslaplana\/wp-json\/wp\/v2\/comments?post=1031"}],"version-history":[{"count":2,"href":"https:\/\/agora.xtec.cat\/inslaplana\/wp-json\/wp\/v2\/pages\/1031\/revisions"}],"predecessor-version":[{"id":1045,"href":"https:\/\/agora.xtec.cat\/inslaplana\/wp-json\/wp\/v2\/pages\/1031\/revisions\/1045"}],"up":[{"embeddable":true,"href":"https:\/\/agora.xtec.cat\/inslaplana\/wp-json\/wp\/v2\/pages\/999"}],"wp:attachment":[{"href":"https:\/\/agora.xtec.cat\/inslaplana\/wp-json\/wp\/v2\/media?parent=1031"}],"curies":[{"name":"wp","href":"https:\/\/api.w.org\/{rel}","templated":true}]}}