{"id":1023,"date":"2018-11-11T22:24:25","date_gmt":"2018-11-11T21:24:25","guid":{"rendered":"http:\/\/agora.xtec.cat\/inslaplana\/?page_id=1023"},"modified":"2018-11-11T22:54:34","modified_gmt":"2018-11-11T21:54:34","slug":"competencies","status":"publish","type":"page","link":"https:\/\/agora.xtec.cat\/inslaplana\/formacio-professorat\/competencies\/","title":{"rendered":"Compet\u00e8ncies"},"content":{"rendered":"<p style=\"text-align: center;\"><strong>PROGRAMACI\u00d3 I AVALUACI\u00d3 PER COMPET\u00c8NCIES<\/strong><\/p>\n<p>&nbsp;<\/p>\n<p>Desde el <a href=\"https:\/\/www.uvic.cat\/centre-innovacio-i-formacio-en-educacio\" target=\"_blank\" rel=\"noopener\">CIFE<\/a><a href=\"https:\/\/agora.xtec.cat\/inslaplana\/wp-content\/uploads\/usu1618\/2018\/11\/baixa-2.png\"><img loading=\"lazy\" decoding=\"async\" class=\"alignleft wp-image-1024\" src=\"https:\/\/agora.xtec.cat\/inslaplana\/wp-content\/uploads\/usu1618\/2018\/11\/baixa-2.png\" alt=\"\" width=\"381\" height=\"80\" srcset=\"https:\/\/agora.xtec.cat\/inslaplana\/wp-content\/uploads\/usu1618\/2018\/11\/baixa-2.png 490w, https:\/\/agora.xtec.cat\/inslaplana\/wp-content\/uploads\/usu1618\/2018\/11\/baixa-2-300x63.png 300w\" sizes=\"auto, (max-width: 381px) 100vw, 381px\" \/><\/a> de la UVIC s&#8217;ha programat una formaci\u00f3 adre\u00e7ada al professorat de secund\u00e0ria. El\u00a0principal objectiu tractar els aspectes cr\u00edtics de la programaci\u00f3 i l\u2019avaluaci\u00f3 per compet\u00e8ncies en el marc de l\u2019ensenyament obligatori. D\u2019aquesta manera, es tractaran els aspectes b\u00e0sics de l\u2019ensenyament basat en compet\u00e8ncies i s\u2019aprofundir\u00e0 en eines i instruments metodol\u00f2gics i d\u2019avaluaci\u00f3 que s\u00f3n coherents amb aquest tipus de plantejament.<\/p>\n","protected":false},"excerpt":{"rendered":"<p>PROGRAMACI\u00d3 I AVALUACI\u00d3 PER COMPET\u00c8NCIES<br \/>\n&nbsp;<br \/>\nDesde el <a href=\"https:\/\/www.uvic.cat\/centre-innovacio-i-formacio-en-educacio\" target=\"_blank\" rel=\"noopener\">CIFE<\/a><a href=\"https:\/\/agora.xtec.cat\/inslaplana\/wp-content\/uploads\/usu1618\/2018\/11\/baixa-2.png\"><\/a> de la UVIC s&#8217;ha programat una formaci\u00f3 adre\u00e7ada al professorat de secund\u00e0ria. El\u00a0principal objectiu tractar els aspectes cr\u00edtics de la programaci\u00f3 i l\u2019avaluaci\u00f3 per compet\u00e8ncies en el marc de l\u2019ensenyament obligatori. D\u2019aquesta manera, es&hellip;  <a href=\"https:\/\/agora.xtec.cat\/inslaplana\/formacio-professorat\/competencies\/\" title=\"Read Compet\u00e8ncies\">Llegeix m\u00e9s\u00bb<\/a><\/p>\n","protected":false},"author":1,"featured_media":0,"parent":1027,"menu_order":0,"comment_status":"closed","ping_status":"closed","template":"page-templates\/side-menu.php","meta":{"_bbp_topic_count":0,"_bbp_reply_count":0,"_bbp_total_topic_count":0,"_bbp_total_reply_count":0,"_bbp_voice_count":0,"_bbp_anonymous_reply_count":0,"_bbp_topic_count_hidden":0,"_bbp_reply_count_hidden":0,"_bbp_forum_subforum_count":0,"footnotes":""},"class_list":["post-1023","page","type-page","status-publish","hentry"],"post_mailing_queue_ids":[],"_links":{"self":[{"href":"https:\/\/agora.xtec.cat\/inslaplana\/wp-json\/wp\/v2\/pages\/1023","targetHints":{"allow":["GET"]}}],"collection":[{"href":"https:\/\/agora.xtec.cat\/inslaplana\/wp-json\/wp\/v2\/pages"}],"about":[{"href":"https:\/\/agora.xtec.cat\/inslaplana\/wp-json\/wp\/v2\/types\/page"}],"author":[{"embeddable":true,"href":"https:\/\/agora.xtec.cat\/inslaplana\/wp-json\/wp\/v2\/users\/1"}],"replies":[{"embeddable":true,"href":"https:\/\/agora.xtec.cat\/inslaplana\/wp-json\/wp\/v2\/comments?post=1023"}],"version-history":[{"count":2,"href":"https:\/\/agora.xtec.cat\/inslaplana\/wp-json\/wp\/v2\/pages\/1023\/revisions"}],"predecessor-version":[{"id":1026,"href":"https:\/\/agora.xtec.cat\/inslaplana\/wp-json\/wp\/v2\/pages\/1023\/revisions\/1026"}],"up":[{"embeddable":true,"href":"https:\/\/agora.xtec.cat\/inslaplana\/wp-json\/wp\/v2\/pages\/1027"}],"wp:attachment":[{"href":"https:\/\/agora.xtec.cat\/inslaplana\/wp-json\/wp\/v2\/media?parent=1023"}],"curies":[{"name":"wp","href":"https:\/\/api.w.org\/{rel}","templated":true}]}}