{"id":43,"date":"2014-09-17T16:45:07","date_gmt":"2014-09-17T16:45:07","guid":{"rendered":"http:\/\/agora.xtec.cat\/inslaialarquera\/?page_id=43"},"modified":"2024-03-06T13:25:11","modified_gmt":"2024-03-06T12:25:11","slug":"consell-escolar","status":"publish","type":"page","link":"https:\/\/agora.xtec.cat\/inslaialarquera\/linstitut\/consell-escolar\/","title":{"rendered":"Consell escolar"},"content":{"rendered":"<p>El consell escolar del centre \u00e9s l&#8217;<strong>\u00f2rgan col\u00b7legiat de participaci\u00f3<\/strong> de la comunitat escolar en el govern del centre. En el consell escolar hi ha representats tots els col\u00b7lectius que intervenen en la comunitat educativa: director, professorat, alumnat, personal d&#8217;administraci\u00f3 i serveis, etc.<\/p>\n<p>En els centres p\u00fablics, la funci\u00f3 principal del consell escolar \u00e9s participar en la presa de decisions en relaci\u00f3 amb aquells temes importants per al funcionament i l&#8217;organitzaci\u00f3 del centre: el projecte educatiu, la programaci\u00f3 general, la gesti\u00f3 econ\u00f2mica, etc.<\/p>\n<p>Els membres del consell escolar s\u00f3n elegits per un per\u00edode de quatre anys i es renoven per meitats cada dos anys.<\/p>\n<p>Corresponen al consell escolar les funcions seg\u00fcents:<\/p>\n<ul>\n<li>Participar en l&#8217;aprovaci\u00f3 del projecte educatiu i les seves modificacions. El consell escolar ha de ser consultat pel director de manera preceptiva per valorar la proposta del projecte educatiu i manifestar el seu suport amb una majoria de les tres cinquenes parts dels membres.<\/li>\n<li>Participar en l&#8217;aprovaci\u00f3 de la programaci\u00f3 general anual, de les normes de funcionament i de la gesti\u00f3 econ\u00f2mica del centre. El consell escolar ha de ser consultat de manera preceptiva per valorar cada una de les propostes i manifestar el seu suport per majoria simple dels membres.<\/li>\n<li>Avaluar l&#8217;aplicaci\u00f3 del projecte educatiu i de les seves modificacions aix\u00ed com de la resta de documents de gesti\u00f3 del centre.<\/li>\n<li>Aprovar les propostes d&#8217;acords de coresponsabilitat, convenis i altres acords de col\u00b7laboraci\u00f3 del centre amb entitats i institucions.<\/li>\n<li>Intervenir en el procediment d&#8217;admissi\u00f3 d&#8217;alumnes.<\/li>\n<li>Participar en el procediment de selecci\u00f3 i en la proposta de cessament del director o directora.<\/li>\n<li>Intervenir en la resoluci\u00f3 dels conflictes i, si escau, revisar les sancions als alumnes.<\/li>\n<li>Aprovar les directrius per a la programaci\u00f3 d&#8217;activitats escolars complement\u00e0ries i d&#8217;activitats extraescolars, i avaluar-ne el desenvolupament.<\/li>\n<li>Participar en les an\u00e0lisis i les avaluacions del funcionament general del centre i con\u00e8ixer l&#8217;evoluci\u00f3 del rendiment escolar.<\/li>\n<li>Aprovar els criteris de col\u00b7laboraci\u00f3 amb altres centres i amb l&#8217;entorn.<\/li>\n<li>Qualsevol altre que li sigui atribu\u00efda per les normes legals o reglament\u00e0ries.<\/li>\n<\/ul>\n<p>&nbsp;<\/p>\n<ul style=\"list-style-type: circle;\">\n<li>El consell escolar d&#8217;un centre p\u00fablic est\u00e0 integrat per:\n<ul>\n<li>El director o directora, que el presideix.<\/li>\n<li>El cap o la cap d&#8217;estudis.<\/li>\n<li>Un o una representant de l&#8217;ajuntament de la localitat on es troba situat el centre.<\/li>\n<li>El secretari o secret\u00e0ria del centre que assisteix amb veu i sense vot i exerceix la secretaria del consell.<\/li>\n<li>Els i les representants del professorat s&#8217;elegeixen pel claustre.<\/li>\n<li>Els i les representants de l&#8217;alumnat i dels pares i mares o tutors, elegits respectivament per ells i entre ells.<\/li>\n<li>Un o una representant del personal d&#8217;administraci\u00f3 i serveis, elegit per i entre aquest personal.<\/li>\n<\/ul>\n<\/li>\n<li>El nombre de representants del professorat no pot ser inferior a un ter\u00e7 del total de membres del consell, elegits pel claustre i en representaci\u00f3 d&#8217;aquest.<\/li>\n<li>El nombre de representants de l&#8217;alumnat i pares i mares o tutors, en conjunt, no pot ser inferior a un ter\u00e7 del total de persones membres del consell. Una de les persones representants dels progenitors la designa l&#8217;associaci\u00f3 de pares i mares m\u00e9s representativa del centre.<\/li>\n<li>Cada centre determina la <strong>composici\u00f3 del consell escolar<\/strong> que queda recollida a les seves normes d&#8217;organitzaci\u00f3 i funcionament, d&#8217;acord amb el que s&#8217;estableix en el Decret 102\/2010, de 3 d&#8217;agost, d&#8217;autonomia dels centres educatius i la resta de legislaci\u00f3 vigent.<\/li>\n<\/ul>\n<div id=\"bloc5\" class=\"panel-collapse collapse in\">\n<div class=\"col-xs-12\">\n<div class=\"cos_bloc basic_text_peq pd-15\">\n<p>El consell escolar ha d&#8217;aprovar les seves normes de funcionament. En all\u00f2 que no estigui previst s&#8217;han d&#8217;aplicar les normes reguladores dels \u00f2rgans col\u00b7legiats de l&#8217;Administraci\u00f3 de la Generalitat.<\/p>\n<p>El consell escolar del centre es reuneix preceptivament una vegada al trimestre i sempre que el convoca el director o directora del centre o ho sol\u00b7licita al menys un ter\u00e7 de les seves persones membres. A m\u00e9s, s&#8217;ha de fer una reuni\u00f3 a principi de curs i una altra a la seva finalitzaci\u00f3.<\/p>\n<p>El consell escolar actua normalment en ple. Es poden constituir comissions espec\u00edfiques d\u2019estudi i informaci\u00f3, a les quals, en tot cas, s\u2019hi ha d\u2019incorporar la direcci\u00f3 del centre, o en la seva representaci\u00f3, un altre \u00f2rgan\u00a0unipersonal de direcci\u00f3,\u00a0un professor o professora, i un alumne o alumna o un representant o una representant de les mares i els pares. Els centres de titularitat p\u00fablica, a m\u00e9s, hi ha d&#8217;haver preceptivament\u00a0una <strong>comissi\u00f3 econ\u00f2mica<\/strong> que supervisa la gesti\u00f3 econ\u00f2mica del centre.<\/p>\n<p><strong>El referent d&#8217;igualtat de g\u00e8nere del Consell\u00a0 Escolar \u00e9s la professora LAIA CODOL\u00c0 AURICH (29-10-2023)<\/strong><\/p>\n<\/div>\n<\/div>\n<\/div>\n","protected":false},"excerpt":{"rendered":"<p>El consell escolar del centre \u00e9s l&#8217;\u00f2rgan col\u00b7legiat de participaci\u00f3 de la comunitat escolar en el govern del centre. En el consell escolar hi ha representats tots els col\u00b7lectius que intervenen en la comunitat educativa: director, professorat, alumnat, personal d&#8217;administraci\u00f3 i serveis, etc.<br \/>\nEn els centres&hellip;  <a href=\"https:\/\/agora.xtec.cat\/inslaialarquera\/linstitut\/consell-escolar\/\" title=\"Read Consell escolar\">Llegeix m\u00e9s\u00bb<\/a><\/p>\n","protected":false},"author":1,"featured_media":0,"parent":19,"menu_order":40,"comment_status":"closed","ping_status":"closed","template":"page-templates\/side-menu.php","meta":{"_bbp_topic_count":0,"_bbp_reply_count":0,"_bbp_total_topic_count":0,"_bbp_total_reply_count":0,"_bbp_voice_count":0,"_bbp_anonymous_reply_count":0,"_bbp_topic_count_hidden":0,"_bbp_reply_count_hidden":0,"_bbp_forum_subforum_count":0,"footnotes":""},"class_list":["post-43","page","type-page","status-publish","hentry"],"post_mailing_queue_ids":[],"_links":{"self":[{"href":"https:\/\/agora.xtec.cat\/inslaialarquera\/wp-json\/wp\/v2\/pages\/43","targetHints":{"allow":["GET"]}}],"collection":[{"href":"https:\/\/agora.xtec.cat\/inslaialarquera\/wp-json\/wp\/v2\/pages"}],"about":[{"href":"https:\/\/agora.xtec.cat\/inslaialarquera\/wp-json\/wp\/v2\/types\/page"}],"author":[{"embeddable":true,"href":"https:\/\/agora.xtec.cat\/inslaialarquera\/wp-json\/wp\/v2\/users\/1"}],"replies":[{"embeddable":true,"href":"https:\/\/agora.xtec.cat\/inslaialarquera\/wp-json\/wp\/v2\/comments?post=43"}],"version-history":[{"count":5,"href":"https:\/\/agora.xtec.cat\/inslaialarquera\/wp-json\/wp\/v2\/pages\/43\/revisions"}],"predecessor-version":[{"id":2282,"href":"https:\/\/agora.xtec.cat\/inslaialarquera\/wp-json\/wp\/v2\/pages\/43\/revisions\/2282"}],"up":[{"embeddable":true,"href":"https:\/\/agora.xtec.cat\/inslaialarquera\/wp-json\/wp\/v2\/pages\/19"}],"wp:attachment":[{"href":"https:\/\/agora.xtec.cat\/inslaialarquera\/wp-json\/wp\/v2\/media?parent=43"}],"curies":[{"name":"wp","href":"https:\/\/api.w.org\/{rel}","templated":true}]}}