{"id":368,"date":"2016-02-12T08:31:59","date_gmt":"2016-02-12T07:31:59","guid":{"rendered":"http:\/\/agora.xtec.cat\/inslaialarquera\/?page_id=368"},"modified":"2026-02-17T22:41:29","modified_gmt":"2026-02-17T21:41:29","slug":"preinscripcio-eso","status":"publish","type":"page","link":"https:\/\/agora.xtec.cat\/inslaialarquera\/secretaria\/preinscripcio-eso\/","title":{"rendered":"Preinscripci\u00f3 ESO 2026-2027"},"content":{"rendered":"<p>M\u00e9s informaci\u00f3 sobre la preinscripci\u00f3 pel curs 2026-2027:<\/p>\n<ul>\n<li><a href=\"https:\/\/dogc.gencat.cat\/ca\/document-del-dogc\/?documentId=1036257\" target=\"_blank\" rel=\"noopener\">Normativa<\/a><\/li>\n<li><a href=\"https:\/\/drive.google.com\/file\/d\/1ymur3XuwORBts9hlR2J1DkOV4TWQXIbE\/view?usp=sharing\" target=\"_blank\" rel=\"noopener\">Calendari<\/a><\/li>\n<li><a href=\"https:\/\/drive.google.com\/file\/d\/1TSfARjqnSt5pXaxbuv6Rez5ZSjnvU6Ue\/view?usp=sharing\" target=\"_blank\" rel=\"noopener noreferrer\">Document informatiu de l&#8217;institut per a les portes obertes<\/a><\/li>\n<li><a href=\"https:\/\/drive.google.com\/file\/d\/1rHASONK_gMtNB7M4aGD74Wrfw6hXxoFN\/view?usp=drive_link\" target=\"_blank\" rel=\"noopener noreferrer\">Documentaci\u00f3 a presentar<\/a><\/li>\n<li>La preinscripci\u00f3 pas a pas<\/li>\n<li>Documentaci\u00f3 i criteris de prioritat<\/li>\n<li>Web<a href=\"https:\/\/triaeducativa.gencat.cat\/ca\/inici\" target=\"_blank\" rel=\"noopener\"> Tria educativa<\/a> del <a href=\"http:\/\/www20.gencat.cat\/portal\/site\/ensenyament\" target=\"_blank\" rel=\"noopener noreferrer\">Departament d&#8217;Educaci\u00f3<\/a><\/li>\n<\/ul>\n","protected":false},"excerpt":{"rendered":"<p>M\u00e9s informaci\u00f3 sobre la preinscripci\u00f3 pel curs 2026-2027:<\/p>\n<ul>\n<li><a href=\"https:\/\/dogc.gencat.cat\/ca\/document-del-dogc\/?documentId=1036257\" target=\"_blank\" rel=\"noopener\">Normativa<\/a><\/li>\n<li><a href=\"https:\/\/drive.google.com\/file\/d\/1ymur3XuwORBts9hlR2J1DkOV4TWQXIbE\/view?usp=sharing\" target=\"_blank\" rel=\"noopener\">Calendari<\/a><\/li>\n<li><a href=\"https:\/\/drive.google.com\/file\/d\/1TSfARjqnSt5pXaxbuv6Rez5ZSjnvU6Ue\/view?usp=sharing\" target=\"_blank\" rel=\"noopener noreferrer\">Document informatiu de l&#8217;institut per a les portes obertes<\/a><\/li>\n<li><a href=\"https:\/\/drive.google.com\/file\/d\/1rHASONK_gMtNB7M4aGD74Wrfw6hXxoFN\/view?usp=drive_link\" target=\"_blank\" rel=\"noopener noreferrer\">Documentaci\u00f3 a presentar<\/a><\/li>\n<li>La preinscripci\u00f3 pas a pas<\/li>\n<li>Documentaci\u00f3 i criteris de prioritat<\/li>\n<li>Web<a href=\"https:\/\/triaeducativa.gencat.cat\/ca\/inici\" target=\"_blank\" rel=\"noopener\"> Tria educativa<\/a>&hellip;  <a href=\"https:\/\/agora.xtec.cat\/inslaialarquera\/secretaria\/preinscripcio-eso\/\" title=\"Read Preinscripci\u00f3 ESO 2026-2027\">Llegeix m\u00e9s\u00bb<\/a><br \/>\n","protected":false},"author":1,"featured_media":0,"parent":81,"menu_order":20,"comment_status":"closed","ping_status":"closed","template":"page-templates\/side-menu.php","meta":{"_bbp_topic_count":0,"_bbp_reply_count":0,"_bbp_total_topic_count":0,"_bbp_total_reply_count":0,"_bbp_voice_count":0,"_bbp_anonymous_reply_count":0,"_bbp_topic_count_hidden":0,"_bbp_reply_count_hidden":0,"_bbp_forum_subforum_count":0,"footnotes":""},"class_list":["post-368","page","type-page","status-publish","hentry"],"post_mailing_queue_ids":[],"_links":{"self":[{"href":"https:\/\/agora.xtec.cat\/inslaialarquera\/wp-json\/wp\/v2\/pages\/368","targetHints":{"allow":["GET"]}}],"collection":[{"href":"https:\/\/agora.xtec.cat\/inslaialarquera\/wp-json\/wp\/v2\/pages"}],"about":[{"href":"https:\/\/agora.xtec.cat\/inslaialarquera\/wp-json\/wp\/v2\/types\/page"}],"author":[{"embeddable":true,"href":"https:\/\/agora.xtec.cat\/inslaialarquera\/wp-json\/wp\/v2\/users\/1"}],"replies":[{"embeddable":true,"href":"https:\/\/agora.xtec.cat\/inslaialarquera\/wp-json\/wp\/v2\/comments?post=368"}],"version-history":[{"count":7,"href":"https:\/\/agora.xtec.cat\/inslaialarquera\/wp-json\/wp\/v2\/pages\/368\/revisions"}],"predecessor-version":[{"id":2548,"href":"https:\/\/agora.xtec.cat\/inslaialarquera\/wp-json\/wp\/v2\/pages\/368\/revisions\/2548"}],"up":[{"embeddable":true,"href":"https:\/\/agora.xtec.cat\/inslaialarquera\/wp-json\/wp\/v2\/pages\/81"}],"wp:attachment":[{"href":"https:\/\/agora.xtec.cat\/inslaialarquera\/wp-json\/wp\/v2\/media?parent=368"}],"curies":[{"name":"wp","href":"https:\/\/api.w.org\/{rel}","templated":true}]}}