{"id":356,"date":"2016-02-09T16:23:06","date_gmt":"2016-02-09T15:23:06","guid":{"rendered":"http:\/\/agora.xtec.cat\/inslaialarquera\/?page_id=356"},"modified":"2021-05-18T10:53:46","modified_gmt":"2021-05-18T08:53:46","slug":"projecte-educar-en-lus-de-les-eines-digitals","status":"publish","type":"page","link":"https:\/\/agora.xtec.cat\/inslaialarquera\/projecte-educatiu\/projecte-educar-en-lus-de-les-eines-digitals\/","title":{"rendered":"Projecte &#8220;Educar en l&#8217;\u00fas de les eines digitals&#8221;"},"content":{"rendered":"<p><span style=\"font-weight: 400;\">En els darrers anys, el nostre centre ha fet una aposta ferma per l\u2019\u00fas de les tecnologies de la informaci\u00f3 i la comunicaci\u00f3 (TIC) i per potenciar la diversitat metodol\u00f2gica a l\u2019aula.\u00a0<\/span><\/p>\n<p><span style=\"font-weight: 400;\">Pensem que en l\u2019educaci\u00f3 de i per al segle XXI, adre\u00e7ada a un alumnat constitu\u00eft ja totalment per nadius digitals, s\u2019ha de redefinir el concepte tradicional d\u2019alfabetitzaci\u00f3, ent\u00e8s com la capacitat de saber llegir i escriure (sobre paper), per adaptar tamb\u00e9 aquesta capacitat a l\u2019\u00fas de les eines digitals i les seves potencialitats multimodals i multimedials.\u00a0<\/span><\/p>\n<p><span style=\"font-weight: 400;\">En aquest sentit, el projecte d\u2019Educar en l\u00b4\u00fas de les eines digitals \u00e9s una aposta per la multialfabetitzaci\u00f3, entesa com la capacitat no nom\u00e9s de llegir i escriure textos, sin\u00f3 de crear i interpretar un nou llenguatge en xarxa, el de l\u2019hipertext, en qu\u00e8 es combinen simult\u00e0niament tots els suports que coneixem.\u00a0\u00a0<\/span><\/p>\n<p><span style=\"font-weight: 400;\">L\u2019\u00fas de les noves tecnologies es combina, a m\u00e9s, amb la prioritzaci\u00f3 de l\u2019aprenentatge per compet\u00e8ncies i el plantejament transversal dels continguts.\u00a0<\/span><\/p>\n<p><span style=\"font-weight: 400;\">El projecte actualment ja est\u00e0 implementat en tots els nivells educatius i permet constatar que la utilitzaci\u00f3 de les tauletes i port\u00e0tils tant a l\u2019ESO com al batxillerat facilita a l\u2019alumnat l\u2019assoliment de les compet\u00e8ncies digitals. Des del curs 2020-21, a m\u00e9s, totes les aules del centre disposen de pantalles t\u00e0ctils.<\/span><\/p>\n<p><span style=\"font-weight: 400;\">La iniciativa es recull al Projecte Educatiu de Centre (PEC) i la seva avaluaci\u00f3 i supervisi\u00f3 \u00e9s a c\u00e0rrec de la comissi\u00f3 de Tecnologies d\u2019Aprenentatge i Coneixement (TAC) i de la direcci\u00f3 del centre.\u00a0<\/span><\/p>\n<p><span style=\"font-weight: 400;\">A cada grup classe existeix la figura de l\u2019alumne responsable TIC, el qual, despr\u00e9s de rebre la formaci\u00f3 adient, s\u2019encarrega de mantenir actualitzada l\u2019agenda digital del seu grup-classe i d\u2019ajudar els companys i professors en tot all\u00f2 que faci refer\u00e8ncia a les eines digitals.\u00a0<\/span><\/p>\n<p><span style=\"font-weight: 400;\">El projecte tamb\u00e9 incideix en l\u2019\u00fas responsable dels diferents dispositius electr\u00f2nics (m\u00f2bils, tauletes\u2026) tant a dins com a fora del centre.<\/span><\/p>\n<p>&nbsp;<\/p>\n<p><b>COMPET\u00c8NCIES B\u00c0SIQUES DE L&#8217;\u00c0MBIT DIGITAL<\/b><\/p>\n<p><a href=\"http:\/\/agora.xtec.cat\/inslaialarquera\/wp-content\/uploads\/usu546\/2016\/02\/\u00edndex.png\"><img loading=\"lazy\" decoding=\"async\" class=\"alignnone size-full wp-image-359\" src=\"http:\/\/agora.xtec.cat\/inslaialarquera\/wp-content\/uploads\/usu546\/2016\/02\/\u00edndex.png\" alt=\"\u00edndex\" width=\"553\" height=\"679\" srcset=\"https:\/\/agora.xtec.cat\/inslaialarquera\/wp-content\/uploads\/usu546\/2016\/02\/\u00edndex.png 553w, https:\/\/agora.xtec.cat\/inslaialarquera\/wp-content\/uploads\/usu546\/2016\/02\/\u00edndex-244x300.png 244w\" sizes=\"auto, (max-width: 553px) 100vw, 553px\" \/><\/a><\/p>\n<p>&nbsp;<\/p>\n","protected":false},"excerpt":{"rendered":"<p>En els darrers anys, el nostre centre ha fet una aposta ferma per l\u2019\u00fas de les tecnologies de la informaci\u00f3 i la comunicaci\u00f3 (TIC) i per potenciar la diversitat metodol\u00f2gica a l\u2019aula.\u00a0<br \/>\nPensem que en l\u2019educaci\u00f3 de i per al segle XXI, adre\u00e7ada a un alumnat&hellip;  <a href=\"https:\/\/agora.xtec.cat\/inslaialarquera\/projecte-educatiu\/projecte-educar-en-lus-de-les-eines-digitals\/\" title=\"Read Projecte &#8220;Educar en l&#8217;\u00fas de les eines digitals&#8221;\">Llegeix m\u00e9s\u00bb<\/a><\/p>\n","protected":false},"author":1,"featured_media":0,"parent":57,"menu_order":0,"comment_status":"closed","ping_status":"closed","template":"page-templates\/side-menu.php","meta":{"_bbp_topic_count":0,"_bbp_reply_count":0,"_bbp_total_topic_count":0,"_bbp_total_reply_count":0,"_bbp_voice_count":0,"_bbp_anonymous_reply_count":0,"_bbp_topic_count_hidden":0,"_bbp_reply_count_hidden":0,"_bbp_forum_subforum_count":0,"footnotes":""},"class_list":["post-356","page","type-page","status-publish","hentry"],"post_mailing_queue_ids":[],"_links":{"self":[{"href":"https:\/\/agora.xtec.cat\/inslaialarquera\/wp-json\/wp\/v2\/pages\/356","targetHints":{"allow":["GET"]}}],"collection":[{"href":"https:\/\/agora.xtec.cat\/inslaialarquera\/wp-json\/wp\/v2\/pages"}],"about":[{"href":"https:\/\/agora.xtec.cat\/inslaialarquera\/wp-json\/wp\/v2\/types\/page"}],"author":[{"embeddable":true,"href":"https:\/\/agora.xtec.cat\/inslaialarquera\/wp-json\/wp\/v2\/users\/1"}],"replies":[{"embeddable":true,"href":"https:\/\/agora.xtec.cat\/inslaialarquera\/wp-json\/wp\/v2\/comments?post=356"}],"version-history":[{"count":4,"href":"https:\/\/agora.xtec.cat\/inslaialarquera\/wp-json\/wp\/v2\/pages\/356\/revisions"}],"predecessor-version":[{"id":1849,"href":"https:\/\/agora.xtec.cat\/inslaialarquera\/wp-json\/wp\/v2\/pages\/356\/revisions\/1849"}],"up":[{"embeddable":true,"href":"https:\/\/agora.xtec.cat\/inslaialarquera\/wp-json\/wp\/v2\/pages\/57"}],"wp:attachment":[{"href":"https:\/\/agora.xtec.cat\/inslaialarquera\/wp-json\/wp\/v2\/media?parent=356"}],"curies":[{"name":"wp","href":"https:\/\/api.w.org\/{rel}","templated":true}]}}