{"id":27,"date":"2014-09-17T16:24:03","date_gmt":"2014-09-17T16:24:03","guid":{"rendered":"http:\/\/agora.xtec.cat\/inslaialarquera\/?page_id=27"},"modified":"2015-11-01T19:52:13","modified_gmt":"2015-11-01T18:52:13","slug":"historia","status":"publish","type":"page","link":"https:\/\/agora.xtec.cat\/inslaialarquera\/linstitut\/historia\/","title":{"rendered":"Hist\u00f2ria"},"content":{"rendered":"<p>L&#8217;institut va comen\u00e7ar com a extensi\u00f3 de batxillerat l&#8217;any 1988 compartint l&#8217;edifici amb l&#8217;escola de prim\u00e0ria Pla d&#8217;en Boet. Era un centre molt petit amb pocs alumnes i professors. A poc a poc va anar creixent fins que va ocupar tots els espais i l&#8217;escola de prim\u00e0ria va desapar\u00e8ixer.<\/p>\n<p>Quan va comen\u00e7ar l&#8217;ESO es va fer m\u00e9s gran i va necessitar un edifici nou. La inauguraci\u00f3 es va fer l&#8217;any 1999 i a partir d&#8217;aleshores podem disfrutar d&#8217;unes instal\u00b7lacions m\u00e9s modermes i espaioses.<\/p>\n<p>&nbsp;<\/p>\n","protected":false},"excerpt":{"rendered":"<p>L&#8217;institut va comen\u00e7ar com a extensi\u00f3 de batxillerat l&#8217;any 1988 compartint l&#8217;edifici amb l&#8217;escola de prim\u00e0ria Pla d&#8217;en Boet. Era un centre molt petit amb pocs alumnes i professors. A poc a poc va anar creixent fins que va ocupar tots els espais i l&#8217;escola&hellip;  <a href=\"https:\/\/agora.xtec.cat\/inslaialarquera\/linstitut\/historia\/\" title=\"Read Hist\u00f2ria\">Llegeix m\u00e9s\u00bb<\/a><\/p>\n","protected":false},"author":1,"featured_media":0,"parent":19,"menu_order":20,"comment_status":"closed","ping_status":"closed","template":"page-templates\/side-menu.php","meta":{"_bbp_topic_count":0,"_bbp_reply_count":0,"_bbp_total_topic_count":0,"_bbp_total_reply_count":0,"_bbp_voice_count":0,"_bbp_anonymous_reply_count":0,"_bbp_topic_count_hidden":0,"_bbp_reply_count_hidden":0,"_bbp_forum_subforum_count":0,"footnotes":""},"class_list":["post-27","page","type-page","status-publish","hentry"],"post_mailing_queue_ids":[],"_links":{"self":[{"href":"https:\/\/agora.xtec.cat\/inslaialarquera\/wp-json\/wp\/v2\/pages\/27","targetHints":{"allow":["GET"]}}],"collection":[{"href":"https:\/\/agora.xtec.cat\/inslaialarquera\/wp-json\/wp\/v2\/pages"}],"about":[{"href":"https:\/\/agora.xtec.cat\/inslaialarquera\/wp-json\/wp\/v2\/types\/page"}],"author":[{"embeddable":true,"href":"https:\/\/agora.xtec.cat\/inslaialarquera\/wp-json\/wp\/v2\/users\/1"}],"replies":[{"embeddable":true,"href":"https:\/\/agora.xtec.cat\/inslaialarquera\/wp-json\/wp\/v2\/comments?post=27"}],"version-history":[{"count":3,"href":"https:\/\/agora.xtec.cat\/inslaialarquera\/wp-json\/wp\/v2\/pages\/27\/revisions"}],"predecessor-version":[{"id":296,"href":"https:\/\/agora.xtec.cat\/inslaialarquera\/wp-json\/wp\/v2\/pages\/27\/revisions\/296"}],"up":[{"embeddable":true,"href":"https:\/\/agora.xtec.cat\/inslaialarquera\/wp-json\/wp\/v2\/pages\/19"}],"wp:attachment":[{"href":"https:\/\/agora.xtec.cat\/inslaialarquera\/wp-json\/wp\/v2\/media?parent=27"}],"curies":[{"name":"wp","href":"https:\/\/api.w.org\/{rel}","templated":true}]}}