{"id":2141,"date":"2023-04-21T18:34:35","date_gmt":"2023-04-21T16:34:35","guid":{"rendered":"https:\/\/agora.xtec.cat\/inslaialarquera\/?page_id=2141"},"modified":"2023-04-21T18:34:35","modified_gmt":"2023-04-21T16:34:35","slug":"batxillerat-dhumanitats-i-ciencies-socials","status":"publish","type":"page","link":"https:\/\/agora.xtec.cat\/inslaialarquera\/batxillerat-dhumanitats-i-ciencies-socials\/","title":{"rendered":"Batxillerat d&#8217;Humanitats i Ci\u00e8ncies Socials"},"content":{"rendered":"<p>Les mat\u00e8ries de modalitat que s&#8217;ofereixen a 1r i 2n de Batxillerat s\u00f3n les seg\u00fcents:<\/p>\n<p><a href=\"https:\/\/agora.xtec.cat\/inslaialarquera\/wp-content\/uploads\/usu546\/2023\/04\/012_Comp02CopiaCopia.jpg\"><img loading=\"lazy\" decoding=\"async\" class=\"alignnone size-large wp-image-2142\" src=\"https:\/\/agora.xtec.cat\/inslaialarquera\/wp-content\/uploads\/usu546\/2023\/04\/012_Comp02CopiaCopia-1024x576.jpg\" alt=\"\" width=\"1024\" height=\"576\" srcset=\"https:\/\/agora.xtec.cat\/inslaialarquera\/wp-content\/uploads\/usu546\/2023\/04\/012_Comp02CopiaCopia-1024x576.jpg 1024w, https:\/\/agora.xtec.cat\/inslaialarquera\/wp-content\/uploads\/usu546\/2023\/04\/012_Comp02CopiaCopia-300x169.jpg 300w, https:\/\/agora.xtec.cat\/inslaialarquera\/wp-content\/uploads\/usu546\/2023\/04\/012_Comp02CopiaCopia-768x432.jpg 768w, https:\/\/agora.xtec.cat\/inslaialarquera\/wp-content\/uploads\/usu546\/2023\/04\/012_Comp02CopiaCopia-1536x864.jpg 1536w, https:\/\/agora.xtec.cat\/inslaialarquera\/wp-content\/uploads\/usu546\/2023\/04\/012_Comp02CopiaCopia-2048x1152.jpg 2048w\" sizes=\"auto, (max-width: 1024px) 100vw, 1024px\" \/><\/a><\/p>\n<p>Les mat\u00e8ries optatives de 1r de Batxillerat s\u00f3n les seg\u00fcents:<\/p>\n<p><a href=\"https:\/\/agora.xtec.cat\/inslaialarquera\/wp-content\/uploads\/usu546\/2023\/04\/013_Comp02CopiaCopiaCopia-1.jpg\"><img loading=\"lazy\" decoding=\"async\" class=\"alignnone size-large wp-image-2143\" src=\"https:\/\/agora.xtec.cat\/inslaialarquera\/wp-content\/uploads\/usu546\/2023\/04\/013_Comp02CopiaCopiaCopia-1-1024x576.jpg\" alt=\"\" width=\"1024\" height=\"576\" srcset=\"https:\/\/agora.xtec.cat\/inslaialarquera\/wp-content\/uploads\/usu546\/2023\/04\/013_Comp02CopiaCopiaCopia-1-1024x576.jpg 1024w, https:\/\/agora.xtec.cat\/inslaialarquera\/wp-content\/uploads\/usu546\/2023\/04\/013_Comp02CopiaCopiaCopia-1-300x169.jpg 300w, https:\/\/agora.xtec.cat\/inslaialarquera\/wp-content\/uploads\/usu546\/2023\/04\/013_Comp02CopiaCopiaCopia-1-768x432.jpg 768w, https:\/\/agora.xtec.cat\/inslaialarquera\/wp-content\/uploads\/usu546\/2023\/04\/013_Comp02CopiaCopiaCopia-1-1536x864.jpg 1536w, https:\/\/agora.xtec.cat\/inslaialarquera\/wp-content\/uploads\/usu546\/2023\/04\/013_Comp02CopiaCopiaCopia-1-2048x1152.jpg 2048w\" sizes=\"auto, (max-width: 1024px) 100vw, 1024px\" \/><\/a><\/p>\n","protected":false},"excerpt":{"rendered":"<p>Les mat\u00e8ries de modalitat que s&#8217;ofereixen a 1r i 2n de Batxillerat s\u00f3n les seg\u00fcents:<br \/>\n<a href=\"https:\/\/agora.xtec.cat\/inslaialarquera\/wp-content\/uploads\/usu546\/2023\/04\/012_Comp02CopiaCopia.jpg\"><\/a><br \/>\nLes mat\u00e8ries optatives de 1r de Batxillerat s\u00f3n les seg\u00fcents:<br \/>\n<a href=\"https:\/\/agora.xtec.cat\/inslaialarquera\/wp-content\/uploads\/usu546\/2023\/04\/013_Comp02CopiaCopiaCopia-1.jpg\"><\/a><\/p>\n","protected":false},"author":1,"featured_media":0,"parent":0,"menu_order":0,"comment_status":"closed","ping_status":"closed","template":"","meta":{"_bbp_topic_count":0,"_bbp_reply_count":0,"_bbp_total_topic_count":0,"_bbp_total_reply_count":0,"_bbp_voice_count":0,"_bbp_anonymous_reply_count":0,"_bbp_topic_count_hidden":0,"_bbp_reply_count_hidden":0,"_bbp_forum_subforum_count":0,"footnotes":""},"class_list":["post-2141","page","type-page","status-publish","hentry"],"post_mailing_queue_ids":[],"_links":{"self":[{"href":"https:\/\/agora.xtec.cat\/inslaialarquera\/wp-json\/wp\/v2\/pages\/2141","targetHints":{"allow":["GET"]}}],"collection":[{"href":"https:\/\/agora.xtec.cat\/inslaialarquera\/wp-json\/wp\/v2\/pages"}],"about":[{"href":"https:\/\/agora.xtec.cat\/inslaialarquera\/wp-json\/wp\/v2\/types\/page"}],"author":[{"embeddable":true,"href":"https:\/\/agora.xtec.cat\/inslaialarquera\/wp-json\/wp\/v2\/users\/1"}],"replies":[{"embeddable":true,"href":"https:\/\/agora.xtec.cat\/inslaialarquera\/wp-json\/wp\/v2\/comments?post=2141"}],"version-history":[{"count":1,"href":"https:\/\/agora.xtec.cat\/inslaialarquera\/wp-json\/wp\/v2\/pages\/2141\/revisions"}],"predecessor-version":[{"id":2144,"href":"https:\/\/agora.xtec.cat\/inslaialarquera\/wp-json\/wp\/v2\/pages\/2141\/revisions\/2144"}],"wp:attachment":[{"href":"https:\/\/agora.xtec.cat\/inslaialarquera\/wp-json\/wp\/v2\/media?parent=2141"}],"curies":[{"name":"wp","href":"https:\/\/api.w.org\/{rel}","templated":true}]}}