{"id":2101,"date":"2023-03-03T14:01:05","date_gmt":"2023-03-03T13:01:05","guid":{"rendered":"https:\/\/agora.xtec.cat\/inslaialarquera\/?page_id=2101"},"modified":"2024-09-08T17:48:58","modified_gmt":"2024-09-08T15:48:58","slug":"projecte-global-scholars","status":"publish","type":"page","link":"https:\/\/agora.xtec.cat\/inslaialarquera\/projecte-educatiu\/projecte-global-scholars\/","title":{"rendered":"Projecte Global Scholars"},"content":{"rendered":"<p>El projecte\u00a0<b>Global Scholars<\/b>\u00a0\u00e9s un projecte interdisciplinari en llengua anglesa que realitza l\u2019alumnat de 2n d\u2019ESO acompanyat de dos docents per aula. El projecte est\u00e0 impulsat des de Nova York per\u00a0<a href=\"https:\/\/www.globalcities.org\/global-scholars\" target=\"_blank\" rel=\"noopener\" data-saferedirecturl=\"https:\/\/www.google.com\/url?q=https:\/\/www.globalcities.org\/global-scholars&amp;source=gmail&amp;ust=1679507596105000&amp;usg=AOvVaw0gkeV7CfDL9LAyu-e_sO98\">Global Cities<\/a>, Bloomberg Philantropies i hi participa alumnat de m\u00e9s de 50 ciutats d&#8217;arreu del m\u00f3n. A l&#8217;institut comptem amb el suport del\u00a0<strong>Servei de Lleng\u00fces Estrangeres i d\u2019Origen<\/strong>\u00a0(SLEO) del Departament d\u2019Educaci\u00f3 en col\u00b7laboraci\u00f3 amb els\u00a0<strong>Serveis Territorials.<\/strong><\/p>\n<p>L\u2019objectiu d\u2019aquest projecte transnacional i interactiu \u00e9s que els alumnes desenvolupin les compet\u00e8ncies necess\u00e0ries, a trav\u00e9s del di\u00e0leg i la col\u00b7laboraci\u00f3,\u00a0 per tal de convertir-se en ciutadans globals i poder interactuar amb \u00e8xit en el m\u00f3n actual. Durant tot el curs, l&#8217;alumnat aprofundeix i realitza projectes digitals relacionats amb el tema escollit del curr\u00edculum anual i amb la nostra ciutat. En aquest proc\u00e9s interactua amb altres alumnes d&#8217;altres escoles internacionals, apr\u00e8n cultura digital, millora competencialment la llengua anglesa i duu a terme un projecte comunitari per millorar la problem\u00e0tica tractada durant el curs.<\/p>\n<p>Podeu consultar les p\u00e0gines web realitzades pels nostres alumnes dels projectes dels cursos anteriors en els seg\u00fcents enlla\u00e7os:<\/p>\n<p id=\"h.78p6ufog3de6\" class=\"zfr3Q duRjpb CDt4Ke \" dir=\"ltr\"><a href=\"https:\/\/sites.google.com\/institutlaialarquera.cat\/30m1campaign\/home?authuser=0\" target=\"_blank\" rel=\"noopener\"><span class=\"OBZTBd C9DxTc \">Resourceful Cities 2020-2021<\/span><\/a><\/p>\n<p id=\"h.z60oe639wzkk\" class=\"CDt4Ke zfr3Q duRjpb\" dir=\"ltr\"><a href=\"https:\/\/sites.google.com\/institutlaialarquera.cat\/2122gslaia\/\" target=\"_blank\" rel=\"noopener\">Food, Cities, and our Future 2021-2022<\/a><\/p>\n<p dir=\"ltr\"><a href=\"https:\/\/sites.google.com\/institutlaialarquera.cat\/gslaialarquera2223\/our-community-action\" target=\"_blank\" rel=\"noopener\">Water security 2022-2023<\/a><\/p>\n<p dir=\"ltr\"><a href=\"https:\/\/sites.google.com\/institutlaialarquera.cat\/2324projectes2esowatersecurity\/our-community-action\" target=\"_blank\" rel=\"noopener\">Water security 2023-2024<\/a><\/p>\n<p>&nbsp;<\/p>\n","protected":false},"excerpt":{"rendered":"<p>El projecte\u00a0Global Scholars\u00a0\u00e9s un projecte interdisciplinari en llengua anglesa que realitza l\u2019alumnat de 2n d\u2019ESO acompanyat de dos docents per aula. El projecte est\u00e0 impulsat des de Nova York per\u00a0<a href=\"https:\/\/www.globalcities.org\/global-scholars\" target=\"_blank\" rel=\"noopener\" data-saferedirecturl=\"https:\/\/www.google.com\/url?q=https:\/\/www.globalcities.org\/global-scholars&amp;source=gmail&amp;ust=1679507596105000&amp;usg=AOvVaw0gkeV7CfDL9LAyu-e_sO98\">Global Cities<\/a>, Bloomberg Philantropies i hi participa alumnat de m\u00e9s de 50&hellip;  <a href=\"https:\/\/agora.xtec.cat\/inslaialarquera\/projecte-educatiu\/projecte-global-scholars\/\" title=\"Read Projecte Global Scholars\">Llegeix m\u00e9s\u00bb<\/a><\/p>\n","protected":false},"author":1,"featured_media":0,"parent":57,"menu_order":0,"comment_status":"closed","ping_status":"closed","template":"","meta":{"_bbp_topic_count":0,"_bbp_reply_count":0,"_bbp_total_topic_count":0,"_bbp_total_reply_count":0,"_bbp_voice_count":0,"_bbp_anonymous_reply_count":0,"_bbp_topic_count_hidden":0,"_bbp_reply_count_hidden":0,"_bbp_forum_subforum_count":0,"footnotes":""},"class_list":["post-2101","page","type-page","status-publish","hentry"],"post_mailing_queue_ids":[],"_links":{"self":[{"href":"https:\/\/agora.xtec.cat\/inslaialarquera\/wp-json\/wp\/v2\/pages\/2101","targetHints":{"allow":["GET"]}}],"collection":[{"href":"https:\/\/agora.xtec.cat\/inslaialarquera\/wp-json\/wp\/v2\/pages"}],"about":[{"href":"https:\/\/agora.xtec.cat\/inslaialarquera\/wp-json\/wp\/v2\/types\/page"}],"author":[{"embeddable":true,"href":"https:\/\/agora.xtec.cat\/inslaialarquera\/wp-json\/wp\/v2\/users\/1"}],"replies":[{"embeddable":true,"href":"https:\/\/agora.xtec.cat\/inslaialarquera\/wp-json\/wp\/v2\/comments?post=2101"}],"version-history":[{"count":6,"href":"https:\/\/agora.xtec.cat\/inslaialarquera\/wp-json\/wp\/v2\/pages\/2101\/revisions"}],"predecessor-version":[{"id":2355,"href":"https:\/\/agora.xtec.cat\/inslaialarquera\/wp-json\/wp\/v2\/pages\/2101\/revisions\/2355"}],"up":[{"embeddable":true,"href":"https:\/\/agora.xtec.cat\/inslaialarquera\/wp-json\/wp\/v2\/pages\/57"}],"wp:attachment":[{"href":"https:\/\/agora.xtec.cat\/inslaialarquera\/wp-json\/wp\/v2\/media?parent=2101"}],"curies":[{"name":"wp","href":"https:\/\/api.w.org\/{rel}","templated":true}]}}