{"id":2084,"date":"2023-04-21T18:25:09","date_gmt":"2023-04-21T16:25:09","guid":{"rendered":"https:\/\/agora.xtec.cat\/inslaialarquera\/?page_id=2084"},"modified":"2023-04-21T18:35:43","modified_gmt":"2023-04-21T16:35:43","slug":"batxillerat-2","status":"publish","type":"page","link":"https:\/\/agora.xtec.cat\/inslaialarquera\/estudis-2\/batxillerat-2\/","title":{"rendered":"Batxillerat"},"content":{"rendered":"<p><span style=\"text-decoration: underline;\"><strong>Batxillerat<\/strong><\/span><\/p>\n<p>El batxillerat forma part de l&#8217;educaci\u00f3 secund\u00e0ria <strong>postobligat\u00f2ria<\/strong> i es distribueix en dos cursos acad\u00e8mics. Es desenvolupa en <strong>diverses modalitats<\/strong>, s&#8217;organitza de manera oberta i flexible i, si cal, en vies diferents dins de cada modalitat, per tal d&#8217;oferir un itinerari personalitzat a l&#8217;alumnat d&#8217;acord amb les seves perspectives i interessos de formaci\u00f3.<\/p>\n<p>El <strong>batxillerat<\/strong> <strong>prepara<\/strong> els i les alumnes per a la seva <strong>incorporaci\u00f3 a estudis posteriors<\/strong>, tant professionals com universitaris, i <strong>per a l&#8217;acc\u00e9s al m\u00f3n laboral.<\/strong><\/p>\n<p>A l&#8217;Institut Laia l&#8217;Arquera s&#8217;ofereixen tres modalitats de batxillerat:<\/p>\n<ul>\n<li><a href=\"https:\/\/agora.xtec.cat\/inslaialarquera\/batxillerat\/\" target=\"_blank\" rel=\"noopener\">Batxillerat de M\u00fasica i Arts esc\u00e8niques<\/a><\/li>\n<li><a href=\"https:\/\/agora.xtec.cat\/inslaialarquera\/batxillerat-de-ciencies-i-tecnologia\/\" target=\"_blank\" rel=\"noopener\">Batxillerat de Ci\u00e8ncies i Tecnologia<\/a><\/li>\n<li><a href=\"https:\/\/agora.xtec.cat\/inslaialarquera\/batxillerat-dhumanitats-i-ciencies-socials\/\" target=\"_blank\" rel=\"noopener\">Batxillerat d&#8217;Humanitats i Ci\u00e8ncies Socials<\/a><\/li>\n<\/ul>\n","protected":false},"excerpt":{"rendered":"<p>Batxillerat<br \/>\nEl batxillerat forma part de l&#8217;educaci\u00f3 secund\u00e0ria postobligat\u00f2ria i es distribueix en dos cursos acad\u00e8mics. Es desenvolupa en diverses modalitats, s&#8217;organitza de manera oberta i flexible i, si cal, en vies diferents dins de cada modalitat, per tal d&#8217;oferir un itinerari personalitzat a l&#8217;alumnat d&#8217;acord&hellip;  <a href=\"https:\/\/agora.xtec.cat\/inslaialarquera\/estudis-2\/batxillerat-2\/\" title=\"Read Batxillerat\">Llegeix m\u00e9s\u00bb<\/a><\/p>\n","protected":false},"author":1,"featured_media":0,"parent":1729,"menu_order":0,"comment_status":"closed","ping_status":"closed","template":"","meta":{"_bbp_topic_count":0,"_bbp_reply_count":0,"_bbp_total_topic_count":0,"_bbp_total_reply_count":0,"_bbp_voice_count":0,"_bbp_anonymous_reply_count":0,"_bbp_topic_count_hidden":0,"_bbp_reply_count_hidden":0,"_bbp_forum_subforum_count":0,"footnotes":""},"class_list":["post-2084","page","type-page","status-publish","hentry"],"post_mailing_queue_ids":[],"_links":{"self":[{"href":"https:\/\/agora.xtec.cat\/inslaialarquera\/wp-json\/wp\/v2\/pages\/2084","targetHints":{"allow":["GET"]}}],"collection":[{"href":"https:\/\/agora.xtec.cat\/inslaialarquera\/wp-json\/wp\/v2\/pages"}],"about":[{"href":"https:\/\/agora.xtec.cat\/inslaialarquera\/wp-json\/wp\/v2\/types\/page"}],"author":[{"embeddable":true,"href":"https:\/\/agora.xtec.cat\/inslaialarquera\/wp-json\/wp\/v2\/users\/1"}],"replies":[{"embeddable":true,"href":"https:\/\/agora.xtec.cat\/inslaialarquera\/wp-json\/wp\/v2\/comments?post=2084"}],"version-history":[{"count":3,"href":"https:\/\/agora.xtec.cat\/inslaialarquera\/wp-json\/wp\/v2\/pages\/2084\/revisions"}],"predecessor-version":[{"id":2145,"href":"https:\/\/agora.xtec.cat\/inslaialarquera\/wp-json\/wp\/v2\/pages\/2084\/revisions\/2145"}],"up":[{"embeddable":true,"href":"https:\/\/agora.xtec.cat\/inslaialarquera\/wp-json\/wp\/v2\/pages\/1729"}],"wp:attachment":[{"href":"https:\/\/agora.xtec.cat\/inslaialarquera\/wp-json\/wp\/v2\/media?parent=2084"}],"curies":[{"name":"wp","href":"https:\/\/api.w.org\/{rel}","templated":true}]}}