{"id":19,"date":"2014-09-17T14:56:56","date_gmt":"2014-09-17T14:56:56","guid":{"rendered":"http:\/\/agora.xtec.cat\/inslaialarquera\/?page_id=19"},"modified":"2025-09-04T11:59:34","modified_gmt":"2025-09-04T09:59:34","slug":"linstitut","status":"publish","type":"page","link":"https:\/\/agora.xtec.cat\/inslaialarquera\/linstitut\/","title":{"rendered":"L&#8217;institut"},"content":{"rendered":"<p>L&#8217;Institut Laia l&#8217;Arquera \u00e9s un institut d&#8217;ensenyament secundari amb tres l\u00ednies a 1r i 2n d&#8217;ESO, quatre l\u00ednies a 3r i 4t d&#8217;ESO i tres modalitats de Batxillerat.<\/p>\n<p>L&#8217;equip docent del Centre, est\u00e0 format per 65 professors i professores i en el curs 2025-2026 hi ha:<\/p>\n<table class=\" aligncenter\" style=\"height: 211px; border-color: #ffffff;\" width=\"288\">\n<tbody>\n<tr>\n<td style=\"text-align: center;\">3 grups de primer d&#8217;ESO<\/td>\n<\/tr>\n<tr>\n<td style=\"text-align: center;\">3 grups de segon d&#8217;ESO<\/td>\n<\/tr>\n<tr>\n<td style=\"text-align: center;\">4 grups de tercer d&#8217;ESO<\/td>\n<\/tr>\n<tr>\n<td style=\"text-align: center;\">4 grups de quart d&#8217;ESO<\/td>\n<\/tr>\n<tr>\n<td style=\"text-align: center;\">3 grups de primer de Batxillerat<\/td>\n<\/tr>\n<tr>\n<td style=\"text-align: center;\">3 grups de segon de Batxillerat<\/td>\n<\/tr>\n<\/tbody>\n<\/table>\n<div align=\"center\">\n<div style=\"text-align: left;\"><\/div>\n<p>&nbsp;<\/p>\n<div style=\"text-align: left;\">El centre \u00e9s obert de 8:00 a 14:30 cada dia i de 15:30 a 17:00 dilluns i dimecres.<\/div>\n<\/div>\n<div style=\"text-align: left;\"><\/div>\n<p>&nbsp;<\/p>\n<div style=\"text-align: left;\">El marc horari lectiu dels nostres alumnes \u00e9s de 8:00 a 14:30 (tots els dies)<\/div>\n","protected":false},"excerpt":{"rendered":"<p>L&#8217;Institut Laia l&#8217;Arquera \u00e9s un institut d&#8217;ensenyament secundari amb tres l\u00ednies a 1r i 2n d&#8217;ESO, quatre l\u00ednies a 3r i 4t d&#8217;ESO i tres modalitats de Batxillerat.<br \/>\nL&#8217;equip docent del Centre, est\u00e0 format per 65 professors i professores i en el curs 2025-2026 hi ha:<\/p>\n<p>3&hellip;  <a href=\"https:\/\/agora.xtec.cat\/inslaialarquera\/linstitut\/\" title=\"Read L&#8217;institut\">Llegeix m\u00e9s\u00bb<\/a><\/p>\n","protected":false},"author":1,"featured_media":0,"parent":0,"menu_order":0,"comment_status":"closed","ping_status":"closed","template":"page-templates\/side-menu.php","meta":{"_bbp_topic_count":0,"_bbp_reply_count":0,"_bbp_total_topic_count":0,"_bbp_total_reply_count":0,"_bbp_voice_count":0,"_bbp_anonymous_reply_count":0,"_bbp_topic_count_hidden":0,"_bbp_reply_count_hidden":0,"_bbp_forum_subforum_count":0,"footnotes":""},"class_list":["post-19","page","type-page","status-publish","hentry"],"post_mailing_queue_ids":[],"_links":{"self":[{"href":"https:\/\/agora.xtec.cat\/inslaialarquera\/wp-json\/wp\/v2\/pages\/19","targetHints":{"allow":["GET"]}}],"collection":[{"href":"https:\/\/agora.xtec.cat\/inslaialarquera\/wp-json\/wp\/v2\/pages"}],"about":[{"href":"https:\/\/agora.xtec.cat\/inslaialarquera\/wp-json\/wp\/v2\/types\/page"}],"author":[{"embeddable":true,"href":"https:\/\/agora.xtec.cat\/inslaialarquera\/wp-json\/wp\/v2\/users\/1"}],"replies":[{"embeddable":true,"href":"https:\/\/agora.xtec.cat\/inslaialarquera\/wp-json\/wp\/v2\/comments?post=19"}],"version-history":[{"count":5,"href":"https:\/\/agora.xtec.cat\/inslaialarquera\/wp-json\/wp\/v2\/pages\/19\/revisions"}],"predecessor-version":[{"id":2483,"href":"https:\/\/agora.xtec.cat\/inslaialarquera\/wp-json\/wp\/v2\/pages\/19\/revisions\/2483"}],"wp:attachment":[{"href":"https:\/\/agora.xtec.cat\/inslaialarquera\/wp-json\/wp\/v2\/media?parent=19"}],"curies":[{"name":"wp","href":"https:\/\/api.w.org\/{rel}","templated":true}]}}