{"id":1832,"date":"2021-04-25T08:30:21","date_gmt":"2021-04-25T06:30:21","guid":{"rendered":"http:\/\/agora.xtec.cat\/inslaialarquera\/?page_id=1832"},"modified":"2026-02-17T22:44:20","modified_gmt":"2026-02-17T21:44:20","slug":"preinscripcio-batxillerat","status":"publish","type":"page","link":"https:\/\/agora.xtec.cat\/inslaialarquera\/secretaria\/preinscripcio-batxillerat\/","title":{"rendered":"Preinscripci\u00f3 Batxillerat 2026-2027"},"content":{"rendered":"<ul>\n<li>Normativa<\/li>\n<li><a href=\"https:\/\/drive.google.com\/file\/d\/1m-aaxPN9awCca7jVrCrHUGzbcMg40Xsq\/view?usp=sharing\" target=\"_blank\" rel=\"noopener\">Calendari<\/a><\/li>\n<li>Documentaci\u00f3 a presentar<\/li>\n<li>Criteris de prioritat<\/li>\n<li><a href=\"http:\/\/educacio.gencat.cat\/ca\/tramits\/tramits-temes\/9388-batxillerat?category=74447ed8-a82c-11e3-a972-000c29052e2c&amp;moda=1\" target=\"_blank\" rel=\"noopener noreferrer\">Enlla\u00e7 a la preinscripci\u00f3<\/a><\/li>\n<li>M\u00e9s informaci\u00f3 a la web del Departament d&#8217;Educaci\u00f3 <a href=\"https:\/\/triaeducativa.gencat.cat\/ca\/batxillerat\/\" target=\"_blank\" rel=\"noopener noreferrer\">Tria Educativa<\/a><\/li>\n<\/ul>\n","protected":false},"excerpt":{"rendered":"<ul>\n<li>Normativa<\/li>\n<li><a href=\"https:\/\/drive.google.com\/file\/d\/1m-aaxPN9awCca7jVrCrHUGzbcMg40Xsq\/view?usp=sharing\" target=\"_blank\" rel=\"noopener\">Calendari<\/a><\/li>\n<li>Documentaci\u00f3 a presentar<\/li>\n<li>Criteris de prioritat<\/li>\n<li><a href=\"http:\/\/educacio.gencat.cat\/ca\/tramits\/tramits-temes\/9388-batxillerat?category=74447ed8-a82c-11e3-a972-000c29052e2c&amp;moda=1\" target=\"_blank\" rel=\"noopener noreferrer\">Enlla\u00e7 a la preinscripci\u00f3<\/a><\/li>\n<li>M\u00e9s informaci\u00f3 a la web del Departament d&#8217;Educaci\u00f3 <a href=\"https:\/\/triaeducativa.gencat.cat\/ca\/batxillerat\/\" target=\"_blank\" rel=\"noopener noreferrer\">Tria Educativa<\/a><\/li>\n<\/ul>\n","protected":false},"author":1,"featured_media":0,"parent":81,"menu_order":30,"comment_status":"closed","ping_status":"closed","template":"page-templates\/side-menu.php","meta":{"_bbp_topic_count":0,"_bbp_reply_count":0,"_bbp_total_topic_count":0,"_bbp_total_reply_count":0,"_bbp_voice_count":0,"_bbp_anonymous_reply_count":0,"_bbp_topic_count_hidden":0,"_bbp_reply_count_hidden":0,"_bbp_forum_subforum_count":0,"footnotes":""},"class_list":["post-1832","page","type-page","status-publish","hentry"],"post_mailing_queue_ids":[],"_links":{"self":[{"href":"https:\/\/agora.xtec.cat\/inslaialarquera\/wp-json\/wp\/v2\/pages\/1832","targetHints":{"allow":["GET"]}}],"collection":[{"href":"https:\/\/agora.xtec.cat\/inslaialarquera\/wp-json\/wp\/v2\/pages"}],"about":[{"href":"https:\/\/agora.xtec.cat\/inslaialarquera\/wp-json\/wp\/v2\/types\/page"}],"author":[{"embeddable":true,"href":"https:\/\/agora.xtec.cat\/inslaialarquera\/wp-json\/wp\/v2\/users\/1"}],"replies":[{"embeddable":true,"href":"https:\/\/agora.xtec.cat\/inslaialarquera\/wp-json\/wp\/v2\/comments?post=1832"}],"version-history":[{"count":5,"href":"https:\/\/agora.xtec.cat\/inslaialarquera\/wp-json\/wp\/v2\/pages\/1832\/revisions"}],"predecessor-version":[{"id":2549,"href":"https:\/\/agora.xtec.cat\/inslaialarquera\/wp-json\/wp\/v2\/pages\/1832\/revisions\/2549"}],"up":[{"embeddable":true,"href":"https:\/\/agora.xtec.cat\/inslaialarquera\/wp-json\/wp\/v2\/pages\/81"}],"wp:attachment":[{"href":"https:\/\/agora.xtec.cat\/inslaialarquera\/wp-json\/wp\/v2\/media?parent=1832"}],"curies":[{"name":"wp","href":"https:\/\/api.w.org\/{rel}","templated":true}]}}