{"id":1806,"date":"2021-04-04T16:45:02","date_gmt":"2021-04-04T14:45:02","guid":{"rendered":"http:\/\/agora.xtec.cat\/inslaialarquera\/?page_id=1806"},"modified":"2024-03-11T09:32:05","modified_gmt":"2024-03-11T08:32:05","slug":"portes-obertes-batxillerat","status":"publish","type":"page","link":"https:\/\/agora.xtec.cat\/inslaialarquera\/portes-obertes-batxillerat\/","title":{"rendered":"Portes Obertes Batxillerat 2024"},"content":{"rendered":"<p>Les portes obertes de Batxillerat es portaran a terme el diumenge 14 d&#8217;abril.<\/p>\n<p>A les 10 h es far\u00e0 la xerrada del Batxillerat de M\u00fasica i Arts Esc\u00e8niques<\/p>\n<p>A les 11 h es far\u00e0 la xerrada del Batxillerat de Ci\u00e8ncies i Tecnologia i Humanitats i Ci\u00e8ncies Socials<\/p>\n<table style=\"border-collapse: collapse; width: 100%;\">\n<tbody>\n<tr>\n<td style=\"width: 33.3333%;\"><a href=\"https:\/\/agora.xtec.cat\/inslaialarquera\/wp-content\/uploads\/usu546\/2024\/02\/Cartell-portes-obertes-2024_page-0001-scaled.jpg\"><img loading=\"lazy\" decoding=\"async\" class=\"alignnone size-large wp-image-2273\" src=\"https:\/\/agora.xtec.cat\/inslaialarquera\/wp-content\/uploads\/usu546\/2024\/02\/Cartell-portes-obertes-2024_page-0001-672x1024.jpg\" alt=\"\" width=\"672\" height=\"1024\" srcset=\"https:\/\/agora.xtec.cat\/inslaialarquera\/wp-content\/uploads\/usu546\/2024\/02\/Cartell-portes-obertes-2024_page-0001-672x1024.jpg 672w, https:\/\/agora.xtec.cat\/inslaialarquera\/wp-content\/uploads\/usu546\/2024\/02\/Cartell-portes-obertes-2024_page-0001-197x300.jpg 197w, https:\/\/agora.xtec.cat\/inslaialarquera\/wp-content\/uploads\/usu546\/2024\/02\/Cartell-portes-obertes-2024_page-0001-768x1171.jpg 768w, https:\/\/agora.xtec.cat\/inslaialarquera\/wp-content\/uploads\/usu546\/2024\/02\/Cartell-portes-obertes-2024_page-0001-1008x1536.jpg 1008w, https:\/\/agora.xtec.cat\/inslaialarquera\/wp-content\/uploads\/usu546\/2024\/02\/Cartell-portes-obertes-2024_page-0001-1343x2048.jpg 1343w, https:\/\/agora.xtec.cat\/inslaialarquera\/wp-content\/uploads\/usu546\/2024\/02\/Cartell-portes-obertes-2024_page-0001-scaled.jpg 1679w\" sizes=\"auto, (max-width: 672px) 100vw, 672px\" \/><\/a><\/td>\n<td style=\"width: 33.3333%;\"><a href=\"https:\/\/agora.xtec.cat\/inslaialarquera\/wp-content\/uploads\/usu546\/2024\/02\/Cartell-portes-obertes-2024_page-0002.jpg\"><img loading=\"lazy\" decoding=\"async\" class=\"alignnone size-large wp-image-2270\" src=\"https:\/\/agora.xtec.cat\/inslaialarquera\/wp-content\/uploads\/usu546\/2024\/02\/Cartell-portes-obertes-2024_page-0002-672x1024.jpg\" alt=\"\" width=\"672\" height=\"1024\" srcset=\"https:\/\/agora.xtec.cat\/inslaialarquera\/wp-content\/uploads\/usu546\/2024\/02\/Cartell-portes-obertes-2024_page-0002-672x1024.jpg 672w, https:\/\/agora.xtec.cat\/inslaialarquera\/wp-content\/uploads\/usu546\/2024\/02\/Cartell-portes-obertes-2024_page-0002-197x300.jpg 197w, https:\/\/agora.xtec.cat\/inslaialarquera\/wp-content\/uploads\/usu546\/2024\/02\/Cartell-portes-obertes-2024_page-0002-768x1170.jpg 768w, https:\/\/agora.xtec.cat\/inslaialarquera\/wp-content\/uploads\/usu546\/2024\/02\/Cartell-portes-obertes-2024_page-0002-1008x1536.jpg 1008w, https:\/\/agora.xtec.cat\/inslaialarquera\/wp-content\/uploads\/usu546\/2024\/02\/Cartell-portes-obertes-2024_page-0002.jpg 1050w\" sizes=\"auto, (max-width: 672px) 100vw, 672px\" \/><\/a><\/td>\n<td style=\"width: 33.3333%;\"><a href=\"https:\/\/agora.xtec.cat\/inslaialarquera\/wp-content\/uploads\/usu546\/2024\/02\/Cartell-portes-obertes-2024_page-0003.jpg\"><img loading=\"lazy\" decoding=\"async\" class=\"alignnone size-large wp-image-2271\" src=\"https:\/\/agora.xtec.cat\/inslaialarquera\/wp-content\/uploads\/usu546\/2024\/02\/Cartell-portes-obertes-2024_page-0003-672x1024.jpg\" alt=\"\" width=\"672\" height=\"1024\" srcset=\"https:\/\/agora.xtec.cat\/inslaialarquera\/wp-content\/uploads\/usu546\/2024\/02\/Cartell-portes-obertes-2024_page-0003-672x1024.jpg 672w, https:\/\/agora.xtec.cat\/inslaialarquera\/wp-content\/uploads\/usu546\/2024\/02\/Cartell-portes-obertes-2024_page-0003-197x300.jpg 197w, https:\/\/agora.xtec.cat\/inslaialarquera\/wp-content\/uploads\/usu546\/2024\/02\/Cartell-portes-obertes-2024_page-0003-768x1170.jpg 768w, https:\/\/agora.xtec.cat\/inslaialarquera\/wp-content\/uploads\/usu546\/2024\/02\/Cartell-portes-obertes-2024_page-0003-1008x1536.jpg 1008w, https:\/\/agora.xtec.cat\/inslaialarquera\/wp-content\/uploads\/usu546\/2024\/02\/Cartell-portes-obertes-2024_page-0003.jpg 1050w\" sizes=\"auto, (max-width: 672px) 100vw, 672px\" \/><\/a><\/td>\n<\/tr>\n<\/tbody>\n<\/table>\n<p>&nbsp;<\/p>\n<p><span style=\"color: #ff0000;\"><strong>Document informatiu Batxillerat d&#8217;Arts Esc\u00e8niques<\/strong><\/span><\/p>\n<p><a href=\"https:\/\/agora.xtec.cat\/inslaialarquera\/wp-content\/uploads\/usu546\/2024\/03\/Captura-1.jpg\"><img loading=\"lazy\" decoding=\"async\" class=\"alignnone  wp-image-2291\" src=\"https:\/\/agora.xtec.cat\/inslaialarquera\/wp-content\/uploads\/usu546\/2024\/03\/Captura-1-1024x724.jpg\" alt=\"\" width=\"843\" height=\"596\" srcset=\"https:\/\/agora.xtec.cat\/inslaialarquera\/wp-content\/uploads\/usu546\/2024\/03\/Captura-1-1024x724.jpg 1024w, https:\/\/agora.xtec.cat\/inslaialarquera\/wp-content\/uploads\/usu546\/2024\/03\/Captura-1-300x212.jpg 300w, https:\/\/agora.xtec.cat\/inslaialarquera\/wp-content\/uploads\/usu546\/2024\/03\/Captura-1-768x543.jpg 768w, https:\/\/agora.xtec.cat\/inslaialarquera\/wp-content\/uploads\/usu546\/2024\/03\/Captura-1.jpg 1234w\" sizes=\"auto, (max-width: 843px) 100vw, 843px\" \/><\/a><\/p>\n<p><a href=\"https:\/\/agora.xtec.cat\/inslaialarquera\/wp-content\/uploads\/usu546\/2024\/02\/AE2.jpg\"><img loading=\"lazy\" decoding=\"async\" class=\"alignnone size-full wp-image-2268\" src=\"https:\/\/agora.xtec.cat\/inslaialarquera\/wp-content\/uploads\/usu546\/2024\/02\/AE2.jpg\" alt=\"\" width=\"844\" height=\"595\" srcset=\"https:\/\/agora.xtec.cat\/inslaialarquera\/wp-content\/uploads\/usu546\/2024\/02\/AE2.jpg 844w, https:\/\/agora.xtec.cat\/inslaialarquera\/wp-content\/uploads\/usu546\/2024\/02\/AE2-300x211.jpg 300w, https:\/\/agora.xtec.cat\/inslaialarquera\/wp-content\/uploads\/usu546\/2024\/02\/AE2-768x541.jpg 768w\" sizes=\"auto, (max-width: 844px) 100vw, 844px\" \/><\/a><\/p>\n<p>&nbsp;<\/p>\n","protected":false},"excerpt":{"rendered":"<p>Les portes obertes de Batxillerat es portaran a terme el diumenge 14 d&#8217;abril.<br \/>\nA les 10 h es far\u00e0 la xerrada del Batxillerat de M\u00fasica i Arts Esc\u00e8niques<br \/>\nA les 11 h es far\u00e0 la xerrada del Batxillerat de Ci\u00e8ncies i Tecnologia i Humanitats i Ci\u00e8ncies Socials<\/p>\n<p><a&hellip;  <a href=\"https:\/\/agora.xtec.cat\/inslaialarquera\/portes-obertes-batxillerat\/\" title=\"Read Portes Obertes Batxillerat 2024\">Llegeix m\u00e9s\u00bb<\/a><\/p>\n","protected":false},"author":1,"featured_media":0,"parent":0,"menu_order":0,"comment_status":"closed","ping_status":"closed","template":"","meta":{"_bbp_topic_count":0,"_bbp_reply_count":0,"_bbp_total_topic_count":0,"_bbp_total_reply_count":0,"_bbp_voice_count":0,"_bbp_anonymous_reply_count":0,"_bbp_topic_count_hidden":0,"_bbp_reply_count_hidden":0,"_bbp_forum_subforum_count":0,"footnotes":""},"class_list":["post-1806","page","type-page","status-publish","hentry"],"post_mailing_queue_ids":[],"_links":{"self":[{"href":"https:\/\/agora.xtec.cat\/inslaialarquera\/wp-json\/wp\/v2\/pages\/1806","targetHints":{"allow":["GET"]}}],"collection":[{"href":"https:\/\/agora.xtec.cat\/inslaialarquera\/wp-json\/wp\/v2\/pages"}],"about":[{"href":"https:\/\/agora.xtec.cat\/inslaialarquera\/wp-json\/wp\/v2\/types\/page"}],"author":[{"embeddable":true,"href":"https:\/\/agora.xtec.cat\/inslaialarquera\/wp-json\/wp\/v2\/users\/1"}],"replies":[{"embeddable":true,"href":"https:\/\/agora.xtec.cat\/inslaialarquera\/wp-json\/wp\/v2\/comments?post=1806"}],"version-history":[{"count":6,"href":"https:\/\/agora.xtec.cat\/inslaialarquera\/wp-json\/wp\/v2\/pages\/1806\/revisions"}],"predecessor-version":[{"id":2292,"href":"https:\/\/agora.xtec.cat\/inslaialarquera\/wp-json\/wp\/v2\/pages\/1806\/revisions\/2292"}],"wp:attachment":[{"href":"https:\/\/agora.xtec.cat\/inslaialarquera\/wp-json\/wp\/v2\/media?parent=1806"}],"curies":[{"name":"wp","href":"https:\/\/api.w.org\/{rel}","templated":true}]}}