{"id":1734,"date":"2021-02-24T10:56:22","date_gmt":"2021-02-24T09:56:22","guid":{"rendered":"http:\/\/agora.xtec.cat\/inslaialarquera\/?page_id=1734"},"modified":"2023-04-21T18:32:00","modified_gmt":"2023-04-21T16:32:00","slug":"batxillerat","status":"publish","type":"page","link":"https:\/\/agora.xtec.cat\/inslaialarquera\/batxillerat\/","title":{"rendered":"Batxillerat de M\u00fasica i Arts Esc\u00e8niques"},"content":{"rendered":"<p><span style=\"text-decoration: underline;\"><strong>Batxillerat de M\u00fasica i Arts Esc\u00e8niques<\/strong><\/span><\/p>\n<p><a href=\"https:\/\/agora.xtec.cat\/inslaialarquera\/wp-content\/uploads\/usu546\/2023\/02\/CD9B2A76-FE5C-461A-B7C0-ED5C5B14593A.jpeg\"><img loading=\"lazy\" decoding=\"async\" class=\"wp-image-2093 size-medium alignright\" src=\"https:\/\/agora.xtec.cat\/inslaialarquera\/wp-content\/uploads\/usu546\/2023\/02\/CD9B2A76-FE5C-461A-B7C0-ED5C5B14593A-294x300.jpeg\" alt=\"\" width=\"294\" height=\"300\" srcset=\"https:\/\/agora.xtec.cat\/inslaialarquera\/wp-content\/uploads\/usu546\/2023\/02\/CD9B2A76-FE5C-461A-B7C0-ED5C5B14593A-294x300.jpeg 294w, https:\/\/agora.xtec.cat\/inslaialarquera\/wp-content\/uploads\/usu546\/2023\/02\/CD9B2A76-FE5C-461A-B7C0-ED5C5B14593A-1005x1024.jpeg 1005w, https:\/\/agora.xtec.cat\/inslaialarquera\/wp-content\/uploads\/usu546\/2023\/02\/CD9B2A76-FE5C-461A-B7C0-ED5C5B14593A-768x782.jpeg 768w, https:\/\/agora.xtec.cat\/inslaialarquera\/wp-content\/uploads\/usu546\/2023\/02\/CD9B2A76-FE5C-461A-B7C0-ED5C5B14593A.jpeg 1123w\" sizes=\"auto, (max-width: 294px) 100vw, 294px\" \/><\/a><\/p>\n<p style=\"text-align: justify;\">A l\u2019Institut Laia l\u2019Arquera s\u2019ha volgut apostar per <strong>impulsar l\u2019art en el context de l\u2019aprenentatge<\/strong> i la preparaci\u00f3 professional de l\u2019alumnat. Per aquest motiu el centre va voler acollir la <strong>modalitat de M\u00fasica i Arts Esc\u00e8niques<\/strong> al seu batxillerat el curs 2020-2021.<\/p>\n<p style=\"text-align: justify;\">Aquesta modalitat ha esdevingut un <strong>tret d\u2019identitat del nostre centre<\/strong>, que ha perm\u00e8s la <strong>formaci\u00f3 transversal en dansa, teatre i m\u00fasica<\/strong> gr\u00e0cies a la pres\u00e8ncia al centre de <strong>professorat especialista<\/strong>.<\/p>\n<p style=\"text-align: justify;\">A m\u00e9s, es treballa de manera col\u00b7laborativa amb <strong>l\u2019Escola de M\u00fasica i l\u2019Aula de Teatre de Matar\u00f3<\/strong>, oferint a l\u2019alumnat tallers i c\u00e0psules formatives.<\/p>\n<p>&nbsp;<\/p>\n<p>Les mat\u00e8ries de modalitat que s&#8217;ofereixen a 1r i 2n de Batxillerat s\u00f3n les seg\u00fcents:<\/p>\n<p><a href=\"https:\/\/agora.xtec.cat\/inslaialarquera\/wp-content\/uploads\/usu546\/2023\/04\/016_Comp02CopiaCopiaCopia.jpg\"><img loading=\"lazy\" decoding=\"async\" class=\"alignnone size-large wp-image-2136\" src=\"https:\/\/agora.xtec.cat\/inslaialarquera\/wp-content\/uploads\/usu546\/2023\/04\/016_Comp02CopiaCopiaCopia-1024x576.jpg\" alt=\"\" width=\"1024\" height=\"576\" srcset=\"https:\/\/agora.xtec.cat\/inslaialarquera\/wp-content\/uploads\/usu546\/2023\/04\/016_Comp02CopiaCopiaCopia-1024x576.jpg 1024w, https:\/\/agora.xtec.cat\/inslaialarquera\/wp-content\/uploads\/usu546\/2023\/04\/016_Comp02CopiaCopiaCopia-300x169.jpg 300w, https:\/\/agora.xtec.cat\/inslaialarquera\/wp-content\/uploads\/usu546\/2023\/04\/016_Comp02CopiaCopiaCopia-768x432.jpg 768w, https:\/\/agora.xtec.cat\/inslaialarquera\/wp-content\/uploads\/usu546\/2023\/04\/016_Comp02CopiaCopiaCopia-1536x864.jpg 1536w, https:\/\/agora.xtec.cat\/inslaialarquera\/wp-content\/uploads\/usu546\/2023\/04\/016_Comp02CopiaCopiaCopia-2048x1152.jpg 2048w\" sizes=\"auto, (max-width: 1024px) 100vw, 1024px\" \/><\/a><\/p>\n<p>Les mat\u00e8ries de la franja d&#8217;optatives de 1r de Batxillerat s\u00f3n les seg\u00fcents:<\/p>\n<p><a href=\"https:\/\/agora.xtec.cat\/inslaialarquera\/wp-content\/uploads\/usu546\/2023\/04\/017_Comp02CopiaCopiaCopiaCopia.jpg\"><img loading=\"lazy\" decoding=\"async\" class=\"alignnone size-large wp-image-2138\" src=\"https:\/\/agora.xtec.cat\/inslaialarquera\/wp-content\/uploads\/usu546\/2023\/04\/017_Comp02CopiaCopiaCopiaCopia-1024x576.jpg\" alt=\"\" width=\"1024\" height=\"576\" srcset=\"https:\/\/agora.xtec.cat\/inslaialarquera\/wp-content\/uploads\/usu546\/2023\/04\/017_Comp02CopiaCopiaCopiaCopia-1024x576.jpg 1024w, https:\/\/agora.xtec.cat\/inslaialarquera\/wp-content\/uploads\/usu546\/2023\/04\/017_Comp02CopiaCopiaCopiaCopia-300x169.jpg 300w, https:\/\/agora.xtec.cat\/inslaialarquera\/wp-content\/uploads\/usu546\/2023\/04\/017_Comp02CopiaCopiaCopiaCopia-768x432.jpg 768w, https:\/\/agora.xtec.cat\/inslaialarquera\/wp-content\/uploads\/usu546\/2023\/04\/017_Comp02CopiaCopiaCopiaCopia-1536x864.jpg 1536w, https:\/\/agora.xtec.cat\/inslaialarquera\/wp-content\/uploads\/usu546\/2023\/04\/017_Comp02CopiaCopiaCopiaCopia-2048x1152.jpg 2048w\" sizes=\"auto, (max-width: 1024px) 100vw, 1024px\" \/><\/a><\/p>\n","protected":false},"excerpt":{"rendered":"<p>Batxillerat de M\u00fasica i Arts Esc\u00e8niques<br \/>\n<a href=\"https:\/\/agora.xtec.cat\/inslaialarquera\/wp-content\/uploads\/usu546\/2023\/02\/CD9B2A76-FE5C-461A-B7C0-ED5C5B14593A.jpeg\"><\/a><br \/>\nA l\u2019Institut Laia l\u2019Arquera s\u2019ha volgut apostar per impulsar l\u2019art en el context de l\u2019aprenentatge i la preparaci\u00f3 professional de l\u2019alumnat. Per aquest motiu el centre va voler acollir la modalitat de M\u00fasica i Arts Esc\u00e8niques al seu batxillerat&hellip;  <a href=\"https:\/\/agora.xtec.cat\/inslaialarquera\/batxillerat\/\" title=\"Read Batxillerat de M\u00fasica i Arts Esc\u00e8niques\">Llegeix m\u00e9s\u00bb<\/a><\/p>\n","protected":false},"author":1,"featured_media":0,"parent":0,"menu_order":20,"comment_status":"closed","ping_status":"closed","template":"page-templates\/side-menu.php","meta":{"_bbp_topic_count":0,"_bbp_reply_count":0,"_bbp_total_topic_count":0,"_bbp_total_reply_count":0,"_bbp_voice_count":0,"_bbp_anonymous_reply_count":0,"_bbp_topic_count_hidden":0,"_bbp_reply_count_hidden":0,"_bbp_forum_subforum_count":0,"footnotes":""},"class_list":["post-1734","page","type-page","status-publish","hentry"],"post_mailing_queue_ids":[],"_links":{"self":[{"href":"https:\/\/agora.xtec.cat\/inslaialarquera\/wp-json\/wp\/v2\/pages\/1734","targetHints":{"allow":["GET"]}}],"collection":[{"href":"https:\/\/agora.xtec.cat\/inslaialarquera\/wp-json\/wp\/v2\/pages"}],"about":[{"href":"https:\/\/agora.xtec.cat\/inslaialarquera\/wp-json\/wp\/v2\/types\/page"}],"author":[{"embeddable":true,"href":"https:\/\/agora.xtec.cat\/inslaialarquera\/wp-json\/wp\/v2\/users\/1"}],"replies":[{"embeddable":true,"href":"https:\/\/agora.xtec.cat\/inslaialarquera\/wp-json\/wp\/v2\/comments?post=1734"}],"version-history":[{"count":3,"href":"https:\/\/agora.xtec.cat\/inslaialarquera\/wp-json\/wp\/v2\/pages\/1734\/revisions"}],"predecessor-version":[{"id":2139,"href":"https:\/\/agora.xtec.cat\/inslaialarquera\/wp-json\/wp\/v2\/pages\/1734\/revisions\/2139"}],"wp:attachment":[{"href":"https:\/\/agora.xtec.cat\/inslaialarquera\/wp-json\/wp\/v2\/media?parent=1734"}],"curies":[{"name":"wp","href":"https:\/\/api.w.org\/{rel}","templated":true}]}}