{"id":1516,"date":"2020-05-24T13:15:43","date_gmt":"2020-05-24T11:15:43","guid":{"rendered":"http:\/\/agora.xtec.cat\/inslaialarquera\/?page_id=1516"},"modified":"2020-06-02T12:54:20","modified_gmt":"2020-06-02T10:54:20","slug":"preinscripcio-batxillerat","status":"publish","type":"page","link":"https:\/\/agora.xtec.cat\/inslaialarquera\/preinscripcio-batxillerat\/","title":{"rendered":"Preinscripci\u00f3 Batxillerat"},"content":{"rendered":"<p>El proper 27 de maig s\u2019inicia la preinscripci\u00f3 de Batxillerat i finalitza el dia 3 de juny.<\/p>\n<p>Hi ha dues maneres per realitzar-la:<\/p>\n<ol>\n<li><strong>Sol\u00b7licitud electr\u00f2nica<\/strong>:<\/li>\n<\/ol>\n<p>Si s&#8217;emplena la sol\u00b7licitud electr\u00f2nica, el tr\u00e0mit de presentaci\u00f3 s&#8217;acaba amb l&#8217;enviament del formulari i <strong>no s&#8217;ha de presentar cap c\u00f2pia al centre ni tampoc cap documentaci\u00f3 acreditativa de la persona sol\u00b7licitant ni de l&#8217;alumne<\/strong>.<\/p>\n<p>Per poder utilitzar el formulari electr\u00f2nic, cal identificar-se amb un certificat digital, com per exemple el DNI electr\u00f2nic, o el sistema alternatiu d&#8217;identificaci\u00f3 <a title=\"idCAT M\u00f2bil\" href=\"https:\/\/web.gencat.cat\/ca\/tramits\/com-tramitar-en-linia\/identificacio-digital\/id-cat-mobil\/\" target=\"_blank\" rel=\"noopener noreferrer\">idCAT M\u00f2bil<\/a>, i el n\u00famero d&#8217;identificaci\u00f3 de l&#8217;alumne\/a amb el qual consta al Registre d&#8217;Alumnes de Catalunya (RALC) i que es pot obtenir amb la <a title=\"Consulta de l'identificador de l'alumne\" href=\"http:\/\/ensenyament.gencat.cat\/ca\/tramits\/tramits-temes\/identificador-alumne\">Consulta de l&#8217;identificador de l&#8217;alumne<\/a>.<\/p>\n<p><a href=\"https:\/\/accesvalidat.ensenyament.gencat.cat\/wayf\/wayf-IDP-SM.html?entityID=https%3A%2F%2Faccesvalidat.ensenyament.gencat.cat&amp;return=https%3A%2F%2Faccesvalidat.ensenyament.gencat.cat%2FShibboleth.sso%2FLogin%3FSAMLDS%3D1%26target%3Dhttps%253A%252F%252Faccesvalidat.ensenyament.gencat.cat%252Fpls%252Fapex%252Ff%253Fp%253D20160079072543618%253A102\" target=\"_blank\" rel=\"noopener noreferrer\">Enlla\u00e7 per per fer la sol\u00b7licitud<\/a><\/p>\n<p>2. <strong>Sol\u00b7licitud amb suport inform\u00e0tic:<br \/>\n<\/strong><\/p>\n<p>Si s&#8217;emplena la sol\u00b7licitud amb suport inform\u00e0tic, <strong>cal enviar per correu electr\u00f2nic el resguard de la sol\u00b7licitud enviada per Internet a la b\u00fastia electr\u00f2nica oficial del centre demanat en primer lloc i en el termini establert<\/strong>. Si no s&#8217;ha pogut validar electr\u00f2nicament, tamb\u00e9 s&#8217;haur\u00e0 d&#8217;enviar per correu electr\u00f2nic la documentaci\u00f3 d&#8217;identificaci\u00f3 de la persona sol\u00b7licitant o de l&#8217;alumne. I si l&#8217;alumne\/a \u00e9s menor d&#8217;edat i no fa els 18 anys durant l&#8217;any 2020, caldr\u00e0 aportar una c\u00f2pia del llibre de fam\u00edlia. La documentaci\u00f3 s&#8217;ha d&#8217;enviar escanejada o fotografiada per les dues cares.<\/p>\n<p><a href=\"https:\/\/web.gencat.cat\/ca\/tramits\/tramits-temes\/9388-batxillerat?category=74447ed8-a82c-11e3-a972-000c29052e2c&amp;moda=1\" target=\"_blank\" rel=\"noopener noreferrer\">Enlla\u00e7 per per fer la sol\u00b7licitud<\/a><\/p>\n<p>3. <strong>Criteris de prioritat:<\/strong><\/p>\n<p>Per justificar els criteris de prioritat, <strong>en enviar la sol\u00b7licitud (tant l&#8217;electr\u00f2nica com la de suport inform\u00e0tic)<\/strong> s&#8217;executen les consultes telem\u00e0tiques a les diferents administracions. En el resguard de la sol\u00b7licitud es detalla si s&#8217;ha pogut verificar el criteri o no. Cal tenir en compte que la consulta de l&#8217;empadronament (i si no s&#8217;ha pogut verificar algun dels altres criteris tamb\u00e9) es realitza en diferit. Aix\u00ed doncs, es rebr\u00e0 un segon correu electr\u00f2nic a l&#8217;adre\u00e7a que s&#8217;ha fet constar en la sol\u00b7licitud, juntament amb la c\u00f2pia del resguard. En aquest resguard es detall\u00e0 la documentaci\u00f3 que cal enviar per correu electr\u00f2nic escanejada o fotografiada a la b\u00fastia electr\u00f2nica oficial del centre educatiu que s&#8217;ha demanat en primera opci\u00f3 i en el termini establert.<\/p>\n<p>3. <strong>Si excepcionalment no podem enviar la documentaci\u00f3 telem\u00e0ticament, podem demanar cita pr\u00e8via\u00a0 per presentar-la<\/strong>:<\/p>\n<p><strong>Correu electr\u00f2nic:\u00a0 inslaialarquera@xtec.cat<\/strong><\/p>\n<p><strong>Tel\u00e8fon:\u00a0\u00a0\u00a0\u00a0\u00a0\u00a0 633 759 742\u00a0\u00a0\u00a0 (De 9:00 a 13:30 hores)<\/strong><\/p>\n<p>Calendari online que trobareu en el <a href=\"https:\/\/aplicacions.gestioeducativa.gencat.cat\/pls\/apex\/f?p=CITA_PREVIA:4::::4:P4_TIPUS_CALENDARI,P4_DOMINI:01_BATX,08046797\" target=\"_blank\" rel=\"noopener noreferrer\"><span style=\"text-decoration: underline;\">seg\u00fcent enlla\u00e7<\/span><\/a><\/p>\n<p><strong>El lliurament de la documentaci\u00f3 presencial es far\u00e0 del 27 de maig al 4 de juny de 9:00 a 13:15 h (imprescindible haver demanat cita pr\u00e8via)<\/strong><\/p>\n<p><strong>NORMATIVA A COMPLIR PER LLIURAR PRESENCIALMENT LA DOCUMENTACI\u00d3<br \/>\n<\/strong><\/p>\n<ul>\n<li>Al centre ha de venir el menor nombre possible de persones a fer les gestions (preferiblement, una sola persona);<\/li>\n<li>Cal recordar que han de portar la documentaci\u00f3 per a poder-la escanejar o fotocopiar i, si pot ser, la sol\u00b7licitud emplenada des de casa. En el cas que el centre prevegi que far\u00e0 emplenar lasol\u00b7licitud en paper, conv\u00e9 recomanar que portin el seu propi bol\u00edgraf<\/li>\n<li>Recordar la recomanaci\u00f3 de portar mascareta i guants<\/li>\n<li>No han d\u2019acudir al centre les persones de grups d\u2019especial vulnerabilitat o en per\u00edode de confinament, o que presentin s\u00edmptomes; en aquest cas, poden autoritzar per escrit a una altra persona a portar la sol\u00b7licitud i la documentaci\u00f3.<\/li>\n<\/ul>\n<p>4. <strong>Calendari de tot el proc\u00e9s<\/strong>:<\/p>\n<table class=\"ms-rteTable-default\" style=\"width: 731px;\">\n<tbody>\n<tr class=\"ms-rteTableEvenRow-default\">\n<td class=\"ms-rteTableEvenCol-default\" style=\"width: 556.333px;\"><strong>Fases de la preinscripci\u00f3\u200b<\/strong><\/td>\n<td class=\"ms-rteTableEvenCol-default\" style=\"width: 166.667px;\"><strong>Dates<\/strong><\/td>\n<\/tr>\n<tr class=\"ms-rteTableOddRow-default\">\n<td class=\"ms-rteTableEvenCol-default\" style=\"width: 556.333px;\">Presentaci\u00f3 de sol\u00b7licituds (electr\u00f2niques o de suport inform\u00e0tic)<\/td>\n<td class=\"ms-rteTableEvenCol-default\" style=\"width: 166.667px;\">\n<p align=\"center\">Del 27 de maig al 3 de juny<\/p>\n<\/td>\n<\/tr>\n<tr class=\"ms-rteTableEvenRow-default\">\n<td class=\"ms-rteTableEvenCol-default\" style=\"width: 556.333px;\">Presentaci\u00f3 de documentaci\u00f3<\/td>\n<td class=\"ms-rteTableEvenCol-default\" style=\"width: 166.667px;\">\n<p align=\"center\">Fins el 4 de juny<\/p>\n<\/td>\n<\/tr>\n<tr class=\"ms-rteTableOddRow-default\">\n<td class=\"ms-rteTableEvenCol-default\" style=\"width: 556.333px;\">Publicaci\u00f3 de les llistes amb el barem provisional<\/td>\n<td class=\"ms-rteTableEvenCol-default\" style=\"width: 166.667px;\">\n<p align=\"center\">15 de juny<\/p>\n<\/td>\n<\/tr>\n<tr class=\"ms-rteTableEvenRow-default\">\n<td class=\"ms-rteTableEvenCol-default\" style=\"width: 556.333px;\">Presentaci\u00f3 de reclamacions al barem provisional<\/td>\n<td class=\"ms-rteTableEvenCol-default\" style=\"width: 166.667px;\">\n<p align=\"center\">Del 16 al 18 de juny<\/p>\n<\/td>\n<\/tr>\n<tr class=\"ms-rteTableEvenRow-default\">\n<td class=\"ms-rteTableEvenCol-default\" style=\"width: 556.333px;\">Publicaci\u00f3 de llistes amb el barem un cop resoltes les reclamacions<\/td>\n<td class=\"ms-rteTableEvenCol-default\" style=\"width: 166.667px;\">\n<p align=\"center\">22 de juny<\/p>\n<\/td>\n<\/tr>\n<tr class=\"ms-rteTableOddRow-default\">\n<td class=\"ms-rteTableEvenCol-default\" style=\"width: 556.333px;\">Sorteig<\/td>\n<td class=\"ms-rteTableEvenCol-default\" style=\"width: 166.667px;\">\n<p align=\"center\">23 de juny<\/p>\n<\/td>\n<\/tr>\n<tr class=\"ms-rteTableOddRow-default\">\n<td class=\"ms-rteTableEvenCol-default\" style=\"width: 556.333px;\">Publicaci\u00f3 de llistes ordenades definitives<\/td>\n<td class=\"ms-rteTableEvenCol-default\" style=\"width: 166.667px;\">\n<p align=\"center\">26 de juny<\/p>\n<\/td>\n<\/tr>\n<tr class=\"ms-rteTableEvenRow-default\">\n<td class=\"ms-rteTableEvenCol-default\" style=\"width: 556.333px;\">Per\u00edode de matr\u00edcula ordin\u00e0ria (batxillerat)<\/td>\n<td class=\"ms-rteTableEvenCol-default\" style=\"width: 166.667px;\">\n<p align=\"center\">Del 8 al 14 de juliol<\/p>\n<\/td>\n<\/tr>\n<tr class=\"ms-rteTableOddRow-default\">\n<td class=\"ms-rteTableEvenCol-default\" style=\"width: 556.333px;\">Per\u00edode de matr\u00edcula extraordin\u00e0ria (per alumnes que tenien assignatures pendents al mes de setembre)<\/td>\n<td class=\"ms-rteTableEvenCol-default\" style=\"width: 166.667px;\">\n<p align=\"center\">Del 7 al 10 de setembre<\/p>\n<\/td>\n<\/tr>\n<\/tbody>\n<\/table>\n","protected":false},"excerpt":{"rendered":"<p>El proper 27 de maig s\u2019inicia la preinscripci\u00f3 de Batxillerat i finalitza el dia 3 de juny.<br \/>\nHi ha dues maneres per realitzar-la:<\/p>\n<ol>\n<li>Sol\u00b7licitud electr\u00f2nica:<\/li>\n<\/ol>\n<p>Si s&#8217;emplena la sol\u00b7licitud electr\u00f2nica, el tr\u00e0mit de presentaci\u00f3 s&#8217;acaba amb l&#8217;enviament del formulari i no s&#8217;ha de presentar cap c\u00f2pia al centre&hellip;  <a href=\"https:\/\/agora.xtec.cat\/inslaialarquera\/preinscripcio-batxillerat\/\" title=\"Read Preinscripci\u00f3 Batxillerat\">Llegeix m\u00e9s\u00bb<\/a><\/p>\n","protected":false},"author":1,"featured_media":0,"parent":0,"menu_order":0,"comment_status":"closed","ping_status":"closed","template":"","meta":{"_bbp_topic_count":0,"_bbp_reply_count":0,"_bbp_total_topic_count":0,"_bbp_total_reply_count":0,"_bbp_voice_count":0,"_bbp_anonymous_reply_count":0,"_bbp_topic_count_hidden":0,"_bbp_reply_count_hidden":0,"_bbp_forum_subforum_count":0,"footnotes":""},"class_list":["post-1516","page","type-page","status-publish","hentry"],"post_mailing_queue_ids":[],"_links":{"self":[{"href":"https:\/\/agora.xtec.cat\/inslaialarquera\/wp-json\/wp\/v2\/pages\/1516","targetHints":{"allow":["GET"]}}],"collection":[{"href":"https:\/\/agora.xtec.cat\/inslaialarquera\/wp-json\/wp\/v2\/pages"}],"about":[{"href":"https:\/\/agora.xtec.cat\/inslaialarquera\/wp-json\/wp\/v2\/types\/page"}],"author":[{"embeddable":true,"href":"https:\/\/agora.xtec.cat\/inslaialarquera\/wp-json\/wp\/v2\/users\/1"}],"replies":[{"embeddable":true,"href":"https:\/\/agora.xtec.cat\/inslaialarquera\/wp-json\/wp\/v2\/comments?post=1516"}],"version-history":[{"count":3,"href":"https:\/\/agora.xtec.cat\/inslaialarquera\/wp-json\/wp\/v2\/pages\/1516\/revisions"}],"predecessor-version":[{"id":1535,"href":"https:\/\/agora.xtec.cat\/inslaialarquera\/wp-json\/wp\/v2\/pages\/1516\/revisions\/1535"}],"wp:attachment":[{"href":"https:\/\/agora.xtec.cat\/inslaialarquera\/wp-json\/wp\/v2\/media?parent=1516"}],"curies":[{"name":"wp","href":"https:\/\/api.w.org\/{rel}","templated":true}]}}