{"id":1478,"date":"2020-05-11T16:01:09","date_gmt":"2020-05-11T14:01:09","guid":{"rendered":"http:\/\/agora.xtec.cat\/inslaialarquera\/?page_id=1478"},"modified":"2020-05-12T10:17:45","modified_gmt":"2020-05-12T08:17:45","slug":"preinscripcio-1r-eso-2020-2021","status":"publish","type":"page","link":"https:\/\/agora.xtec.cat\/inslaialarquera\/preinscripcio-1r-eso-2020-2021\/","title":{"rendered":"Preinscripci\u00f3 1r ESO 2020-2021"},"content":{"rendered":"<p>El proper 13 de maig s&#8217;inicia la preinscripci\u00f3 de 1r d&#8217;ESO.<\/p>\n<p>A continuaci\u00f3 us detallem els passos per realitzar-la:<\/p>\n<ol>\n<li><strong>Preparar la documentaci\u00f3 necess\u00e0ria que indiquem en la seg\u00fcent imatge<\/strong>:<\/li>\n<\/ol>\n<p><a href=\"https:\/\/agora.xtec.cat\/inslaialarquera\/wp-content\/uploads\/usu546\/2020\/05\/Documentacio-a-presentar.jpg\"><img loading=\"lazy\" decoding=\"async\" class=\"alignnone wp-image-1479\" src=\"https:\/\/agora.xtec.cat\/inslaialarquera\/wp-content\/uploads\/usu546\/2020\/05\/Documentacio-a-presentar.jpg\" alt=\"\" width=\"665\" height=\"982\" srcset=\"https:\/\/agora.xtec.cat\/inslaialarquera\/wp-content\/uploads\/usu546\/2020\/05\/Documentacio-a-presentar.jpg 575w, https:\/\/agora.xtec.cat\/inslaialarquera\/wp-content\/uploads\/usu546\/2020\/05\/Documentacio-a-presentar-203x300.jpg 203w\" sizes=\"auto, (max-width: 665px) 100vw, 665px\" \/><\/a><\/p>\n<p>2. <strong>Clicar al seg\u00fcent enlla\u00e7 per fer la preinscripci\u00f3 telem\u00e0tica<\/strong>: (<strong>Del 13 al 22 de maig<\/strong>)<\/p>\n<p><a href=\"http:\/\/ensenyament.gencat.cat\/ca\/tramits\/tramits-temes\/20483_preinscripcio_escolar?moda=1\" target=\"_blank\" rel=\"noopener noreferrer\">http:\/\/ensenyament.gencat.cat\/ca\/tramits\/tramits-temes\/20483_preinscripcio_escolar?moda=1<\/a><\/p>\n<p>3. <strong>Si excepcionalment no podem fer la preinscripci\u00f3 telem\u00e0tica, podem demanar cita pr\u00e8via\u00a0 per fer la preinscripci\u00f3 presencial de dues maneres<\/strong>:<\/p>\n<p><strong>Correu electr\u00f2nic:\u00a0 inslaialarquera@xtec.cat<\/strong><\/p>\n<p><strong>Tel\u00e8fon:\u00a0\u00a0\u00a0\u00a0\u00a0\u00a0 633 759 742\u00a0\u00a0\u00a0 (De 9:00 a 13:30 hores)<\/strong><\/p>\n<p><strong>La preinscripci\u00f3 presencial es far\u00e0 del 19 al 22 de maig de 9:00 a 13:15 h (imprescindible haver demanat cita pr\u00e8via)<\/strong><\/p>\n<p><span style=\"text-decoration: underline;\"><strong>NORMATIVA A COMPLIR PER LA PREINSCRIPCI\u00d3 PRESENCIAL<\/strong><\/span><\/p>\n<ul>\n<li>Al centre ha de venir el menor nombre possible de persones a fer les gestions (preferiblement, una sola persona);<\/li>\n<li>Cal recordar que han de portar la documentaci\u00f3 per a poder-la escanejar o fotocopiar i, si pot ser, la sol\u00b7licitud emplenada des de casa. En el cas que el centre prevegi que far\u00e0 emplenar lasol\u00b7licitud en paper, conv\u00e9 recomanar que portin el seu propi bol\u00edgraf<\/li>\n<li>Recordar la recomanaci\u00f3 de portar mascareta i guants<\/li>\n<li>No han d\u2019acudir al centre les persones de grups d&#8217;especial vulnerabilitat o en per\u00edode de confinament, o que presentin s\u00edmptomes; en aquest cas, poden autoritzar per escrit a una altra persona a portar la sol\u00b7licitud i la documentaci\u00f3.<\/li>\n<\/ul>\n<p>4. <strong>Omplir el seg\u00fcent formulari de preinscripci\u00f3 per portar al centre el dia i hora reservats, acompanyat de la documentaci\u00f3 detallada en l&#8217;apartat 1.<\/strong><\/p>\n<p><a href=\"http:\/\/ensenyament.gencat.cat\/web\/shared\/OVT\/Departaments\/ENS\/TramitOVT\/preinscripcio\/obligatoris\/A42.pdf\" target=\"_blank\" rel=\"noopener noreferrer\">http:\/\/ensenyament.gencat.cat\/web\/shared\/OVT\/Departaments\/ENS\/TramitOVT\/preinscripcio\/obligatoris\/A42.pdf<\/a><\/p>\n<p>5. <strong>Calendari de tot el proc\u00e9s<\/strong>:<\/p>\n<table style=\"width: 815px;\">\n<tbody>\n<tr class=\"ms-rteTableEvenRow-default\">\n<td class=\"ms-rteTableEvenCol-default\" style=\"width: 508px;\"><strong>Fases de la preinscripci\u00f3<\/strong><\/td>\n<td class=\"ms-rteTableOddCol-default\" style=\"width: 115px;\"><strong>Aplicaci\u00f3<\/strong><\/td>\n<td class=\"ms-rteTableEvenCol-default\" style=\"width: 192px;\"><strong>Dates<\/strong><\/td>\n<\/tr>\n<tr class=\"ms-rteTableOddRow-default\">\n<td class=\"ms-rteTableEvenCol-default\" style=\"width: 508px;\">\u200bPublicaci\u00f3 de l&#8217;oferta inicial<\/td>\n<td class=\"ms-rteTableOddCol-default\" style=\"width: 115px;\">GEDAC<\/td>\n<td class=\"ms-rteTableEvenCol-default\" style=\"width: 192px;\">8 de maig<\/td>\n<\/tr>\n<tr class=\"ms-rteTableEvenRow-default\">\n<td class=\"ms-rteTableEvenCol-default\" style=\"width: 508px;\"><strong><a title=\"Ves a Sol\u00b7licituds ESO\" href=\"https:\/\/espai.educacio.gencat.cat\/Alumnes\/PreinscripcioMatricula\/Procediment-preinscripcio\/Solicituds-barems\/Solicituds-preinscripcio-ESO\/Pagines\/default.aspx\" target=\"_blank\" rel=\"noopener noreferrer\">Presentaci\u00f3 de \u200bsol\u00b7licituds amb suport inform\u00e0tic<\/a><\/strong><\/td>\n<td class=\"ms-rteTableOddCol-default\" style=\"width: 115px;\">GEDAC<\/td>\n<td class=\"ms-rteTableEvenCol-default\" style=\"width: 192px;\"><strong>Del 13 al 22 de maig<\/strong><\/td>\n<\/tr>\n<tr class=\"ms-rteTableOddRow-default\">\n<td class=\"ms-rteTableEvenCol-default\" style=\"width: 508px;\"><strong>Presentaci\u00f3 de sol\u00b7licituds amb cita pr\u00e8via\u200b<\/strong><\/td>\n<td class=\"ms-rteTableOddCol-default\" style=\"width: 115px;\">GEDAC<\/td>\n<td class=\"ms-rteTableEvenCol-default\" style=\"width: 192px;\"><strong>Del 19 al 22 de maig<\/strong><\/td>\n<\/tr>\n<tr class=\"ms-rteTableEvenRow-default\">\n<td class=\"ms-rteTableEvenCol-default\" style=\"width: 508px;\"><strong>Presentaci\u00f3 de documentaci\u00f3<\/strong><\/td>\n<td class=\"ms-rteTableOddCol-default\" style=\"width: 115px;\"><strong>&#8211;<\/strong><\/td>\n<td class=\"ms-rteTableEvenCol-default\" style=\"width: 192px;\"><strong>Fins al 25 de maig<\/strong><\/td>\n<\/tr>\n<tr class=\"ms-rteTableOddRow-default\">\n<td class=\"ms-rteTableEvenCol-default\" style=\"width: 508px;\">Gesti\u00f3 de sol\u00b7licituds (per sortir a les llistes amb el barem provisional)<\/td>\n<td class=\"ms-rteTableOddCol-default\" style=\"width: 115px;\">GEDAC<\/td>\n<td class=\"ms-rteTableEvenCol-default\" style=\"width: 192px;\">Del 13 al 28 de maig<\/td>\n<\/tr>\n<tr class=\"ms-rteTableEvenRow-default\">\n<td class=\"ms-rteTableEvenCol-default\" style=\"width: 508px;\">Publicaci\u00f3 de les llistes amb el barem provisional<\/td>\n<td class=\"ms-rteTableOddCol-default\" style=\"width: 115px;\">GEDAC<\/td>\n<td class=\"ms-rteTableEvenCol-default\" style=\"width: 192px;\">29 de maig<\/td>\n<\/tr>\n<tr class=\"ms-rteTableOddRow-default\">\n<td class=\"ms-rteTableEvenCol-default\" style=\"width: 508px;\">Presentaci\u00f3 de reclamacions al barem provisional<\/td>\n<td class=\"ms-rteTableOddCol-default\" style=\"width: 115px;\">GEDAC<\/td>\n<td class=\"ms-rteTableEvenCol-default\" style=\"width: 192px;\">Del 2 al 5 de juny<\/td>\n<\/tr>\n<tr class=\"ms-rteTableEvenRow-default\">\n<td class=\"ms-rteTableEvenCol-default\" style=\"width: 508px;\">Resoluci\u00f3 reclamacions (\u00faltim dia per introducci\u00f3 i modificaci\u00f3 de sol\u00b7licituds)<\/td>\n<td class=\"ms-rteTableOddCol-default\" style=\"width: 115px;\">GEDAC<\/td>\n<td class=\"ms-rteTableEvenCol-default\" style=\"width: 192px;\">8 de juny fins a les 15.00 h<\/td>\n<\/tr>\n<tr class=\"ms-rteTableOddRow-default\">\n<td class=\"ms-rteTableEvenCol-default\" style=\"width: 508px;\">Publicaci\u00f3 de llistes amb el barem un cop resoltes les reclamacions<\/td>\n<td class=\"ms-rteTableOddCol-default\" style=\"width: 115px;\">GEDAC<\/td>\n<td class=\"ms-rteTableEvenCol-default\" style=\"width: 192px;\">9 de juny<\/td>\n<\/tr>\n<tr class=\"ms-rteTableEvenRow-default\">\n<td class=\"ms-rteTableEvenCol-default\" style=\"width: 508px;\"><strong>Sorteig<\/strong><\/td>\n<td class=\"ms-rteTableOddCol-default\" style=\"width: 115px;\">GEDAC<\/td>\n<td class=\"ms-rteTableEvenCol-default\" style=\"width: 192px;\"><strong>9 de juny<\/strong><\/td>\n<\/tr>\n<tr class=\"ms-rteTableOddRow-default\">\n<td class=\"ms-rteTableEvenCol-default\" style=\"width: 508px;\"><strong>Publicaci\u00f3 de llistes ordenades definitives<\/strong><\/td>\n<td class=\"ms-rteTableOddCol-default\" style=\"width: 115px;\">GEDAC<\/td>\n<td class=\"ms-rteTableEvenCol-default\" style=\"width: 192px;\"><strong>11 de juny<\/strong><\/td>\n<\/tr>\n<tr class=\"ms-rteTableEvenRow-default\">\n<td class=\"ms-rteTableEvenCol-default\" style=\"width: 508px;\">\u00daltim dia per revisar la reserva de places a l&#8217;aplicaci\u00f3 (per part de la inspecci\u00f3 a petici\u00f3 del centre)<\/td>\n<td class=\"ms-rteTableOddCol-default\" style=\"width: 115px;\">GEDAC<\/td>\n<td class=\"ms-rteTableEvenCol-default\" style=\"width: 192px;\">22 de juny<\/td>\n<\/tr>\n<tr class=\"ms-rteTableOddRow-default\">\n<td class=\"ms-rteTableEvenCol-default\" style=\"width: 508px;\">Ampliaci\u00f3 de peticions \u2013per aquells que necessiten assignaci\u00f3 d&#8217;ofici i no s&#8217;han assignat per petici\u00f3 original- (fam\u00edlies)<\/td>\n<td class=\"ms-rteTableOddCol-default\" style=\"width: 115px;\">GE\u200bDAC (M\u00f2dul en l\u00ednia)<\/td>\n<td class=\"ms-rteTableEvenCol-default\" style=\"width: 192px;\">Del 26 al 29 de juny<\/td>\n<\/tr>\n<tr class=\"ms-rteTableEvenRow-default\">\n<td class=\"ms-rteTableEvenCol-default\" style=\"width: 508px;\">Publicaci\u00f3 de l&#8217;oferta final<\/td>\n<td class=\"ms-rteTableOddCol-default\" style=\"width: 115px;\">GEDAC<\/td>\n<td class=\"ms-rteTableEvenCol-default\" style=\"width: 192px;\">6 de juliol<\/td>\n<\/tr>\n<tr class=\"ms-rteTableOddRow-default\">\n<td class=\"ms-rteTableEvenCol-default\" style=\"width: 508px;\">Publicaci\u00f3 de les llistes d&#8217;assignaci\u00f3 i llista d&#8217;espera<\/td>\n<td class=\"ms-rteTableOddCol-default\" style=\"width: 115px;\">GEDAC<\/td>\n<td class=\"ms-rteTableEvenCol-default\" style=\"width: 192px;\">7 de juliol<\/td>\n<\/tr>\n<tr class=\"ms-rteTableEvenRow-default\">\n<td class=\"ms-rteTableEvenCol-default\" style=\"width: 508px;\"><strong>Matr\u00edcula<\/strong><\/td>\n<td class=\"ms-rteTableOddCol-default\" style=\"width: 115px;\">RALC\/Esfer@<\/td>\n<td class=\"ms-rteTableEvenCol-default\" style=\"width: 192px;\"><strong>Del 13 al 17 de juliol<\/strong><\/td>\n<\/tr>\n<tr class=\"ms-rteTableOddRow-default\">\n<td class=\"ms-rteTableEvenCol-default\" style=\"width: 508px;\">Finalitzaci\u00f3 de la matr\u00edcula<\/td>\n<td class=\"ms-rteTableOddCol-default\" style=\"width: 115px;\">RALC<\/td>\n<td class=\"ms-rteTableEvenCol-default\" style=\"width: 192px;\">Del 20 al 27 de juliol<\/td>\n<\/tr>\n<tr class=\"ms-rteTableEvenRow-default\">\n<td class=\"ms-rteTableEvenCol-default\" style=\"width: 508px;\">Llistes d&#8217;alumnes matriculats procedents de preinscripci\u00f3 i nova admissi\u00f3<\/td>\n<td class=\"ms-rteTableOddCol-default\" style=\"width: 115px;\">GEDAC<\/td>\n<td class=\"ms-rteTableEvenCol-default\" style=\"width: 192px;\">30 de setembre<\/td>\n<\/tr>\n<tr class=\"ms-rteTableOddRow-default\">\n<td class=\"ms-rteTableEvenCol-default\" style=\"width: 508px;\">Gesti\u00f3 de la llista d&#8217;espera<\/td>\n<td class=\"ms-rteTableOddCol-default\" style=\"width: 115px;\">GEDAC<\/td>\n<td class=\"ms-rteTableEvenCol-default\" style=\"width: 192px;\">Des de la finalitzaci\u00f3 fins al 8 de setembre<\/td>\n<\/tr>\n<\/tbody>\n<\/table>\n<p>6. <strong>Centres adscrits<\/strong><\/p>\n<p><a href=\"https:\/\/agora.xtec.cat\/inslaialarquera\/wp-content\/uploads\/usu546\/2020\/05\/centres-adscrits.jpg\"><img loading=\"lazy\" decoding=\"async\" class=\"alignnone  wp-image-1501\" src=\"https:\/\/agora.xtec.cat\/inslaialarquera\/wp-content\/uploads\/usu546\/2020\/05\/centres-adscrits.jpg\" alt=\"\" width=\"479\" height=\"582\" srcset=\"https:\/\/agora.xtec.cat\/inslaialarquera\/wp-content\/uploads\/usu546\/2020\/05\/centres-adscrits.jpg 401w, https:\/\/agora.xtec.cat\/inslaialarquera\/wp-content\/uploads\/usu546\/2020\/05\/centres-adscrits-247x300.jpg 247w\" sizes=\"auto, (max-width: 479px) 100vw, 479px\" \/><\/a><\/p>\n","protected":false},"excerpt":{"rendered":"<p>El proper 13 de maig s&#8217;inicia la preinscripci\u00f3 de 1r d&#8217;ESO.<br \/>\nA continuaci\u00f3 us detallem els passos per realitzar-la:<\/p>\n<ol>\n<li>Preparar la documentaci\u00f3 necess\u00e0ria que indiquem en la seg\u00fcent imatge:<\/li>\n<\/ol>\n<p><a href=\"https:\/\/agora.xtec.cat\/inslaialarquera\/wp-content\/uploads\/usu546\/2020\/05\/Documentacio-a-presentar.jpg\"><\/a><br \/>\n2. Clicar al seg\u00fcent enlla\u00e7 per fer la preinscripci\u00f3 telem\u00e0tica: (Del 13 al 22 de maig)<br \/>\n<a href=\"http:\/\/ensenyament.gencat.cat\/ca\/tramits\/tramits-temes\/20483_preinscripcio_escolar?moda=1\" target=\"_blank\"&hellip;  <a href=\"https:\/\/agora.xtec.cat\/inslaialarquera\/preinscripcio-1r-eso-2020-2021\/\" title=\"Read Preinscripci\u00f3 1r ESO 2020-2021\">Llegeix m\u00e9s\u00bb<\/a><\/p>\n","protected":false},"author":1,"featured_media":0,"parent":0,"menu_order":0,"comment_status":"closed","ping_status":"closed","template":"","meta":{"_bbp_topic_count":0,"_bbp_reply_count":0,"_bbp_total_topic_count":0,"_bbp_total_reply_count":0,"_bbp_voice_count":0,"_bbp_anonymous_reply_count":0,"_bbp_topic_count_hidden":0,"_bbp_reply_count_hidden":0,"_bbp_forum_subforum_count":0,"footnotes":""},"class_list":["post-1478","page","type-page","status-publish","hentry"],"post_mailing_queue_ids":[],"_links":{"self":[{"href":"https:\/\/agora.xtec.cat\/inslaialarquera\/wp-json\/wp\/v2\/pages\/1478","targetHints":{"allow":["GET"]}}],"collection":[{"href":"https:\/\/agora.xtec.cat\/inslaialarquera\/wp-json\/wp\/v2\/pages"}],"about":[{"href":"https:\/\/agora.xtec.cat\/inslaialarquera\/wp-json\/wp\/v2\/types\/page"}],"author":[{"embeddable":true,"href":"https:\/\/agora.xtec.cat\/inslaialarquera\/wp-json\/wp\/v2\/users\/1"}],"replies":[{"embeddable":true,"href":"https:\/\/agora.xtec.cat\/inslaialarquera\/wp-json\/wp\/v2\/comments?post=1478"}],"version-history":[{"count":4,"href":"https:\/\/agora.xtec.cat\/inslaialarquera\/wp-json\/wp\/v2\/pages\/1478\/revisions"}],"predecessor-version":[{"id":1503,"href":"https:\/\/agora.xtec.cat\/inslaialarquera\/wp-json\/wp\/v2\/pages\/1478\/revisions\/1503"}],"wp:attachment":[{"href":"https:\/\/agora.xtec.cat\/inslaialarquera\/wp-json\/wp\/v2\/media?parent=1478"}],"curies":[{"name":"wp","href":"https:\/\/api.w.org\/{rel}","templated":true}]}}