{"id":1366,"date":"2019-11-05T11:57:19","date_gmt":"2019-11-05T10:57:19","guid":{"rendered":"http:\/\/agora.xtec.cat\/inslaialarquera\/?page_id=1366"},"modified":"2019-11-05T11:57:19","modified_gmt":"2019-11-05T10:57:19","slug":"acords-consell-escolar","status":"publish","type":"page","link":"https:\/\/agora.xtec.cat\/inslaialarquera\/acords-consell-escolar\/","title":{"rendered":"Acords Consell Escolar"},"content":{"rendered":"<ul>\n<li>Aprovada la mem\u00f2ria<\/li>\n<li>Aprovada la PGA<\/li>\n<li>Aprovada la modificaci\u00f3 de les NOFC<\/li>\n<li>Aprovat el Projecte de Conviv\u00e8ncia<\/li>\n<li>Aprovada la modificaci\u00f3 del Projecte Ling\u00fc\u00edstic<\/li>\n<li>Aprovades les Sortides Escolars del curs 2019\/2020<\/li>\n<\/ul>\n","protected":false},"excerpt":{"rendered":"<ul>\n<li>Aprovada la mem\u00f2ria<\/li>\n<li>Aprovada la PGA<\/li>\n<li>Aprovada la modificaci\u00f3 de les NOFC<\/li>\n<li>Aprovat el Projecte de Conviv\u00e8ncia<\/li>\n<li>Aprovada la modificaci\u00f3 del Projecte Ling\u00fc\u00edstic<\/li>\n<li>Aprovades les Sortides Escolars del curs 2019\/2020<\/li>\n<\/ul>\n","protected":false},"author":1,"featured_media":0,"parent":0,"menu_order":0,"comment_status":"closed","ping_status":"closed","template":"","meta":{"_bbp_topic_count":0,"_bbp_reply_count":0,"_bbp_total_topic_count":0,"_bbp_total_reply_count":0,"_bbp_voice_count":0,"_bbp_anonymous_reply_count":0,"_bbp_topic_count_hidden":0,"_bbp_reply_count_hidden":0,"_bbp_forum_subforum_count":0,"footnotes":""},"class_list":["post-1366","page","type-page","status-publish","hentry"],"post_mailing_queue_ids":[],"_links":{"self":[{"href":"https:\/\/agora.xtec.cat\/inslaialarquera\/wp-json\/wp\/v2\/pages\/1366","targetHints":{"allow":["GET"]}}],"collection":[{"href":"https:\/\/agora.xtec.cat\/inslaialarquera\/wp-json\/wp\/v2\/pages"}],"about":[{"href":"https:\/\/agora.xtec.cat\/inslaialarquera\/wp-json\/wp\/v2\/types\/page"}],"author":[{"embeddable":true,"href":"https:\/\/agora.xtec.cat\/inslaialarquera\/wp-json\/wp\/v2\/users\/1"}],"replies":[{"embeddable":true,"href":"https:\/\/agora.xtec.cat\/inslaialarquera\/wp-json\/wp\/v2\/comments?post=1366"}],"version-history":[{"count":1,"href":"https:\/\/agora.xtec.cat\/inslaialarquera\/wp-json\/wp\/v2\/pages\/1366\/revisions"}],"predecessor-version":[{"id":1367,"href":"https:\/\/agora.xtec.cat\/inslaialarquera\/wp-json\/wp\/v2\/pages\/1366\/revisions\/1367"}],"wp:attachment":[{"href":"https:\/\/agora.xtec.cat\/inslaialarquera\/wp-json\/wp\/v2\/media?parent=1366"}],"curies":[{"name":"wp","href":"https:\/\/api.w.org\/{rel}","templated":true}]}}