{"id":977,"date":"2016-12-21T09:24:59","date_gmt":"2016-12-21T08:24:59","guid":{"rendered":"http:\/\/agora.xtec.cat\/inslacetania\/?page_id=977"},"modified":"2025-07-24T11:55:01","modified_gmt":"2025-07-24T09:55:01","slug":"innovacio","status":"publish","type":"page","link":"https:\/\/agora.xtec.cat\/inslacetania\/serveis-fp\/innovacio\/","title":{"rendered":"Innovaci\u00f3"},"content":{"rendered":"<h2 class=\"elementor-heading-title elementor-size-default\"><span style=\"font-size: 1.6875em;\">Qu\u00e8 \u00e9s la innovaci\u00f3 als centres educatius?<\/span><\/h2>\n<div class=\"elementor-element elementor-element-17bb1f8 elementor-widget elementor-widget-text-editor\" data-id=\"17bb1f8\" data-element_type=\"widget\" data-widget_type=\"text-editor.default\">\n<div class=\"elementor-widget-container\">\n<p>\u00c9s un servei de l&#8217;institut Lacet\u00e0nia per poder <strong>coordinar el desenvolupament de projectes d\u2019innovaci\u00f3.<\/strong><\/p>\n<div class=\"elementor-element elementor-element-64e8088 elementor-widget elementor-widget-heading\" data-id=\"64e8088\" data-element_type=\"widget\" data-widget_type=\"heading.default\">\n<div class=\"elementor-widget-container\">\n<h3 class=\"elementor-heading-title elementor-size-default\">Qu\u00e8 oferim?<\/h3>\n<\/div>\n<\/div>\n<div class=\"elementor-element elementor-element-f240a1a elementor-widget elementor-widget-text-editor\" data-id=\"f240a1a\" data-element_type=\"widget\" data-widget_type=\"text-editor.default\">\n<div class=\"elementor-widget-container\">\n<p>Desenvolupament de projectes a mida relacionats amb les fam\u00edlies professionals que imparteix el centre:<\/p>\n<ul>\n<li>Administraci\u00f3 i Gesti\u00f3<\/li>\n<li>Electricitat Electr\u00f2nica<\/li>\n<li>Fabricaci\u00f3 Mec\u00e0nica<\/li>\n<li>Inform\u00e0tica i comunicacions<\/li>\n<li>Instal.laci\u00f3 i manteniment<\/li>\n<li>Transport i manteniment de vehicles<\/li>\n<\/ul>\n<p>Professorat expert de cada fam\u00edlia professional amb amplia experi\u00e8ncia en la mat\u00e8ria.<\/p>\n<\/div>\n<\/div>\n<\/div>\n<\/div>\n<h1><span style=\"color: #ff6600;\">PROJECTES ACTUALS: CURS 24-25<\/span><\/h1>\n<h3><span style=\"color: #800080;\">Disseny, muntatge i posada en funcionament d\u2019una aplicaci\u00f3 de rob\u00f2tica m\u00f2bil aut\u00f2noma com aprovisionador autom\u00e0tic de l\u00ednies de producci\u00f3.<\/span><\/h3>\n<p>Els departaments d\u2019<strong>Instal\u00b7lacions i Manteniment<\/strong>\u00a0i d\u2019<strong>Electricitat i Electr\u00f3nica<\/strong>, han format un grup de treball multidisciplinar format per professors d\u2019ambd\u00f3s departaments i alumnes del Curs d\u2019Especialitzaci\u00f3 en Fabricaci\u00f3 Intel\u00b7ligent, amb l\u2019objectiu de realitzar una integraci\u00f3 de disseny propi d\u2019un robot m\u00f2bil aut\u00f2nom (AMR) industrial amb una capacitat de c\u00e0rrega de 250 kg i un bra\u00e7 rob\u00f2tic col\u00b7laboratiu, en el marc d\u2019un nou projecte d\u2019innovaci\u00f3 del Ministeri d\u2019Educaci\u00f3 i Formaci\u00f3 Professional dotat amb fons Next Generation de la Uni\u00f3 Europea.<\/p>\n<p>Enguany ha estat la 3a edici\u00f3 del Curs d\u2019especialitzaci\u00f3 en Fabricaci\u00f3 Intel\u00b7ligent, en el qual els alumnes s\u2019especialitzen en tecnologies d\u2019Ind\u00fastria 4.0, entre d\u2019altres la simulaci\u00f3 mitjan\u00e7ant bess\u00f3 digital, la connectivitat IIOT (Industrial Internet of Things), la creaci\u00f3 i informaci\u00f3 d\u2019indicadors de producci\u00f3, la sens\u00f2rica intel\u00b7ligent, la tra\u00e7abilitat del producte, o el control de qualitat per visi\u00f3 artificial.<\/p>\n<p>Aquest es el tercer projecte d\u2019innovaci\u00f3 que desenvolupa l\u2019Institut Lacet\u00e0nia, tots ells centrats en l\u2019\u00e0mbit de l\u2019automatitzaci\u00f3 i la rob\u00f2tica industrial. El projecte d\u2019enguany liderat pel CIFP Barakaldo LHII del Pa\u00eds Basc, ha comptat amb l\u2019assessorament tecnol\u00f2gic del prove\u00efdor d\u2019enginyeria Bereiker S.L. Automatizaci\u00f3n y Rob\u00f3tica, i consisteix en el disseny, muntatge i posada en funcionament d\u2019una aplicaci\u00f3 de rob\u00f2tica m\u00f2bil aut\u00f2noma com aprovisionador autom\u00e0tic de l\u00ednies de producci\u00f3.<\/p>\n<p>Cadascun dels dos centres, han dissenyat la seva versi\u00f3 diferenciada segons l\u2019aplicaci\u00f3 a desenvolupar. L\u2019Institut Lacet\u00e0nia ha realitzat un disseny consistent en un robot AMR que transporta alhora, el producte que ha d\u2019aprovisionar a la l\u00ednia de producci\u00f3 i un bra\u00e7 de robot col\u00b7laboratiu amb una capacitat de c\u00e0rrega m\u00e0xima de 5 kg.<\/p>\n<p>La idea d\u2019aquesta aplicaci\u00f3 va sorgir arran de la relaci\u00f3 del centre amb l\u2019empresa Tecnordits S.L de Sant Vicen\u00e7 de Castellet, pionera en la confecci\u00f3 d\u2019ordits per al sector t\u00e8xtil, la qual va explicar que manipulava manualment una gran quantitat de cons de fil.<\/p>\n<p>L\u2019aplicaci\u00f3 que es desenvolupa a l\u2019institut pret\u00e9n reproduir a petita escala i de forma aut\u00f2noma, el treball de col\u00b7locaci\u00f3 de cons que l\u2019empresa realitza manualment.<\/p>\n<p>El robot AMR treballa aut\u00f2nomament per recollir producte de la zona de recepci\u00f3 de mat\u00e8ria primera ajudant-se de tecnologia de visi\u00f3 artificial i el bra\u00e7 col\u00b7laboratiu que duu incorporat. El sistema pot transportar fins a 12 cons per viatge fins la l\u00ednia de producci\u00f3, i posicionar cada con de fil en un puell de la filera.<\/p>\n<p>Aquesta tecnologia es pot utilitzar per a realitzar treballs aut\u00f2noms en diversos \u00e0mbits com el sanitari, industrial, de serveis, etc., i disposa d\u2019un sistema de \u201ccartografiat\u201d de planta que indica al robot per on pot circular de forma segura i a quina velocitat, on ha de carregar o descarregar producte, on est\u00e0 la zona de c\u00e0rrega de bateria, o fins hi tot informar als usuaris mitjan\u00e7ant missatges de veu.<\/p>\n<p>Amb aquest projecte el centre ha pogut accedir a la tecnologia m\u00e9s actual relacionada amb el mon de la rob\u00f2tica m\u00f2bil i col\u00b7laborativa, implementar en el disseny del robot, diversos tipus de comunicaci\u00f3 que possibiliten el control remot per WiFi i 5G, i poder experimentar i aprendre com la rob\u00f2tica m\u00f2bil pot ajudar a millorar la productivitat de les empreses.<\/p>\n<div class=\"addtoany_share_save_container addtoany_content addtoany_content_bottom\">\n<div class=\"a2a_kit a2a_kit_size_25 addtoany_list\" data-a2a-url=\"https:\/\/agora.xtec.cat\/inslacetania\/portada\/linstitut-lacetania-ha-construit-la-seva-versio-de-robot-mobil-autonom-amr-industrial\/\" data-a2a-title=\"L\u2019Institut Lacet\u00e0nia ha constru\u00eft la seva versi\u00f3 de robot m\u00f2bil aut\u00f2nom (AMR) industrial\">\u00a0<a href=\"https:\/\/agora.xtec.cat\/inslacetania\/wp-content\/uploads\/usu1045\/2025\/07\/202507_proj_MEFP_equip_treball.jpg\"><img loading=\"lazy\" decoding=\"async\" class=\"size-large wp-image-27357 aligncenter\" src=\"https:\/\/agora.xtec.cat\/inslacetania\/wp-content\/uploads\/usu1045\/2025\/07\/202507_proj_MEFP_equip_treball-1024x576.jpg\" sizes=\"auto, (max-width: 1024px) 100vw, 1024px\" srcset=\"https:\/\/agora.xtec.cat\/inslacetania\/wp-content\/uploads\/usu1045\/2025\/07\/202507_proj_MEFP_equip_treball-1024x576.jpg 1024w, https:\/\/agora.xtec.cat\/inslacetania\/wp-content\/uploads\/usu1045\/2025\/07\/202507_proj_MEFP_equip_treball-300x169.jpg 300w, https:\/\/agora.xtec.cat\/inslacetania\/wp-content\/uploads\/usu1045\/2025\/07\/202507_proj_MEFP_equip_treball-768x432.jpg 768w, https:\/\/agora.xtec.cat\/inslacetania\/wp-content\/uploads\/usu1045\/2025\/07\/202507_proj_MEFP_equip_treball.jpg 1500w\" alt=\"\" width=\"1024\" height=\"576\" \/><\/a><\/div>\n<\/div>\n<p>Grup de treball<\/p>\n<h1><span style=\"color: #ff6600;\">PROJECTES ANTERIORS<\/span><\/h1>\n<h3><span style=\"color: #800080;\"><strong>Mesura de la inclinaci\u00f3 dels miralls d\u2019una planta termosolar i aut\u00f2mat programable. Sector d\u2019Automatitzaci\u00f3 i rob\u00f2tica.<\/strong><\/span><\/h3>\n<p style=\"text-align: justify;\">El projecte va permetre dissenyar un sistema de mesura d\u2019inclinacions de molta precisi\u00f3 aplicat a la determinaci\u00f3 de la posici\u00f3 dels miralls en una planta termosolar tipus Fresnel, i la comunicaci\u00f3 posterior amb un sistema de control basat en un aut\u00f2mat programable. El projecte es va dividir en tres parts: determinaci\u00f3 dels materials, disseny del sistema de mesura basat en un inclin\u00f2metre i un microprocessador, i desenvolupament dels sistemes de comunicaci\u00f3 entre el sistema de mesura i l\u2019aut\u00f2mat que controla el proc\u00e9s.<\/p>\n<figure id=\"attachment_10502\" aria-describedby=\"caption-attachment-10502\" style=\"width: 609px\" class=\"wp-caption aligncenter\"><a href=\"https:\/\/agora.xtec.cat\/inslacetania\/wp-content\/uploads\/usu1045\/2020\/12\/Innova1.png\"><img loading=\"lazy\" decoding=\"async\" class=\" wp-image-10502\" src=\"https:\/\/agora.xtec.cat\/inslacetania\/wp-content\/uploads\/usu1045\/2020\/12\/Innova1-300x147.png\" alt=\"Innova FP\" width=\"609\" height=\"298\" srcset=\"https:\/\/agora.xtec.cat\/inslacetania\/wp-content\/uploads\/usu1045\/2020\/12\/Innova1-300x147.png 300w, https:\/\/agora.xtec.cat\/inslacetania\/wp-content\/uploads\/usu1045\/2020\/12\/Innova1.png 654w\" sizes=\"auto, (max-width: 609px) 100vw, 609px\" \/><\/a><figcaption id=\"caption-attachment-10502\" class=\"wp-caption-text\">Planta termosolar<\/figcaption><\/figure>\n<p>&nbsp;<\/p>\n<h3><span style=\"color: #800080;\"><strong>Disseny d\u2019una m\u00e0quina termosegelladora<\/strong><\/span><\/h3>\n<p style=\"text-align: justify;\">Alumnes del GS de Mecatr\u00f2nica Industrial en un projecte empresarial InnovaFP, han tingut l\u2019experi\u00e8ncia d\u2019haver realitzat amb \u00e8xit el disseny d\u2019una m\u00e0quina termosegelladora, fruit del conveni de col\u00b7laboraci\u00f3 de dos anys entre l\u2019empresa CLIMESA i l\u2019Institut Lacet\u00e0nia.<\/p>\n<p style=\"text-align: justify;\">En una primera fase els alumnes han dissenyat \u00edntegrament la m\u00e0quina industrial formada per m\u00e9s de 700 components. Tot i les dificultats i problemes que han tingut derivades del Covid19 els alumnes es van superar a si mateixos aconseguint la versi\u00f3 virtual del sistema mecatr\u00f2nic treballant de valent en equip per aplicar tecnologia mec\u00e0nica, pneum\u00e0tica i autom\u00e0tica.<\/p>\n<figure id=\"attachment_10501\" aria-describedby=\"caption-attachment-10501\" style=\"width: 610px\" class=\"wp-caption aligncenter\"><a href=\"https:\/\/agora.xtec.cat\/inslacetania\/wp-content\/uploads\/usu1045\/2020\/12\/Innova2.png\"><img loading=\"lazy\" decoding=\"async\" class=\"wp-image-10501 \" src=\"https:\/\/agora.xtec.cat\/inslacetania\/wp-content\/uploads\/usu1045\/2020\/12\/Innova2-300x217.png\" alt=\"Innova FP\" width=\"610\" height=\"441\" srcset=\"https:\/\/agora.xtec.cat\/inslacetania\/wp-content\/uploads\/usu1045\/2020\/12\/Innova2-300x217.png 300w, https:\/\/agora.xtec.cat\/inslacetania\/wp-content\/uploads\/usu1045\/2020\/12\/Innova2.png 650w\" sizes=\"auto, (max-width: 610px) 100vw, 610px\" \/><\/a><figcaption id=\"caption-attachment-10501\" class=\"wp-caption-text\">M\u00e0quina termosegelladora<\/figcaption><\/figure>\n<p>&nbsp;<\/p>\n<p style=\"text-align: justify;\">Per la passada promoci\u00f3 d\u2019alumnes, a part dels coneixements te\u00f2rics de mec\u00e0nica i d\u2019altres pr\u00e0ctiques de taller rebudes a l\u2019institut, l\u2019experi\u00e8ncia els hi ha aportat molt positivament una forma diferent d\u2019aprenentatge basat en un projecte real, un enc\u00e0rrec real i una metodologia de treball que emula el treball en equip en qualsevol oficina t\u00e8cnica.<\/p>\n<p style=\"text-align: justify;\">Durant curs 2020-21 hem iniciat la segona fase, els alumnes de segon curs de mecatr\u00f2nica estan treballant de valent en el repte de fabricar el prototip d\u2019aquesta m\u00e0quina en els tallers de Lacet\u00e0nia. Per assolir aquest repte tindran l\u2019ajut de professors i de CLIMESA.<\/p>\n<p style=\"text-align: justify;\">La metodologia de treball per projectes \u00e9s una tend\u00e8ncia a l\u2019al\u00e7a en ensenyaments de tots els nivells, encaixa perfectament en ensenyaments professionals on els alumnes surten refor\u00e7ats amb l\u2019experi\u00e8ncia d\u2019haver apr\u00e8s en un entorn de treball col\u00b7laboratiu en equip, en aquest cas ha estat i \u00e9s un gran repte on tots hi sortim guanyant.<\/p>\n<figure id=\"attachment_10506\" aria-describedby=\"caption-attachment-10506\" style=\"width: 611px\" class=\"wp-caption aligncenter\"><a href=\"https:\/\/agora.xtec.cat\/inslacetania\/wp-content\/uploads\/usu1045\/2020\/12\/Innova0.png\"><img loading=\"lazy\" decoding=\"async\" class=\"wp-image-10506 \" src=\"https:\/\/agora.xtec.cat\/inslacetania\/wp-content\/uploads\/usu1045\/2020\/12\/Innova0-300x195.png\" alt=\"Innova FP - Projecte col\u00b7laboratiu amb l'empresa Climesa\" width=\"611\" height=\"397\" srcset=\"https:\/\/agora.xtec.cat\/inslacetania\/wp-content\/uploads\/usu1045\/2020\/12\/Innova0-300x195.png 300w, https:\/\/agora.xtec.cat\/inslacetania\/wp-content\/uploads\/usu1045\/2020\/12\/Innova0.png 646w\" sizes=\"auto, (max-width: 611px) 100vw, 611px\" \/><\/a><figcaption id=\"caption-attachment-10506\" class=\"wp-caption-text\">Projecte col\u00b7laboratiu<\/figcaption><\/figure>\n<p>&nbsp;<\/p>\n<h2>Quins beneficis aporta?<\/h2>\n<ul>\n<li>Transfer\u00e8ncia de coneixement reciproca amb empreses, aut\u00f2noms i entitats col\u00b7laboradores.<\/li>\n<li>Augmentar la competitivitat de les empreses, aut\u00f2noms, centres educatius i entitats, que poden detectar talent i obrir una via d\u2019incorporaci\u00f3 de t\u00e8cnics qualificats.<\/li>\n<li>Millorar les relacions centres formatius\u2013entorn i identificar els primers com a referents en recerca i innovaci\u00f3 aplicades, complementaris de les universitats i els centres tecnol\u00f2gics.<\/li>\n<li>Millorar la formaci\u00f3 dels alumnes, que s\u2019enfronten a reptes reals i desenvolupen capacitats clau fora de l\u2019entorn educatiu habitual.<\/li>\n<li>Motivar els alumnes i els professors.<\/li>\n<li>Actualitzar els coneixements dels professors per adequar la formaci\u00f3 als aven\u00e7os tecnol\u00f2gics i<br \/>\nals canvis i demandes del mercat laboral.<\/li>\n<\/ul>\n<h2>A qui s\u2019adre\u00e7a aquest servei?<\/h2>\n<p>El servei est\u00e0 disponible per <strong>petites i grans empreses, entitats p\u00fabliques i privades, associacions empresarials i organitzacions.<\/strong><\/p>\n<h2>Com sol\u00b7licitar el servei?<\/h2>\n<p>El serveis d\u2019innovaci\u00f3 es sol\u00b7licita al centre a trav\u00e9s del correu electr\u00f2nic:<strong> inslacetania@xtec.cat<\/strong><\/p>\n<h2>Com funciona?<\/h2>\n<p style=\"text-align: justify;\">Des de fa uns anys, l\u2019Institut Lacet\u00e0nia i el Departament d\u2019Ensenyament afavoreixen que el centre i les empreses de l\u2019entorn desenvolupin projectes conjuntament. Els projectes de l\u2019\u00e0mbit sectorial de l\u2019empresa contribueixen a la innovaci\u00f3 i la transfer\u00e8ncia de coneixement. Aprofitant les possibilitats que el marc normatiu obre a la formaci\u00f3 professional, el centre ofereix serveis com una nova eina pedag\u00f2gica perqu\u00e8 els alumnes adquireixin les capacitats que les empreses demanen als professionals del futur. Amb aquests antecedents \u2013i amb les experi\u00e8ncies iniciades en alguns centres d\u2019FP en anys anteriors\u2013, el 2014 es constitueix el programa d\u2019innovaci\u00f3 i transfer\u00e8ncia de coneixement InnovaFP (Resoluci\u00f3 ENS\/1080\/2014).<\/p>\n<p>El desenvolupament del projecte es pot dur a terme emmarcat en:<\/p>\n<p>Dins\u00a0del m\u00f2dul de projectes \/ cr\u00e8dit de s\u00edntesis<\/p>\n<p>Dins d\u2019un m\u00f2dul del cicle<\/p>\n<p>El projecte s\u2019han de planificar curosament per poder integrar-los dins el desenvolupament del curs ja que el curs acad\u00e8mic t\u00e9 unes dates molt delimitades que s\u2019han de respectar.<\/p>\n","protected":false},"excerpt":{"rendered":"<p>Qu\u00e8 \u00e9s la innovaci\u00f3 als centres educatius? \u00c9s un servei de l&#8217;institut Lacet\u00e0nia per poder coordinar el desenvolupament de projectes d\u2019innovaci\u00f3. Qu\u00e8 oferim? Desenvolupament de projectes a mida relacionats amb les fam\u00edlies professionals que imparteix el centre: Administraci\u00f3 i Gesti\u00f3 Electricitat Electr\u00f2nica Fabricaci\u00f3 Mec\u00e0nica Inform\u00e0tica i comunicacions Instal.laci\u00f3 i manteniment Transport i manteniment de vehicles [&hellip;]<\/p>\n","protected":false},"author":4,"featured_media":0,"parent":927,"menu_order":50,"comment_status":"closed","ping_status":"closed","template":"page-templates\/side-menu.php","meta":{"_bbp_topic_count":0,"_bbp_reply_count":0,"_bbp_total_topic_count":0,"_bbp_total_reply_count":0,"_bbp_voice_count":0,"_bbp_anonymous_reply_count":0,"_bbp_topic_count_hidden":0,"_bbp_reply_count_hidden":0,"_bbp_forum_subforum_count":0,"site-sidebar-layout":"default","site-content-layout":"","ast-site-content-layout":"","site-content-style":"default","site-sidebar-style":"default","ast-global-header-display":"","ast-banner-title-visibility":"","ast-main-header-display":"","ast-hfb-above-header-display":"","ast-hfb-below-header-display":"","ast-hfb-mobile-header-display":"","site-post-title":"","ast-breadcrumbs-content":"","ast-featured-img":"","footer-sml-layout":"","theme-transparent-header-meta":"","adv-header-id-meta":"","stick-header-meta":"","header-above-stick-meta":"","header-main-stick-meta":"","header-below-stick-meta":"","astra-migrate-meta-layouts":"default","ast-page-background-enabled":"default","ast-page-background-meta":{"desktop":{"background-color":"var(--ast-global-color-4)","background-image":"","background-repeat":"repeat","background-position":"center center","background-size":"auto","background-attachment":"scroll","background-type":"","background-media":"","overlay-type":"","overlay-color":"","overlay-opacity":"","overlay-gradient":""},"tablet":{"background-color":"","background-image":"","background-repeat":"repeat","background-position":"center center","background-size":"auto","background-attachment":"scroll","background-type":"","background-media":"","overlay-type":"","overlay-color":"","overlay-opacity":"","overlay-gradient":""},"mobile":{"background-color":"","background-image":"","background-repeat":"repeat","background-position":"center center","background-size":"auto","background-attachment":"scroll","background-type":"","background-media":"","overlay-type":"","overlay-color":"","overlay-opacity":"","overlay-gradient":""}},"ast-content-background-meta":{"desktop":{"background-color":"var(--ast-global-color-5)","background-image":"","background-repeat":"repeat","background-position":"center center","background-size":"auto","background-attachment":"scroll","background-type":"","background-media":"","overlay-type":"","overlay-color":"","overlay-opacity":"","overlay-gradient":""},"tablet":{"background-color":"var(--ast-global-color-5)","background-image":"","background-repeat":"repeat","background-position":"center center","background-size":"auto","background-attachment":"scroll","background-type":"","background-media":"","overlay-type":"","overlay-color":"","overlay-opacity":"","overlay-gradient":""},"mobile":{"background-color":"var(--ast-global-color-5)","background-image":"","background-repeat":"repeat","background-position":"center center","background-size":"auto","background-attachment":"scroll","background-type":"","background-media":"","overlay-type":"","overlay-color":"","overlay-opacity":"","overlay-gradient":""}},"footnotes":""},"class_list":["post-977","page","type-page","status-publish","hentry"],"post_mailing_queue_ids":[],"_links":{"self":[{"href":"https:\/\/agora.xtec.cat\/inslacetania\/wp-json\/wp\/v2\/pages\/977","targetHints":{"allow":["GET"]}}],"collection":[{"href":"https:\/\/agora.xtec.cat\/inslacetania\/wp-json\/wp\/v2\/pages"}],"about":[{"href":"https:\/\/agora.xtec.cat\/inslacetania\/wp-json\/wp\/v2\/types\/page"}],"author":[{"embeddable":true,"href":"https:\/\/agora.xtec.cat\/inslacetania\/wp-json\/wp\/v2\/users\/4"}],"replies":[{"embeddable":true,"href":"https:\/\/agora.xtec.cat\/inslacetania\/wp-json\/wp\/v2\/comments?post=977"}],"version-history":[{"count":8,"href":"https:\/\/agora.xtec.cat\/inslacetania\/wp-json\/wp\/v2\/pages\/977\/revisions"}],"predecessor-version":[{"id":27384,"href":"https:\/\/agora.xtec.cat\/inslacetania\/wp-json\/wp\/v2\/pages\/977\/revisions\/27384"}],"up":[{"embeddable":true,"href":"https:\/\/agora.xtec.cat\/inslacetania\/wp-json\/wp\/v2\/pages\/927"}],"wp:attachment":[{"href":"https:\/\/agora.xtec.cat\/inslacetania\/wp-json\/wp\/v2\/media?parent=977"}],"curies":[{"name":"wp","href":"https:\/\/api.w.org\/{rel}","templated":true}]}}