{"id":932,"date":"2016-12-15T17:43:36","date_gmt":"2016-12-15T16:43:36","guid":{"rendered":"http:\/\/agora.xtec.cat\/inslacetania\/?page_id=932"},"modified":"2025-07-15T13:36:38","modified_gmt":"2025-07-15T11:36:38","slug":"reconeixement","status":"publish","type":"page","link":"https:\/\/agora.xtec.cat\/inslacetania\/serveis-fp\/reconeixement\/","title":{"rendered":"Servei de reconeixement"},"content":{"rendered":"<h2><a href=\"https:\/\/agora.xtec.cat\/inslacetania\/wp-content\/uploads\/usu1045\/2024\/07\/AR-logo-1-2-300x153-1.png\"><img loading=\"lazy\" decoding=\"async\" class=\"size-full wp-image-22934 alignright\" src=\"https:\/\/agora.xtec.cat\/inslacetania\/wp-content\/uploads\/usu1045\/2024\/07\/AR-logo-1-2-300x153-1.png\" alt=\"\" width=\"300\" height=\"153\" \/><\/a><\/h2>\n<h2 style=\"text-align: justify;\">Qu\u00e8 \u00e9s?<\/h2>\n<p style=\"text-align: justify;\">El\u00a0<strong>servei de reconeixement acad\u00e8mic dels aprenentatges assolits mitjan\u00e7ant l&#8217;experi\u00e8ncia laboral o en activitats socials<\/strong>\u00a0s&#8217;adre\u00e7a a les persones que vulguin tenir un reconeixement acad\u00e8mic dels aprenentatges adquirits amb l&#8217;experi\u00e8ncia laboral o en activitats socials relacionats amb un determinat cicle formatiu.<\/p>\n<p style=\"text-align: justify;\">Una junta de reconeixement avalua l&#8217;usuari. Aquesta est\u00e0 integrada per dos professors del cicle formatiu i es constitueix en el centre educatiu.<\/p>\n<p style=\"text-align: justify;\">La junta analitza l&#8217;informe d&#8217;assessorament, obtingut en el\u00a0<strong>servei d&#8217;assessorament<\/strong>, i els altres documents que aporta la persona de les unitats formatives o cr\u00e8dits que vol que li siguin reconeguts. Tamb\u00e9 convoca la persona per fer-li una entrevista personal de contrastaci\u00f3 i valorar, de forma col\u00b7legiada, els aprenentatges assolits mitjan\u00e7ant l&#8217;experi\u00e8ncia laboral o en activitats socials.<\/p>\n<p style=\"text-align: justify;\">Si la junta reconeix acad\u00e8micament determinades unitats formatives o cr\u00e8dits, el centre emet un\u00a0<strong>certificat parcial amb valor acad\u00e8mic.<\/strong><\/p>\n<p style=\"text-align: justify;\"><strong>Posteriorment, si es vol obtenir el t\u00edtol del cicle corresponent i convalidar les unitats formatives o cr\u00e8dits<\/strong>\u00a0(reconeguts) cal matricular-se, totalment o parcial, en el cicle formatiu corresponent, acreditant els requisits acad\u00e8mics d&#8217;acc\u00e9s que s&#8217;estableixen per als cicles formatius de grau mitj\u00e0 o superior, segons correspongui.<\/p>\n<p style=\"text-align: justify;\">La convalidaci\u00f3 de les unitats formatives o cr\u00e8dits certificats en els centres del Departament d&#8217;Educaci\u00f3 \u00e9s gratu\u00efta.<\/p>\n<p style=\"text-align: justify;\">Si es completa un cr\u00e8dit, una unitat formativa o un m\u00f2dul d&#8217;un cicle formatiu trav\u00e9s del reconeixement acad\u00e8mic, s&#8217;anotar\u00e0 &#8220;convalidat&#8221; en l&#8217;expedient acad\u00e8mic.<\/p>\n<div style=\"text-align: justify;\">\n<h2>Com sol\u00b7licitar el servei?<\/h2>\n<\/div>\n<p style=\"text-align: justify;\">El serveis d\u2019assessorament es sol\u00b7liciten als centres a trav\u00e9s de les respectives p\u00e0gines web. En el cas de Lacet\u00e0nia, enviant un mail a l&#8217;adre\u00e7a del Servei d&#8217;assessorament i reconeixement (SARE) <strong>sare.fp@lacetania.cat. <\/strong>El nostre institut ofereix el servei de reconeixement en les fam\u00edlies professionals d&#8217;Administraci\u00f3 i gesti\u00f3, Electricitat i electr\u00f2nica, Fabricaci\u00f3 mec\u00e0nica, Inform\u00e0tica i comunicacions, Instal\u00b7laci\u00f3 i manteniment i Transport i manteniment de vehicles.<\/p>\n<div style=\"text-align: justify;\">\n<h2>Com funciona?<\/h2>\n<\/div>\n<p style=\"text-align: justify;\">Es tracta d\u2019un proc\u00e9s documental, d\u2019entrevista, avaluaci\u00f3 i certificaci\u00f3. La persona pr\u00e8viament ha d\u2019haver rebut l\u2019informe del servei d\u2019assessorament en la formaci\u00f3 professional del sistema educatiu.<\/p>\n<ul style=\"text-align: justify;\">\n<li>El presta el centre educatiu de forma personalitzada i t\u00e9 un cost determinat pel preu p\u00fablic per Unitat Formativa.<\/li>\n<li>Consisteix en una entrevista entre la persona i els avaluadors del centre educatiu de forma individualitzada.<\/li>\n<li>Conclou amb un certificat oficial expedit pel centre educatiu a on hi constaran les unitats formatives i m\u00f2duls reconegudes.<\/li>\n<li>Per <strong>convalidar<\/strong> les Unitats Formatives certificades, la persona s\u2019ha de matricular en el cicle formatiu corresponent acreditant els requisits d&#8217;acc\u00e9s.<\/li>\n<\/ul>\n<h2>Calendari de terminis per a la 1a Convocat\u00f2ria del curs 25-26. <span style=\"color: #ff0000;\">Properament!<\/span><\/h2>\n<p>Clicant el seg\u00fcent enlla\u00e7: <span style=\"color: #ff0000;\">properament!<\/span>\u00a0trobar\u00e0s tota la informaci\u00f3 sobre els terminis d&#8217;aquesta primera convocat\u00f2ria del curs 25-26.<\/p>\n<ul style=\"text-align: justify;\">\n<li>\n<div style=\"text-align: justify;\">\n<h2>On puc obtenir m\u00e9s informaci\u00f3?<\/h2>\n<\/div>\n<ul style=\"text-align: justify;\">\n<li>A la web del Departament d\u2019Educaci\u00f3: <a href=\"https:\/\/triaeducativa.gencat.cat\/ca\/fp\/cataleg-serveis\/cataleg\/reconeixement-academic\/\">Servei de reconeixement acad\u00e8mic<\/a><\/li>\n<li>Als centres que ofereixin el serveis d\u2019assessorament i de reconeixement acad\u00e8mic dels aprenentatges presencialment o al seu web. <a href=\"https:\/\/aplicacions.gestioeducativa.gencat.cat\/pls\/apex\/f?p=2013003:1:0:\" target=\"_blank\" rel=\"noopener\">Cercador de centres amb mesures flexibilitzadores<\/a>.<\/li>\n<li>A l\u2019institut Lacet\u00e0nia, trucant al tel\u00e8fon 93 877 37 50 o enviant un correu electr\u00f2nic a l&#8217;adre\u00e7a del Servei d&#8217;assessorament i reconeixemnt <strong>sare.fp@lacetania.cat<\/strong><\/li>\n<\/ul>\n<h2 style=\"text-align: justify;\">Horari d&#8217;oficines<\/h2>\n<p style=\"text-align: justify;\">Consulteu l&#8217;horari a la p\u00e0gina principal <a href=\"https:\/\/inslacetania.cat\">https:\/\/inslacetania.cat<\/a><\/p>\n<\/li>\n<\/ul>\n<div><\/div>\n<p>&nbsp;<\/p>\n","protected":false},"excerpt":{"rendered":"<p>Qu\u00e8 \u00e9s? El\u00a0servei de reconeixement acad\u00e8mic dels aprenentatges assolits mitjan\u00e7ant l&#8217;experi\u00e8ncia laboral o en activitats socials\u00a0s&#8217;adre\u00e7a a les persones que vulguin tenir un reconeixement acad\u00e8mic dels aprenentatges adquirits amb l&#8217;experi\u00e8ncia laboral o en activitats socials relacionats amb un determinat cicle formatiu. Una junta de reconeixement avalua l&#8217;usuari. Aquesta est\u00e0 integrada per dos professors del cicle [&hellip;]<\/p>\n","protected":false},"author":4,"featured_media":0,"parent":927,"menu_order":20,"comment_status":"closed","ping_status":"closed","template":"page-templates\/side-menu.php","meta":{"_bbp_topic_count":0,"_bbp_reply_count":0,"_bbp_total_topic_count":0,"_bbp_total_reply_count":0,"_bbp_voice_count":0,"_bbp_anonymous_reply_count":0,"_bbp_topic_count_hidden":0,"_bbp_reply_count_hidden":0,"_bbp_forum_subforum_count":0,"site-sidebar-layout":"default","site-content-layout":"","ast-site-content-layout":"","site-content-style":"default","site-sidebar-style":"default","ast-global-header-display":"","ast-banner-title-visibility":"","ast-main-header-display":"","ast-hfb-above-header-display":"","ast-hfb-below-header-display":"","ast-hfb-mobile-header-display":"","site-post-title":"","ast-breadcrumbs-content":"","ast-featured-img":"","footer-sml-layout":"","theme-transparent-header-meta":"","adv-header-id-meta":"","stick-header-meta":"","header-above-stick-meta":"","header-main-stick-meta":"","header-below-stick-meta":"","astra-migrate-meta-layouts":"default","ast-page-background-enabled":"default","ast-page-background-meta":{"desktop":{"background-color":"var(--ast-global-color-4)","background-image":"","background-repeat":"repeat","background-position":"center center","background-size":"auto","background-attachment":"scroll","background-type":"","background-media":"","overlay-type":"","overlay-color":"","overlay-opacity":"","overlay-gradient":""},"tablet":{"background-color":"","background-image":"","background-repeat":"repeat","background-position":"center center","background-size":"auto","background-attachment":"scroll","background-type":"","background-media":"","overlay-type":"","overlay-color":"","overlay-opacity":"","overlay-gradient":""},"mobile":{"background-color":"","background-image":"","background-repeat":"repeat","background-position":"center center","background-size":"auto","background-attachment":"scroll","background-type":"","background-media":"","overlay-type":"","overlay-color":"","overlay-opacity":"","overlay-gradient":""}},"ast-content-background-meta":{"desktop":{"background-color":"var(--ast-global-color-5)","background-image":"","background-repeat":"repeat","background-position":"center center","background-size":"auto","background-attachment":"scroll","background-type":"","background-media":"","overlay-type":"","overlay-color":"","overlay-opacity":"","overlay-gradient":""},"tablet":{"background-color":"var(--ast-global-color-5)","background-image":"","background-repeat":"repeat","background-position":"center center","background-size":"auto","background-attachment":"scroll","background-type":"","background-media":"","overlay-type":"","overlay-color":"","overlay-opacity":"","overlay-gradient":""},"mobile":{"background-color":"var(--ast-global-color-5)","background-image":"","background-repeat":"repeat","background-position":"center center","background-size":"auto","background-attachment":"scroll","background-type":"","background-media":"","overlay-type":"","overlay-color":"","overlay-opacity":"","overlay-gradient":""}},"footnotes":""},"class_list":["post-932","page","type-page","status-publish","hentry"],"post_mailing_queue_ids":[],"_links":{"self":[{"href":"https:\/\/agora.xtec.cat\/inslacetania\/wp-json\/wp\/v2\/pages\/932","targetHints":{"allow":["GET"]}}],"collection":[{"href":"https:\/\/agora.xtec.cat\/inslacetania\/wp-json\/wp\/v2\/pages"}],"about":[{"href":"https:\/\/agora.xtec.cat\/inslacetania\/wp-json\/wp\/v2\/types\/page"}],"author":[{"embeddable":true,"href":"https:\/\/agora.xtec.cat\/inslacetania\/wp-json\/wp\/v2\/users\/4"}],"replies":[{"embeddable":true,"href":"https:\/\/agora.xtec.cat\/inslacetania\/wp-json\/wp\/v2\/comments?post=932"}],"version-history":[{"count":7,"href":"https:\/\/agora.xtec.cat\/inslacetania\/wp-json\/wp\/v2\/pages\/932\/revisions"}],"predecessor-version":[{"id":27265,"href":"https:\/\/agora.xtec.cat\/inslacetania\/wp-json\/wp\/v2\/pages\/932\/revisions\/27265"}],"up":[{"embeddable":true,"href":"https:\/\/agora.xtec.cat\/inslacetania\/wp-json\/wp\/v2\/pages\/927"}],"wp:attachment":[{"href":"https:\/\/agora.xtec.cat\/inslacetania\/wp-json\/wp\/v2\/media?parent=932"}],"curies":[{"name":"wp","href":"https:\/\/api.w.org\/{rel}","templated":true}]}}