{"id":929,"date":"2016-12-15T17:29:18","date_gmt":"2016-12-15T16:29:18","guid":{"rendered":"http:\/\/agora.xtec.cat\/inslacetania\/?page_id=929"},"modified":"2025-10-02T11:57:43","modified_gmt":"2025-10-02T09:57:43","slug":"assessorament","status":"publish","type":"page","link":"https:\/\/agora.xtec.cat\/inslacetania\/serveis-fp\/assessorament\/","title":{"rendered":"Servei d&#8217;assessorament"},"content":{"rendered":"<h2 style=\"text-align: justify;\"><a href=\"https:\/\/agora.xtec.cat\/inslacetania\/wp-content\/uploads\/usu1045\/2024\/07\/AR-logo-1-2-300x153-1.png\"><img loading=\"lazy\" decoding=\"async\" class=\"size-full wp-image-22934 alignright\" src=\"https:\/\/agora.xtec.cat\/inslacetania\/wp-content\/uploads\/usu1045\/2024\/07\/AR-logo-1-2-300x153-1.png\" alt=\"\" width=\"300\" height=\"153\" \/><\/a>Qu\u00e8 \u00e9s?<\/h2>\n<p style=\"text-align: justify;\">El\u00a0<strong>servei d&#8217;assessorament\u00a0<\/strong>en la formaci\u00f3 professional t\u00e9 per objectiu definir i orientar un itinerari formatiu i professional de la persona interessada per aconseguir-ne millorar la qualificaci\u00f3. Compta amb l&#8217;atenci\u00f3 personalitzada d&#8217;experts de la fam\u00edlia professional escollida.<\/p>\n<p style=\"text-align: justify;\">Durant el proc\u00e9s d&#8217;assessorament, que es desenvolupa al llarg de\u00a0<strong>2 o 3 sessions presencials al centre<\/strong>, l&#8217;usuari aporta tota la documentaci\u00f3 de qu\u00e8 disposa perqu\u00e8 li sigui valorat l\u2019expedient formatiu i laboral.\u00a0Com a resultat del proc\u00e9s l&#8217;usuari obt\u00e9 un\u00a0<strong>informe d&#8217;assessorament<\/strong>\u00a0que cont\u00e9 el seu itinerari amb les recomanacions per dur-lo a terme.\u00a0<strong>Aquest informe \u00e9s un requisit previ per sol\u00b7licitar el servei de reconeixement acad\u00e8mic\u00a0<\/strong>dels aprenentatges que s&#8217;hagin assolit mitjan\u00e7ant l&#8217;experi\u00e8ncia laboral o en activitats socials.<\/p>\n<div style=\"text-align: justify;\">\n<h2>Com sol\u00b7licitar el servei?<\/h2>\n<\/div>\n<p style=\"text-align: justify;\">El serveis d\u2019assessorament es sol\u00b7liciten als centres a trav\u00e9s de les respectives p\u00e0gines web. En el cas de Lacet\u00e0nia, <a href=\"https:\/\/docs.google.com\/forms\/d\/137_okU8Rk3ETeJdOq0xcUWg1-7iC1FDesKINPGYxpFQ\/edit\">pots omplir el seg\u00fcent formulari.<\/a><\/p>\n<h2 style=\"text-align: justify;\">Com funciona?<\/h2>\n<ul style=\"text-align: justify;\">\n<li>El servei el presta el centre educatiu de forma personalitzada.<\/li>\n<li>Identifica i analitza detalladament les capacitats i les expectatives professionals de la persona, valorant i fent les recomanacions de les ofertes formatives que millor s\u2019adaptin al seu perfil i interessos.<\/li>\n<li>Conclou amb el lliurament de <strong>l\u2019informe d\u2019assessorament,<\/strong> requisit per presentar-se al servei de reconeixement acad\u00e8mic dels aprenentatges assolits mitjan\u00e7ant l\u2019experi\u00e8ncia laboral i on hi constar\u00e0:\n<ul>\n<li>Les recomanacions de la persona assessora.<\/li>\n<li>L\u2019itinerari formatiu i professional.<\/li>\n<li>El dossier de la traject\u00f2ria professional.<\/li>\n<\/ul>\n<\/li>\n<\/ul>\n<h2>Calendari de terminis per a la 1a Convocat\u00f2ria del curs 25-26: <a href=\"https:\/\/agora.xtec.cat\/inslacetania\/wp-content\/uploads\/usu1045\/2025\/10\/1-Quatrimestre-Calendari-proces-SARE-1a-convocatoria25-26.pdf\">1 Quatrimestre Calendari proces SARE 1a convocatoria25-26<\/a><\/h2>\n<h2 style=\"text-align: justify;\">Quina documentaci\u00f3 \u00e9s necess\u00e0ria?<\/h2>\n<ul style=\"text-align: justify;\">\n<li>En el moment de la inscripci\u00f3 al servei d&#8217;assessorament\n<ul>\n<li class=\"Estilo1\">Full de sol\u00b7licitud amb les dades personals i la fam\u00edlia professional escollida.<\/li>\n<li class=\"Estilo1\">Fotoc\u00f2pia del DNI, NIE o Passaport, acompanyat de l\u2019original per la seva verificaci\u00f3.<\/li>\n<li class=\"Estilo1\">Document justificatiu de la bonificaci\u00f3 o l\u2019exempci\u00f3 del preu p\u00fablic si \u00e9s el cas.<\/li>\n<li class=\"Estilo1\">Pagament del preu p\u00fablic o resguard de pagament del preu establert<\/li>\n<li class=\"Estilo1\">T\u00edtols oficials acad\u00e8mics per exemple FP1, ESO, FP2, BUP, COU &#8230;<\/li>\n<li class=\"Estilo1\">Certificat de vida laboral.<\/li>\n<\/ul>\n<\/li>\n<\/ul>\n<ul style=\"text-align: justify;\">\n<li class=\"Estilo1\">A la primera entrevista\u00a0amb el tutor\n<ul>\n<li>Certificats oficials de treball: Certificats de professionalitat<\/li>\n<li>Certificats de les empreses que ha treball, indicant les activitats i feines que feies, i el temps en que vas fer cada una d\u2019elles<\/li>\n<li>Certificats de cursos<\/li>\n<\/ul>\n<\/li>\n<\/ul>\n<div style=\"text-align: justify;\">\n<h2>On puc obtenir m\u00e9s informaci\u00f3?<\/h2>\n<\/div>\n<ul>\n<li>A la web del Departament d\u2019Educaci\u00f3: <a href=\"https:\/\/triaeducativa.gencat.cat\/ca\/fp\/cataleg-serveis\/cataleg\/assessorament\/\" target=\"_blank\" rel=\"noopener\">Servei d&#8217;assessorament<\/a><\/li>\n<li>Als centres que ofereixin el serveis d\u2019assessorament i de reconeixement acad\u00e8mic dels aprenentatges presencialment o al seu web. <a href=\"https:\/\/aplicacions.gestioeducativa.gencat.cat\/pls\/apex\/f?p=2013003:1:0:\" target=\"_blank\" rel=\"noopener\">Cercador de centres amb mesures flexibilitzadores<\/a>.<\/li>\n<li>A l\u2019institut Lacet\u00e0nia, trucant al tel\u00e8fon 93 877 37 50 o enviant un correu electr\u00f2nic a l&#8217;adre\u00e7a del Servei d&#8217;assessorament i reconeixement <strong>sare.fp@lacetania.cat<\/strong><\/li>\n<\/ul>\n<h2>Consultar la carta de comprom\u00eds clicant el seg\u00fcent enlla\u00e7: <a href=\"https:\/\/agora.xtec.cat\/inslacetania\/wp-content\/uploads\/usu1045\/2025\/07\/Carta-de-compromis.pdf\">Carta de comprom\u00eds<\/a><\/h2>\n<h2 style=\"text-align: justify;\">Horari d&#8217;oficines<\/h2>\n<p style=\"text-align: justify;\">Consulteu l&#8217;horari a la p\u00e0gina principal: <a href=\"https:\/\/agora.xtec.cat\/inslacetania\/\">Institut Lacet\u00e0nia | Pont de futur<\/a><\/p>\n<p>&nbsp;<\/p>\n","protected":false},"excerpt":{"rendered":"<p>Qu\u00e8 \u00e9s? El\u00a0servei d&#8217;assessorament\u00a0en la formaci\u00f3 professional t\u00e9 per objectiu definir i orientar un itinerari formatiu i professional de la persona interessada per aconseguir-ne millorar la qualificaci\u00f3. Compta amb l&#8217;atenci\u00f3 personalitzada d&#8217;experts de la fam\u00edlia professional escollida. Durant el proc\u00e9s d&#8217;assessorament, que es desenvolupa al llarg de\u00a02 o 3 sessions presencials al centre, l&#8217;usuari aporta [&hellip;]<\/p>\n","protected":false},"author":4,"featured_media":0,"parent":927,"menu_order":10,"comment_status":"closed","ping_status":"closed","template":"page-templates\/side-menu.php","meta":{"_bbp_topic_count":0,"_bbp_reply_count":0,"_bbp_total_topic_count":0,"_bbp_total_reply_count":0,"_bbp_voice_count":0,"_bbp_anonymous_reply_count":0,"_bbp_topic_count_hidden":0,"_bbp_reply_count_hidden":0,"_bbp_forum_subforum_count":0,"site-sidebar-layout":"default","site-content-layout":"","ast-site-content-layout":"","site-content-style":"default","site-sidebar-style":"default","ast-global-header-display":"","ast-banner-title-visibility":"","ast-main-header-display":"","ast-hfb-above-header-display":"","ast-hfb-below-header-display":"","ast-hfb-mobile-header-display":"","site-post-title":"","ast-breadcrumbs-content":"","ast-featured-img":"","footer-sml-layout":"","theme-transparent-header-meta":"","adv-header-id-meta":"","stick-header-meta":"","header-above-stick-meta":"","header-main-stick-meta":"","header-below-stick-meta":"","astra-migrate-meta-layouts":"default","ast-page-background-enabled":"default","ast-page-background-meta":{"desktop":{"background-color":"var(--ast-global-color-4)","background-image":"","background-repeat":"repeat","background-position":"center center","background-size":"auto","background-attachment":"scroll","background-type":"","background-media":"","overlay-type":"","overlay-color":"","overlay-opacity":"","overlay-gradient":""},"tablet":{"background-color":"","background-image":"","background-repeat":"repeat","background-position":"center center","background-size":"auto","background-attachment":"scroll","background-type":"","background-media":"","overlay-type":"","overlay-color":"","overlay-opacity":"","overlay-gradient":""},"mobile":{"background-color":"","background-image":"","background-repeat":"repeat","background-position":"center center","background-size":"auto","background-attachment":"scroll","background-type":"","background-media":"","overlay-type":"","overlay-color":"","overlay-opacity":"","overlay-gradient":""}},"ast-content-background-meta":{"desktop":{"background-color":"var(--ast-global-color-5)","background-image":"","background-repeat":"repeat","background-position":"center center","background-size":"auto","background-attachment":"scroll","background-type":"","background-media":"","overlay-type":"","overlay-color":"","overlay-opacity":"","overlay-gradient":""},"tablet":{"background-color":"var(--ast-global-color-5)","background-image":"","background-repeat":"repeat","background-position":"center center","background-size":"auto","background-attachment":"scroll","background-type":"","background-media":"","overlay-type":"","overlay-color":"","overlay-opacity":"","overlay-gradient":""},"mobile":{"background-color":"var(--ast-global-color-5)","background-image":"","background-repeat":"repeat","background-position":"center center","background-size":"auto","background-attachment":"scroll","background-type":"","background-media":"","overlay-type":"","overlay-color":"","overlay-opacity":"","overlay-gradient":""}},"footnotes":""},"class_list":["post-929","page","type-page","status-publish","hentry"],"post_mailing_queue_ids":[],"_links":{"self":[{"href":"https:\/\/agora.xtec.cat\/inslacetania\/wp-json\/wp\/v2\/pages\/929","targetHints":{"allow":["GET"]}}],"collection":[{"href":"https:\/\/agora.xtec.cat\/inslacetania\/wp-json\/wp\/v2\/pages"}],"about":[{"href":"https:\/\/agora.xtec.cat\/inslacetania\/wp-json\/wp\/v2\/types\/page"}],"author":[{"embeddable":true,"href":"https:\/\/agora.xtec.cat\/inslacetania\/wp-json\/wp\/v2\/users\/4"}],"replies":[{"embeddable":true,"href":"https:\/\/agora.xtec.cat\/inslacetania\/wp-json\/wp\/v2\/comments?post=929"}],"version-history":[{"count":8,"href":"https:\/\/agora.xtec.cat\/inslacetania\/wp-json\/wp\/v2\/pages\/929\/revisions"}],"predecessor-version":[{"id":27697,"href":"https:\/\/agora.xtec.cat\/inslacetania\/wp-json\/wp\/v2\/pages\/929\/revisions\/27697"}],"up":[{"embeddable":true,"href":"https:\/\/agora.xtec.cat\/inslacetania\/wp-json\/wp\/v2\/pages\/927"}],"wp:attachment":[{"href":"https:\/\/agora.xtec.cat\/inslacetania\/wp-json\/wp\/v2\/media?parent=929"}],"curies":[{"name":"wp","href":"https:\/\/api.w.org\/{rel}","templated":true}]}}