{"id":927,"date":"2016-12-15T17:14:44","date_gmt":"2016-12-15T16:14:44","guid":{"rendered":"http:\/\/agora.xtec.cat\/inslacetania\/?page_id=927"},"modified":"2025-10-03T13:38:46","modified_gmt":"2025-10-03T11:38:46","slug":"serveis-fp","status":"publish","type":"page","link":"https:\/\/agora.xtec.cat\/inslacetania\/serveis-fp\/","title":{"rendered":"Serveis d&#8217;FP"},"content":{"rendered":"<p>Com a centre de refer\u00e8ncia en la formaci\u00f3 professional, Lacet\u00e0nia disposa d&#8217;una s\u00e8rie de serveis relacionats amb aquest \u00e0mbit sempre amb l&#8217;objectiu final d&#8217;intentar ajudar a les persones a desenvolupar-se a nivell personal i professional. Aquests serveis s\u00f3n diversos i van des de la informaci\u00f3, l&#8217;orientaci\u00f3 o l&#8217;assessorament fins a l&#8217;emprenedoria o la innovaci\u00f3 i l&#8217;acc\u00e9s a una borsa de treball propia amb ofertes laborals actualitzades de totes les nostres fam\u00edlies professionals.<\/p>\n<p>Per a m\u00e9s informaci\u00f3 cliqueu els seg\u00fcents enlla\u00e7os:<\/p>\n<ul>\n<li><a href=\"https:\/\/agora.xtec.cat\/inslacetania\/serveis-fp\/assessorament\/\">Servei d&#8217;assessorament acad\u00e8mic<\/a><\/li>\n<li><a href=\"https:\/\/agora.xtec.cat\/inslacetania\/serveis-fp\/reconeixement\/\">Servei de reconeixement acad\u00e8mic<\/a><\/li>\n<li><a href=\"https:\/\/inslacetania.ieduca.com\/borsa\">Borsa de Treball <\/a><\/li>\n<li><a href=\"https:\/\/agora.xtec.cat\/inslacetania\/serveis-fp\/innovacio\/\">Servei d&#8217;innovaci\u00f3 per a empreses<\/a><\/li>\n<li><a href=\"https:\/\/agora.xtec.cat\/inslacetania\/serveis-fp\/servei-dinformacio-i-orientacio-professional\/\">Avaluaci\u00f3 Diagn\u00f2stica d&#8217;FP<\/a><\/li>\n<li><a href=\"https:\/\/agora.xtec.cat\/inslacetania\/serveis-fp\/orientacio-professional\/\">Orientaci\u00f3 professional<\/a><\/li>\n<\/ul>\n<p>&nbsp;<\/p>\n","protected":false},"excerpt":{"rendered":"<p>Com a centre de refer\u00e8ncia en la formaci\u00f3 professional, Lacet\u00e0nia disposa d&#8217;una s\u00e8rie de serveis relacionats amb aquest \u00e0mbit sempre amb l&#8217;objectiu final d&#8217;intentar ajudar a les persones a desenvolupar-se a nivell personal i professional. Aquests serveis s\u00f3n diversos i van des de la informaci\u00f3, l&#8217;orientaci\u00f3 o l&#8217;assessorament fins a l&#8217;emprenedoria o la innovaci\u00f3 i [&hellip;]<\/p>\n","protected":false},"author":4,"featured_media":0,"parent":0,"menu_order":0,"comment_status":"closed","ping_status":"closed","template":"page-templates\/side-menu.php","meta":{"_bbp_topic_count":0,"_bbp_reply_count":0,"_bbp_total_topic_count":0,"_bbp_total_reply_count":0,"_bbp_voice_count":0,"_bbp_anonymous_reply_count":0,"_bbp_topic_count_hidden":0,"_bbp_reply_count_hidden":0,"_bbp_forum_subforum_count":0,"site-sidebar-layout":"default","site-content-layout":"","ast-site-content-layout":"","site-content-style":"default","site-sidebar-style":"default","ast-global-header-display":"","ast-banner-title-visibility":"","ast-main-header-display":"","ast-hfb-above-header-display":"","ast-hfb-below-header-display":"","ast-hfb-mobile-header-display":"","site-post-title":"","ast-breadcrumbs-content":"","ast-featured-img":"","footer-sml-layout":"","theme-transparent-header-meta":"","adv-header-id-meta":"","stick-header-meta":"","header-above-stick-meta":"","header-main-stick-meta":"","header-below-stick-meta":"","astra-migrate-meta-layouts":"default","ast-page-background-enabled":"default","ast-page-background-meta":{"desktop":{"background-color":"var(--ast-global-color-4)","background-image":"","background-repeat":"repeat","background-position":"center center","background-size":"auto","background-attachment":"scroll","background-type":"","background-media":"","overlay-type":"","overlay-color":"","overlay-opacity":"","overlay-gradient":""},"tablet":{"background-color":"","background-image":"","background-repeat":"repeat","background-position":"center center","background-size":"auto","background-attachment":"scroll","background-type":"","background-media":"","overlay-type":"","overlay-color":"","overlay-opacity":"","overlay-gradient":""},"mobile":{"background-color":"","background-image":"","background-repeat":"repeat","background-position":"center center","background-size":"auto","background-attachment":"scroll","background-type":"","background-media":"","overlay-type":"","overlay-color":"","overlay-opacity":"","overlay-gradient":""}},"ast-content-background-meta":{"desktop":{"background-color":"var(--ast-global-color-5)","background-image":"","background-repeat":"repeat","background-position":"center center","background-size":"auto","background-attachment":"scroll","background-type":"","background-media":"","overlay-type":"","overlay-color":"","overlay-opacity":"","overlay-gradient":""},"tablet":{"background-color":"var(--ast-global-color-5)","background-image":"","background-repeat":"repeat","background-position":"center center","background-size":"auto","background-attachment":"scroll","background-type":"","background-media":"","overlay-type":"","overlay-color":"","overlay-opacity":"","overlay-gradient":""},"mobile":{"background-color":"var(--ast-global-color-5)","background-image":"","background-repeat":"repeat","background-position":"center center","background-size":"auto","background-attachment":"scroll","background-type":"","background-media":"","overlay-type":"","overlay-color":"","overlay-opacity":"","overlay-gradient":""}},"footnotes":""},"class_list":["post-927","page","type-page","status-publish","hentry"],"post_mailing_queue_ids":[],"_links":{"self":[{"href":"https:\/\/agora.xtec.cat\/inslacetania\/wp-json\/wp\/v2\/pages\/927","targetHints":{"allow":["GET"]}}],"collection":[{"href":"https:\/\/agora.xtec.cat\/inslacetania\/wp-json\/wp\/v2\/pages"}],"about":[{"href":"https:\/\/agora.xtec.cat\/inslacetania\/wp-json\/wp\/v2\/types\/page"}],"author":[{"embeddable":true,"href":"https:\/\/agora.xtec.cat\/inslacetania\/wp-json\/wp\/v2\/users\/4"}],"replies":[{"embeddable":true,"href":"https:\/\/agora.xtec.cat\/inslacetania\/wp-json\/wp\/v2\/comments?post=927"}],"version-history":[{"count":7,"href":"https:\/\/agora.xtec.cat\/inslacetania\/wp-json\/wp\/v2\/pages\/927\/revisions"}],"predecessor-version":[{"id":27732,"href":"https:\/\/agora.xtec.cat\/inslacetania\/wp-json\/wp\/v2\/pages\/927\/revisions\/27732"}],"wp:attachment":[{"href":"https:\/\/agora.xtec.cat\/inslacetania\/wp-json\/wp\/v2\/media?parent=927"}],"curies":[{"name":"wp","href":"https:\/\/api.w.org\/{rel}","templated":true}]}}