{"id":9180,"date":"2020-04-20T18:10:02","date_gmt":"2020-04-20T16:10:02","guid":{"rendered":"http:\/\/agora.xtec.cat\/inslacetania\/?page_id=9180"},"modified":"2025-06-28T18:00:35","modified_gmt":"2025-06-28T16:00:35","slug":"jornades-lacetania","status":"publish","type":"page","link":"https:\/\/agora.xtec.cat\/inslacetania\/projectes\/jornades-lacetania\/","title":{"rendered":"Jornades Lacet\u00e0nia"},"content":{"rendered":"<p style=\"text-align: justify;\">El 1986 es van posar en marxa les Jornades Tecnol\u00f2giques, actualment anomenades Jornades Lacet\u00e0nia, un conjunt de xerrades, tallers i activitats educatives i de tallers que es realitzen durant una setmana dels mesos de mar\u00e7 o abril adre\u00e7ades a l&#8217;alumnat del centre i al p\u00fablic en general. Aquestes Jornades, de les quals s&#8217;han realitzat un bon reguitzell d&#8217;edicions, s\u00f3n un referent actual de la divulgaci\u00f3 a la ciutat i compten amb la participaci\u00f3 d\u2019importants figures de la ci\u00e8ncia, l\u2019economia, el m\u00f3n industrial, les comunicacions o l\u2019esport del nostre pa\u00eds. La seva tem\u00e0tica anual es relaciona amb l\u2019actualitat econ\u00f2mica, tecnol\u00f2gica i social del pa\u00eds i ha tractat esdeveniments diversos que van dels Jocs Ol\u00edmpics del 1992, l&#8217;eix viari Lleida-Girona, els efectes de la globalitzaci\u00f3 o les darreres innovacions en l&#8217;ensenyament o en les telecomunicacions.<\/p>\n<table style=\"border-collapse: collapse; width: 100%;\">\n<tbody>\n<tr>\n<td style=\"width: 50%; text-align: center;\"><a href=\"https:\/\/agora.xtec.cat\/inslacetania\/wp-content\/uploads\/usu1045\/2024\/10\/01.-Jornades_1986.jpg\"><img loading=\"lazy\" decoding=\"async\" class=\"alignnone wp-image-23419 aligncenter\" src=\"https:\/\/agora.xtec.cat\/inslacetania\/wp-content\/uploads\/usu1045\/2024\/10\/01.-Jornades_1986.jpg\" alt=\"\" width=\"202\" height=\"400\" srcset=\"https:\/\/agora.xtec.cat\/inslacetania\/wp-content\/uploads\/usu1045\/2024\/10\/01.-Jornades_1986.jpg 516w, https:\/\/agora.xtec.cat\/inslacetania\/wp-content\/uploads\/usu1045\/2024\/10\/01.-Jornades_1986-151x300.jpg 151w\" sizes=\"auto, (max-width: 202px) 100vw, 202px\" \/><\/a><em><br \/>\nCartell de la primera edici\u00f3. <\/em><em>Any 1986<\/em><\/td>\n<td style=\"width: 50%; text-align: center;\"><a href=\"https:\/\/agora.xtec.cat\/inslacetania\/wp-content\/uploads\/usu1045\/2024\/10\/38.-Jornades_2024.jpg\"><img loading=\"lazy\" decoding=\"async\" class=\"wp-image-23422\" src=\"https:\/\/agora.xtec.cat\/inslacetania\/wp-content\/uploads\/usu1045\/2024\/10\/38.-Jornades_2024.jpg\" alt=\"\" width=\"282\" height=\"400\" srcset=\"https:\/\/agora.xtec.cat\/inslacetania\/wp-content\/uploads\/usu1045\/2024\/10\/38.-Jornades_2024.jpg 723w, https:\/\/agora.xtec.cat\/inslacetania\/wp-content\/uploads\/usu1045\/2024\/10\/38.-Jornades_2024-212x300.jpg 212w\" sizes=\"auto, (max-width: 282px) 100vw, 282px\" \/><\/a><br \/>\n<em><br \/>\nCartell de l&#8217;edici\u00f3 del 2024<\/em><\/td>\n<\/tr>\n<\/tbody>\n<\/table>\n<h5><\/h5>\n<h6 style=\"text-align: center;\"><a href=\"https:\/\/www.canva.com\/design\/DAGTeubukr8\/RCop-0MFtKNzq7f5Fftr6A\/view?utm_content=DAGTeubukr8&amp;utm_campaign=designshare&amp;utm_medium=link&amp;utm_source=editor\" target=\"_blank\" rel=\"noopener\">Enlla\u00e7 als cartells de diferents edicions<\/a><\/h6>\n<h4><\/h4>\n<h4>Resum de les edicions realitzades<\/h4>\n<table style=\"width: 100%; border-style: solid;\">\n<tbody>\n<tr style=\"height: 31px;\">\n<td style=\"text-align: center; height: 31px; width: 61.6px;\"><strong>Edici\u00f3<\/strong><\/td>\n<td style=\"text-align: center; height: 31px; width: 119.2px;\"><strong>Data<\/strong><\/td>\n<td style=\"text-align: center; height: 31px; width: 526.4px;\"><strong>T\u00edtol<\/strong><\/td>\n<\/tr>\n<tr style=\"height: 31px;\">\n<td style=\"height: 31px; width: 61.6px;\">1<\/td>\n<td style=\"height: 31px; width: 119.2px;\">Novembre 1986<\/td>\n<td style=\"height: 31px; width: 526.4px;\">Xerrades diverses<\/td>\n<\/tr>\n<tr style=\"height: 31px;\">\n<td style=\"height: 31px; width: 61.6px;\">2<\/td>\n<td style=\"height: 31px; width: 119.2px;\">Febrer 1988<\/td>\n<td style=\"height: 31px; width: 526.4px;\">Xerrades diverses<\/td>\n<\/tr>\n<tr style=\"height: 31px;\">\n<td style=\"height: 31px; width: 61.6px;\">3<\/td>\n<td style=\"height: 31px; width: 119.2px;\">Febrer 1989<\/td>\n<td style=\"height: 31px; width: 526.4px;\">Xerrades diverses<\/td>\n<\/tr>\n<tr style=\"height: 31px;\">\n<td style=\"height: 31px; width: 61.6px;\">4<\/td>\n<td style=\"height: 31px; width: 119.2px;\">Febrer 1990<\/td>\n<td style=\"height: 31px; width: 526.4px;\">Xerrades diverses<\/td>\n<\/tr>\n<tr style=\"height: 31px;\">\n<td style=\"height: 31px; width: 61.6px;\">5<\/td>\n<td style=\"height: 31px; width: 119.2px;\">Febrer 1991<\/td>\n<td style=\"height: 31px; width: 526.4px;\">Xerrades diverses<\/td>\n<\/tr>\n<tr style=\"height: 31px;\">\n<td style=\"height: 31px; width: 61.6px;\">6<\/td>\n<td style=\"height: 31px; width: 119.2px;\">Febrer 1992<\/td>\n<td style=\"height: 31px; width: 526.4px;\">Xerrades diverses<\/td>\n<\/tr>\n<tr style=\"height: 31px;\">\n<td style=\"height: 31px; width: 61.6px;\">7<\/td>\n<td style=\"height: 31px; width: 119.2px;\">Mar\u00e7 1993<\/td>\n<td style=\"height: 31px; width: 526.4px;\">Tecnologia i Jocs\u201992<\/td>\n<\/tr>\n<tr style=\"height: 31px;\">\n<td style=\"height: 31px; width: 61.6px;\">8<\/td>\n<td style=\"height: 31px; width: 119.2px;\">Mar\u00e7 1994<\/td>\n<td style=\"height: 31px; width: 526.4px;\">Tecnologia i medi ambient<\/td>\n<\/tr>\n<tr style=\"height: 31px;\">\n<td style=\"height: 31px; width: 61.6px;\">9<\/td>\n<td style=\"height: 31px; width: 119.2px;\">Mar\u00e7 1995<\/td>\n<td style=\"height: 31px; width: 526.4px;\">Noves tecnologies i ocupaci\u00f3<\/td>\n<\/tr>\n<tr style=\"height: 31px;\">\n<td style=\"height: 31px; width: 61.6px;\">10<\/td>\n<td style=\"height: 31px; width: 119.2px;\">Abril 1996<\/td>\n<td style=\"height: 31px; width: 526.4px;\">El Bages: eixos cap al futur<\/td>\n<\/tr>\n<tr style=\"height: 31px;\">\n<td style=\"height: 31px; width: 61.6px;\">11<\/td>\n<td style=\"height: 31px; width: 119.2px;\">Abril 1997<\/td>\n<td style=\"height: 31px; width: 526.4px;\">La ind\u00fastria al Bages: present i futur<\/td>\n<\/tr>\n<tr style=\"height: 31px;\">\n<td style=\"height: 31px; width: 61.6px;\">12<\/td>\n<td style=\"height: 31px; width: 119.2px;\">Abril 1998<\/td>\n<td style=\"height: 31px; width: 526.4px;\">Tecnologia i comunicaci\u00f3<\/td>\n<\/tr>\n<tr style=\"height: 31px;\">\n<td style=\"height: 31px; width: 61.6px;\">13<\/td>\n<td style=\"height: 31px; width: 119.2px;\">Mar\u00e7 1999<\/td>\n<td style=\"height: 31px; width: 526.4px;\">L\u2019Europa del futur<\/td>\n<\/tr>\n<tr style=\"height: 31px;\">\n<td style=\"height: 31px; width: 61.6px;\">14<\/td>\n<td style=\"height: 31px; width: 119.2px;\">Mar\u00e7 2000<\/td>\n<td style=\"height: 31px; width: 526.4px;\">La qualitat a l\u2019ensenyament: el repte per al segle XXI<\/td>\n<\/tr>\n<tr style=\"height: 31px;\">\n<td style=\"height: 31px; width: 61.6px;\">15<\/td>\n<td style=\"height: 31px; width: 119.2px;\">Mar\u00e7 2001<\/td>\n<td style=\"height: 31px; width: 526.4px;\">Cita amb l\u2019esport<\/td>\n<\/tr>\n<tr style=\"height: 31px;\">\n<td style=\"height: 31px; width: 61.6px;\">16<\/td>\n<td style=\"height: 31px; width: 119.2px;\">Mar\u00e7 2002<\/td>\n<td style=\"height: 31px; width: 526.4px;\">La societat de l\u2019oci<\/td>\n<\/tr>\n<tr style=\"height: 31px;\">\n<td style=\"height: 31px; width: 61.6px;\">17<\/td>\n<td style=\"height: 31px; width: 119.2px;\">Mar\u00e7 2003<\/td>\n<td style=\"height: 31px; width: 526.4px;\">La salut, parlem-ne<\/td>\n<\/tr>\n<tr style=\"height: 31px;\">\n<td style=\"height: 31px; width: 61.6px;\">18<\/td>\n<td style=\"height: 31px; width: 119.2px;\">Mar\u00e7 2004<\/td>\n<td style=\"height: 31px; width: 526.4px;\">Canvi global<\/td>\n<\/tr>\n<tr style=\"height: 31px;\">\n<td style=\"height: 31px; width: 61.6px;\">19<\/td>\n<td style=\"height: 31px; width: 119.2px;\">Abril 2005<\/td>\n<td style=\"height: 31px; width: 526.4px;\">TIC i societat: tecnologies de la informaci\u00f3 i la comunicaci\u00f3 en una societat global<\/td>\n<\/tr>\n<tr style=\"height: 31px;\">\n<td style=\"height: 31px; width: 61.6px;\">20<\/td>\n<td style=\"height: 31px; width: 119.2px;\">Abril 2006<\/td>\n<td style=\"height: 31px; width: 526.4px;\">Manresa: present, passat i futur<\/td>\n<\/tr>\n<tr style=\"height: 31px;\">\n<td style=\"height: 31px; width: 61.6px;\">21<\/td>\n<td style=\"height: 31px; width: 119.2px;\">Mar\u00e7 2007<\/td>\n<td style=\"height: 31px; width: 526.4px;\">Nous reptes en ci\u00e8ncia i tecnologia<\/td>\n<\/tr>\n<tr style=\"height: 31px;\">\n<td style=\"height: 31px; width: 61.6px;\">22<\/td>\n<td style=\"height: 31px; width: 119.2px;\">Abril 2008<\/td>\n<td style=\"height: 31px; width: 526.4px;\">Ci\u00e8ncia i tecnologia, perspectives de futur<\/td>\n<\/tr>\n<tr style=\"height: 31px;\">\n<td style=\"height: 31px; width: 61.6px;\">23<\/td>\n<td style=\"height: 31px; width: 119.2px;\">Mar\u00e7 2009<\/td>\n<td style=\"height: 31px; width: 526.4px;\">Lacet\u00e0nia, 40 anys<\/td>\n<\/tr>\n<tr style=\"height: 31px;\">\n<td style=\"height: 31px; width: 61.6px;\">24<\/td>\n<td style=\"height: 31px; width: 119.2px;\">Mar\u00e7 2010<\/td>\n<td style=\"height: 31px; width: 526.4px;\">El Bages, denominaci\u00f3 d\u2019origen<\/td>\n<\/tr>\n<tr style=\"height: 31px;\">\n<td style=\"height: 31px; width: 61.6px;\">25<\/td>\n<td style=\"height: 31px; width: 119.2px;\">Mar\u00e7 2011<\/td>\n<td style=\"height: 31px; width: 526.4px;\">25 anys de ci\u00e8ncia i tecnologia<\/td>\n<\/tr>\n<tr style=\"height: 31px;\">\n<td style=\"height: 31px; width: 61.6px;\">26<\/td>\n<td style=\"height: 31px; width: 119.2px;\">Mar\u00e7 2012<\/td>\n<td style=\"height: 31px; width: 526.4px;\">Globalitzaci\u00f3: oportunitat o amena\u00e7a<\/td>\n<\/tr>\n<tr style=\"height: 31px;\">\n<td style=\"height: 31px; width: 61.6px;\">27<\/td>\n<td style=\"height: 31px; width: 119.2px;\">Mar\u00e7 2013<\/td>\n<td style=\"height: 31px; width: 526.4px;\">La crisi, una oportunitat per al canvi<\/td>\n<\/tr>\n<tr style=\"height: 31px;\">\n<td style=\"height: 31px; width: 61.6px;\">28<\/td>\n<td style=\"height: 31px; width: 119.2px;\">Mar\u00e7 2014<\/td>\n<td style=\"height: 31px; width: 526.4px;\">La revoluci\u00f3 virtual<\/td>\n<\/tr>\n<tr style=\"height: 31px;\">\n<td style=\"height: 31px; width: 61.6px;\">29<\/td>\n<td style=\"height: 31px; width: 119.2px;\">Mar\u00e7 2015<\/td>\n<td style=\"height: 31px; width: 526.4px;\">L\u2019alimentaci\u00f3 al segle XXI<\/td>\n<\/tr>\n<tr style=\"height: 31px;\">\n<td style=\"height: 31px; width: 61.6px;\">30<\/td>\n<td style=\"height: 31px; width: 119.2px;\">Mar\u00e7 2016<\/td>\n<td style=\"height: 31px; width: 526.4px;\">El futur del treball i de l\u2019economia. Noves perspectives<\/td>\n<\/tr>\n<tr style=\"height: 31px;\">\n<td style=\"height: 31px; width: 61.6px;\">31<\/td>\n<td style=\"height: 31px; width: 119.2px;\">Mar\u00e7 2017<\/td>\n<td style=\"height: 31px; width: 526.4px;\">Les noves fronteres del segle XXI<\/td>\n<\/tr>\n<tr style=\"height: 31px;\">\n<td style=\"height: 31px; width: 61.6px;\">32<\/td>\n<td style=\"height: 31px; width: 119.2px;\">Abril 2018<\/td>\n<td style=\"height: 31px; width: 526.4px;\">SOS medi ambient<\/td>\n<\/tr>\n<tr style=\"height: 31px;\">\n<td style=\"height: 31px; width: 61.6px;\">33<\/td>\n<td style=\"height: 31px; width: 119.2px;\">Abril 2019<\/td>\n<td style=\"height: 31px; width: 526.4px;\">De la Maestria al #lacet\u00e0nia50. Mig segle de canvis.<\/td>\n<\/tr>\n<tr>\n<td style=\"width: 61.6px;\">34<\/td>\n<td style=\"width: 119.2px;\">Mar\u00e7 2020<\/td>\n<td style=\"width: 526.4px;\">Drets i llibertats <sup>* Suspeses com a conseq\u00fc\u00e8ncia del COVID &#8211; 19<\/sup><\/td>\n<\/tr>\n<tr>\n<td style=\"width: 61.6px;\">35<\/td>\n<td style=\"width: 119.2px;\">Mar\u00e7 2021<\/td>\n<td style=\"width: 526.4px;\">La vida en l\u00ednia<\/td>\n<\/tr>\n<tr>\n<td style=\"width: 61.6px;\">36<\/td>\n<td style=\"width: 119.2px;\">Abril 2022<\/td>\n<td style=\"width: 526.4px;\">Emerg\u00e8ncia clim\u00e0tica<\/td>\n<\/tr>\n<tr>\n<td style=\"width: 61.6px;\">37<\/td>\n<td style=\"width: 119.2px;\">Mar\u00e7 2023<\/td>\n<td style=\"width: 526.4px;\">ODS 7. Energia neta i assequible<\/td>\n<\/tr>\n<tr>\n<td style=\"width: 61.6px;\">38<\/td>\n<td style=\"width: 119.2px;\">Mar\u00e7 2024<\/td>\n<td style=\"width: 526.4px;\">ODS 1 i ODS 3. Projectem nous horitzons. Pobresa, salut i benestar.<\/td>\n<\/tr>\n<tr>\n<td style=\"width: 61.6px;\">39<\/td>\n<td style=\"width: 119.2px;\">Abril 2025<\/td>\n<td style=\"width: 526.4px;\">ODS 4. Educaci\u00f3 de Qualitat<\/td>\n<\/tr>\n<\/tbody>\n<\/table>\n<h4>Algunes de les persones convidades<\/h4>\n<table class=\" aligncenter\" style=\"width: 100%;\">\n<tbody>\n<tr>\n<td style=\"width: 15.9459%; vertical-align: top;\"><strong>Ci\u00e8ncia, t\u00e8cnica i educaci\u00f3<\/strong><\/td>\n<td style=\"width: 16.8919%;\"><strong>Ci\u00e8ncia, t\u00e8cnica i educaci\u00f3<\/strong><\/td>\n<td style=\"width: 17.7027%;\"><strong>Economia, empresa i comunicaci\u00f3<\/strong><\/td>\n<td style=\"width: 15.6757%;\"><strong>Pol\u00edtica, cultura i societat<\/strong><\/td>\n<td style=\"width: 19.0541%;\"><strong>Salut i esports<\/strong><\/td>\n<\/tr>\n<tr>\n<td style=\"width: 15.9459%; vertical-align: top;\">Enric Agud<br \/>\nFrancisco del Aguila<br \/>\nJosep M. Alcoverro<br \/>\nClaudi Alsina<br \/>\nAntoni Ardanuy<br \/>\nJosep Arola<br \/>\nDacha Atienza<br \/>\nBartomeu Ayala<br \/>\nJordi Badia<br \/>\nMiquel Barcel\u00f3<br \/>\nRamon Bargall\u00f3<br \/>\nMarc Boada<br \/>\nJordi Bonet<br \/>\nJudit Bosch<br \/>\nCarme Botifoll<br \/>\nPere Busquets<br \/>\nPaco Calvi\u00f1o<br \/>\nEva Calvo<br \/>\nMarta Camprub\u00ed<br \/>\nAnna Casals<br \/>\nJosep M. Casas<br \/>\nRuf\u00ed Cerd\u00e1n<br \/>\nFrancesc Comas<br \/>\nCarme Comellas<br \/>\nAdolf Cortel<br \/>\nRafael Escribano<br \/>\nGabriel Ferrat\u00e9<br \/>\nRamon Folch<br \/>\nAndreu Garcia<br \/>\nAntonio Garde<br \/>\nJosep M. Gasol<br \/>\nGemma Gilera<br \/>\nDolors Grau<br \/>\nAntoni Gunt\u00edn<br \/>\nJaume Illa<br \/>\nDaniel Jim\u00e9nez Albiac<br \/>\nJoan Jorge<br \/>\nDavid Jou<br \/>\nConxita Lao<br \/>\nJosep E. Llebot<br \/>\nRamon L\u00f3pez de M\u00e1ntaras<br \/>\nAdriana Moya<br \/>\nH\u00e9ctor Ruiz<br \/>\nMar Camacho<br \/>\nGregorio Luri<br \/>\nDavid Bueno<br \/>\nJoan Cuevas<br \/>\nNeus Sanmart\u00ed<\/td>\n<td style=\"width: 16.8919%; vertical-align: top;\">\u00c0ngel Lozano<br \/>\nClaudi Mans<br \/>\nAbel Marin\u00e9<br \/>\nValent\u00ed Mart\u00ednez<br \/>\nM\u00e0rius Mart\u00ednez Mu\u00f1oz<br \/>\nPere Marco<br \/>\nFerran Mas<br \/>\nJosep M. Mata-Perell\u00f3<br \/>\nFrancesc Mauri<br \/>\nLlu\u00eds Millet<br \/>\nManel Moreno<br \/>\nRamon Navarro<br \/>\nXavier Obradors<br \/>\nJaume Oliveras<br \/>\nPere Pal\u00e0<br \/>\nAlonso Pall\u00ed<br \/>\nEsteve Penya<br \/>\nFrancesc Porta<br \/>\nCarme Pretel<br \/>\nGemma Puig<br \/>\nJosep Puig<br \/>\nDaniel Ram\u00edrez<br \/>\nOriol Riu<br \/>\nMontserrat Roca<br \/>\nFerran Rod\u00e0<br \/>\nNeus Sanmart\u00ed<br \/>\nJoaquim Sans<br \/>\nJoan Santacana<br \/>\nJ\u00falia Saura<br \/>\nJoan Carles Senar<br \/>\nFrancesc Serra<br \/>\nMontserrat Sol\u00e9 Sardans<br \/>\nFrancesc Soler<br \/>\nJordi Sol\u00e9<br \/>\nRichard Stallman<br \/>\nRicard Tom\u00e0s<br \/>\nM\u00f2nica Torras<br \/>\nAntonio Turiel<br \/>\nJavier Mart\u00edn Vide<br \/>\n\u00c0ngel Vilarasau<br \/>\nJoan Vinyoli<br \/>\nFrancesc Uribe<br \/>\nCarme Carri\u00f3n<br \/>\nMar\u00e7al Blasco<br \/>\nJoaquim Faneca<br \/>\nEsther Garc\u00f1ia Navarro<br \/>\nJos\u00e9 Ramon Lago<\/td>\n<td style=\"width: 17.7027%; vertical-align: top;\">Enric Badia<br \/>\nJordi Bast\u00e9<br \/>\nEduard Boet<br \/>\nFrancesc Busquets<br \/>\nCarles Capdevila<br \/>\nRosa Cornet<br \/>\nXavier Duran<br \/>\nJosep M. Farr\u00e0s<br \/>\nLuis \u00c1ngel Fern\u00e1ndez Hermana<br \/>\nAriadna Ferrer<br \/>\nPere Gass\u00f3<br \/>\nRoger Hern\u00e1ndez<br \/>\nMarc Marc\u00e8<br \/>\nGon\u00e7al Mazcu\u00f1\u00e1n<br \/>\nXavier Sol\u00e0<br \/>\nMattew Tree<br \/>\nJosep M. Vives<br \/>\nEduard Alabern<br \/>\nMontserrat Ambr\u00f3s<br \/>\nPierre Astor<br \/>\nMarc Bernadich<br \/>\nSergi Comellas<br \/>\nGerard Cotal<br \/>\nAlbert Esplugas<br \/>\nJordi Franch<br \/>\nAlbert Giralt<br \/>\nMiguel Gonzalez Aguilera<br \/>\nManuel Ludevid<br \/>\nArcadi Oliveres<br \/>\nGuillem L\u00f3pez Casasnovas<br \/>\nJordi Perera<br \/>\n\u00c0lex Puig<br \/>\nMar Reguant<br \/>\nPere Ribas<br \/>\nJosep Rosell<br \/>\nGuillem Sanz<br \/>\nFrancesc Soler Perellada<br \/>\nFrancesc Soler<br \/>\nGonzalo Bernardos Dom\u00ednguez<br \/>\nAntoni Tach\u00f3<br \/>\nAdolf Tod\u00f3<br \/>\nJosep M. Trias Folch<br \/>\n\u00c0ngel Vilarasau<\/td>\n<td style=\"width: 15.6757%; vertical-align: top;\">Llu\u00eds Bassat<br \/>\nJes\u00fas Carruesco<br \/>\nManuel Delgado<br \/>\n\u00c0ngels Freixanet<br \/>\nJordi Gr\u00e0cia<br \/>\nJordi Llavina<br \/>\nS\u00f2nia Moll<br \/>\nJoan Morros<br \/>\nLaia Noguera<br \/>\nJoan Oliver<br \/>\nJosep Oliveres<br \/>\nJordi Pigem<br \/>\nSoledad Roman<br \/>\nRaquel Santanera<br \/>\nJoan Soler<br \/>\nVicen\u00e7 Villatoro<br \/>\nJosep Camprub\u00ed<br \/>\nJoan Carretero<br \/>\nJoan Cornet<br \/>\nManuela de Madre<br \/>\nRosa Fortuny<br \/>\nJosep Huguet<br \/>\nAlain Jord\u00e0<br \/>\nJosep Ramon Mora<br \/>\nI\u00f1aki M\u00fajika<br \/>\nXavier Rubio<br \/>\nJuli Sancliments<br \/>\nMontse Selga<br \/>\nAntoni Subir\u00e0<br \/>\nJordi Valls<br \/>\nMariona Homs<br \/>\nLourdes Verg\u00e9s<br \/>\nMiguel \u00c1ngel Tapias<br \/>\nN\u00faria Bayona<br \/>\nN\u00faria Empez<br \/>\nGisela Molas<br \/>\nAdriana Bertran<\/td>\n<td style=\"width: 19.0541%; vertical-align: top;\">Ignasi Bosch<br \/>\nCarles Checa<br \/>\nJoan Creus<br \/>\nExpedici\u00f3 Everest 2000<br \/>\nJordi Freixenet<br \/>\nJordi Grimau<br \/>\nJosep Guardiola<br \/>\nValent\u00ed Junyent<br \/>\nJordi Magem<br \/>\nMiquel Messegu\u00e9<br \/>\nRosa Morat\u00f3<br \/>\nJordi Pay\u00e0<br \/>\nRodrigo Sanmiguel<br \/>\nJordi Singla<br \/>\nCheerleaders Suzuki Manresa<br \/>\nPep Vila<br \/>\nJordi Villacampa<br \/>\nPaula Serrano<br \/>\nMarta Hern\u00e1ndez<br \/>\nM\u00edriam G\u00f3mez<\/td>\n<\/tr>\n<\/tbody>\n<\/table>\n","protected":false},"excerpt":{"rendered":"<p>El 1986 es van posar en marxa les Jornades Tecnol\u00f2giques, actualment anomenades Jornades Lacet\u00e0nia, un conjunt de xerrades, tallers i activitats educatives i de tallers que es realitzen durant una setmana dels mesos de mar\u00e7 o abril adre\u00e7ades a l&#8217;alumnat del centre i al p\u00fablic en general. Aquestes Jornades, de les quals s&#8217;han realitzat un [&hellip;]<\/p>\n","protected":false},"author":4,"featured_media":0,"parent":514,"menu_order":10,"comment_status":"closed","ping_status":"closed","template":"page-templates\/side-menu.php","meta":{"_bbp_topic_count":0,"_bbp_reply_count":0,"_bbp_total_topic_count":0,"_bbp_total_reply_count":0,"_bbp_voice_count":0,"_bbp_anonymous_reply_count":0,"_bbp_topic_count_hidden":0,"_bbp_reply_count_hidden":0,"_bbp_forum_subforum_count":0,"site-sidebar-layout":"default","site-content-layout":"","ast-site-content-layout":"","site-content-style":"default","site-sidebar-style":"default","ast-global-header-display":"","ast-banner-title-visibility":"","ast-main-header-display":"","ast-hfb-above-header-display":"","ast-hfb-below-header-display":"","ast-hfb-mobile-header-display":"","site-post-title":"","ast-breadcrumbs-content":"","ast-featured-img":"","footer-sml-layout":"","theme-transparent-header-meta":"","adv-header-id-meta":"","stick-header-meta":"","header-above-stick-meta":"","header-main-stick-meta":"","header-below-stick-meta":"","astra-migrate-meta-layouts":"default","ast-page-background-enabled":"default","ast-page-background-meta":{"desktop":{"background-color":"var(--ast-global-color-4)","background-image":"","background-repeat":"repeat","background-position":"center center","background-size":"auto","background-attachment":"scroll","background-type":"","background-media":"","overlay-type":"","overlay-color":"","overlay-opacity":"","overlay-gradient":""},"tablet":{"background-color":"","background-image":"","background-repeat":"repeat","background-position":"center center","background-size":"auto","background-attachment":"scroll","background-type":"","background-media":"","overlay-type":"","overlay-color":"","overlay-opacity":"","overlay-gradient":""},"mobile":{"background-color":"","background-image":"","background-repeat":"repeat","background-position":"center center","background-size":"auto","background-attachment":"scroll","background-type":"","background-media":"","overlay-type":"","overlay-color":"","overlay-opacity":"","overlay-gradient":""}},"ast-content-background-meta":{"desktop":{"background-color":"var(--ast-global-color-5)","background-image":"","background-repeat":"repeat","background-position":"center center","background-size":"auto","background-attachment":"scroll","background-type":"","background-media":"","overlay-type":"","overlay-color":"","overlay-opacity":"","overlay-gradient":""},"tablet":{"background-color":"var(--ast-global-color-5)","background-image":"","background-repeat":"repeat","background-position":"center center","background-size":"auto","background-attachment":"scroll","background-type":"","background-media":"","overlay-type":"","overlay-color":"","overlay-opacity":"","overlay-gradient":""},"mobile":{"background-color":"var(--ast-global-color-5)","background-image":"","background-repeat":"repeat","background-position":"center center","background-size":"auto","background-attachment":"scroll","background-type":"","background-media":"","overlay-type":"","overlay-color":"","overlay-opacity":"","overlay-gradient":""}},"footnotes":""},"class_list":["post-9180","page","type-page","status-publish","hentry"],"post_mailing_queue_ids":[],"_links":{"self":[{"href":"https:\/\/agora.xtec.cat\/inslacetania\/wp-json\/wp\/v2\/pages\/9180","targetHints":{"allow":["GET"]}}],"collection":[{"href":"https:\/\/agora.xtec.cat\/inslacetania\/wp-json\/wp\/v2\/pages"}],"about":[{"href":"https:\/\/agora.xtec.cat\/inslacetania\/wp-json\/wp\/v2\/types\/page"}],"author":[{"embeddable":true,"href":"https:\/\/agora.xtec.cat\/inslacetania\/wp-json\/wp\/v2\/users\/4"}],"replies":[{"embeddable":true,"href":"https:\/\/agora.xtec.cat\/inslacetania\/wp-json\/wp\/v2\/comments?post=9180"}],"version-history":[{"count":6,"href":"https:\/\/agora.xtec.cat\/inslacetania\/wp-json\/wp\/v2\/pages\/9180\/revisions"}],"predecessor-version":[{"id":27147,"href":"https:\/\/agora.xtec.cat\/inslacetania\/wp-json\/wp\/v2\/pages\/9180\/revisions\/27147"}],"up":[{"embeddable":true,"href":"https:\/\/agora.xtec.cat\/inslacetania\/wp-json\/wp\/v2\/pages\/514"}],"wp:attachment":[{"href":"https:\/\/agora.xtec.cat\/inslacetania\/wp-json\/wp\/v2\/media?parent=9180"}],"curies":[{"name":"wp","href":"https:\/\/api.w.org\/{rel}","templated":true}]}}