{"id":8662,"date":"2020-01-30T09:05:56","date_gmt":"2020-01-30T08:05:56","guid":{"rendered":"http:\/\/agora.xtec.cat\/inslacetania\/?page_id=8662"},"modified":"2020-02-17T15:50:58","modified_gmt":"2020-02-17T14:50:58","slug":"academia-mikrotik","status":"publish","type":"page","link":"https:\/\/agora.xtec.cat\/inslacetania\/serveis-fp\/academia-mikrotik\/","title":{"rendered":"Acad\u00e8mia Mikrotik"},"content":{"rendered":"<p><a href=\"https:\/\/agora.xtec.cat\/inslacetania\/wp-content\/uploads\/usu1045\/2020\/01\/mikrotikAcademy.jpg\"><img loading=\"lazy\" decoding=\"async\" class=\"size-medium wp-image-8670 aligncenter\" src=\"https:\/\/agora.xtec.cat\/inslacetania\/wp-content\/uploads\/usu1045\/2020\/01\/mikrotikAcademy-300x106.jpg\" alt=\"\" width=\"300\" height=\"106\" srcset=\"https:\/\/agora.xtec.cat\/inslacetania\/wp-content\/uploads\/usu1045\/2020\/01\/mikrotikAcademy-300x106.jpg 300w, https:\/\/agora.xtec.cat\/inslacetania\/wp-content\/uploads\/usu1045\/2020\/01\/mikrotikAcademy.jpg 422w\" sizes=\"auto, (max-width: 300px) 100vw, 300px\" \/><\/a><\/p>\n<p>L\u2019Institut Lacet\u00e0nia ha esdevingut el tercer institut MikroTIK Academy a Catalunya, amb el suport de MikroTIK i el Departament d&#8217;Ensenyament.<\/p>\n<p>Les acad\u00e8mies MikroTik (MA) s\u00f3n institucions educatives, com ara universitats, escoles t\u00e8cniques, col\u00b7legis, escoles professionals i altres centres educatius que ofereixen cursos de xarxes amb tecnologia MikroTIK per a estudiants del nostre centre.<\/p>\n<p>L\u2019Institut Lacet\u00e0nia, de la m\u00e0 del Departament d&#8217;Inform\u00e0tica, \u00e9s membre d\u2019aquestes institucions educatives amb capacitat per formar els seus alumnes de Cicles Formatius en Inform\u00e0tica per tal que puguin obtenir la primera titulaci\u00f3 que MikroTIK ofereix anomenada MTCNA.<\/p>\n<p>La certificaci\u00f3 oferida constitueix el punt de partida de l&#8217;estructura de certificacions de MikroTIK, poden despr\u00e9s especialitzar-se i obtenir la resta de certificacions.<\/p>\n<p><img decoding=\"async\" class=\"center-block img-responsive aligncenter\" src=\"https:\/\/designs.mikrotik.com\/images\/large\/cert.jpg\" alt=\"Certificaicons MikroTIK\" \/><\/p>\n<p>Els continguts desenvolupats dins del MTCNA son <a href=\"https:\/\/i.mt.lv\/cdn\/training_pdf\/mtcna_outline_2019181161836.pdf\" target=\"_blank\" rel=\"noopener noreferrer\">aquests.<\/a><\/p>\n<p>&nbsp;<\/p>\n<div id=\"s3gt_translate_tooltip_mini\" class=\"s3gt_translate_tooltip_mini_box\" style=\"background: initial !important; border: initial !important; border-radius: initial !important; border-spacing: initial !important; border-collapse: initial !important; direction: ltr !important; flex-direction: initial !important; font-weight: initial !important; height: initial !important; letter-spacing: initial !important; min-width: initial !important; max-width: initial !important; min-height: initial !important; max-height: initial !important; margin: auto !important; outline: initial !important; padding: initial !important; position: absolute; table-layout: initial !important; text-align: initial !important; text-shadow: initial !important; width: initial !important; word-break: initial !important; word-spacing: initial !important; overflow-wrap: initial !important; box-sizing: initial !important; display: initial !important; color: inherit !important; font-size: 13px !important; font-family: X-LocaleSpecific, sans-serif, Tahoma, Helvetica !important; line-height: 13px !important; vertical-align: top !important; white-space: inherit !important; left: 10px; top: 153px; opacity: 0.25;\">\n<div id=\"s3gt_translate_tooltip_mini_logo\" class=\"s3gt_translate_tooltip_mini\" title=\"Tradueix el text seleccionat\"><\/div>\n<div id=\"s3gt_translate_tooltip_mini_sound\" class=\"s3gt_translate_tooltip_mini\" title=\"Reprodueix\"><\/div>\n<div id=\"s3gt_translate_tooltip_mini_copy\" class=\"s3gt_translate_tooltip_mini\" title=\"Copia el text al porta-retalls\"><\/div>\n<\/div>\n","protected":false},"excerpt":{"rendered":"<p>L\u2019Institut Lacet\u00e0nia ha esdevingut el tercer institut MikroTIK Academy a Catalunya, amb el suport de MikroTIK i el Departament d&#8217;Ensenyament. Les acad\u00e8mies MikroTik (MA) s\u00f3n institucions educatives, com ara universitats, escoles t\u00e8cniques, col\u00b7legis, escoles professionals i altres centres educatius que ofereixen cursos de xarxes amb tecnologia MikroTIK per a estudiants del nostre centre. L\u2019Institut Lacet\u00e0nia, [&hellip;]<\/p>\n","protected":false},"author":1,"featured_media":0,"parent":927,"menu_order":65,"comment_status":"closed","ping_status":"closed","template":"page-templates\/side-menu.php","meta":{"_bbp_topic_count":0,"_bbp_reply_count":0,"_bbp_total_topic_count":0,"_bbp_total_reply_count":0,"_bbp_voice_count":0,"_bbp_anonymous_reply_count":0,"_bbp_topic_count_hidden":0,"_bbp_reply_count_hidden":0,"_bbp_forum_subforum_count":0,"site-sidebar-layout":"default","site-content-layout":"","ast-site-content-layout":"","site-content-style":"default","site-sidebar-style":"default","ast-global-header-display":"","ast-banner-title-visibility":"","ast-main-header-display":"","ast-hfb-above-header-display":"","ast-hfb-below-header-display":"","ast-hfb-mobile-header-display":"","site-post-title":"","ast-breadcrumbs-content":"","ast-featured-img":"","footer-sml-layout":"","theme-transparent-header-meta":"","adv-header-id-meta":"","stick-header-meta":"","header-above-stick-meta":"","header-main-stick-meta":"","header-below-stick-meta":"","astra-migrate-meta-layouts":"default","ast-page-background-enabled":"default","ast-page-background-meta":{"desktop":{"background-color":"var(--ast-global-color-4)","background-image":"","background-repeat":"repeat","background-position":"center center","background-size":"auto","background-attachment":"scroll","background-type":"","background-media":"","overlay-type":"","overlay-color":"","overlay-opacity":"","overlay-gradient":""},"tablet":{"background-color":"","background-image":"","background-repeat":"repeat","background-position":"center center","background-size":"auto","background-attachment":"scroll","background-type":"","background-media":"","overlay-type":"","overlay-color":"","overlay-opacity":"","overlay-gradient":""},"mobile":{"background-color":"","background-image":"","background-repeat":"repeat","background-position":"center center","background-size":"auto","background-attachment":"scroll","background-type":"","background-media":"","overlay-type":"","overlay-color":"","overlay-opacity":"","overlay-gradient":""}},"ast-content-background-meta":{"desktop":{"background-color":"var(--ast-global-color-5)","background-image":"","background-repeat":"repeat","background-position":"center center","background-size":"auto","background-attachment":"scroll","background-type":"","background-media":"","overlay-type":"","overlay-color":"","overlay-opacity":"","overlay-gradient":""},"tablet":{"background-color":"var(--ast-global-color-5)","background-image":"","background-repeat":"repeat","background-position":"center center","background-size":"auto","background-attachment":"scroll","background-type":"","background-media":"","overlay-type":"","overlay-color":"","overlay-opacity":"","overlay-gradient":""},"mobile":{"background-color":"var(--ast-global-color-5)","background-image":"","background-repeat":"repeat","background-position":"center center","background-size":"auto","background-attachment":"scroll","background-type":"","background-media":"","overlay-type":"","overlay-color":"","overlay-opacity":"","overlay-gradient":""}},"footnotes":""},"class_list":["post-8662","page","type-page","status-publish","hentry"],"post_mailing_queue_ids":[],"_links":{"self":[{"href":"https:\/\/agora.xtec.cat\/inslacetania\/wp-json\/wp\/v2\/pages\/8662","targetHints":{"allow":["GET"]}}],"collection":[{"href":"https:\/\/agora.xtec.cat\/inslacetania\/wp-json\/wp\/v2\/pages"}],"about":[{"href":"https:\/\/agora.xtec.cat\/inslacetania\/wp-json\/wp\/v2\/types\/page"}],"author":[{"embeddable":true,"href":"https:\/\/agora.xtec.cat\/inslacetania\/wp-json\/wp\/v2\/users\/1"}],"replies":[{"embeddable":true,"href":"https:\/\/agora.xtec.cat\/inslacetania\/wp-json\/wp\/v2\/comments?post=8662"}],"version-history":[{"count":3,"href":"https:\/\/agora.xtec.cat\/inslacetania\/wp-json\/wp\/v2\/pages\/8662\/revisions"}],"predecessor-version":[{"id":8813,"href":"https:\/\/agora.xtec.cat\/inslacetania\/wp-json\/wp\/v2\/pages\/8662\/revisions\/8813"}],"up":[{"embeddable":true,"href":"https:\/\/agora.xtec.cat\/inslacetania\/wp-json\/wp\/v2\/pages\/927"}],"wp:attachment":[{"href":"https:\/\/agora.xtec.cat\/inslacetania\/wp-json\/wp\/v2\/media?parent=8662"}],"curies":[{"name":"wp","href":"https:\/\/api.w.org\/{rel}","templated":true}]}}