{"id":8237,"date":"2020-03-17T17:54:46","date_gmt":"2020-03-17T16:54:46","guid":{"rendered":"http:\/\/agora.xtec.cat\/inslacetania\/?page_id=8237"},"modified":"2021-10-07T18:19:11","modified_gmt":"2021-10-07T16:19:11","slug":"ipan","status":"publish","type":"page","link":"https:\/\/agora.xtec.cat\/inslacetania\/projectes\/erasmusplus\/erasmuspluska2\/ipan\/","title":{"rendered":"IPAN (International Production Automation Network)"},"content":{"rendered":"<p><strong>IPAN (International Production Automation Network)<\/strong>. Leonardo da Vinci Project. 2012 &#8211; 2014.<\/p>\n<p style=\"text-align: justify;\">IPAN partnership Leonardo da Vinci Porject is a technical network including technical VET schools and companies from five different countries (Finland, Germany, Poland, Portugal and Spain). The main aim of the project was to plan and implement international technical student workshops in the close relationship with local companies and industrial needs. In all participating countries companies and company cooperation was actively linked to the project. Project also shared common understanding of the future technical and social needs for industrial workers and increased level of skills and competencies. ECVET (European Credits for VET) was involved in the project through learning outcomes (knowledge, skills and compatences) even thought ECVET process in project countries is still partly unclear and this are still needs more work together in the network. Finland is the only country at this point starting to use ECVET credits already in 2015.<\/p>\n<p style=\"text-align: justify;\">IPAN network was a success and during two years project mutual trust among partners was created and network is ready for common further development cooperation. International workshops were efficient and interesting way to learn. Technical, social and lifelong learning skills increased among students and some students got possibility to use technologies not available in their own studies. Language and cultural skills also increased among students and staff members. Tested one week workshops were succesful, but too short for complete study module use. Project phase was also too short for curricula changes\/modifications and workshops were made partly outside the used curricula. Situation varied on different countries and e.g. in Finland project was easily integrated into the studies. Participating teachers and staff members gained new ideas, pedagogical and technical materials and increased professional and social networks. At individual student level workshops offered new and effective learning outcomes, some students even gained new work positions (home country and abroad).<\/p>\n<p>In summary, the aims of the project were:<\/p>\n<ul>\n<li>Creation of international school-company partnership on production automation VET<\/li>\n<li>Learning from each other and sharing good practices on techical VET<\/li>\n<li>Building up trust for student workshops and ECVET mobility<\/li>\n<li>Moodle as a working platform for discussions, materials and learning tasks<\/li>\n<li>Company feedback and expectations concerning the future of VET<\/li>\n<\/ul>\n<p>And the outcomes achieved:<\/p>\n<ul>\n<li>Piloting of \u201dProduction Automation \u201d modules through international student workshops together with companies<\/li>\n<li>Discussions of ECVET (and EQF levels) by learning outcomes view (knowledge, skills, competencies).<\/li>\n<li>Company needs, feedback and modification on study modules and learning tasks<\/li>\n<li>Possible extension of student workshops into learning exchanges (e.g. international on-the-job learning 3-8 weeks) in the future&#8230;<\/li>\n<\/ul>\n<hr \/>\n<p><strong>IPAN (International Production Automation Network)<\/strong> \u00e9s un projecte de Leonardo da Vinci desenvolupat entre els anys 2012 i el 2014.<\/p>\n<p style=\"text-align: justify;\">El projecte Leonardo da Vinci d&#8217;Associacions IPAN \u00e9s una xarxa t\u00e8cnica que inclou escoles t\u00e8cniques de FP i empreses de cinc pa\u00efsos diferents (Finl\u00e0ndia, Alemanya, Pol\u00f2nia, Portugal i Espanya). L&#8217;objectiu principal d&#8217;el projecte va ser planificar i implementar tallers internacionals d&#8217;estudiants d&#8217;estudis t\u00e8cnics en estreta relaci\u00f3 amb les empreses i les necessitats de la ind\u00fastria local. En tots els pa\u00efsos participants, les empreses i organitzacions empresarials es van vincular activament en el projecte. El projecte tamb\u00e9 va posar en com\u00fa quins serien futurs requeriments t\u00e8cnics i socials dels treballadors industrials i la necessitat d&#8217;adquirir un major nivell d&#8217;habilitats i compet\u00e8ncies. Els ECVET (European Credits for Vocational Education and Training) van ser tema de discussi\u00f3 activa en el projecte ja que es van comentar resultats d&#8217;aprenentatge (coneixement, habilitats i comparacions) dels diferents pa\u00efsos, tot i que el proc\u00e9s de realitzaci\u00f3 dels ECVET en els pa\u00efsos que formaven part de el projecte encara no est\u00e0 clar i es necessita encara m\u00e9s treball en conjunt a la xarxa. Finl\u00e0ndia \u00e9s l&#8217;\u00fanic pa\u00eds en aquest punt que ja va comen\u00e7ar a utilitzar els cr\u00e8dits ECVET en 2015. La xarxa IPAN va ser un \u00e8xit i durant dos anys es va construir la confian\u00e7a m\u00fatua entre els socis del projecte i la xarxa est\u00e0 a punt per a estendre aquesta cooperaci\u00f3 comuna. Els tallers internacionals van ser una forma eficient i interessant d&#8217;aprendre. Les habilitats t\u00e8cniques, socials i d&#8217;aprenentatge permanent van augmentar entre els estudiants i alguns van tenir la possibilitat d&#8217;utilitzar tecnologies que no estan disponibles en els seus propis estudis. Les habilitats ling\u00fc\u00edstiques i culturals tamb\u00e9 van millorar entre els estudiants i els membres de el personal. Els tallers realitzats d&#8217;una setmana de durada van ser un \u00e8xit, per\u00f2 massa curts per a l&#8217;\u00fas complet de la lli\u00e7\u00f3 d&#8217;estudi. La fase de projecte tamb\u00e9 va ser massa curta per a canvis \/ modificacions curriculars i els tallers es van realitzar en part fora dels curr\u00edculums utilitzats. La situaci\u00f3 variava segons els pa\u00efsos i per exemple a Finl\u00e0ndia el projecte es va integrar f\u00e0cilment en els estudis. Els professors i membres del personal participants van adquirir noves idees, materials pedag\u00f2gics i t\u00e8cnics i van augmentar les xarxes professionals i socials. A nivell individual, els tallers van oferir resultats d&#8217;aprenentatge nous i efectius i fins i tot alguns estudiants van obtenir nous llocs de treball (al pa\u00eds d&#8217;origen ia l&#8217;estranger).<\/p>\n<p style=\"text-align: justify;\">En resum, els objectius del projecte van ser:<\/p>\n<ul>\n<li style=\"text-align: justify;\">Creaci\u00f3 d&#8217;una associaci\u00f3 internacional entre escoles i empreses sobre FP en Automatitzaci\u00f3 Industrial.<\/li>\n<li style=\"text-align: justify;\">Aprenentatge entre iguals i compartici\u00f3 de bonas pr\u00e0ctiques sobre FP t\u00e8cnica.<\/li>\n<li style=\"text-align: justify;\">Generar confian\u00e7a a trav\u00e9s de tallers per a estudiants i mobilitat ECVET.<\/li>\n<li style=\"text-align: justify;\">Establir Moodle com a plataforma de treball per a debats, materials i tasques d&#8217;aprenentatge.<\/li>\n<li style=\"text-align: justify;\">Rebre els comentaris i les expectatives de les empreses sobre el futur de l&#8217;FP t\u00e8cnica.<\/li>\n<\/ul>\n<p>Els resultats assolits van ser:<\/p>\n<ul>\n<li style=\"text-align: justify;\">Pilotatge de m\u00f2duls formatius sobre &#8220;Automatitzaci\u00f3 de la producci\u00f3&#8221; a trav\u00e9s de tallers internacionals per a estudiants i empreses.<\/li>\n<li style=\"text-align: justify;\">Discussions sobre el futur ECVET (i nivells de EQF) a la vista de resultats d&#8217;aprenentatge (coneixement, habilitats, compet\u00e8ncies).<\/li>\n<li style=\"text-align: justify;\">Es van recollir necessitats de les empreses i en funci\u00f3 d&#8217;ells es van modificar m\u00f2duls d&#8217;estudi i tasques d&#8217;aprenentatge.<\/li>\n<li style=\"text-align: justify;\">Es planteja una possible extensi\u00f3 dels tallers d&#8217;estudiants en intercanvis d&#8217;aprenentatge de m\u00e9s llarga durada en el futur. De fet, el treball continua amb el nou projecte MICA basat en aquest IPAN.<\/li>\n<\/ul>\n<p style=\"text-align: right;\"><a href=\"https:\/\/agora.xtec.cat\/inslacetania\/wp-content\/uploads\/usu1045\/2016\/11\/EU-flag-Erasmus-e1478460285882.jpg\"><img loading=\"lazy\" decoding=\"async\" class=\"alignnone size-medium wp-image-618\" src=\"https:\/\/agora.xtec.cat\/inslacetania\/wp-content\/uploads\/usu1045\/2016\/11\/EU-flag-Erasmus-300x86.jpg\" alt=\"\" width=\"300\" height=\"86\" \/><\/a><\/p>\n","protected":false},"excerpt":{"rendered":"<p>IPAN (International Production Automation Network). Leonardo da Vinci Project. 2012 &#8211; 2014. IPAN partnership Leonardo da Vinci Porject is a technical network including technical VET schools and companies from five different countries (Finland, Germany, Poland, Portugal and Spain). The main aim of the project was to plan and implement international technical student workshops in the [&hellip;]<\/p>\n","protected":false},"author":4,"featured_media":0,"parent":797,"menu_order":40,"comment_status":"closed","ping_status":"closed","template":"page-templates\/side-menu.php","meta":{"_bbp_topic_count":0,"_bbp_reply_count":0,"_bbp_total_topic_count":0,"_bbp_total_reply_count":0,"_bbp_voice_count":0,"_bbp_anonymous_reply_count":0,"_bbp_topic_count_hidden":0,"_bbp_reply_count_hidden":0,"_bbp_forum_subforum_count":0,"site-sidebar-layout":"default","site-content-layout":"","ast-site-content-layout":"","site-content-style":"default","site-sidebar-style":"default","ast-global-header-display":"","ast-banner-title-visibility":"","ast-main-header-display":"","ast-hfb-above-header-display":"","ast-hfb-below-header-display":"","ast-hfb-mobile-header-display":"","site-post-title":"","ast-breadcrumbs-content":"","ast-featured-img":"","footer-sml-layout":"","theme-transparent-header-meta":"","adv-header-id-meta":"","stick-header-meta":"","header-above-stick-meta":"","header-main-stick-meta":"","header-below-stick-meta":"","astra-migrate-meta-layouts":"default","ast-page-background-enabled":"default","ast-page-background-meta":{"desktop":{"background-color":"var(--ast-global-color-4)","background-image":"","background-repeat":"repeat","background-position":"center center","background-size":"auto","background-attachment":"scroll","background-type":"","background-media":"","overlay-type":"","overlay-color":"","overlay-opacity":"","overlay-gradient":""},"tablet":{"background-color":"","background-image":"","background-repeat":"repeat","background-position":"center center","background-size":"auto","background-attachment":"scroll","background-type":"","background-media":"","overlay-type":"","overlay-color":"","overlay-opacity":"","overlay-gradient":""},"mobile":{"background-color":"","background-image":"","background-repeat":"repeat","background-position":"center center","background-size":"auto","background-attachment":"scroll","background-type":"","background-media":"","overlay-type":"","overlay-color":"","overlay-opacity":"","overlay-gradient":""}},"ast-content-background-meta":{"desktop":{"background-color":"var(--ast-global-color-5)","background-image":"","background-repeat":"repeat","background-position":"center center","background-size":"auto","background-attachment":"scroll","background-type":"","background-media":"","overlay-type":"","overlay-color":"","overlay-opacity":"","overlay-gradient":""},"tablet":{"background-color":"var(--ast-global-color-5)","background-image":"","background-repeat":"repeat","background-position":"center center","background-size":"auto","background-attachment":"scroll","background-type":"","background-media":"","overlay-type":"","overlay-color":"","overlay-opacity":"","overlay-gradient":""},"mobile":{"background-color":"var(--ast-global-color-5)","background-image":"","background-repeat":"repeat","background-position":"center center","background-size":"auto","background-attachment":"scroll","background-type":"","background-media":"","overlay-type":"","overlay-color":"","overlay-opacity":"","overlay-gradient":""}},"footnotes":""},"class_list":["post-8237","page","type-page","status-publish","hentry"],"post_mailing_queue_ids":[],"_links":{"self":[{"href":"https:\/\/agora.xtec.cat\/inslacetania\/wp-json\/wp\/v2\/pages\/8237","targetHints":{"allow":["GET"]}}],"collection":[{"href":"https:\/\/agora.xtec.cat\/inslacetania\/wp-json\/wp\/v2\/pages"}],"about":[{"href":"https:\/\/agora.xtec.cat\/inslacetania\/wp-json\/wp\/v2\/types\/page"}],"author":[{"embeddable":true,"href":"https:\/\/agora.xtec.cat\/inslacetania\/wp-json\/wp\/v2\/users\/4"}],"replies":[{"embeddable":true,"href":"https:\/\/agora.xtec.cat\/inslacetania\/wp-json\/wp\/v2\/comments?post=8237"}],"version-history":[{"count":3,"href":"https:\/\/agora.xtec.cat\/inslacetania\/wp-json\/wp\/v2\/pages\/8237\/revisions"}],"predecessor-version":[{"id":12280,"href":"https:\/\/agora.xtec.cat\/inslacetania\/wp-json\/wp\/v2\/pages\/8237\/revisions\/12280"}],"up":[{"embeddable":true,"href":"https:\/\/agora.xtec.cat\/inslacetania\/wp-json\/wp\/v2\/pages\/797"}],"wp:attachment":[{"href":"https:\/\/agora.xtec.cat\/inslacetania\/wp-json\/wp\/v2\/media?parent=8237"}],"curies":[{"name":"wp","href":"https:\/\/api.w.org\/{rel}","templated":true}]}}