{"id":818,"date":"2016-11-21T23:45:17","date_gmt":"2016-11-21T22:45:17","guid":{"rendered":"http:\/\/agora.xtec.cat\/inslacetania\/?page_id=818"},"modified":"2025-03-04T09:59:06","modified_gmt":"2025-03-04T08:59:06","slug":"tramits","status":"publish","type":"page","link":"https:\/\/agora.xtec.cat\/inslacetania\/oficines\/tramits\/","title":{"rendered":"Tr\u00e0mits a secretaria"},"content":{"rendered":"<h3>Pagaments. TPV.<\/h3>\n<table style=\"width: 75%;\">\n<tbody>\n<tr>\n<td style=\"width: 20%;\"><a href=\"https:\/\/aplicacions.lacetania.cat\/tpv\/\" target=\"_blank\" rel=\"noopener noreferrer\"><img loading=\"lazy\" decoding=\"async\" class=\"aligncenter wp-image-9737 size-full\" src=\"https:\/\/agora.xtec.cat\/inslacetania\/wp-content\/uploads\/usu1045\/2020\/06\/payment.png\" alt=\"\" width=\"72\" height=\"72\" \/><\/a><\/td>\n<td style=\"width: 80%;\">Per al pagament de:<\/p>\n<ul>\n<li>Matr\u00edcules d&#8217;ESO i Batxillerat<\/li>\n<li>Matr\u00edcules de Cicles Formatius<\/li>\n<li>Excursions<\/li>\n<\/ul>\n<p>Podeu connectar amb el nostre <a href=\"https:\/\/aplicacions.lacetania.cat\/tpv\/\" target=\"_blank\" rel=\"noopener noreferrer\">portal per a pagaments<\/a>.<\/td>\n<\/tr>\n<\/tbody>\n<\/table>\n<h3>Sol\u00b7licituds<\/h3>\n<table style=\"width: 75%;\">\n<tbody>\n<tr>\n<td style=\"width: 20%;\"><a href=\"https:\/\/agora.xtec.cat\/inslacetania\/docs\/\" target=\"_blank\" rel=\"noopener\"><img loading=\"lazy\" decoding=\"async\" class=\"aligncenter wp-image-9741 size-full\" src=\"https:\/\/agora.xtec.cat\/inslacetania\/wp-content\/uploads\/usu1045\/2020\/06\/form-1.png\" alt=\"\" width=\"72\" height=\"72\" \/><\/a><\/td>\n<td style=\"width: 80%;\">Si us cal iniciar un tr\u00e0mit de sol\u00b7licitud de:<\/p>\n<ul>\n<li>t\u00edtol de Batxillerat o de Cicle Formatiu (GM o GS)<\/li>\n<li>duplicat de t\u00edtol<\/li>\n<li>certificat de qualificacions<\/li>\n<li>certificat de matr\u00edcula al centre<\/li>\n<li>certificat de nivell de catal\u00e0<\/li>\n<li>convalidacions<\/li>\n<li>altres peticions<\/li>\n<\/ul>\n<p>podeu adre\u00e7ar un correu electr\u00f2nic a <strong>tramits@lacetania.cat<\/strong> on s&#8217;inclogui:<\/p>\n<ul>\n<li>el nom, cognoms i DNI o NIE de la persona sol\u00b7licitant.<\/li>\n<li>en cas de ser el pare\/mare\/tutor\/a legal d\u2019un alumne menor d\u2019edat qui fa la sol\u00b7licitud, cal indicar el nom, cognoms i DNI \/ NIE de l\u2019alumne\/a a qui s\u2019ha d\u2019expedir el certificat.<\/li>\n<li>tel\u00e8fon de contacte.<\/li>\n<li>documentaci\u00f3 requerida per al certificat, si escau, adjuntada en arxiu.<\/li>\n<\/ul>\n<p>A l&#8217;enlla\u00e7 de sota podeu trobar alguns models de sol\u00b7licitud.<\/p>\n<ul>\n<li><a href=\"http:\/\/agora.xtec.cat\/inslacetania\/docs\/\" target=\"_blank\" rel=\"noopener noreferrer\">Documents<\/a> de secretaria<\/li>\n<\/ul>\n<p>En un termini breu rebreu resposta en el mateix correu des del qual heu fet la petici\u00f3.<\/p>\n<pre><\/pre>\n<\/td>\n<\/tr>\n<\/tbody>\n<\/table>\n<h3>Queixes i suggeriments<\/h3>\n<table style=\"width: 75%;\">\n<tbody>\n<tr>\n<td style=\"width: 20%;\"><a href=\"https:\/\/agora.xtec.cat\/inslacetania\/docs\/model-general-dinstancia\/\" target=\"_blank\" rel=\"noopener\"><img loading=\"lazy\" decoding=\"async\" class=\"aligncenter wp-image-17606 size-full\" src=\"https:\/\/agora.xtec.cat\/inslacetania\/wp-content\/uploads\/usu1045\/2023\/03\/submit.png\" alt=\"\" width=\"72\" height=\"72\" \/><\/a><\/td>\n<td style=\"width: 80%;\">\n<p style=\"text-align: justify; padding-left: 40px;\">Per formular una queixa o suggeriment caldr\u00e0 omplir una <a href=\"https:\/\/agora.xtec.cat\/inslacetania\/docs\/model-general-dinstancia\/\" target=\"_blank\" rel=\"noopener\">instancia gen\u00e9rica<\/a>, disponible als <a href=\"https:\/\/agora.xtec.cat\/inslacetania\/docs\/\" target=\"_blank\" rel=\"noopener\">documents de secretaria del centre<\/a>, i enviar-la al correu electr\u00f2nic <b>tramits<span class=\"\">@lacetania<\/span>.cat <\/b>indicant en el cos del correu i a la mateixa inst\u00e0ncia que s\u2019envia <strong>una<\/strong> <strong>Queixa o un Suggeriment<\/strong>. Es retornar\u00e0 c\u00f2pia amb registre d&#8217;entrada i posteriorment la Resoluci\u00f3 que es determini, al mateix correu electr\u00f2nic des del qual s&#8217;ha enviat la Queixa o Suggeriment.<\/p>\n<\/td>\n<\/tr>\n<\/tbody>\n<\/table>\n<p>&nbsp;<\/p>\n<p>&nbsp;<\/p>\n","protected":false},"excerpt":{"rendered":"<p>Pagaments. TPV. Per al pagament de: Matr\u00edcules d&#8217;ESO i Batxillerat Matr\u00edcules de Cicles Formatius Excursions Podeu connectar amb el nostre portal per a pagaments. Sol\u00b7licituds Si us cal iniciar un tr\u00e0mit de sol\u00b7licitud de: t\u00edtol de Batxillerat o de Cicle Formatiu (GM o GS) duplicat de t\u00edtol certificat de qualificacions certificat de matr\u00edcula al centre [&hellip;]<\/p>\n","protected":false},"author":4,"featured_media":0,"parent":81,"menu_order":10,"comment_status":"closed","ping_status":"closed","template":"page-templates\/side-menu.php","meta":{"_bbp_topic_count":0,"_bbp_reply_count":0,"_bbp_total_topic_count":0,"_bbp_total_reply_count":0,"_bbp_voice_count":0,"_bbp_anonymous_reply_count":0,"_bbp_topic_count_hidden":0,"_bbp_reply_count_hidden":0,"_bbp_forum_subforum_count":0,"site-sidebar-layout":"default","site-content-layout":"","ast-site-content-layout":"","site-content-style":"default","site-sidebar-style":"default","ast-global-header-display":"","ast-banner-title-visibility":"","ast-main-header-display":"","ast-hfb-above-header-display":"","ast-hfb-below-header-display":"","ast-hfb-mobile-header-display":"","site-post-title":"","ast-breadcrumbs-content":"","ast-featured-img":"","footer-sml-layout":"","theme-transparent-header-meta":"","adv-header-id-meta":"","stick-header-meta":"","header-above-stick-meta":"","header-main-stick-meta":"","header-below-stick-meta":"","astra-migrate-meta-layouts":"default","ast-page-background-enabled":"default","ast-page-background-meta":{"desktop":{"background-color":"var(--ast-global-color-4)","background-image":"","background-repeat":"repeat","background-position":"center center","background-size":"auto","background-attachment":"scroll","background-type":"","background-media":"","overlay-type":"","overlay-color":"","overlay-opacity":"","overlay-gradient":""},"tablet":{"background-color":"","background-image":"","background-repeat":"repeat","background-position":"center center","background-size":"auto","background-attachment":"scroll","background-type":"","background-media":"","overlay-type":"","overlay-color":"","overlay-opacity":"","overlay-gradient":""},"mobile":{"background-color":"","background-image":"","background-repeat":"repeat","background-position":"center center","background-size":"auto","background-attachment":"scroll","background-type":"","background-media":"","overlay-type":"","overlay-color":"","overlay-opacity":"","overlay-gradient":""}},"ast-content-background-meta":{"desktop":{"background-color":"var(--ast-global-color-5)","background-image":"","background-repeat":"repeat","background-position":"center center","background-size":"auto","background-attachment":"scroll","background-type":"","background-media":"","overlay-type":"","overlay-color":"","overlay-opacity":"","overlay-gradient":""},"tablet":{"background-color":"var(--ast-global-color-5)","background-image":"","background-repeat":"repeat","background-position":"center center","background-size":"auto","background-attachment":"scroll","background-type":"","background-media":"","overlay-type":"","overlay-color":"","overlay-opacity":"","overlay-gradient":""},"mobile":{"background-color":"var(--ast-global-color-5)","background-image":"","background-repeat":"repeat","background-position":"center center","background-size":"auto","background-attachment":"scroll","background-type":"","background-media":"","overlay-type":"","overlay-color":"","overlay-opacity":"","overlay-gradient":""}},"footnotes":""},"class_list":["post-818","page","type-page","status-publish","hentry"],"post_mailing_queue_ids":[],"_links":{"self":[{"href":"https:\/\/agora.xtec.cat\/inslacetania\/wp-json\/wp\/v2\/pages\/818","targetHints":{"allow":["GET"]}}],"collection":[{"href":"https:\/\/agora.xtec.cat\/inslacetania\/wp-json\/wp\/v2\/pages"}],"about":[{"href":"https:\/\/agora.xtec.cat\/inslacetania\/wp-json\/wp\/v2\/types\/page"}],"author":[{"embeddable":true,"href":"https:\/\/agora.xtec.cat\/inslacetania\/wp-json\/wp\/v2\/users\/4"}],"replies":[{"embeddable":true,"href":"https:\/\/agora.xtec.cat\/inslacetania\/wp-json\/wp\/v2\/comments?post=818"}],"version-history":[{"count":7,"href":"https:\/\/agora.xtec.cat\/inslacetania\/wp-json\/wp\/v2\/pages\/818\/revisions"}],"predecessor-version":[{"id":25453,"href":"https:\/\/agora.xtec.cat\/inslacetania\/wp-json\/wp\/v2\/pages\/818\/revisions\/25453"}],"up":[{"embeddable":true,"href":"https:\/\/agora.xtec.cat\/inslacetania\/wp-json\/wp\/v2\/pages\/81"}],"wp:attachment":[{"href":"https:\/\/agora.xtec.cat\/inslacetania\/wp-json\/wp\/v2\/media?parent=818"}],"curies":[{"name":"wp","href":"https:\/\/api.w.org\/{rel}","templated":true}]}}