{"id":81,"date":"2014-09-18T10:38:05","date_gmt":"2014-09-18T10:38:05","guid":{"rendered":"http:\/\/agora.xtec.cat\/inslacetania\/?page_id=81"},"modified":"2022-11-07T09:14:07","modified_gmt":"2022-11-07T08:14:07","slug":"oficines","status":"publish","type":"page","link":"https:\/\/agora.xtec.cat\/inslacetania\/oficines\/","title":{"rendered":"Secretaria"},"content":{"rendered":"<p>La secretaria de l\u2019Institut gestiona temes tals com la preinscripci\u00f3, la matr\u00edcula, les actes d\u2019avaluaci\u00f3, les certificacions de notes, els t\u00edtols acad\u00e8mics. Tamb\u00e9 n\u2019administra el pressupost.<\/p>\n<p>L&#8217;alumnat i\/o les fam\u00edlies s\u2019han d\u2019adre\u00e7ar a les oficines quan es volen preinscriure o matricular en un curs, quan necessiten una certificaci\u00f3, o quan volen sol\u00b7licitar el t\u00edtol d\u2019uns estudis ja superats.<\/p>\n<h2>Horari d\u2019atenci\u00f3 al p\u00fablic<\/h2>\n<p>Informaci\u00f3 a la p\u00e0gina principal.<\/p>\n<h2>Sol\u00b7licituds de t\u00edtols<\/h2>\n<p>Quan s\u2019ha superat un nivell d\u2019ensenyament determinat (ESO, Batxillerat, Cicle Formatiu), es t\u00e9 dret a sol\u00b7licitar el t\u00edtol acad\u00e8mic oficial que ho reconegui. En la majoria de casos, per matricular-se del nivell d\u2019estudis superior cal haver sol\u00b7licitat abans el t\u00edtol acad\u00e8mic del nivell assolit. Tanmateix, el t\u00edtol d\u2019ESO es tramita autom\u00e0ticament i no cal la sol\u00b7licitud de l\u2019alumne. Quan hagueu de sol\u00b7licitar algun dels altres t\u00edtols, podeu passar per oficines i us donarem la documentaci\u00f3 que cal emplenar. Un cop sol\u00b7licitat el t\u00edtol, us lliurarem un resguard oficial que t\u00e9 la mateixa validesa que el t\u00edtol. Penseu que tamb\u00e9 cal pagar unes taxes.<\/p>\n<h2>Quan es poden recollir els t\u00edtols?<\/h2>\n<p>Els t\u00edtols tarden bastant a arribar a l\u2019Institut despr\u00e9s d\u2019haver estat sol\u00b7licitats. Si ja n\u2019heu sol\u00b7licitat algun, telefoneu-nos o envieu-nos un correu electr\u00f2nic per saber si ja l\u2019hem rebut. Tanmateix, sempre que es rep una nova tramesa de t\u00edtols enviem una carta a l\u2019interessat\/da i li fem saber que el seu t\u00edtol ha arribat. De vegades, per\u00f2, hi ha problemes de canvis d\u2019adre\u00e7a desconeguts per l\u2019Institut.<\/p>\n<h2>Formularis<\/h2>\n<p>Per fer alguns tr\u00e0mits, a continuaci\u00f3 t&#8217;enllacem\u00a0als formularis corresponents.<\/p>\n<ul>\n<li><a href=\"http:\/\/agora.xtec.cat\/inslacetania\/secretaria\/tramits\/\" target=\"_blank\" rel=\"noopener noreferrer\">Tr\u00e0mits a secretaria<\/a>\u00a0(autoritzaci\u00f3 de sortides, sol\u00b7licituds de certificats&#8230;)<\/li>\n<\/ul>\n<p>&nbsp;<\/p>\n","protected":false},"excerpt":{"rendered":"<p>La secretaria de l\u2019Institut gestiona temes tals com la preinscripci\u00f3, la matr\u00edcula, les actes d\u2019avaluaci\u00f3, les certificacions de notes, els t\u00edtols acad\u00e8mics. Tamb\u00e9 n\u2019administra el pressupost. L&#8217;alumnat i\/o les fam\u00edlies s\u2019han d\u2019adre\u00e7ar a les oficines quan es volen preinscriure o matricular en un curs, quan necessiten una certificaci\u00f3, o quan volen sol\u00b7licitar el t\u00edtol d\u2019uns [&hellip;]<\/p>\n","protected":false},"author":1,"featured_media":0,"parent":0,"menu_order":0,"comment_status":"closed","ping_status":"closed","template":"page-templates\/side-menu.php","meta":{"_bbp_topic_count":0,"_bbp_reply_count":0,"_bbp_total_topic_count":0,"_bbp_total_reply_count":0,"_bbp_voice_count":0,"_bbp_anonymous_reply_count":0,"_bbp_topic_count_hidden":0,"_bbp_reply_count_hidden":0,"_bbp_forum_subforum_count":0,"site-sidebar-layout":"default","site-content-layout":"","ast-site-content-layout":"","site-content-style":"default","site-sidebar-style":"default","ast-global-header-display":"","ast-banner-title-visibility":"","ast-main-header-display":"","ast-hfb-above-header-display":"","ast-hfb-below-header-display":"","ast-hfb-mobile-header-display":"","site-post-title":"","ast-breadcrumbs-content":"","ast-featured-img":"","footer-sml-layout":"","theme-transparent-header-meta":"","adv-header-id-meta":"","stick-header-meta":"","header-above-stick-meta":"","header-main-stick-meta":"","header-below-stick-meta":"","astra-migrate-meta-layouts":"default","ast-page-background-enabled":"default","ast-page-background-meta":{"desktop":{"background-color":"var(--ast-global-color-4)","background-image":"","background-repeat":"repeat","background-position":"center center","background-size":"auto","background-attachment":"scroll","background-type":"","background-media":"","overlay-type":"","overlay-color":"","overlay-opacity":"","overlay-gradient":""},"tablet":{"background-color":"","background-image":"","background-repeat":"repeat","background-position":"center center","background-size":"auto","background-attachment":"scroll","background-type":"","background-media":"","overlay-type":"","overlay-color":"","overlay-opacity":"","overlay-gradient":""},"mobile":{"background-color":"","background-image":"","background-repeat":"repeat","background-position":"center center","background-size":"auto","background-attachment":"scroll","background-type":"","background-media":"","overlay-type":"","overlay-color":"","overlay-opacity":"","overlay-gradient":""}},"ast-content-background-meta":{"desktop":{"background-color":"var(--ast-global-color-5)","background-image":"","background-repeat":"repeat","background-position":"center center","background-size":"auto","background-attachment":"scroll","background-type":"","background-media":"","overlay-type":"","overlay-color":"","overlay-opacity":"","overlay-gradient":""},"tablet":{"background-color":"var(--ast-global-color-5)","background-image":"","background-repeat":"repeat","background-position":"center center","background-size":"auto","background-attachment":"scroll","background-type":"","background-media":"","overlay-type":"","overlay-color":"","overlay-opacity":"","overlay-gradient":""},"mobile":{"background-color":"var(--ast-global-color-5)","background-image":"","background-repeat":"repeat","background-position":"center center","background-size":"auto","background-attachment":"scroll","background-type":"","background-media":"","overlay-type":"","overlay-color":"","overlay-opacity":"","overlay-gradient":""}},"footnotes":""},"class_list":["post-81","page","type-page","status-publish","hentry"],"post_mailing_queue_ids":[],"_links":{"self":[{"href":"https:\/\/agora.xtec.cat\/inslacetania\/wp-json\/wp\/v2\/pages\/81","targetHints":{"allow":["GET"]}}],"collection":[{"href":"https:\/\/agora.xtec.cat\/inslacetania\/wp-json\/wp\/v2\/pages"}],"about":[{"href":"https:\/\/agora.xtec.cat\/inslacetania\/wp-json\/wp\/v2\/types\/page"}],"author":[{"embeddable":true,"href":"https:\/\/agora.xtec.cat\/inslacetania\/wp-json\/wp\/v2\/users\/1"}],"replies":[{"embeddable":true,"href":"https:\/\/agora.xtec.cat\/inslacetania\/wp-json\/wp\/v2\/comments?post=81"}],"version-history":[{"count":3,"href":"https:\/\/agora.xtec.cat\/inslacetania\/wp-json\/wp\/v2\/pages\/81\/revisions"}],"predecessor-version":[{"id":15665,"href":"https:\/\/agora.xtec.cat\/inslacetania\/wp-json\/wp\/v2\/pages\/81\/revisions\/15665"}],"wp:attachment":[{"href":"https:\/\/agora.xtec.cat\/inslacetania\/wp-json\/wp\/v2\/media?parent=81"}],"curies":[{"name":"wp","href":"https:\/\/api.w.org\/{rel}","templated":true}]}}