{"id":804,"date":"2016-11-17T23:04:27","date_gmt":"2016-11-17T22:04:27","guid":{"rendered":"http:\/\/agora.xtec.cat\/inslacetania\/?page_id=804"},"modified":"2025-03-21T16:06:33","modified_gmt":"2025-03-21T15:06:33","slug":"ioc-fp","status":"publish","type":"page","link":"https:\/\/agora.xtec.cat\/inslacetania\/estudis\/fp\/ioc-fp\/","title":{"rendered":"IOC-FP"},"content":{"rendered":"<p>L&#8217;Institut Lacet\u00e0nia \u00e9s centre de suport de l&#8217;IOC per als estudis d&#8217;FP. D&#8217;aquesta manera, l&#8217;alumnat nou d&#8217;FP podr\u00e0 fer els tr\u00e0mits de matr\u00edcula d&#8217;FP a la secretaria del nostre centre, en els per\u00edodes establerts cada semestre, un cop s&#8217;hagi donat d&#8217;alta en l&#8217;aplicatiu de preinscripci\u00f3 i matr\u00edcula de l&#8217;IOC.<\/p>\n<h2>Qui \u00e9s alumnat nou?<\/h2>\n<p>S\u00f3n alumnat nou les persones que no han cursat mai cap estudi de formaci\u00f3 professional a l\u2019IOC i l\u2019alumnat matriculat a l\u2019IOC per estudiar el graduat en educaci\u00f3 secund\u00e0ria, el batxillerat, idiomes, el curs de preparaci\u00f3 per a la prova d&#8217;acc\u00e9s als cicles de grau superior o qualsevol altre estudi que no siguin els cicles formatius d&#8217;FP.<\/p>\n<h2>On puc trobar m\u00e9s informaci\u00f3 sobre els estudis d&#8217;FP a l&#8217;IOC?<\/h2>\n<p>Per informar-vos sobre els estudis d&#8217;FP a l&#8217;IOC, cliqueu <a href=\"https:\/\/ioc.xtec.cat\/educacio\/cicles-formatius\" target=\"_blank\" rel=\"noopener noreferrer\">aqu\u00ed<\/a>.<\/p>\n<p>Tamb\u00e9 podeu adre\u00e7ar-nos un missatge a <strong>infoioc@lacetania.cat<\/strong><\/p>\n<p style=\"text-align: right;\"><a href=\"http:\/\/agora.xtec.cat\/inslacetania\/wp-content\/uploads\/usu1045\/2016\/11\/75_1_ioc.jpg\"><img loading=\"lazy\" decoding=\"async\" class=\"alignnone size-full wp-image-805\" src=\"http:\/\/agora.xtec.cat\/inslacetania\/wp-content\/uploads\/usu1045\/2016\/11\/75_1_ioc.jpg\" alt=\"75_1_ioc\" width=\"100\" height=\"100\" \/><\/a><\/p>\n","protected":false},"excerpt":{"rendered":"<p>L&#8217;Institut Lacet\u00e0nia \u00e9s centre de suport de l&#8217;IOC per als estudis d&#8217;FP. D&#8217;aquesta manera, l&#8217;alumnat nou d&#8217;FP podr\u00e0 fer els tr\u00e0mits de matr\u00edcula d&#8217;FP a la secretaria del nostre centre, en els per\u00edodes establerts cada semestre, un cop s&#8217;hagi donat d&#8217;alta en l&#8217;aplicatiu de preinscripci\u00f3 i matr\u00edcula de l&#8217;IOC. Qui \u00e9s alumnat nou? S\u00f3n alumnat [&hellip;]<\/p>\n","protected":false},"author":4,"featured_media":0,"parent":531,"menu_order":110,"comment_status":"closed","ping_status":"closed","template":"page-templates\/side-menu.php","meta":{"_bbp_topic_count":0,"_bbp_reply_count":0,"_bbp_total_topic_count":0,"_bbp_total_reply_count":0,"_bbp_voice_count":0,"_bbp_anonymous_reply_count":0,"_bbp_topic_count_hidden":0,"_bbp_reply_count_hidden":0,"_bbp_forum_subforum_count":0,"site-sidebar-layout":"default","site-content-layout":"","ast-site-content-layout":"","site-content-style":"default","site-sidebar-style":"default","ast-global-header-display":"","ast-banner-title-visibility":"","ast-main-header-display":"","ast-hfb-above-header-display":"","ast-hfb-below-header-display":"","ast-hfb-mobile-header-display":"","site-post-title":"","ast-breadcrumbs-content":"","ast-featured-img":"","footer-sml-layout":"","theme-transparent-header-meta":"","adv-header-id-meta":"","stick-header-meta":"","header-above-stick-meta":"","header-main-stick-meta":"","header-below-stick-meta":"","astra-migrate-meta-layouts":"default","ast-page-background-enabled":"default","ast-page-background-meta":{"desktop":{"background-color":"var(--ast-global-color-4)","background-image":"","background-repeat":"repeat","background-position":"center center","background-size":"auto","background-attachment":"scroll","background-type":"","background-media":"","overlay-type":"","overlay-color":"","overlay-opacity":"","overlay-gradient":""},"tablet":{"background-color":"","background-image":"","background-repeat":"repeat","background-position":"center center","background-size":"auto","background-attachment":"scroll","background-type":"","background-media":"","overlay-type":"","overlay-color":"","overlay-opacity":"","overlay-gradient":""},"mobile":{"background-color":"","background-image":"","background-repeat":"repeat","background-position":"center center","background-size":"auto","background-attachment":"scroll","background-type":"","background-media":"","overlay-type":"","overlay-color":"","overlay-opacity":"","overlay-gradient":""}},"ast-content-background-meta":{"desktop":{"background-color":"var(--ast-global-color-5)","background-image":"","background-repeat":"repeat","background-position":"center center","background-size":"auto","background-attachment":"scroll","background-type":"","background-media":"","overlay-type":"","overlay-color":"","overlay-opacity":"","overlay-gradient":""},"tablet":{"background-color":"var(--ast-global-color-5)","background-image":"","background-repeat":"repeat","background-position":"center center","background-size":"auto","background-attachment":"scroll","background-type":"","background-media":"","overlay-type":"","overlay-color":"","overlay-opacity":"","overlay-gradient":""},"mobile":{"background-color":"var(--ast-global-color-5)","background-image":"","background-repeat":"repeat","background-position":"center center","background-size":"auto","background-attachment":"scroll","background-type":"","background-media":"","overlay-type":"","overlay-color":"","overlay-opacity":"","overlay-gradient":""}},"footnotes":""},"class_list":["post-804","page","type-page","status-publish","hentry"],"post_mailing_queue_ids":[],"_links":{"self":[{"href":"https:\/\/agora.xtec.cat\/inslacetania\/wp-json\/wp\/v2\/pages\/804","targetHints":{"allow":["GET"]}}],"collection":[{"href":"https:\/\/agora.xtec.cat\/inslacetania\/wp-json\/wp\/v2\/pages"}],"about":[{"href":"https:\/\/agora.xtec.cat\/inslacetania\/wp-json\/wp\/v2\/types\/page"}],"author":[{"embeddable":true,"href":"https:\/\/agora.xtec.cat\/inslacetania\/wp-json\/wp\/v2\/users\/4"}],"replies":[{"embeddable":true,"href":"https:\/\/agora.xtec.cat\/inslacetania\/wp-json\/wp\/v2\/comments?post=804"}],"version-history":[{"count":3,"href":"https:\/\/agora.xtec.cat\/inslacetania\/wp-json\/wp\/v2\/pages\/804\/revisions"}],"predecessor-version":[{"id":8036,"href":"https:\/\/agora.xtec.cat\/inslacetania\/wp-json\/wp\/v2\/pages\/804\/revisions\/8036"}],"up":[{"embeddable":true,"href":"https:\/\/agora.xtec.cat\/inslacetania\/wp-json\/wp\/v2\/pages\/531"}],"wp:attachment":[{"href":"https:\/\/agora.xtec.cat\/inslacetania\/wp-json\/wp\/v2\/media?parent=804"}],"curies":[{"name":"wp","href":"https:\/\/api.w.org\/{rel}","templated":true}]}}