{"id":797,"date":"2016-11-17T22:50:20","date_gmt":"2016-11-17T21:50:20","guid":{"rendered":"http:\/\/agora.xtec.cat\/inslacetania\/?page_id=797"},"modified":"2020-03-17T17:57:29","modified_gmt":"2020-03-17T16:57:29","slug":"erasmuspluska2","status":"publish","type":"page","link":"https:\/\/agora.xtec.cat\/inslacetania\/projectes\/erasmusplus\/erasmuspluska2\/","title":{"rendered":"Erasmus+ KA2"},"content":{"rendered":"<p>Les accions de KA2 fan possible que les organitzacions de diferents pa\u00efsos participants cooperin, desenvolupin, comparteixin i transfereixen bones pr\u00e0ctiques i enfocaments innovadors en els \u00e0mbits de l\u2019educaci\u00f3, la formaci\u00f3 i la joventut.<\/p>\n<p>Dins d\u2019aquest programa KA2 s\u00f3n possibles diferents accions.<\/p>\n<ul>\n<li>Aliances de compet\u00e8ncies sectorials que garanteixen la cooperaci\u00f3 entre educaci\u00f3 i ocupaci\u00f3 en l\u2019abordatge de les llacunes de compet\u00e8ncies en relaci\u00f3 amb un o m\u00e9s perfils professionals en un sector espec\u00edfic<\/li>\n<li>Aliances del coneixement cooperaci\u00f3 entre institucions d\u2019educaci\u00f3 superior i empreses<\/li>\n<li>Creaci\u00f3 de capacitats en el camp dels joves que recolzen la cooperaci\u00f3 amb pa\u00efsos socis<\/li>\n<li>Creaci\u00f3 de capacitats en l\u2019\u00e0mbit de l\u2019educaci\u00f3 superior que recolza la cooperaci\u00f3 amb els pa\u00efsos socis.<\/li>\n<\/ul>\n<p>Lacet\u00e0nia, des de ja fa uns anys, participa en dins d\u2019aquesta acci\u00f3 KA2 en el marc del Programa Erasmus+<\/p>\n<h4>Projectes<\/h4>\n<ul>\n<li><a href=\"http:\/\/agora.xtec.cat\/inslacetania\/projectes\/erasmusplus\/erasmuspluska2\/indi40\/\" target=\"_blank\" rel=\"noopener noreferrer\">INDI4.0<\/a>: Industry interaction 4.0<\/li>\n<li><a href=\"http:\/\/agora.xtec.cat\/inslacetania\/projectes\/erasmusplus\/erasmuspluska2\/mica\/\" target=\"_blank\" rel=\"noopener noreferrer\">MICA<\/a>: Mechanical Industrial Collaborative Assignments<\/li>\n<li><a href=\"https:\/\/agora.xtec.cat\/inslacetania\/projectes\/erasmusplus\/erasmuspluska2\/ipan\/\" target=\"_blank\" rel=\"noopener noreferrer\">IPAN<\/a>: International Production Automation Network<\/li>\n<li><a href=\"https:\/\/agora.xtec.cat\/inslacetania\/projectes\/erasmusplus\/erasmuspluska2\/social-europe-2020\/\" target=\"_blank\" rel=\"noopener noreferrer\">Social Europe 2020<\/a>: Combating Social Exclusion and Poverty in the European Union<\/li>\n<li><a href=\"https:\/\/agora.xtec.cat\/inslacetania\/projectes\/erasmusplus\/erasmuspluska2\/europe-2020-first-target-fighting-unemployment\/\" target=\"_blank\" rel=\"noopener noreferrer\">Europe 2020 First Target<\/a>: Fighting Unemployment<\/li>\n<\/ul>\n<p style=\"text-align: right;\"><a href=\"https:\/\/agora.xtec.cat\/inslacetania\/wp-content\/uploads\/usu1045\/2016\/11\/EU-flag-Erasmus-e1478460285882.jpg\"><img loading=\"lazy\" decoding=\"async\" class=\"alignnone size-medium wp-image-618\" src=\"https:\/\/agora.xtec.cat\/inslacetania\/wp-content\/uploads\/usu1045\/2016\/11\/EU-flag-Erasmus-300x86.jpg\" alt=\"\" width=\"300\" height=\"86\" \/><\/a><\/p>\n<p>&nbsp;<\/p>\n","protected":false},"excerpt":{"rendered":"<p>Les accions de KA2 fan possible que les organitzacions de diferents pa\u00efsos participants cooperin, desenvolupin, comparteixin i transfereixen bones pr\u00e0ctiques i enfocaments innovadors en els \u00e0mbits de l\u2019educaci\u00f3, la formaci\u00f3 i la joventut. Dins d\u2019aquest programa KA2 s\u00f3n possibles diferents accions. Aliances de compet\u00e8ncies sectorials que garanteixen la cooperaci\u00f3 entre educaci\u00f3 i ocupaci\u00f3 en l\u2019abordatge [&hellip;]<\/p>\n","protected":false},"author":4,"featured_media":0,"parent":3658,"menu_order":50,"comment_status":"closed","ping_status":"closed","template":"page-templates\/side-menu.php","meta":{"_bbp_topic_count":0,"_bbp_reply_count":0,"_bbp_total_topic_count":0,"_bbp_total_reply_count":0,"_bbp_voice_count":0,"_bbp_anonymous_reply_count":0,"_bbp_topic_count_hidden":0,"_bbp_reply_count_hidden":0,"_bbp_forum_subforum_count":0,"site-sidebar-layout":"default","site-content-layout":"","ast-site-content-layout":"","site-content-style":"default","site-sidebar-style":"default","ast-global-header-display":"","ast-banner-title-visibility":"","ast-main-header-display":"","ast-hfb-above-header-display":"","ast-hfb-below-header-display":"","ast-hfb-mobile-header-display":"","site-post-title":"","ast-breadcrumbs-content":"","ast-featured-img":"","footer-sml-layout":"","theme-transparent-header-meta":"","adv-header-id-meta":"","stick-header-meta":"","header-above-stick-meta":"","header-main-stick-meta":"","header-below-stick-meta":"","astra-migrate-meta-layouts":"default","ast-page-background-enabled":"default","ast-page-background-meta":{"desktop":{"background-color":"var(--ast-global-color-4)","background-image":"","background-repeat":"repeat","background-position":"center center","background-size":"auto","background-attachment":"scroll","background-type":"","background-media":"","overlay-type":"","overlay-color":"","overlay-opacity":"","overlay-gradient":""},"tablet":{"background-color":"","background-image":"","background-repeat":"repeat","background-position":"center center","background-size":"auto","background-attachment":"scroll","background-type":"","background-media":"","overlay-type":"","overlay-color":"","overlay-opacity":"","overlay-gradient":""},"mobile":{"background-color":"","background-image":"","background-repeat":"repeat","background-position":"center center","background-size":"auto","background-attachment":"scroll","background-type":"","background-media":"","overlay-type":"","overlay-color":"","overlay-opacity":"","overlay-gradient":""}},"ast-content-background-meta":{"desktop":{"background-color":"var(--ast-global-color-5)","background-image":"","background-repeat":"repeat","background-position":"center center","background-size":"auto","background-attachment":"scroll","background-type":"","background-media":"","overlay-type":"","overlay-color":"","overlay-opacity":"","overlay-gradient":""},"tablet":{"background-color":"var(--ast-global-color-5)","background-image":"","background-repeat":"repeat","background-position":"center center","background-size":"auto","background-attachment":"scroll","background-type":"","background-media":"","overlay-type":"","overlay-color":"","overlay-opacity":"","overlay-gradient":""},"mobile":{"background-color":"var(--ast-global-color-5)","background-image":"","background-repeat":"repeat","background-position":"center center","background-size":"auto","background-attachment":"scroll","background-type":"","background-media":"","overlay-type":"","overlay-color":"","overlay-opacity":"","overlay-gradient":""}},"footnotes":""},"class_list":["post-797","page","type-page","status-publish","hentry"],"post_mailing_queue_ids":[],"_links":{"self":[{"href":"https:\/\/agora.xtec.cat\/inslacetania\/wp-json\/wp\/v2\/pages\/797","targetHints":{"allow":["GET"]}}],"collection":[{"href":"https:\/\/agora.xtec.cat\/inslacetania\/wp-json\/wp\/v2\/pages"}],"about":[{"href":"https:\/\/agora.xtec.cat\/inslacetania\/wp-json\/wp\/v2\/types\/page"}],"author":[{"embeddable":true,"href":"https:\/\/agora.xtec.cat\/inslacetania\/wp-json\/wp\/v2\/users\/4"}],"replies":[{"embeddable":true,"href":"https:\/\/agora.xtec.cat\/inslacetania\/wp-json\/wp\/v2\/comments?post=797"}],"version-history":[{"count":5,"href":"https:\/\/agora.xtec.cat\/inslacetania\/wp-json\/wp\/v2\/pages\/797\/revisions"}],"predecessor-version":[{"id":9066,"href":"https:\/\/agora.xtec.cat\/inslacetania\/wp-json\/wp\/v2\/pages\/797\/revisions\/9066"}],"up":[{"embeddable":true,"href":"https:\/\/agora.xtec.cat\/inslacetania\/wp-json\/wp\/v2\/pages\/3658"}],"wp:attachment":[{"href":"https:\/\/agora.xtec.cat\/inslacetania\/wp-json\/wp\/v2\/media?parent=797"}],"curies":[{"name":"wp","href":"https:\/\/api.w.org\/{rel}","templated":true}]}}