{"id":77,"date":"2014-09-18T10:29:25","date_gmt":"2014-09-18T09:29:25","guid":{"rendered":"http:\/\/agora.xtec.cat\/inslacetania\/?page_id=77"},"modified":"2016-12-14T23:02:05","modified_gmt":"2016-12-14T22:02:05","slug":"bustia","status":"publish","type":"page","link":"https:\/\/agora.xtec.cat\/inslacetania\/serveis\/bustia\/","title":{"rendered":"B\u00fastia de queixes i suggeriments"},"content":{"rendered":"<p style=\"color: #000000;\">Un dels lemes de l&#8217;Institut \u00e9s &#8220;treballem per a ser millors cada dia&#8221;. L&#8217;equip directiu, professors i personal d&#8217;administraci\u00f3 i serveis treballem en aquesta l\u00ednia per\u00a0tenir una escola millor, i la tenim molt present. Tot i aix\u00f2, no podem estar a tot arreu ni ho veiem tot. Per aix\u00f2 ens ajuda molt que tu tamb\u00e9 participis en aquesta tasca que, al cap i a la fi, cr\u00e8iem que \u00e9s un inter\u00e8s que tu tamb\u00e9 tens. Per aix\u00f2, si tens qualsevol dubte, suggeriment, queixa o simplement per dir-nos qu\u00e8 t&#8217;agrada m\u00e9s i qu\u00e8 t&#8217;agrada menys de la teva escola, ens ho\u00a0pots fer arribar a trav\u00e9s de la b\u00fastia qu\u00e8 a tal efecte\u00a0tens disponible a consergeria.<\/p>\n<p style=\"color: #000000;\">Si us plau, ajuda&#8217;ns a millorar i participa en aquesta tasca en benefici de tots. No dubtis en fer servir el servei si creus que hi ha alguna cosa qu\u00e8 \u00e9s d&#8217;inter\u00e8s de tots i que ens pot ajudar a millorar.<\/p>\n","protected":false},"excerpt":{"rendered":"<p>Un dels lemes de l&#8217;Institut \u00e9s &#8220;treballem per a ser millors cada dia&#8221;. L&#8217;equip directiu, professors i personal d&#8217;administraci\u00f3 i serveis treballem en aquesta l\u00ednia per\u00a0tenir una escola millor, i la tenim molt present. Tot i aix\u00f2, no podem estar a tot arreu ni ho veiem tot. Per aix\u00f2 ens ajuda molt que tu tamb\u00e9 [&hellip;]<\/p>\n","protected":false},"author":1,"featured_media":0,"parent":63,"menu_order":50,"comment_status":"closed","ping_status":"closed","template":"page-templates\/side-menu.php","meta":{"_bbp_topic_count":0,"_bbp_reply_count":0,"_bbp_total_topic_count":0,"_bbp_total_reply_count":0,"_bbp_voice_count":0,"_bbp_anonymous_reply_count":0,"_bbp_topic_count_hidden":0,"_bbp_reply_count_hidden":0,"_bbp_forum_subforum_count":0,"site-sidebar-layout":"default","site-content-layout":"","ast-site-content-layout":"","site-content-style":"default","site-sidebar-style":"default","ast-global-header-display":"","ast-banner-title-visibility":"","ast-main-header-display":"","ast-hfb-above-header-display":"","ast-hfb-below-header-display":"","ast-hfb-mobile-header-display":"","site-post-title":"","ast-breadcrumbs-content":"","ast-featured-img":"","footer-sml-layout":"","theme-transparent-header-meta":"","adv-header-id-meta":"","stick-header-meta":"","header-above-stick-meta":"","header-main-stick-meta":"","header-below-stick-meta":"","astra-migrate-meta-layouts":"default","ast-page-background-enabled":"default","ast-page-background-meta":{"desktop":{"background-color":"var(--ast-global-color-4)","background-image":"","background-repeat":"repeat","background-position":"center center","background-size":"auto","background-attachment":"scroll","background-type":"","background-media":"","overlay-type":"","overlay-color":"","overlay-opacity":"","overlay-gradient":""},"tablet":{"background-color":"","background-image":"","background-repeat":"repeat","background-position":"center center","background-size":"auto","background-attachment":"scroll","background-type":"","background-media":"","overlay-type":"","overlay-color":"","overlay-opacity":"","overlay-gradient":""},"mobile":{"background-color":"","background-image":"","background-repeat":"repeat","background-position":"center center","background-size":"auto","background-attachment":"scroll","background-type":"","background-media":"","overlay-type":"","overlay-color":"","overlay-opacity":"","overlay-gradient":""}},"ast-content-background-meta":{"desktop":{"background-color":"var(--ast-global-color-5)","background-image":"","background-repeat":"repeat","background-position":"center center","background-size":"auto","background-attachment":"scroll","background-type":"","background-media":"","overlay-type":"","overlay-color":"","overlay-opacity":"","overlay-gradient":""},"tablet":{"background-color":"var(--ast-global-color-5)","background-image":"","background-repeat":"repeat","background-position":"center center","background-size":"auto","background-attachment":"scroll","background-type":"","background-media":"","overlay-type":"","overlay-color":"","overlay-opacity":"","overlay-gradient":""},"mobile":{"background-color":"var(--ast-global-color-5)","background-image":"","background-repeat":"repeat","background-position":"center center","background-size":"auto","background-attachment":"scroll","background-type":"","background-media":"","overlay-type":"","overlay-color":"","overlay-opacity":"","overlay-gradient":""}},"footnotes":""},"class_list":["post-77","page","type-page","status-publish","hentry"],"post_mailing_queue_ids":[],"_links":{"self":[{"href":"https:\/\/agora.xtec.cat\/inslacetania\/wp-json\/wp\/v2\/pages\/77","targetHints":{"allow":["GET"]}}],"collection":[{"href":"https:\/\/agora.xtec.cat\/inslacetania\/wp-json\/wp\/v2\/pages"}],"about":[{"href":"https:\/\/agora.xtec.cat\/inslacetania\/wp-json\/wp\/v2\/types\/page"}],"author":[{"embeddable":true,"href":"https:\/\/agora.xtec.cat\/inslacetania\/wp-json\/wp\/v2\/users\/1"}],"replies":[{"embeddable":true,"href":"https:\/\/agora.xtec.cat\/inslacetania\/wp-json\/wp\/v2\/comments?post=77"}],"version-history":[{"count":3,"href":"https:\/\/agora.xtec.cat\/inslacetania\/wp-json\/wp\/v2\/pages\/77\/revisions"}],"predecessor-version":[{"id":919,"href":"https:\/\/agora.xtec.cat\/inslacetania\/wp-json\/wp\/v2\/pages\/77\/revisions\/919"}],"up":[{"embeddable":true,"href":"https:\/\/agora.xtec.cat\/inslacetania\/wp-json\/wp\/v2\/pages\/63"}],"wp:attachment":[{"href":"https:\/\/agora.xtec.cat\/inslacetania\/wp-json\/wp\/v2\/media?parent=77"}],"curies":[{"name":"wp","href":"https:\/\/api.w.org\/{rel}","templated":true}]}}