{"id":75,"date":"2014-09-18T10:21:02","date_gmt":"2014-09-18T09:21:02","guid":{"rendered":"http:\/\/agora.xtec.cat\/inslacetania\/?page_id=75"},"modified":"2021-01-28T23:45:45","modified_gmt":"2021-01-28T22:45:45","slug":"mediacio","status":"publish","type":"page","link":"https:\/\/agora.xtec.cat\/inslacetania\/serveis\/mediacio\/","title":{"rendered":"Mediaci\u00f3"},"content":{"rendered":"<p>Amb l&#8217;objectiu de facilitar la resoluci\u00f3 de conflictes, l&#8217;Institut disposa d&#8217;un servei de mediaci\u00f3.<\/p>\n<p>Es tracta d\u2019un grup de professors\/es, alumnes, mares i pares i personal d\u2019administraci\u00f3 i serveis, que s\u2019han format en les t\u00e8cniques de resoluci\u00f3 de conflictes per a posar en pr\u00e0ctica la mediaci\u00f3 escolar. Aix\u00ed, si mai us trobeu implicats en una situaci\u00f3 conflictiva podeu demanar que actu\u00ef el servei de mediaci\u00f3. Companys i companyes vostres us ajudaran a resoldre els problemes d\u2019una manera justa i equitativa, i de forma totalment confidencial.<\/p>\n<p>Tothom pot demanar l\u2019actuaci\u00f3 del servei de mediaci\u00f3 ja sigui a trav\u00e9s de la b\u00fastia que es troba a consergeria despr\u00e9s de complimentar l\u2019impr\u00e8s corresponent. Tamb\u00e9 ho podeu fer a trav\u00e9s dels tutors\/res o fins i tot ho pot sol\u00b7licitar directament als membres de l\u2019equip del servei de mediaci\u00f3 escolar.<\/p>\n","protected":false},"excerpt":{"rendered":"<p>Amb l&#8217;objectiu de facilitar la resoluci\u00f3 de conflictes, l&#8217;Institut disposa d&#8217;un servei de mediaci\u00f3. Es tracta d\u2019un grup de professors\/es, alumnes, mares i pares i personal d\u2019administraci\u00f3 i serveis, que s\u2019han format en les t\u00e8cniques de resoluci\u00f3 de conflictes per a posar en pr\u00e0ctica la mediaci\u00f3 escolar. Aix\u00ed, si mai us trobeu implicats en una [&hellip;]<\/p>\n","protected":false},"author":1,"featured_media":0,"parent":63,"menu_order":40,"comment_status":"closed","ping_status":"closed","template":"page-templates\/side-menu.php","meta":{"_bbp_topic_count":0,"_bbp_reply_count":0,"_bbp_total_topic_count":0,"_bbp_total_reply_count":0,"_bbp_voice_count":0,"_bbp_anonymous_reply_count":0,"_bbp_topic_count_hidden":0,"_bbp_reply_count_hidden":0,"_bbp_forum_subforum_count":0,"site-sidebar-layout":"default","site-content-layout":"","ast-site-content-layout":"","site-content-style":"default","site-sidebar-style":"default","ast-global-header-display":"","ast-banner-title-visibility":"","ast-main-header-display":"","ast-hfb-above-header-display":"","ast-hfb-below-header-display":"","ast-hfb-mobile-header-display":"","site-post-title":"","ast-breadcrumbs-content":"","ast-featured-img":"","footer-sml-layout":"","theme-transparent-header-meta":"","adv-header-id-meta":"","stick-header-meta":"","header-above-stick-meta":"","header-main-stick-meta":"","header-below-stick-meta":"","astra-migrate-meta-layouts":"default","ast-page-background-enabled":"default","ast-page-background-meta":{"desktop":{"background-color":"var(--ast-global-color-4)","background-image":"","background-repeat":"repeat","background-position":"center center","background-size":"auto","background-attachment":"scroll","background-type":"","background-media":"","overlay-type":"","overlay-color":"","overlay-opacity":"","overlay-gradient":""},"tablet":{"background-color":"","background-image":"","background-repeat":"repeat","background-position":"center center","background-size":"auto","background-attachment":"scroll","background-type":"","background-media":"","overlay-type":"","overlay-color":"","overlay-opacity":"","overlay-gradient":""},"mobile":{"background-color":"","background-image":"","background-repeat":"repeat","background-position":"center center","background-size":"auto","background-attachment":"scroll","background-type":"","background-media":"","overlay-type":"","overlay-color":"","overlay-opacity":"","overlay-gradient":""}},"ast-content-background-meta":{"desktop":{"background-color":"var(--ast-global-color-5)","background-image":"","background-repeat":"repeat","background-position":"center center","background-size":"auto","background-attachment":"scroll","background-type":"","background-media":"","overlay-type":"","overlay-color":"","overlay-opacity":"","overlay-gradient":""},"tablet":{"background-color":"var(--ast-global-color-5)","background-image":"","background-repeat":"repeat","background-position":"center center","background-size":"auto","background-attachment":"scroll","background-type":"","background-media":"","overlay-type":"","overlay-color":"","overlay-opacity":"","overlay-gradient":""},"mobile":{"background-color":"var(--ast-global-color-5)","background-image":"","background-repeat":"repeat","background-position":"center center","background-size":"auto","background-attachment":"scroll","background-type":"","background-media":"","overlay-type":"","overlay-color":"","overlay-opacity":"","overlay-gradient":""}},"footnotes":""},"class_list":["post-75","page","type-page","status-publish","hentry"],"post_mailing_queue_ids":[],"_links":{"self":[{"href":"https:\/\/agora.xtec.cat\/inslacetania\/wp-json\/wp\/v2\/pages\/75","targetHints":{"allow":["GET"]}}],"collection":[{"href":"https:\/\/agora.xtec.cat\/inslacetania\/wp-json\/wp\/v2\/pages"}],"about":[{"href":"https:\/\/agora.xtec.cat\/inslacetania\/wp-json\/wp\/v2\/types\/page"}],"author":[{"embeddable":true,"href":"https:\/\/agora.xtec.cat\/inslacetania\/wp-json\/wp\/v2\/users\/1"}],"replies":[{"embeddable":true,"href":"https:\/\/agora.xtec.cat\/inslacetania\/wp-json\/wp\/v2\/comments?post=75"}],"version-history":[{"count":3,"href":"https:\/\/agora.xtec.cat\/inslacetania\/wp-json\/wp\/v2\/pages\/75\/revisions"}],"predecessor-version":[{"id":10614,"href":"https:\/\/agora.xtec.cat\/inslacetania\/wp-json\/wp\/v2\/pages\/75\/revisions\/10614"}],"up":[{"embeddable":true,"href":"https:\/\/agora.xtec.cat\/inslacetania\/wp-json\/wp\/v2\/pages\/63"}],"wp:attachment":[{"href":"https:\/\/agora.xtec.cat\/inslacetania\/wp-json\/wp\/v2\/media?parent=75"}],"curies":[{"name":"wp","href":"https:\/\/api.w.org\/{rel}","templated":true}]}}