{"id":7049,"date":"2019-06-05T17:17:27","date_gmt":"2019-06-05T15:17:27","guid":{"rendered":"http:\/\/agora.xtec.cat\/inslacetania\/?page_id=7049"},"modified":"2024-08-31T20:00:16","modified_gmt":"2024-08-31T18:00:16","slug":"cfgs-automocio-tma0","status":"publish","type":"page","link":"https:\/\/agora.xtec.cat\/inslacetania\/estudis\/fp\/cfgs\/cfgs-automocio-tma0\/","title":{"rendered":"CFGS Automoci\u00f3 &#8211; TMA0"},"content":{"rendered":"<p><span style=\"font-family: inherit; font-size: 1em;\">Fam\u00edlia professional: Transport i manteniment de vehicles<\/span><\/p>\n<p><a href=\"https:\/\/agora.xtec.cat\/inslacetania\/wp-content\/uploads\/usu1045\/2019\/06\/obj1.jpg\"><img loading=\"lazy\" decoding=\"async\" class=\"aligncenter wp-image-7051\" src=\"https:\/\/agora.xtec.cat\/inslacetania\/wp-content\/uploads\/usu1045\/2019\/06\/obj1-300x169.jpg\" alt=\"\" width=\"500\" height=\"281\" srcset=\"https:\/\/agora.xtec.cat\/inslacetania\/wp-content\/uploads\/usu1045\/2019\/06\/obj1-300x169.jpg 300w, https:\/\/agora.xtec.cat\/inslacetania\/wp-content\/uploads\/usu1045\/2019\/06\/obj1-768x432.jpg 768w, https:\/\/agora.xtec.cat\/inslacetania\/wp-content\/uploads\/usu1045\/2019\/06\/obj1.jpg 1024w\" sizes=\"auto, (max-width: 500px) 100vw, 500px\" \/><\/a><\/p>\n<h4>Descripci\u00f3<\/h4>\n<p>Aquests estudis postobligatoris capaciten per organitzar, programar i supervisar l&#8217;execuci\u00f3 de les operacions de manteniment i la seva log\u00edstica en el sector d&#8217;automoci\u00f3, amb l\u2019orientaci\u00f3 a vehicles industrials diagnosticant avaries en casos complexos, i garantint el compliment de les especificacions establertes per la normativa i pel fabricant del vehicle.<\/p>\n<p>Tenen una durada de 2.000 hores (amb formaci\u00f3 al centre educatiu i a l&#8217;empresa) distribu\u00efdes en dos cursos acad\u00e8mics.<\/p>\n<p>L\u2019alumnat pot realitzar pr\u00e0ctiques en empreses estrangeres dins del programa europeu de mobilitat Erasmus+.<\/p>\n<p style=\"text-align: center;\"><iframe loading=\"lazy\" title=\"YouTube video player\" src=\"https:\/\/www.youtube.com\/embed\/h3kC9A3mdvU\" width=\"560\" height=\"315\" frameborder=\"0\" allowfullscreen=\"allowfullscreen\"><\/iframe><\/p>\n<h4>Continguts<\/h4>\n<ul>\n<li>Sistemes El\u00e8ctrics de Seguretat i Confortabilitat<\/li>\n<li>Sistemes de Transmissi\u00f3 de Forces i Trens de Rodatge<\/li>\n<li>Motors T\u00e8rmics i els seus Sistemes Auxiliars<\/li>\n<li>Elements Amovibles i Fixos No Estructural<\/li>\n<li>Tractament i Recobriment de Superf\u00edcies<\/li>\n<li>Estructures dels Vehicles<\/li>\n<li>Gesti\u00f3 i Log\u00edstica del Manteniment de Vehicles<\/li>\n<li>T\u00e8cniques de Comunicaci\u00f3 i de Relacions<\/li>\n<li>Projecte en Automoci\u00f3<\/li>\n<li>Angl\u00e8s professional<\/li>\n<li>Itinerari per a l`ocupabilitat I<\/li>\n<li>Itinerari per a l`ocupabilitat II<\/li>\n<li>Digitalitzaci\u00f3 aplicada al sector productiu<\/li>\n<li>Sostenibilitat aplicada al sector productiu<\/li>\n<li>Optativa \/ Optatives<\/li>\n<li>Dual \/ Dual Intensiva<\/li>\n<\/ul>\n<h4>Principals ocupacions i llocs de treball<\/h4>\n<ul>\n<li>T\u00e8cnic receptor i reparador de vehicles o t\u00e8cnica receptora i reparadora de vehicles,<\/li>\n<li>Mec\u00e0nic o mec\u00e0nica de vehicles industrials,<\/li>\n<li>Encarregat o encarregada de taller o de seccions de vehicles industrials i<\/li>\n<li>Taxador o taxadora de vehicles.<\/li>\n<\/ul>\n<h4>Horari<\/h4>\n<p>Tardes de 15h a 21h (dimecres de 17:30h a 21:30h)<\/p>\n","protected":false},"excerpt":{"rendered":"<p>Fam\u00edlia professional: Transport i manteniment de vehicles Descripci\u00f3 Aquests estudis postobligatoris capaciten per organitzar, programar i supervisar l&#8217;execuci\u00f3 de les operacions de manteniment i la seva log\u00edstica en el sector d&#8217;automoci\u00f3, amb l\u2019orientaci\u00f3 a vehicles industrials diagnosticant avaries en casos complexos, i garantint el compliment de les especificacions establertes per la normativa i pel fabricant [&hellip;]<\/p>\n","protected":false},"author":4,"featured_media":0,"parent":635,"menu_order":90,"comment_status":"closed","ping_status":"closed","template":"page-templates\/side-menu.php","meta":{"_bbp_topic_count":0,"_bbp_reply_count":0,"_bbp_total_topic_count":0,"_bbp_total_reply_count":0,"_bbp_voice_count":0,"_bbp_anonymous_reply_count":0,"_bbp_topic_count_hidden":0,"_bbp_reply_count_hidden":0,"_bbp_forum_subforum_count":0,"site-sidebar-layout":"default","site-content-layout":"","ast-site-content-layout":"","site-content-style":"default","site-sidebar-style":"default","ast-global-header-display":"","ast-banner-title-visibility":"","ast-main-header-display":"","ast-hfb-above-header-display":"","ast-hfb-below-header-display":"","ast-hfb-mobile-header-display":"","site-post-title":"","ast-breadcrumbs-content":"","ast-featured-img":"","footer-sml-layout":"","theme-transparent-header-meta":"","adv-header-id-meta":"","stick-header-meta":"","header-above-stick-meta":"","header-main-stick-meta":"","header-below-stick-meta":"","astra-migrate-meta-layouts":"default","ast-page-background-enabled":"default","ast-page-background-meta":{"desktop":{"background-color":"var(--ast-global-color-4)","background-image":"","background-repeat":"repeat","background-position":"center center","background-size":"auto","background-attachment":"scroll","background-type":"","background-media":"","overlay-type":"","overlay-color":"","overlay-opacity":"","overlay-gradient":""},"tablet":{"background-color":"","background-image":"","background-repeat":"repeat","background-position":"center center","background-size":"auto","background-attachment":"scroll","background-type":"","background-media":"","overlay-type":"","overlay-color":"","overlay-opacity":"","overlay-gradient":""},"mobile":{"background-color":"","background-image":"","background-repeat":"repeat","background-position":"center center","background-size":"auto","background-attachment":"scroll","background-type":"","background-media":"","overlay-type":"","overlay-color":"","overlay-opacity":"","overlay-gradient":""}},"ast-content-background-meta":{"desktop":{"background-color":"var(--ast-global-color-5)","background-image":"","background-repeat":"repeat","background-position":"center center","background-size":"auto","background-attachment":"scroll","background-type":"","background-media":"","overlay-type":"","overlay-color":"","overlay-opacity":"","overlay-gradient":""},"tablet":{"background-color":"var(--ast-global-color-5)","background-image":"","background-repeat":"repeat","background-position":"center center","background-size":"auto","background-attachment":"scroll","background-type":"","background-media":"","overlay-type":"","overlay-color":"","overlay-opacity":"","overlay-gradient":""},"mobile":{"background-color":"var(--ast-global-color-5)","background-image":"","background-repeat":"repeat","background-position":"center center","background-size":"auto","background-attachment":"scroll","background-type":"","background-media":"","overlay-type":"","overlay-color":"","overlay-opacity":"","overlay-gradient":""}},"footnotes":""},"class_list":["post-7049","page","type-page","status-publish","hentry"],"post_mailing_queue_ids":[],"_links":{"self":[{"href":"https:\/\/agora.xtec.cat\/inslacetania\/wp-json\/wp\/v2\/pages\/7049","targetHints":{"allow":["GET"]}}],"collection":[{"href":"https:\/\/agora.xtec.cat\/inslacetania\/wp-json\/wp\/v2\/pages"}],"about":[{"href":"https:\/\/agora.xtec.cat\/inslacetania\/wp-json\/wp\/v2\/types\/page"}],"author":[{"embeddable":true,"href":"https:\/\/agora.xtec.cat\/inslacetania\/wp-json\/wp\/v2\/users\/4"}],"replies":[{"embeddable":true,"href":"https:\/\/agora.xtec.cat\/inslacetania\/wp-json\/wp\/v2\/comments?post=7049"}],"version-history":[{"count":6,"href":"https:\/\/agora.xtec.cat\/inslacetania\/wp-json\/wp\/v2\/pages\/7049\/revisions"}],"predecessor-version":[{"id":23104,"href":"https:\/\/agora.xtec.cat\/inslacetania\/wp-json\/wp\/v2\/pages\/7049\/revisions\/23104"}],"up":[{"embeddable":true,"href":"https:\/\/agora.xtec.cat\/inslacetania\/wp-json\/wp\/v2\/pages\/635"}],"wp:attachment":[{"href":"https:\/\/agora.xtec.cat\/inslacetania\/wp-json\/wp\/v2\/media?parent=7049"}],"curies":[{"name":"wp","href":"https:\/\/api.w.org\/{rel}","templated":true}]}}