{"id":69,"date":"2014-09-18T10:15:07","date_gmt":"2014-09-18T09:15:07","guid":{"rendered":"http:\/\/agora.xtec.cat\/inslacetania\/?page_id=69"},"modified":"2025-03-03T16:29:02","modified_gmt":"2025-03-03T15:29:02","slug":"biblioteca","status":"publish","type":"page","link":"https:\/\/agora.xtec.cat\/inslacetania\/serveis\/biblioteca\/","title":{"rendered":"Biblioteca"},"content":{"rendered":"<p style=\"text-align: center;\"><a href=\"http:\/\/agora.xtec.cat\/inslacetania\/wp-content\/uploads\/usu1045\/2014\/09\/biblio.jpeg\"><img loading=\"lazy\" decoding=\"async\" class=\"alignnone wp-image-910\" src=\"http:\/\/agora.xtec.cat\/inslacetania\/wp-content\/uploads\/usu1045\/2014\/09\/biblio-300x286.jpeg\" alt=\"biblio\" width=\"400\" height=\"381\" srcset=\"https:\/\/agora.xtec.cat\/inslacetania\/wp-content\/uploads\/usu1045\/2014\/09\/biblio-300x286.jpeg 300w, https:\/\/agora.xtec.cat\/inslacetania\/wp-content\/uploads\/usu1045\/2014\/09\/biblio.jpeg 579w\" sizes=\"auto, (max-width: 400px) 100vw, 400px\" \/><\/a><\/p>\n<p>La Biblioteca de l&#8217;Institut \u00e9s un espai on alumnes, professors i personal no docent del centre poden accedir de manera totalment lliure i fer \u00fas dels <b>serveis<\/b> que s&#8217;hi ofereixen:<\/p>\n<p>&#8211; Consulta de documents<br \/>\n&#8211; Exposicions bibliogr\u00e0fiques de tem\u00e0tica diversa<br \/>\n&#8211; Impressi\u00f3 en blanc i negre<br \/>\n&#8211; Informaci\u00f3 sobre estudis postobligatoris<br \/>\n&#8211; Internet i ofim\u00e0tica<br \/>\n&#8211; Orientaci\u00f3 en la cerca d&#8217;informaci\u00f3<br \/>\n&#8211; Pr\u00e9stec de llibres, c\u00f2mics, revistes i DVDs<br \/>\n&#8211; Sala d&#8217;estudi, de treball i de lectura<\/p>\n<p>El <b>fons<\/b> de la Biblioteca est\u00e0 format per novel\u00b7les juvenils i d&#8217;adults, llibres de coneixement, c\u00f2mics, treballs de recerca en arxiu i del curs actual, subscripcions a diverses revistes -en paper i en l\u00ednia-, subscripci\u00f3 als diaris <i>Regi\u00f37<\/i>, <i>Ara<\/i> i <i>El Peri\u00f3dico<\/i> -tots consultables en paper i en l\u00ednia-, i DVDs.<\/p>\n<p>A m\u00e9s, la Biblioteca tamb\u00e9 compta amb espais virtuals com s\u00f3n el seu <a href=\"https:\/\/aplicacions.gestioeducativa.gencat.cat\/epergam\/web\/biblioteca.jsp?codi=08020462\" target=\"_blank\" rel=\"noopener noreferrer\" data-saferedirecturl=\"https:\/\/www.google.com\/url?hl=ca&amp;q=https:\/\/aplicacions.gestioeducativa.gencat.cat\/epergam\/web\/biblioteca.jsp?codi%3D08020462&amp;source=gmail&amp;ust=1481830837765000&amp;usg=AFQjCNEWbGH7_7Ew_Ml5dBOP3csmsXZceA\">cat\u00e0leg<\/a> en l\u00ednia, el <a href=\"http:\/\/bibliotecalacetania.blogspot.com.es\/\" target=\"_blank\" rel=\"noopener noreferrer\" data-saferedirecturl=\"https:\/\/www.google.com\/url?hl=ca&amp;q=http:\/\/bibliotecalacetania.blogspot.com.es\/&amp;source=gmail&amp;ust=1481830837765000&amp;usg=AFQjCNG6m3dgj3loAZncKith3wGi49wRKg\">blog<\/a> i l&#8217;<a href=\"https:\/\/www.instagram.com\/biblio_lacetania\" target=\"_blank\" rel=\"noopener noreferrer\" data-saferedirecturl=\"https:\/\/www.google.com\/url?hl=ca&amp;q=https:\/\/www.instagram.com\/biblio_lacetania&amp;source=gmail&amp;ust=1481830837765000&amp;usg=AFQjCNFZREexy-Pzr-o2OesUvNCLVKsiTg\">instagram<\/a>.<\/p>\n<table align=\"center\">\n<tbody>\n<tr>\n<td><a href=\"http:\/\/bibliotecalacetania.blogspot.com.es\/\" target=\"_blank\" rel=\"noopener noreferrer\"><img loading=\"lazy\" decoding=\"async\" class=\"aligncenter wp-image-913 size-thumbnail\" src=\"http:\/\/agora.xtec.cat\/inslacetania\/wp-content\/uploads\/usu1045\/2014\/09\/blogbiblio-150x150.jpg\" alt=\"blogbiblio\" width=\"150\" height=\"150\" \/><\/a><\/p>\n<p><strong>El blog de la biblioteca<\/strong><\/td>\n<td><a href=\"https:\/\/www.instagram.com\/biblio_lacetania\/\" target=\"_blank\" rel=\"noopener noreferrer\"><img loading=\"lazy\" decoding=\"async\" class=\"aligncenter wp-image-914 size-full\" src=\"http:\/\/agora.xtec.cat\/inslacetania\/wp-content\/uploads\/usu1045\/2014\/09\/instabiblio.jpg\" alt=\"instabiblio\" width=\"150\" height=\"150\" \/><\/a><\/p>\n<p><strong>L&#8217;Instagram de la biblioteca<\/strong><\/td>\n<\/tr>\n<\/tbody>\n<\/table>\n<p><u><b>Horari<\/b><\/u>:<u><br \/>\n<\/u><\/p>\n<p>Durant tot el per\u00edode lectiu<\/p>\n<p>Cada dia de <b>8h <\/b>a <b>13h<\/b>\u00a0i de <b>15.30h<\/b> a <b>17.30h.<\/b><\/p>\n<p><u><b>Correu<\/b> <b>electr\u00f2nic<\/b><\/u>: biblioteca@lacetania.cat<\/p>\n","protected":false},"excerpt":{"rendered":"<p>La Biblioteca de l&#8217;Institut \u00e9s un espai on alumnes, professors i personal no docent del centre poden accedir de manera totalment lliure i fer \u00fas dels serveis que s&#8217;hi ofereixen: &#8211; Consulta de documents &#8211; Exposicions bibliogr\u00e0fiques de tem\u00e0tica diversa &#8211; Impressi\u00f3 en blanc i negre &#8211; Informaci\u00f3 sobre estudis postobligatoris &#8211; Internet i ofim\u00e0tica [&hellip;]<\/p>\n","protected":false},"author":1,"featured_media":0,"parent":63,"menu_order":20,"comment_status":"closed","ping_status":"closed","template":"page-templates\/side-menu.php","meta":{"_bbp_topic_count":0,"_bbp_reply_count":0,"_bbp_total_topic_count":0,"_bbp_total_reply_count":0,"_bbp_voice_count":0,"_bbp_anonymous_reply_count":0,"_bbp_topic_count_hidden":0,"_bbp_reply_count_hidden":0,"_bbp_forum_subforum_count":0,"site-sidebar-layout":"default","site-content-layout":"","ast-site-content-layout":"","site-content-style":"default","site-sidebar-style":"default","ast-global-header-display":"","ast-banner-title-visibility":"","ast-main-header-display":"","ast-hfb-above-header-display":"","ast-hfb-below-header-display":"","ast-hfb-mobile-header-display":"","site-post-title":"","ast-breadcrumbs-content":"","ast-featured-img":"","footer-sml-layout":"","theme-transparent-header-meta":"","adv-header-id-meta":"","stick-header-meta":"","header-above-stick-meta":"","header-main-stick-meta":"","header-below-stick-meta":"","astra-migrate-meta-layouts":"default","ast-page-background-enabled":"default","ast-page-background-meta":{"desktop":{"background-color":"var(--ast-global-color-4)","background-image":"","background-repeat":"repeat","background-position":"center center","background-size":"auto","background-attachment":"scroll","background-type":"","background-media":"","overlay-type":"","overlay-color":"","overlay-opacity":"","overlay-gradient":""},"tablet":{"background-color":"","background-image":"","background-repeat":"repeat","background-position":"center center","background-size":"auto","background-attachment":"scroll","background-type":"","background-media":"","overlay-type":"","overlay-color":"","overlay-opacity":"","overlay-gradient":""},"mobile":{"background-color":"","background-image":"","background-repeat":"repeat","background-position":"center center","background-size":"auto","background-attachment":"scroll","background-type":"","background-media":"","overlay-type":"","overlay-color":"","overlay-opacity":"","overlay-gradient":""}},"ast-content-background-meta":{"desktop":{"background-color":"var(--ast-global-color-5)","background-image":"","background-repeat":"repeat","background-position":"center center","background-size":"auto","background-attachment":"scroll","background-type":"","background-media":"","overlay-type":"","overlay-color":"","overlay-opacity":"","overlay-gradient":""},"tablet":{"background-color":"var(--ast-global-color-5)","background-image":"","background-repeat":"repeat","background-position":"center center","background-size":"auto","background-attachment":"scroll","background-type":"","background-media":"","overlay-type":"","overlay-color":"","overlay-opacity":"","overlay-gradient":""},"mobile":{"background-color":"var(--ast-global-color-5)","background-image":"","background-repeat":"repeat","background-position":"center center","background-size":"auto","background-attachment":"scroll","background-type":"","background-media":"","overlay-type":"","overlay-color":"","overlay-opacity":"","overlay-gradient":""}},"footnotes":""},"class_list":["post-69","page","type-page","status-publish","hentry"],"post_mailing_queue_ids":[],"_links":{"self":[{"href":"https:\/\/agora.xtec.cat\/inslacetania\/wp-json\/wp\/v2\/pages\/69","targetHints":{"allow":["GET"]}}],"collection":[{"href":"https:\/\/agora.xtec.cat\/inslacetania\/wp-json\/wp\/v2\/pages"}],"about":[{"href":"https:\/\/agora.xtec.cat\/inslacetania\/wp-json\/wp\/v2\/types\/page"}],"author":[{"embeddable":true,"href":"https:\/\/agora.xtec.cat\/inslacetania\/wp-json\/wp\/v2\/users\/1"}],"replies":[{"embeddable":true,"href":"https:\/\/agora.xtec.cat\/inslacetania\/wp-json\/wp\/v2\/comments?post=69"}],"version-history":[{"count":5,"href":"https:\/\/agora.xtec.cat\/inslacetania\/wp-json\/wp\/v2\/pages\/69\/revisions"}],"predecessor-version":[{"id":25430,"href":"https:\/\/agora.xtec.cat\/inslacetania\/wp-json\/wp\/v2\/pages\/69\/revisions\/25430"}],"up":[{"embeddable":true,"href":"https:\/\/agora.xtec.cat\/inslacetania\/wp-json\/wp\/v2\/pages\/63"}],"wp:attachment":[{"href":"https:\/\/agora.xtec.cat\/inslacetania\/wp-json\/wp\/v2\/media?parent=69"}],"curies":[{"name":"wp","href":"https:\/\/api.w.org\/{rel}","templated":true}]}}