{"id":639,"date":"2016-11-08T19:25:25","date_gmt":"2016-11-08T18:25:25","guid":{"rendered":"http:\/\/agora.xtec.cat\/inslacetania\/?page_id=639"},"modified":"2026-04-09T20:08:43","modified_gmt":"2026-04-09T18:08:43","slug":"pfi","status":"publish","type":"page","link":"https:\/\/agora.xtec.cat\/inslacetania\/estudis\/fp\/pfi\/","title":{"rendered":"PFI"},"content":{"rendered":"<p>Coneix tots els calendaris i terminis de la Preinscripci\u00f3 del curs 2026-2027 clicant el seg\u00fcent enlla\u00e7: <a href=\"https:\/\/preinscripcio.gencat.cat\/ca\/estudis\/pfi\/informat\/calendari\/index.html\">Preinscripci\u00f3 curs 2026-2027<\/a><\/p>\n<h3><strong>Oferta formativa de PFI a Lacet\u00e0nia<\/strong><\/h3>\n<p>Al nostre institut es poden cursar 4 cursos de PFI:<\/p>\n<ul>\n<li><a href=\"https:\/\/agora.xtec.cat\/inslacetania\/fp\/pfi\/pip-manteniment-auxiliar-en-muntatges-dinstallacions-electriques-i-daigua-i-gas\/\" target=\"_blank\" rel=\"noopener\"><span style=\"font-family: inherit; font-size: 1em;\">PiP de la fam\u00edlia professional d&#8217;Electricitat i Electr\u00f2nica: <\/span>Auxiliar en muntatges d\u2019instal\u00b7lacions el\u00e8ctrot\u00e8cniques en edificis <\/a><\/li>\n<\/ul>\n<p class=\"\" data-start=\"88\" data-end=\"287\">El nostre institut ofereix, a m\u00e9s, tres perfils dins la modalitat de <strong data-start=\"149\" data-end=\"186\">Pla de Transici\u00f3 al Treball (PTT)<\/strong>, un programa organitzat conjuntament pel <strong data-start=\"228\" data-end=\"254\">Departament d\u2019Educaci\u00f3<\/strong> i l\u2019<strong data-start=\"259\" data-end=\"284\">Ajuntament de Manresa<\/strong>.<\/p>\n<p class=\"\" data-start=\"289\" data-end=\"526\">La formaci\u00f3 es divideix en dos espais: una part es realitza a les <strong data-start=\"355\" data-end=\"388\">aules de l\u2019Institut Lacet\u00e0nia<\/strong> i l\u2019altra a les <strong data-start=\"405\" data-end=\"437\">instal\u00b7lacions de <a href=\"https:\/\/www.promanresa.cat\/treball\/\">ProTreball<\/a><\/strong>, combinant aix\u00ed teoria i pr\u00e0ctica en un entorn adaptat a les necessitats de l\u2019alumnat.<\/p>\n<ul>\n<li><a href=\"https:\/\/agora.xtec.cat\/inslacetania\/fp\/pfi\/ptt-auxiliar-de-comercialitzacio-de-productes-i-logistica-cm03\/\" target=\"_blank\" rel=\"noopener\">PTT de la fam\u00edlia professional de Comer\u00e7 i M\u00e0rqueting: Auxiliar de comercialitzaci\u00f3 de productes i log\u00edstica<\/a><\/li>\n<li><a href=\"https:\/\/agora.xtec.cat\/inslacetania\/fp\/pfi\/ptt-auxiliar-de-fabricacio-mecanica-i-dajust-i-soldadura-fm02\/\" target=\"_blank\" rel=\"noopener\">PTT de la fam\u00edlia professional de Fabricaci\u00f3 Mec\u00e0nica: Auxiliar de Fabricaci\u00f3 mec\u00e0nica\u00a0<\/a><\/li>\n<li><a href=\"https:\/\/agora.xtec.cat\/inslacetania\/fp\/pfi\/ptt-auxiliar-de-perruqueria-i-estetica-ip03\/\" target=\"_blank\" rel=\"noopener\">PTT de la fam\u00edlia professional&#8217;imatge personal: Auxiliar de perruqueria i est\u00e8tica<\/a>.<\/li>\n<\/ul>\n<h5><span style=\"color: #ff9900;\">Per a m\u00e9s informaci\u00f3 d&#8217;aquests tres PFI\u00a0 pots venir a les Jornades de Portes Obertes que farem el dijous 16 d\u2019abril a ProManresa (Casa Caritat), carrer Verge de l\u2019Alba, 5-7 de Manresa. Cal que t\u2019apuntis abans: <a href=\"https:\/\/docs.google.com\/forms\/d\/e\/1FAIpQLScWLXxFqIScn3Q4QCCLg7pV9M-7_SStV0JZks3VAE4shosK4g\/viewform\">Formulari d&#8217;inscripci\u00f3 PFI<\/a><\/span><\/h5>\n<h2>Descripci\u00f3<\/h2>\n<p class=\"\" data-start=\"91\" data-end=\"391\"><strong>Els Programes de Formaci\u00f3 i Inserci\u00f3 (PFI)<\/strong> s\u00f3n voluntaris i s\u2019adrecen a joves d\u2019entre 16 i 21 anys que han deixat l\u2019Educaci\u00f3 Secund\u00e0ria Obligat\u00f2ria (ESO) sense obtenir-ne el t\u00edtol i que, en iniciar el programa, no estan matriculats en el sistema educatiu ni participen en altres accions formatives.<\/p>\n<p class=\"\" data-start=\"393\" data-end=\"668\">Aquests programes tenen com a objectiu facilitar la reincorporaci\u00f3 al sistema educatiu per cursar estudis de formaci\u00f3 professional, alhora que proporcionen les compet\u00e8ncies necess\u00e0ries per accedir al mercat laboral amb millors oportunitats d\u2019ocupaci\u00f3 qualificada i estable.<\/p>\n<p class=\"\" data-start=\"670\" data-end=\"750\">La seva durada \u00e9s d\u2019un curs acad\u00e8mic, amb un total de 1.000 hores de formaci\u00f3.<\/p>\n<p class=\"\" data-start=\"1327\" data-end=\"1396\">Els tr\u00e0mits d\u2019inscripci\u00f3 varien segons l\u2019organitzaci\u00f3 del programa:<\/p>\n<ul data-start=\"1398\" data-end=\"1671\">\n<li class=\"\" data-start=\"1398\" data-end=\"1552\">\n<p class=\"\" data-start=\"1400\" data-end=\"1552\"><strong data-start=\"1400\" data-end=\"1477\">PFI organitzats pel Departament d\u2019Educaci\u00f3 (PTT, FIAP i PIP en instituts)<\/strong>: Cal fer la preinscripci\u00f3 i matr\u00edcula segons les directrius establertes.<\/p>\n<\/li>\n<li class=\"\" data-start=\"1553\" data-end=\"1671\">\n<p class=\"\" data-start=\"1555\" data-end=\"1671\"><strong data-start=\"1555\" data-end=\"1616\">PFI organitzats per centres privats o altres establiments<\/strong>: Cal informar-se directament al centre corresponent.<\/p>\n<\/li>\n<\/ul>\n<h2>Estructura<\/h2>\n<p class=\"\" data-start=\"777\" data-end=\"829\">Els PFI s\u2019organitzen en diferents blocs formatius:<\/p>\n<ul data-start=\"831\" data-end=\"1206\">\n<li class=\"\" data-start=\"831\" data-end=\"902\">\n<p class=\"\" data-start=\"833\" data-end=\"902\"><strong data-start=\"833\" data-end=\"863\">M\u00f2duls de formaci\u00f3 general<\/strong>, per adquirir compet\u00e8ncies b\u00e0siques.<\/p>\n<\/li>\n<li class=\"\" data-start=\"903\" data-end=\"992\">\n<p class=\"\" data-start=\"905\" data-end=\"992\"><strong data-start=\"905\" data-end=\"940\">M\u00f2duls de formaci\u00f3 professional<\/strong>, per assolir compet\u00e8ncies t\u00e8cniques espec\u00edfiques.<\/p>\n<\/li>\n<li class=\"\" data-start=\"993\" data-end=\"1089\">\n<p class=\"\" data-start=\"995\" data-end=\"1089\"><strong data-start=\"995\" data-end=\"1030\">M\u00f2dul de pr\u00e0ctiques en empreses<\/strong>, per aplicar els coneixements en un entorn laboral real.<\/p>\n<\/li>\n<li class=\"\" data-start=\"1090\" data-end=\"1206\">\n<p class=\"\" data-start=\"1092\" data-end=\"1206\"><strong data-start=\"1092\" data-end=\"1129\">Accions de seguiment i orientaci\u00f3<\/strong>, per acompanyar l\u2019alumnat en el seu proc\u00e9s de formaci\u00f3 i inserci\u00f3 laboral.<\/p>\n<\/li>\n<\/ul>\n<h2>Acc\u00e9s<\/h2>\n<p class=\"\" data-start=\"1228\" data-end=\"1325\">Poden accedir-hi joves no ocupats d\u2019entre 16 i 21 anys que no hagin obtingut el graduat en ESO.<\/p>\n<p class=\"\" data-start=\"1327\" data-end=\"1396\">Els tr\u00e0mits d\u2019inscripci\u00f3 varien segons l\u2019organitzaci\u00f3 del programa:<\/p>\n<ul data-start=\"1398\" data-end=\"1671\">\n<li class=\"\" data-start=\"1398\" data-end=\"1552\">\n<p class=\"\" data-start=\"1400\" data-end=\"1552\"><strong data-start=\"1400\" data-end=\"1477\">PFI organitzats pel Departament d\u2019Educaci\u00f3 (PTT, FIAP i PIP en instituts)<\/strong>: Cal fer la preinscripci\u00f3 i matr\u00edcula segons les directrius establertes.<\/p>\n<\/li>\n<li class=\"\" data-start=\"1553\" data-end=\"1671\">\n<p class=\"\" data-start=\"1555\" data-end=\"1671\"><strong data-start=\"1555\" data-end=\"1616\">PFI organitzats per centres privats o altres establiments<\/strong>: Cal informar-se directament al centre corresponent.<\/p>\n<\/li>\n<\/ul>\n<h2>Continu\u00eftat<\/h2>\n<p class=\"\" data-start=\"2165\" data-end=\"2214\">En finalitzar un PFI, els participants obtenen:<\/p>\n<ul data-start=\"2216\" data-end=\"2824\">\n<li class=\"\" data-start=\"2216\" data-end=\"2318\">\n<p class=\"\" data-start=\"2218\" data-end=\"2318\"><strong data-start=\"2218\" data-end=\"2259\">Certificaci\u00f3 acad\u00e8mica i professional<\/strong>, amb la qualificaci\u00f3 final i les compet\u00e8ncies assolides.<\/p>\n<\/li>\n<li class=\"\" data-start=\"2319\" data-end=\"2437\">\n<p class=\"\" data-start=\"2321\" data-end=\"2437\"><strong data-start=\"2321\" data-end=\"2379\">Certificat de superaci\u00f3 del curs de formaci\u00f3 espec\u00edfic<\/strong>, que permet accedir als cicles formatius de grau mitj\u00e0.<\/p>\n<\/li>\n<li class=\"\" data-start=\"2438\" data-end=\"2555\">\n<p class=\"\" data-start=\"2440\" data-end=\"2555\"><strong data-start=\"2440\" data-end=\"2492\">Reconeixement dels m\u00f2duls professionals superats<\/strong>, per obtenir el t\u00edtol professional b\u00e0sic associat al perfil.<\/p>\n<\/li>\n<li class=\"\" data-start=\"2556\" data-end=\"2628\">\n<p class=\"\" data-start=\"2558\" data-end=\"2628\"><strong data-start=\"2558\" data-end=\"2592\">Certificat de professionalitat<\/strong> em\u00e8s per l\u2019Administraci\u00f3 laboral.<\/p>\n<\/li>\n<li class=\"\" data-start=\"2629\" data-end=\"2721\">\n<p class=\"\" data-start=\"2631\" data-end=\"2721\"><strong data-start=\"2631\" data-end=\"2668\">Opci\u00f3 de treballar com a auxiliar<\/strong>, amb una certificaci\u00f3 de qualificaci\u00f3 de nivell 1.<\/p>\n<\/li>\n<li class=\"\" data-start=\"2722\" data-end=\"2824\">\n<p class=\"\" data-start=\"2724\" data-end=\"2824\"><strong data-start=\"2724\" data-end=\"2766\">Acc\u00e9s als centres de formaci\u00f3 d\u2019adults<\/strong> per obtenir el GESO, sense necessitat de tenir 18 anys.<\/p>\n<\/li>\n<\/ul>\n","protected":false},"excerpt":{"rendered":"<p>Coneix tots els calendaris i terminis de la Preinscripci\u00f3 del curs 2026-2027 clicant el seg\u00fcent enlla\u00e7: Preinscripci\u00f3 curs 2026-2027 Oferta formativa de PFI a Lacet\u00e0nia Al nostre institut es poden cursar 4 cursos de PFI: PiP de la fam\u00edlia professional d&#8217;Electricitat i Electr\u00f2nica: Auxiliar en muntatges d\u2019instal\u00b7lacions el\u00e8ctrot\u00e8cniques en edificis El nostre institut ofereix, a [&hellip;]<\/p>\n","protected":false},"author":4,"featured_media":0,"parent":531,"menu_order":40,"comment_status":"closed","ping_status":"closed","template":"","meta":{"_bbp_topic_count":0,"_bbp_reply_count":0,"_bbp_total_topic_count":0,"_bbp_total_reply_count":0,"_bbp_voice_count":0,"_bbp_anonymous_reply_count":0,"_bbp_topic_count_hidden":0,"_bbp_reply_count_hidden":0,"_bbp_forum_subforum_count":0,"site-sidebar-layout":"default","site-content-layout":"","ast-site-content-layout":"default","site-content-style":"default","site-sidebar-style":"default","ast-global-header-display":"","ast-banner-title-visibility":"","ast-main-header-display":"","ast-hfb-above-header-display":"","ast-hfb-below-header-display":"","ast-hfb-mobile-header-display":"","site-post-title":"","ast-breadcrumbs-content":"","ast-featured-img":"","footer-sml-layout":"","theme-transparent-header-meta":"","adv-header-id-meta":"","stick-header-meta":"","header-above-stick-meta":"","header-main-stick-meta":"","header-below-stick-meta":"","astra-migrate-meta-layouts":"set","ast-page-background-enabled":"default","ast-page-background-meta":{"desktop":{"background-color":"var(--ast-global-color-4)","background-image":"","background-repeat":"repeat","background-position":"center center","background-size":"auto","background-attachment":"scroll","background-type":"","background-media":"","overlay-type":"","overlay-color":"","overlay-opacity":"","overlay-gradient":""},"tablet":{"background-color":"","background-image":"","background-repeat":"repeat","background-position":"center center","background-size":"auto","background-attachment":"scroll","background-type":"","background-media":"","overlay-type":"","overlay-color":"","overlay-opacity":"","overlay-gradient":""},"mobile":{"background-color":"","background-image":"","background-repeat":"repeat","background-position":"center center","background-size":"auto","background-attachment":"scroll","background-type":"","background-media":"","overlay-type":"","overlay-color":"","overlay-opacity":"","overlay-gradient":""}},"ast-content-background-meta":{"desktop":{"background-color":"var(--ast-global-color-5)","background-image":"","background-repeat":"repeat","background-position":"center center","background-size":"auto","background-attachment":"scroll","background-type":"","background-media":"","overlay-type":"","overlay-color":"","overlay-opacity":"","overlay-gradient":""},"tablet":{"background-color":"var(--ast-global-color-5)","background-image":"","background-repeat":"repeat","background-position":"center center","background-size":"auto","background-attachment":"scroll","background-type":"","background-media":"","overlay-type":"","overlay-color":"","overlay-opacity":"","overlay-gradient":""},"mobile":{"background-color":"var(--ast-global-color-5)","background-image":"","background-repeat":"repeat","background-position":"center center","background-size":"auto","background-attachment":"scroll","background-type":"","background-media":"","overlay-type":"","overlay-color":"","overlay-opacity":"","overlay-gradient":""}},"footnotes":""},"class_list":["post-639","page","type-page","status-publish","hentry"],"post_mailing_queue_ids":[],"_links":{"self":[{"href":"https:\/\/agora.xtec.cat\/inslacetania\/wp-json\/wp\/v2\/pages\/639","targetHints":{"allow":["GET"]}}],"collection":[{"href":"https:\/\/agora.xtec.cat\/inslacetania\/wp-json\/wp\/v2\/pages"}],"about":[{"href":"https:\/\/agora.xtec.cat\/inslacetania\/wp-json\/wp\/v2\/types\/page"}],"author":[{"embeddable":true,"href":"https:\/\/agora.xtec.cat\/inslacetania\/wp-json\/wp\/v2\/users\/4"}],"replies":[{"embeddable":true,"href":"https:\/\/agora.xtec.cat\/inslacetania\/wp-json\/wp\/v2\/comments?post=639"}],"version-history":[{"count":5,"href":"https:\/\/agora.xtec.cat\/inslacetania\/wp-json\/wp\/v2\/pages\/639\/revisions"}],"predecessor-version":[{"id":29460,"href":"https:\/\/agora.xtec.cat\/inslacetania\/wp-json\/wp\/v2\/pages\/639\/revisions\/29460"}],"up":[{"embeddable":true,"href":"https:\/\/agora.xtec.cat\/inslacetania\/wp-json\/wp\/v2\/pages\/531"}],"wp:attachment":[{"href":"https:\/\/agora.xtec.cat\/inslacetania\/wp-json\/wp\/v2\/media?parent=639"}],"curies":[{"name":"wp","href":"https:\/\/api.w.org\/{rel}","templated":true}]}}