{"id":635,"date":"2016-11-07T21:19:01","date_gmt":"2016-11-07T20:19:01","guid":{"rendered":"http:\/\/agora.xtec.cat\/inslacetania\/?page_id=635"},"modified":"2025-03-23T20:25:14","modified_gmt":"2025-03-23T19:25:14","slug":"cfgs","status":"publish","type":"page","link":"https:\/\/agora.xtec.cat\/inslacetania\/estudis\/fp\/cfgs\/","title":{"rendered":"Cicles formatius de grau superior"},"content":{"rendered":"<p><a href=\"https:\/\/preinscripcio.gencat.cat\/ca\/estudis\/fp-grau-superior\/informat\/consulta-notes-tall\/\"><span style=\"color: #000000;\">Coneix tots els calendaris i terminis de la Preinscripci\u00f3 del curs 2025-2026 clicant el seg\u00fcent enlla\u00e7: <\/span>Preinscripci\u00f3 curs 2025-2026<\/a><\/p>\n<h4><strong>Oferta formativa de cicles formatius de grau superior a Lacet\u00e0nia<\/strong><\/h4>\n<ul>\n<li><a href=\"http:\/\/agora.xtec.cat\/inslacetania\/fp\/cfgs\/cfgs-administracio-i-finances-agb0\/\" target=\"_blank\" rel=\"noopener noreferrer\">Administraci\u00f3 i finances<\/a><\/li>\n<li><a href=\"https:\/\/agora.xtec.cat\/inslacetania\/estudis\/fp\/cfgs\/cfgs-administracio-i-finances-ambit-professional-gestor-dassegurances-agb1\/\" target=\"_blank\" rel=\"noopener\">Administraci\u00f3 i finances &#8211; \u00c0mbit professional Gesti\u00f3 d&#8217;assegurances <span style=\"color: #ff0000;\">(en extinci\u00f3)<\/span><\/a><\/li>\n<li><a href=\"http:\/\/agora.xtec.cat\/inslacetania\/fp\/cfgs\/cfgs-automatitzacio-i-robotica-industrial-eeb0\/\" target=\"_blank\" rel=\"noopener noreferrer\">Automatitzaci\u00f3 i rob\u00f2tica industrial<\/a><\/li>\n<li><a href=\"https:\/\/agora.xtec.cat\/inslacetania\/fp\/cfgs\/cfgs-manteniment-electronic-eec0\/\" target=\"_blank\" rel=\"noopener noreferrer\">Manteniment electr\u00f2nic<\/a><\/li>\n<li><a href=\"http:\/\/agora.xtec.cat\/inslacetania\/fp\/cfgs\/cfgs-programacio-de-la-produccio-en-fabricacio-mecanica-fmb0\/\" target=\"_blank\" rel=\"noopener noreferrer\">Programaci\u00f3 de la producci\u00f3 en fabricaci\u00f3 mec\u00e0nica<\/a><\/li>\n<li><a href=\"http:\/\/agora.xtec.cat\/inslacetania\/fp\/cfgs\/cfgs-disseny-en-fabricacio-mecanica-fmc0\/\" target=\"_blank\" rel=\"noopener noreferrer\">Disseny en fabricaci\u00f3 mec\u00e0nica<\/a><\/li>\n<li><a href=\"http:\/\/agora.xtec.cat\/inslacetania\/fp\/cfgs\/cfgs-administracio-de-sistemes-informatics-en-xarxa-ica0\/\" target=\"_blank\" rel=\"noopener noreferrer\">Administraci\u00f3 de sistemes inform\u00e0tics en xarxa<\/a><\/li>\n<li><a href=\"http:\/\/agora.xtec.cat\/inslacetania\/fp\/cfgs\/cfgs-desenvolupament-daplicacions-web-icc0\/\" target=\"_blank\" rel=\"noopener noreferrer\">Desenvolupament d&#8217;aplicacions web<\/a><\/li>\n<li><a href=\"http:\/\/agora.xtec.cat\/inslacetania\/fp\/cfgs\/cfgs-mecatronica-industrial-imc0\/\" target=\"_blank\" rel=\"noopener noreferrer\">Mecatr\u00f2nica industrial<\/a><\/li>\n<li><a href=\"https:\/\/agora.xtec.cat\/inslacetania\/fp\/cfgs\/cfgs-automocio-tma0\/\" target=\"_blank\" rel=\"noopener noreferrer\">Automoci\u00f3<\/a><\/li>\n<\/ul>\n<p>&nbsp;<\/p>\n<p style=\"text-align: center;\"><iframe loading=\"lazy\" src=\"https:\/\/www.youtube.com\/embed\/XE8vrtInFMk\" width=\"560\" height=\"315\" frameborder=\"0\"><\/iframe><\/p>\n","protected":false},"excerpt":{"rendered":"<p>Coneix tots els calendaris i terminis de la Preinscripci\u00f3 del curs 2025-2026 clicant el seg\u00fcent enlla\u00e7: Preinscripci\u00f3 curs 2025-2026 Oferta formativa de cicles formatius de grau superior a Lacet\u00e0nia Administraci\u00f3 i finances Administraci\u00f3 i finances &#8211; \u00c0mbit professional Gesti\u00f3 d&#8217;assegurances (en extinci\u00f3) Automatitzaci\u00f3 i rob\u00f2tica industrial Manteniment electr\u00f2nic Programaci\u00f3 de la producci\u00f3 en fabricaci\u00f3 mec\u00e0nica [&hellip;]<\/p>\n","protected":false},"author":4,"featured_media":0,"parent":531,"menu_order":60,"comment_status":"closed","ping_status":"closed","template":"page-templates\/side-menu.php","meta":{"_bbp_topic_count":0,"_bbp_reply_count":0,"_bbp_total_topic_count":0,"_bbp_total_reply_count":0,"_bbp_voice_count":0,"_bbp_anonymous_reply_count":0,"_bbp_topic_count_hidden":0,"_bbp_reply_count_hidden":0,"_bbp_forum_subforum_count":0,"site-sidebar-layout":"default","site-content-layout":"","ast-site-content-layout":"","site-content-style":"default","site-sidebar-style":"default","ast-global-header-display":"","ast-banner-title-visibility":"","ast-main-header-display":"","ast-hfb-above-header-display":"","ast-hfb-below-header-display":"","ast-hfb-mobile-header-display":"","site-post-title":"","ast-breadcrumbs-content":"","ast-featured-img":"","footer-sml-layout":"","theme-transparent-header-meta":"","adv-header-id-meta":"","stick-header-meta":"","header-above-stick-meta":"","header-main-stick-meta":"","header-below-stick-meta":"","astra-migrate-meta-layouts":"default","ast-page-background-enabled":"default","ast-page-background-meta":{"desktop":{"background-color":"var(--ast-global-color-4)","background-image":"","background-repeat":"repeat","background-position":"center center","background-size":"auto","background-attachment":"scroll","background-type":"","background-media":"","overlay-type":"","overlay-color":"","overlay-opacity":"","overlay-gradient":""},"tablet":{"background-color":"","background-image":"","background-repeat":"repeat","background-position":"center center","background-size":"auto","background-attachment":"scroll","background-type":"","background-media":"","overlay-type":"","overlay-color":"","overlay-opacity":"","overlay-gradient":""},"mobile":{"background-color":"","background-image":"","background-repeat":"repeat","background-position":"center center","background-size":"auto","background-attachment":"scroll","background-type":"","background-media":"","overlay-type":"","overlay-color":"","overlay-opacity":"","overlay-gradient":""}},"ast-content-background-meta":{"desktop":{"background-color":"var(--ast-global-color-5)","background-image":"","background-repeat":"repeat","background-position":"center center","background-size":"auto","background-attachment":"scroll","background-type":"","background-media":"","overlay-type":"","overlay-color":"","overlay-opacity":"","overlay-gradient":""},"tablet":{"background-color":"var(--ast-global-color-5)","background-image":"","background-repeat":"repeat","background-position":"center center","background-size":"auto","background-attachment":"scroll","background-type":"","background-media":"","overlay-type":"","overlay-color":"","overlay-opacity":"","overlay-gradient":""},"mobile":{"background-color":"var(--ast-global-color-5)","background-image":"","background-repeat":"repeat","background-position":"center center","background-size":"auto","background-attachment":"scroll","background-type":"","background-media":"","overlay-type":"","overlay-color":"","overlay-opacity":"","overlay-gradient":""}},"footnotes":""},"class_list":["post-635","page","type-page","status-publish","hentry"],"post_mailing_queue_ids":[],"_links":{"self":[{"href":"https:\/\/agora.xtec.cat\/inslacetania\/wp-json\/wp\/v2\/pages\/635","targetHints":{"allow":["GET"]}}],"collection":[{"href":"https:\/\/agora.xtec.cat\/inslacetania\/wp-json\/wp\/v2\/pages"}],"about":[{"href":"https:\/\/agora.xtec.cat\/inslacetania\/wp-json\/wp\/v2\/types\/page"}],"author":[{"embeddable":true,"href":"https:\/\/agora.xtec.cat\/inslacetania\/wp-json\/wp\/v2\/users\/4"}],"replies":[{"embeddable":true,"href":"https:\/\/agora.xtec.cat\/inslacetania\/wp-json\/wp\/v2\/comments?post=635"}],"version-history":[{"count":7,"href":"https:\/\/agora.xtec.cat\/inslacetania\/wp-json\/wp\/v2\/pages\/635\/revisions"}],"predecessor-version":[{"id":25790,"href":"https:\/\/agora.xtec.cat\/inslacetania\/wp-json\/wp\/v2\/pages\/635\/revisions\/25790"}],"up":[{"embeddable":true,"href":"https:\/\/agora.xtec.cat\/inslacetania\/wp-json\/wp\/v2\/pages\/531"}],"wp:attachment":[{"href":"https:\/\/agora.xtec.cat\/inslacetania\/wp-json\/wp\/v2\/media?parent=635"}],"curies":[{"name":"wp","href":"https:\/\/api.w.org\/{rel}","templated":true}]}}