{"id":632,"date":"2016-11-07T20:24:59","date_gmt":"2016-11-07T19:24:59","guid":{"rendered":"http:\/\/agora.xtec.cat\/inslacetania\/?page_id=632"},"modified":"2025-03-24T09:56:51","modified_gmt":"2025-03-24T08:56:51","slug":"cfgm","status":"publish","type":"page","link":"https:\/\/agora.xtec.cat\/inslacetania\/estudis\/fp\/cfgm\/","title":{"rendered":"Cicles formatius de grau mitj\u00e0"},"content":{"rendered":"<p>Coneix tots els calendaris i terminis de la Preinscripci\u00f3 del curs 2025-2026 clicant el seg\u00fcent enlla\u00e7: <a href=\"https:\/\/preinscripcio.gencat.cat\/ca\/estudis\/fp-grau-mitja\/informat\/calendari\/index.html\">Preinscripci\u00f3 curs 2025-2026<\/a><\/p>\n<h3><strong>Oferta formativa de cicles formatius de grau mitj\u00e0 a Lacet\u00e0nia<\/strong><\/h3>\n<ul>\n<li><a href=\"http:\/\/agora.xtec.cat\/inslacetania\/fp\/cfgm\/cfgm-gestio-administrativa-ag10\/\" target=\"_blank\" rel=\"noopener noreferrer\">Gesti\u00f3 administrativa<\/a><\/li>\n<li><a href=\"http:\/\/agora.xtec.cat\/inslacetania\/fp\/cfgm\/cfgm-electromecanica-de-vehicles-automobils-tm10\/\" target=\"_blank\" rel=\"noopener noreferrer\">Electromec\u00e0nica de vehicles autom\u00f2bils<\/a><\/li>\n<li><a href=\"http:\/\/agora.xtec.cat\/inslacetania\/fp\/cfgm\/cfgm-carrosseria-tm20\/\" target=\"_blank\" rel=\"noopener noreferrer\">Carrosseria<\/a><\/li>\n<li><a href=\"http:\/\/agora.xtec.cat\/inslacetania\/fp\/cfgm\/cfgm-instal%C2%B7lacions-electriques-i-automatiques-ee10\/\" target=\"_blank\" rel=\"noopener noreferrer\">Instal\u00b7lacions el\u00e8ctriques i autom\u00e0tiques<\/a><\/li>\n<li><a href=\"http:\/\/agora.xtec.cat\/inslacetania\/fp\/cfgm\/cfgm-instal%E2%80%A2lacions-de-telecomunicacions-ee30\/\" target=\"_blank\" rel=\"noopener noreferrer\">Instal\u00b7lacions de telecomunicacions<\/a><\/li>\n<li><a href=\"http:\/\/agora.xtec.cat\/inslacetania\/fp\/cfgm\/cfgm-mecanitzacio-fm20\/\" target=\"_blank\" rel=\"noopener noreferrer\">Mecanitzaci\u00f3<\/a><\/li>\n<li><a href=\"https:\/\/agora.xtec.cat\/inslacetania\/fp\/cfgm\/cfgm-manteniment-electromecanic-im10\/\" target=\"_blank\" rel=\"noopener noreferrer\">Manteniment electromec\u00e0nic<\/a><\/li>\n<li><a href=\"https:\/\/agora.xtec.cat\/inslacetania\/fp\/cfgm\/cfgm-sistemes-microinformatics-i-xarxes-ic10\/\" target=\"_blank\" rel=\"noopener noreferrer\">Sistemes microinform\u00e0tics i xarxes<\/a><\/li>\n<\/ul>\n<p>&nbsp;<\/p>\n<p style=\"text-align: center;\"><iframe loading=\"lazy\" src=\"https:\/\/www.youtube.com\/embed\/YAyAgAhxYAM\" width=\"560\" height=\"315\" frameborder=\"0\"><\/iframe><\/p>\n","protected":false},"excerpt":{"rendered":"<p>Coneix tots els calendaris i terminis de la Preinscripci\u00f3 del curs 2025-2026 clicant el seg\u00fcent enlla\u00e7: Preinscripci\u00f3 curs 2025-2026 Oferta formativa de cicles formatius de grau mitj\u00e0 a Lacet\u00e0nia Gesti\u00f3 administrativa Electromec\u00e0nica de vehicles autom\u00f2bils Carrosseria Instal\u00b7lacions el\u00e8ctriques i autom\u00e0tiques Instal\u00b7lacions de telecomunicacions Mecanitzaci\u00f3 Manteniment electromec\u00e0nic Sistemes microinform\u00e0tics i xarxes &nbsp;<\/p>\n","protected":false},"author":4,"featured_media":0,"parent":531,"menu_order":50,"comment_status":"closed","ping_status":"closed","template":"page-templates\/side-menu.php","meta":{"_bbp_topic_count":0,"_bbp_reply_count":0,"_bbp_total_topic_count":0,"_bbp_total_reply_count":0,"_bbp_voice_count":0,"_bbp_anonymous_reply_count":0,"_bbp_topic_count_hidden":0,"_bbp_reply_count_hidden":0,"_bbp_forum_subforum_count":0,"site-sidebar-layout":"default","site-content-layout":"","ast-site-content-layout":"","site-content-style":"default","site-sidebar-style":"default","ast-global-header-display":"","ast-banner-title-visibility":"","ast-main-header-display":"","ast-hfb-above-header-display":"","ast-hfb-below-header-display":"","ast-hfb-mobile-header-display":"","site-post-title":"","ast-breadcrumbs-content":"","ast-featured-img":"","footer-sml-layout":"","theme-transparent-header-meta":"","adv-header-id-meta":"","stick-header-meta":"","header-above-stick-meta":"","header-main-stick-meta":"","header-below-stick-meta":"","astra-migrate-meta-layouts":"default","ast-page-background-enabled":"default","ast-page-background-meta":{"desktop":{"background-color":"var(--ast-global-color-4)","background-image":"","background-repeat":"repeat","background-position":"center center","background-size":"auto","background-attachment":"scroll","background-type":"","background-media":"","overlay-type":"","overlay-color":"","overlay-opacity":"","overlay-gradient":""},"tablet":{"background-color":"","background-image":"","background-repeat":"repeat","background-position":"center center","background-size":"auto","background-attachment":"scroll","background-type":"","background-media":"","overlay-type":"","overlay-color":"","overlay-opacity":"","overlay-gradient":""},"mobile":{"background-color":"","background-image":"","background-repeat":"repeat","background-position":"center center","background-size":"auto","background-attachment":"scroll","background-type":"","background-media":"","overlay-type":"","overlay-color":"","overlay-opacity":"","overlay-gradient":""}},"ast-content-background-meta":{"desktop":{"background-color":"var(--ast-global-color-5)","background-image":"","background-repeat":"repeat","background-position":"center center","background-size":"auto","background-attachment":"scroll","background-type":"","background-media":"","overlay-type":"","overlay-color":"","overlay-opacity":"","overlay-gradient":""},"tablet":{"background-color":"var(--ast-global-color-5)","background-image":"","background-repeat":"repeat","background-position":"center center","background-size":"auto","background-attachment":"scroll","background-type":"","background-media":"","overlay-type":"","overlay-color":"","overlay-opacity":"","overlay-gradient":""},"mobile":{"background-color":"var(--ast-global-color-5)","background-image":"","background-repeat":"repeat","background-position":"center center","background-size":"auto","background-attachment":"scroll","background-type":"","background-media":"","overlay-type":"","overlay-color":"","overlay-opacity":"","overlay-gradient":""}},"footnotes":""},"class_list":["post-632","page","type-page","status-publish","hentry"],"post_mailing_queue_ids":[],"_links":{"self":[{"href":"https:\/\/agora.xtec.cat\/inslacetania\/wp-json\/wp\/v2\/pages\/632","targetHints":{"allow":["GET"]}}],"collection":[{"href":"https:\/\/agora.xtec.cat\/inslacetania\/wp-json\/wp\/v2\/pages"}],"about":[{"href":"https:\/\/agora.xtec.cat\/inslacetania\/wp-json\/wp\/v2\/types\/page"}],"author":[{"embeddable":true,"href":"https:\/\/agora.xtec.cat\/inslacetania\/wp-json\/wp\/v2\/users\/4"}],"replies":[{"embeddable":true,"href":"https:\/\/agora.xtec.cat\/inslacetania\/wp-json\/wp\/v2\/comments?post=632"}],"version-history":[{"count":6,"href":"https:\/\/agora.xtec.cat\/inslacetania\/wp-json\/wp\/v2\/pages\/632\/revisions"}],"predecessor-version":[{"id":25788,"href":"https:\/\/agora.xtec.cat\/inslacetania\/wp-json\/wp\/v2\/pages\/632\/revisions\/25788"}],"up":[{"embeddable":true,"href":"https:\/\/agora.xtec.cat\/inslacetania\/wp-json\/wp\/v2\/pages\/531"}],"wp:attachment":[{"href":"https:\/\/agora.xtec.cat\/inslacetania\/wp-json\/wp\/v2\/media?parent=632"}],"curies":[{"name":"wp","href":"https:\/\/api.w.org\/{rel}","templated":true}]}}