{"id":57,"date":"2014-09-17T17:01:07","date_gmt":"2014-09-17T15:01:07","guid":{"rendered":"http:\/\/agora.xtec.cat\/inslacetania\/?page_id=57"},"modified":"2026-02-23T17:23:30","modified_gmt":"2026-02-23T16:23:30","slug":"docs-gestio","status":"publish","type":"page","link":"https:\/\/agora.xtec.cat\/inslacetania\/linstitut\/docs-gestio\/","title":{"rendered":"Organitzaci\u00f3 i gesti\u00f3"},"content":{"rendered":"<p>Enlla\u00e7os als documents generals d&#8217;organitzaci\u00f3 i gesti\u00f3 del centre<\/p>\n<ul>\n<li><strong>PROFESSORAT NOU<\/strong> &#8211; <a href=\"https:\/\/docs.google.com\/forms\/d\/1kP9I04t1W6WGwlRY0kD_QD9VTcGVh1pYdIWj2KeNX2c\/viewform?edit_requested=true\">FORMULARI CURS 2025-26<\/a> (Enlla\u00e7 temporal fins el 03\/09\/25)<\/li>\n<li><a href=\"https:\/\/docs.google.com\/document\/d\/1W8MXOCEhVk61HXw7JTRAqOcMqipwjVI27XC56EwzJEE\/edit?usp=sharing\" target=\"_blank\" rel=\"noopener\">PEC<\/a>. Projecte educatiu de centre. Gener del 2025.<\/li>\n<li><a href=\"https:\/\/docs.google.com\/document\/d\/1xzXuVHiTtnao0NhpBdhyEHaY8mS4IYsLFoA_vv4ZExU\/edit?usp=sharing\" target=\"_blank\" rel=\"noopener noreferrer\">PCC ESO<\/a>. Projecte curricular d&#8217;ESO. Juliol del 2021.<\/li>\n<li><a href=\"https:\/\/docs.google.com\/document\/d\/1H4qm7zAqQG0DoteA1Mupg_4pjyReJ5yS43tvIZL1PAE\/edit?usp=sharing\" target=\"_blank\" rel=\"noopener\">POEAT ESO<\/a>. Pla d&#8217;orientaci\u00f3 educativa i acci\u00f3 tutorial ESO. Maig 2025.<\/li>\n<li><a href=\"https:\/\/docs.google.com\/document\/d\/18M1NTQ21vGS1dAIiF9sv-ih-gGik9Ie6R3dvw5SfpU4\/edit?usp=sharing\" target=\"_blank\" rel=\"noopener\">PCC BAT<\/a>. Projecte curricular de BAT. Abril del 2022.<\/li>\n<li><a href=\"https:\/\/docs.google.com\/document\/d\/1KDVIG6uQgAYFHu2B8NeyUt-lfkKRZ47SgFrzrfJu70E\/edit?usp=sharing\" target=\"_blank\" rel=\"noopener noreferrer\">PAT BAT<\/a>. Pla d&#8217;acci\u00f3 tutorial de BAT. Juny del 2020.<\/li>\n<li><a href=\"https:\/\/docs.google.com\/document\/d\/1XyrqxaobLcIZqlmyB2H-AHdQ4886PkEcqtnqUps2vwM\/edit?usp=sharing\" target=\"_blank\" rel=\"noopener noreferrer\">PCC FP<\/a>. Projecte curricular d&#8217;FP. Abril del 2024.<\/li>\n<li><a href=\"https:\/\/docs.google.com\/document\/d\/16Qw_FYBNaIEBfkIhPDrqJyeOlVlQOfYklbMoOnoAE_M\/edit?usp=sharing\" target=\"_blank\" rel=\"noopener\">POEAT FP<\/a>. Pla d&#8217;orientaci\u00f3 educativa i acci\u00f3 tutorial FP. Abril 2024.<\/li>\n<li><a href=\"https:\/\/docs.google.com\/document\/d\/1intDaOaurnWWCTxC31qd0z8QkKlq4GCrCwhASBOe-fY\/edit?usp=sharing\" target=\"_blank\" rel=\"noopener\">PdC<\/a>. Projecte de conviv\u00e8ncia. Maig del 2025.<\/li>\n<li><a href=\"https:\/\/docs.google.com\/document\/d\/1KOovnBqxZnJHQRghWL6EzBJMoJCWQyFUEPtdbiMSuPI\/\" target=\"_blank\" rel=\"noopener noreferrer\">PdD<\/a>. Projecte de direcci\u00f3 21-25.<\/li>\n<li><a href=\"https:\/\/drive.google.com\/file\/d\/1hXjC_CPTlK0G7b3rV0qxsJcw9I25I4Qo\/view?usp=sharing\">MA 2024-2025<\/a>. Mem\u00f2ria anual del curs 2024-2025. Setembre del 2025.<\/li>\n<li><a href=\"https:\/\/atlas.mindmup.com\/lacetania.cat\/00_pe_lacetania_24_28\/index.html\" target=\"_blank\" rel=\"noopener\">PE 24-28<\/a>. Pla estrat\u00e8gic 24-28. Juny del 2024.<\/li>\n<li><a href=\"https:\/\/drive.google.com\/file\/d\/1eEJMnD7l1vyqeLotUL7Lt5ke97u3-G2f\/view?usp=sharing\">PGA 25-26<\/a>. Programaci\u00f3 General Anual. Gener 2026.<\/li>\n<li><a href=\"https:\/\/drive.google.com\/file\/d\/11kAwDgWUimi6P4yjLuaezfU4C4asz70m\/view?usp=sharing\">NOFC<\/a>. Normes d&#8217;organitzaci\u00f3 i funcionament del centre. Mar\u00e7 del 2025.<\/li>\n<li><a href=\"https:\/\/docs.google.com\/document\/d\/1Neg2A5DRPvS6cy8aVZVg7a7vAqD_5hZKI20EEfeJ1-M\/edit?usp=sharing\" target=\"_blank\" rel=\"noopener\">PLC<\/a>. Projecte ling\u00fc\u00edstic de centre. Setembre del 2022.<\/li>\n<li><a href=\"https:\/\/drive.google.com\/file\/d\/1RtW1ih7KzCE6Hjx3MnUfbkB_TwwMOxUi\/view?usp=sharing\" target=\"_blank\" rel=\"noopener noreferrer\">Carta de comprom\u00eds educatiu<\/a>. Abril del 2022.<\/li>\n<li><a href=\"https:\/\/drive.google.com\/file\/d\/16zlrWI6vksKgd6qKkzBv9pdxxASI3kSF\/view?usp=sharing\">Pla d&#8217;Emerg\u00e8ncia<\/a>. Novembre del 2025.<\/li>\n<li><a href=\"https:\/\/docs.google.com\/document\/d\/15ThpqFVSG5N7kc7jdXFpF7wlhw1pgtpc3Q0_UvISzas\/edit?usp=sharing\" target=\"_blank\" rel=\"noopener noreferrer\">PCOM<\/a>. Pla de comunicaci\u00f3. Novembre del 2024.<\/li>\n<li><a href=\"https:\/\/agora.xtec.cat\/inslacetania\/linstitut\/docs-gestio\/estrategia-digital-de-centre\/\" target=\"_blank\" rel=\"noopener noreferrer\">EDC<\/a>. Estrat\u00e8gia digital de centre. Juny del 2022.<\/li>\n<li><a href=\"https:\/\/docs.google.com\/document\/d\/129t1YhM1Jhfm9INehFOvU0XmIKqkiMlmICafS-TR-To\/edit?usp=sharing\" target=\"_blank\" rel=\"noopener noreferrer\">Acords del Consell Escolar<\/a>. Curs 2018-2019 en endavant.<\/li>\n<li><a href=\"https:\/\/drive.google.com\/file\/d\/1x3UwICj-boo2QYUiKMykdGhVGTxxiG7U\/view\">Pressupost 2026<\/a>. Gener del 2026.<\/li>\n<li><a href=\"https:\/\/docs.google.com\/document\/d\/1Usdiu8J89F4UKLK-R5V4Lw_n0XsURo1CT2yW7SZPqJk\/edit?usp=sharing\" target=\"_blank\" rel=\"noopener\">Tarifes de lloguer d&#8217;espais<\/a>. Abril 2025.<\/li>\n<li><a href=\"https:\/\/drive.google.com\/drive\/folders\/1F-OrUOxXvFecRZRAgic34fE7oHmGEqZ2?usp=sharing\" target=\"_blank\" rel=\"noopener noreferrer\">Perfils i traject\u00f2ries professionals<\/a>. Juliol 2025.<\/li>\n<li><a href=\"https:\/\/agora.xtec.cat\/inslacetania\/linstitut\/docs-gestio\/convenis-signats\/\" target=\"_blank\" rel=\"noopener noreferrer\">Convenis vigents signats.<\/a><\/li>\n<\/ul>\n","protected":false},"excerpt":{"rendered":"<p>Enlla\u00e7os als documents generals d&#8217;organitzaci\u00f3 i gesti\u00f3 del centre PROFESSORAT NOU &#8211; FORMULARI CURS 2025-26 (Enlla\u00e7 temporal fins el 03\/09\/25) PEC. Projecte educatiu de centre. Gener del 2025. PCC ESO. Projecte curricular d&#8217;ESO. Juliol del 2021. POEAT ESO. Pla d&#8217;orientaci\u00f3 educativa i acci\u00f3 tutorial ESO. Maig 2025. PCC BAT. Projecte curricular de BAT. Abril del [&hellip;]<\/p>\n","protected":false},"author":1,"featured_media":0,"parent":19,"menu_order":60,"comment_status":"closed","ping_status":"closed","template":"","meta":{"_bbp_topic_count":0,"_bbp_reply_count":0,"_bbp_total_topic_count":0,"_bbp_total_reply_count":0,"_bbp_voice_count":0,"_bbp_anonymous_reply_count":0,"_bbp_topic_count_hidden":0,"_bbp_reply_count_hidden":0,"_bbp_forum_subforum_count":0,"site-sidebar-layout":"default","site-content-layout":"","ast-site-content-layout":"default","site-content-style":"default","site-sidebar-style":"default","ast-global-header-display":"","ast-banner-title-visibility":"","ast-main-header-display":"","ast-hfb-above-header-display":"","ast-hfb-below-header-display":"","ast-hfb-mobile-header-display":"","site-post-title":"","ast-breadcrumbs-content":"","ast-featured-img":"","footer-sml-layout":"","theme-transparent-header-meta":"","adv-header-id-meta":"","stick-header-meta":"","header-above-stick-meta":"","header-main-stick-meta":"","header-below-stick-meta":"","astra-migrate-meta-layouts":"set","ast-page-background-enabled":"default","ast-page-background-meta":{"desktop":{"background-color":"var(--ast-global-color-4)","background-image":"","background-repeat":"repeat","background-position":"center center","background-size":"auto","background-attachment":"scroll","background-type":"","background-media":"","overlay-type":"","overlay-color":"","overlay-opacity":"","overlay-gradient":""},"tablet":{"background-color":"","background-image":"","background-repeat":"repeat","background-position":"center center","background-size":"auto","background-attachment":"scroll","background-type":"","background-media":"","overlay-type":"","overlay-color":"","overlay-opacity":"","overlay-gradient":""},"mobile":{"background-color":"","background-image":"","background-repeat":"repeat","background-position":"center center","background-size":"auto","background-attachment":"scroll","background-type":"","background-media":"","overlay-type":"","overlay-color":"","overlay-opacity":"","overlay-gradient":""}},"ast-content-background-meta":{"desktop":{"background-color":"var(--ast-global-color-5)","background-image":"","background-repeat":"repeat","background-position":"center center","background-size":"auto","background-attachment":"scroll","background-type":"","background-media":"","overlay-type":"","overlay-color":"","overlay-opacity":"","overlay-gradient":""},"tablet":{"background-color":"var(--ast-global-color-5)","background-image":"","background-repeat":"repeat","background-position":"center center","background-size":"auto","background-attachment":"scroll","background-type":"","background-media":"","overlay-type":"","overlay-color":"","overlay-opacity":"","overlay-gradient":""},"mobile":{"background-color":"var(--ast-global-color-5)","background-image":"","background-repeat":"repeat","background-position":"center center","background-size":"auto","background-attachment":"scroll","background-type":"","background-media":"","overlay-type":"","overlay-color":"","overlay-opacity":"","overlay-gradient":""}},"footnotes":""},"class_list":["post-57","page","type-page","status-publish","hentry"],"post_mailing_queue_ids":[],"_links":{"self":[{"href":"https:\/\/agora.xtec.cat\/inslacetania\/wp-json\/wp\/v2\/pages\/57","targetHints":{"allow":["GET"]}}],"collection":[{"href":"https:\/\/agora.xtec.cat\/inslacetania\/wp-json\/wp\/v2\/pages"}],"about":[{"href":"https:\/\/agora.xtec.cat\/inslacetania\/wp-json\/wp\/v2\/types\/page"}],"author":[{"embeddable":true,"href":"https:\/\/agora.xtec.cat\/inslacetania\/wp-json\/wp\/v2\/users\/1"}],"replies":[{"embeddable":true,"href":"https:\/\/agora.xtec.cat\/inslacetania\/wp-json\/wp\/v2\/comments?post=57"}],"version-history":[{"count":6,"href":"https:\/\/agora.xtec.cat\/inslacetania\/wp-json\/wp\/v2\/pages\/57\/revisions"}],"predecessor-version":[{"id":29018,"href":"https:\/\/agora.xtec.cat\/inslacetania\/wp-json\/wp\/v2\/pages\/57\/revisions\/29018"}],"up":[{"embeddable":true,"href":"https:\/\/agora.xtec.cat\/inslacetania\/wp-json\/wp\/v2\/pages\/19"}],"wp:attachment":[{"href":"https:\/\/agora.xtec.cat\/inslacetania\/wp-json\/wp\/v2\/media?parent=57"}],"curies":[{"name":"wp","href":"https:\/\/api.w.org\/{rel}","templated":true}]}}