{"id":531,"date":"2016-11-01T18:17:29","date_gmt":"2016-11-01T17:17:29","guid":{"rendered":"http:\/\/agora.xtec.cat\/inslacetania\/?page_id=531"},"modified":"2026-04-10T10:16:33","modified_gmt":"2026-04-10T08:16:33","slug":"fp","status":"publish","type":"page","link":"https:\/\/agora.xtec.cat\/inslacetania\/estudis\/fp\/","title":{"rendered":"Qu\u00e8 \u00e9s l&#8217;FP?"},"content":{"rendered":"\n<p>La formaci\u00f3 professional capacita per exercir de manera qualificada diverses professions i proporciona la formaci\u00f3 necess\u00e0ria per adquirir la compet\u00e8ncia professional i el coneixement propis de cada sector.<\/p>\n\n\n\n<p>La formaci\u00f3 professional s&#8217;organitza per fam\u00edlies professionals. Els ensenyaments de la formaci\u00f3 professional s&#8217;ordenen en:<\/p>\n\n\n\n<ul class=\"wp-block-list\">\n<li><strong>itineraris formatius espec\u00edfics<\/strong>, que s\u00f3n ensenyaments professionals adre\u00e7ats a alumnes d&#8217;entre 16 i 20 anys amb necessitats educatives especials associades a una discapacitat intel\u00b7lectual lleu o moderada i que no es troben en disposici\u00f3 de seguir la formaci\u00f3 professional ordin\u00e0ria;<\/li>\n\n\n\n<li><strong>programes de formaci\u00f3 i inserci\u00f3 (PFI)<\/strong>, que estan pensats per a&nbsp;<strong>joves d&#8217;entre 16 i 21 anys&nbsp;<\/strong>que han deixat l&#8217;educaci\u00f3 secund\u00e0ria obligat\u00f2ria amb l&#8217;objectiu de proporcionar-los, d&#8217;una banda, la continu\u00eftat formativa dins de la formaci\u00f3 professional i, de l&#8217;altra, l&#8217;aprenentatge imprescindible per accedir al mercat de treball;<\/li>\n\n\n\n<li><strong>cicles de grau b\u00e0sic, de grau mitj\u00e0 i de grau superior<\/strong>, en qu\u00e8 tamb\u00e9 hi ha&nbsp;<strong>cursos d&#8217;especialitzaci\u00f3<\/strong>&nbsp;per aprofundir coneixements despr\u00e9s d&#8217;haver cursat un cicle formatiu. Els cicles formatius tenen una durada de 2.000 hores, que s&#8217;organitzen en dos cursos acad\u00e8mics; una part d&#8217;aquestes hores es destina a la formaci\u00f3 en un centre educatiu i una altra part a la formaci\u00f3 pr\u00e0ctica en centres de treball. Els cursos d&#8217;especialitzaci\u00f3 tenen una durada d&#8217;entre 500 i 720 hores. Amb la superaci\u00f3 d&#8217;un cicle formatiu de grau b\u00e0sic s&#8217;obt\u00e9 el t\u00edtol de t\u00e8cnic b\u00e0sic o t\u00e8cnica b\u00e0sica; amb la superaci\u00f3 d&#8217;un cicle formatiu de grau mitj\u00e0 s&#8217;obt\u00e9 el t\u00edtol de t\u00e8cnic o t\u00e8cnica, i amb la superaci\u00f3 d&#8217;un de grau superior, el de t\u00e8cnic o t\u00e8cnica superior.&nbsp;<\/li>\n<\/ul>\n\n\n\n<p>Trobar\u00e0s tota la informaci\u00f3 en aquest enlla\u00e7: <a href=\"https:\/\/triaeducativa.gencat.cat\/ca\/fp\">https:\/\/triaeducativa.gencat.cat\/ca\/fp<\/a><\/p>\n\n\n\n<h4 class=\"wp-block-heading\"><\/h4>\n\n\n\n<h4 class=\"wp-block-heading\"><\/h4>\n\n\n\n<h4 class=\"wp-block-heading\"><\/h4>\n\n\n\n<h4 class=\"wp-block-heading\"><\/h4>\n\n\n\n<p><\/p>\n","protected":false},"excerpt":{"rendered":"<p>La formaci\u00f3 professional capacita per exercir de manera qualificada diverses professions i proporciona la formaci\u00f3 necess\u00e0ria per adquirir la compet\u00e8ncia professional i el coneixement propis de cada sector. La formaci\u00f3 professional s&#8217;organitza per fam\u00edlies professionals. Els ensenyaments de la formaci\u00f3 professional s&#8217;ordenen en: Trobar\u00e0s tota la informaci\u00f3 en aquest enlla\u00e7: https:\/\/triaeducativa.gencat.cat\/ca\/fp<\/p>\n","protected":false},"author":4,"featured_media":0,"parent":195,"menu_order":5,"comment_status":"closed","ping_status":"closed","template":"","meta":{"_bbp_topic_count":0,"_bbp_reply_count":0,"_bbp_total_topic_count":0,"_bbp_total_reply_count":0,"_bbp_voice_count":0,"_bbp_anonymous_reply_count":0,"_bbp_topic_count_hidden":0,"_bbp_reply_count_hidden":0,"_bbp_forum_subforum_count":0,"site-sidebar-layout":"default","site-content-layout":"","ast-site-content-layout":"default","site-content-style":"default","site-sidebar-style":"default","ast-global-header-display":"","ast-banner-title-visibility":"","ast-main-header-display":"","ast-hfb-above-header-display":"","ast-hfb-below-header-display":"","ast-hfb-mobile-header-display":"","site-post-title":"","ast-breadcrumbs-content":"","ast-featured-img":"","footer-sml-layout":"","theme-transparent-header-meta":"","adv-header-id-meta":"","stick-header-meta":"","header-above-stick-meta":"","header-main-stick-meta":"","header-below-stick-meta":"","astra-migrate-meta-layouts":"set","ast-page-background-enabled":"default","ast-page-background-meta":{"desktop":{"background-color":"var(--ast-global-color-4)","background-image":"","background-repeat":"repeat","background-position":"center center","background-size":"auto","background-attachment":"scroll","background-type":"","background-media":"","overlay-type":"","overlay-color":"","overlay-opacity":"","overlay-gradient":""},"tablet":{"background-color":"","background-image":"","background-repeat":"repeat","background-position":"center center","background-size":"auto","background-attachment":"scroll","background-type":"","background-media":"","overlay-type":"","overlay-color":"","overlay-opacity":"","overlay-gradient":""},"mobile":{"background-color":"","background-image":"","background-repeat":"repeat","background-position":"center center","background-size":"auto","background-attachment":"scroll","background-type":"","background-media":"","overlay-type":"","overlay-color":"","overlay-opacity":"","overlay-gradient":""}},"ast-content-background-meta":{"desktop":{"background-color":"var(--ast-global-color-5)","background-image":"","background-repeat":"repeat","background-position":"center center","background-size":"auto","background-attachment":"scroll","background-type":"","background-media":"","overlay-type":"","overlay-color":"","overlay-opacity":"","overlay-gradient":""},"tablet":{"background-color":"var(--ast-global-color-5)","background-image":"","background-repeat":"repeat","background-position":"center center","background-size":"auto","background-attachment":"scroll","background-type":"","background-media":"","overlay-type":"","overlay-color":"","overlay-opacity":"","overlay-gradient":""},"mobile":{"background-color":"var(--ast-global-color-5)","background-image":"","background-repeat":"repeat","background-position":"center center","background-size":"auto","background-attachment":"scroll","background-type":"","background-media":"","overlay-type":"","overlay-color":"","overlay-opacity":"","overlay-gradient":""}},"footnotes":""},"class_list":["post-531","page","type-page","status-publish","hentry"],"post_mailing_queue_ids":[],"_links":{"self":[{"href":"https:\/\/agora.xtec.cat\/inslacetania\/wp-json\/wp\/v2\/pages\/531","targetHints":{"allow":["GET"]}}],"collection":[{"href":"https:\/\/agora.xtec.cat\/inslacetania\/wp-json\/wp\/v2\/pages"}],"about":[{"href":"https:\/\/agora.xtec.cat\/inslacetania\/wp-json\/wp\/v2\/types\/page"}],"author":[{"embeddable":true,"href":"https:\/\/agora.xtec.cat\/inslacetania\/wp-json\/wp\/v2\/users\/4"}],"replies":[{"embeddable":true,"href":"https:\/\/agora.xtec.cat\/inslacetania\/wp-json\/wp\/v2\/comments?post=531"}],"version-history":[{"count":6,"href":"https:\/\/agora.xtec.cat\/inslacetania\/wp-json\/wp\/v2\/pages\/531\/revisions"}],"predecessor-version":[{"id":29488,"href":"https:\/\/agora.xtec.cat\/inslacetania\/wp-json\/wp\/v2\/pages\/531\/revisions\/29488"}],"up":[{"embeddable":true,"href":"https:\/\/agora.xtec.cat\/inslacetania\/wp-json\/wp\/v2\/pages\/195"}],"wp:attachment":[{"href":"https:\/\/agora.xtec.cat\/inslacetania\/wp-json\/wp\/v2\/media?parent=531"}],"curies":[{"name":"wp","href":"https:\/\/api.w.org\/{rel}","templated":true}]}}