{"id":497,"date":"2016-10-31T18:34:21","date_gmt":"2016-10-31T17:34:21","guid":{"rendered":"http:\/\/agora.xtec.cat\/inslacetania\/?page_id=497"},"modified":"2025-09-17T12:50:48","modified_gmt":"2025-09-17T10:50:48","slug":"web-ampa","status":"publish","type":"page","link":"https:\/\/agora.xtec.cat\/inslacetania\/linstitut\/web-ampa\/","title":{"rendered":"L&#8217;AFA"},"content":{"rendered":"<p>L\u2019Associaci\u00f3 de Fam\u00edlies d\u2019Alumnes (AFA) de l\u2019Institut desenvolupa una funci\u00f3 de suport essencial a la tasca docent i comparteix amb el centre un objectiu com\u00fa: la millora cont\u00ednua de l\u2019educaci\u00f3 de l\u2019alumnat, que alhora \u00e9s fill i filla dels membres de l\u2019associaci\u00f3. En aquest marc, l\u2019AFA col\u00b7labora activament tant en la gesti\u00f3 com en les activitats del centre. A continuaci\u00f3, es detallen alguns dels serveis imprescindibles que l\u2019AFA posa a disposici\u00f3 de la comunitat educativa.<\/p>\n<ul>\n<li>Llibre verd<\/li>\n<li>Llibres Batxillerat<\/li>\n<li>Port\u00e0tils cicles formatius<\/li>\n<li>Activitats extraescolars<\/li>\n<li>Suport a l&#8217;alumnat i a les fam\u00edlies<\/li>\n<li>Biblioteca<\/li>\n<li>Gesti\u00f3 dels armariets<\/li>\n<\/ul>\n<p>Des de l\u2019Institut us animem a formar part de l\u2019AFA. Sens dubte, la funci\u00f3 que desenvolupa \u00e9s primordial per al bon funcionament del centre.<\/p>\n<p>Podeu contactar amb l\u2019AFA mitjan\u00e7ant el correu electr\u00f2nic <a class=\"decorated-link cursor-pointer\" rel=\"noopener\" data-start=\"138\" data-end=\"155\">afa@lacetania.cat<\/a><\/p>\n","protected":false},"excerpt":{"rendered":"<p>L\u2019Associaci\u00f3 de Fam\u00edlies d\u2019Alumnes (AFA) de l\u2019Institut desenvolupa una funci\u00f3 de suport essencial a la tasca docent i comparteix amb el centre un objectiu com\u00fa: la millora cont\u00ednua de l\u2019educaci\u00f3 de l\u2019alumnat, que alhora \u00e9s fill i filla dels membres de l\u2019associaci\u00f3. En aquest marc, l\u2019AFA col\u00b7labora activament tant en la gesti\u00f3 com en les [&hellip;]<\/p>\n","protected":false},"author":4,"featured_media":185,"parent":19,"menu_order":120,"comment_status":"closed","ping_status":"closed","template":"page-templates\/side-menu.php","meta":{"_bbp_topic_count":0,"_bbp_reply_count":0,"_bbp_total_topic_count":0,"_bbp_total_reply_count":0,"_bbp_voice_count":0,"_bbp_anonymous_reply_count":0,"_bbp_topic_count_hidden":0,"_bbp_reply_count_hidden":0,"_bbp_forum_subforum_count":0,"site-sidebar-layout":"default","site-content-layout":"","ast-site-content-layout":"","site-content-style":"default","site-sidebar-style":"default","ast-global-header-display":"","ast-banner-title-visibility":"","ast-main-header-display":"","ast-hfb-above-header-display":"","ast-hfb-below-header-display":"","ast-hfb-mobile-header-display":"","site-post-title":"","ast-breadcrumbs-content":"","ast-featured-img":"","footer-sml-layout":"","theme-transparent-header-meta":"","adv-header-id-meta":"","stick-header-meta":"","header-above-stick-meta":"","header-main-stick-meta":"","header-below-stick-meta":"","astra-migrate-meta-layouts":"default","ast-page-background-enabled":"default","ast-page-background-meta":{"desktop":{"background-color":"var(--ast-global-color-4)","background-image":"","background-repeat":"repeat","background-position":"center center","background-size":"auto","background-attachment":"scroll","background-type":"","background-media":"","overlay-type":"","overlay-color":"","overlay-opacity":"","overlay-gradient":""},"tablet":{"background-color":"","background-image":"","background-repeat":"repeat","background-position":"center center","background-size":"auto","background-attachment":"scroll","background-type":"","background-media":"","overlay-type":"","overlay-color":"","overlay-opacity":"","overlay-gradient":""},"mobile":{"background-color":"","background-image":"","background-repeat":"repeat","background-position":"center center","background-size":"auto","background-attachment":"scroll","background-type":"","background-media":"","overlay-type":"","overlay-color":"","overlay-opacity":"","overlay-gradient":""}},"ast-content-background-meta":{"desktop":{"background-color":"var(--ast-global-color-5)","background-image":"","background-repeat":"repeat","background-position":"center center","background-size":"auto","background-attachment":"scroll","background-type":"","background-media":"","overlay-type":"","overlay-color":"","overlay-opacity":"","overlay-gradient":""},"tablet":{"background-color":"var(--ast-global-color-5)","background-image":"","background-repeat":"repeat","background-position":"center center","background-size":"auto","background-attachment":"scroll","background-type":"","background-media":"","overlay-type":"","overlay-color":"","overlay-opacity":"","overlay-gradient":""},"mobile":{"background-color":"var(--ast-global-color-5)","background-image":"","background-repeat":"repeat","background-position":"center center","background-size":"auto","background-attachment":"scroll","background-type":"","background-media":"","overlay-type":"","overlay-color":"","overlay-opacity":"","overlay-gradient":""}},"footnotes":""},"class_list":["post-497","page","type-page","status-publish","has-post-thumbnail","hentry"],"post_mailing_queue_ids":[],"_links":{"self":[{"href":"https:\/\/agora.xtec.cat\/inslacetania\/wp-json\/wp\/v2\/pages\/497","targetHints":{"allow":["GET"]}}],"collection":[{"href":"https:\/\/agora.xtec.cat\/inslacetania\/wp-json\/wp\/v2\/pages"}],"about":[{"href":"https:\/\/agora.xtec.cat\/inslacetania\/wp-json\/wp\/v2\/types\/page"}],"author":[{"embeddable":true,"href":"https:\/\/agora.xtec.cat\/inslacetania\/wp-json\/wp\/v2\/users\/4"}],"replies":[{"embeddable":true,"href":"https:\/\/agora.xtec.cat\/inslacetania\/wp-json\/wp\/v2\/comments?post=497"}],"version-history":[{"count":6,"href":"https:\/\/agora.xtec.cat\/inslacetania\/wp-json\/wp\/v2\/pages\/497\/revisions"}],"predecessor-version":[{"id":27437,"href":"https:\/\/agora.xtec.cat\/inslacetania\/wp-json\/wp\/v2\/pages\/497\/revisions\/27437"}],"up":[{"embeddable":true,"href":"https:\/\/agora.xtec.cat\/inslacetania\/wp-json\/wp\/v2\/pages\/19"}],"wp:featuredmedia":[{"embeddable":true,"href":"https:\/\/agora.xtec.cat\/inslacetania\/wp-json\/wp\/v2\/media\/185"}],"wp:attachment":[{"href":"https:\/\/agora.xtec.cat\/inslacetania\/wp-json\/wp\/v2\/media?parent=497"}],"curies":[{"name":"wp","href":"https:\/\/api.w.org\/{rel}","templated":true}]}}