{"id":476,"date":"2016-10-30T19:37:42","date_gmt":"2016-10-30T18:37:42","guid":{"rendered":"http:\/\/agora.xtec.cat\/inslacetania\/?page_id=476"},"modified":"2025-09-03T15:24:15","modified_gmt":"2025-09-03T13:24:15","slug":"equip-directiu","status":"publish","type":"page","link":"https:\/\/agora.xtec.cat\/inslacetania\/linstitut\/equip-directiu\/","title":{"rendered":"Equip directiu"},"content":{"rendered":"<p>L&#8217;equip directiu de l&#8217;Institut consta dels seg\u00fcents membres:<\/p>\n<table style=\"width: 628px;\">\n<tbody>\n<tr>\n<td style=\"width: 192px;\">Directora<\/td>\n<td style=\"width: 190.4px;\">S\u00edlvia Vilamany\u00e0<\/td>\n<td style=\"width: 237.6px;\">direccio@lacetania.cat<\/td>\n<\/tr>\n<tr>\n<td style=\"width: 192px;\">Secret\u00e0ria<\/td>\n<td style=\"width: 190.4px;\">Rosaura Puigb\u00f2<\/td>\n<td style=\"width: 237.6px;\">secretaria@lacetania.cat<\/td>\n<\/tr>\n<tr>\n<td style=\"width: 192px;\">Administradora<\/td>\n<td style=\"width: 190.4px;\">Maite Vall<\/td>\n<td style=\"width: 237.6px;\">comptabilitat@lacetania.cat<\/td>\n<\/tr>\n<tr>\n<td style=\"width: 192px;\">Cap d\u2019estudis<\/td>\n<td style=\"width: 190.4px;\">Anna Vi\u00f1als<\/td>\n<td style=\"width: 237.6px;\">cap.estudis@lacetania.cat<\/td>\n<\/tr>\n<tr>\n<td style=\"width: 192px;\">Coordinadora Pedag\u00f2gica<\/td>\n<td style=\"width: 190.4px;\">Merc\u00e8 Roca<\/td>\n<td style=\"width: 237.6px;\">coord.pedagogica@lacetania.cat<\/td>\n<\/tr>\n<tr>\n<td style=\"width: 192px;\">Cap d&#8217;estudis d\u2019FP<\/td>\n<td style=\"width: 190.4px;\">Judit Tahull<\/td>\n<td style=\"width: 237.6px;\">cap.fp@lacetania.cat<\/td>\n<\/tr>\n<tr>\n<td style=\"width: 192px;\">Cap d&#8217;estudis adjunt<\/td>\n<td style=\"width: 190.4px;\">Dani Casals<\/td>\n<td style=\"width: 237.6px;\">cap.adjunt@lacetania.cat<\/td>\n<\/tr>\n<\/tbody>\n<\/table>\n<p>I completen el Consell de Direcci\u00f3<\/p>\n<table style=\"width: 630px;\">\n<tbody>\n<tr>\n<td style=\"width: 201.6px;\">Coordinador d\u2019ESO<\/td>\n<td style=\"width: 180px;\">Marc Estany<\/td>\n<td style=\"width: 240px;\">coord.eso@lacetania.cat<\/td>\n<\/tr>\n<tr>\n<td style=\"width: 201.6px;\">Coordinadora de Batxillerat<\/td>\n<td style=\"width: 180px;\">Dunia Anquela<\/td>\n<td style=\"width: 240px;\">coord.batx@lacetania.cat<\/td>\n<\/tr>\n<tr>\n<td style=\"width: 201.6px;\">Coordinador d&#8217;FP<\/td>\n<td style=\"width: 180px;\">F\u00e8lix V\u00e1zquez<\/td>\n<td style=\"width: 240px;\">coord.fp@lacetania.cat<\/td>\n<\/tr>\n<\/tbody>\n<\/table>\n<p>&nbsp;<\/p>\n","protected":false},"excerpt":{"rendered":"<p>L&#8217;equip directiu de l&#8217;Institut consta dels seg\u00fcents membres: Directora S\u00edlvia Vilamany\u00e0 direccio@lacetania.cat Secret\u00e0ria Rosaura Puigb\u00f2 secretaria@lacetania.cat Administradora Maite Vall comptabilitat@lacetania.cat Cap d\u2019estudis Anna Vi\u00f1als cap.estudis@lacetania.cat Coordinadora Pedag\u00f2gica Merc\u00e8 Roca coord.pedagogica@lacetania.cat Cap d&#8217;estudis d\u2019FP Judit Tahull cap.fp@lacetania.cat Cap d&#8217;estudis adjunt Dani Casals cap.adjunt@lacetania.cat I completen el Consell de Direcci\u00f3 Coordinador d\u2019ESO Marc Estany coord.eso@lacetania.cat Coordinadora de [&hellip;]<\/p>\n","protected":false},"author":4,"featured_media":0,"parent":19,"menu_order":50,"comment_status":"closed","ping_status":"closed","template":"page-templates\/side-menu.php","meta":{"_bbp_topic_count":0,"_bbp_reply_count":0,"_bbp_total_topic_count":0,"_bbp_total_reply_count":0,"_bbp_voice_count":0,"_bbp_anonymous_reply_count":0,"_bbp_topic_count_hidden":0,"_bbp_reply_count_hidden":0,"_bbp_forum_subforum_count":0,"site-sidebar-layout":"default","site-content-layout":"","ast-site-content-layout":"","site-content-style":"default","site-sidebar-style":"default","ast-global-header-display":"","ast-banner-title-visibility":"","ast-main-header-display":"","ast-hfb-above-header-display":"","ast-hfb-below-header-display":"","ast-hfb-mobile-header-display":"","site-post-title":"","ast-breadcrumbs-content":"","ast-featured-img":"","footer-sml-layout":"","theme-transparent-header-meta":"","adv-header-id-meta":"","stick-header-meta":"","header-above-stick-meta":"","header-main-stick-meta":"","header-below-stick-meta":"","astra-migrate-meta-layouts":"default","ast-page-background-enabled":"default","ast-page-background-meta":{"desktop":{"background-color":"var(--ast-global-color-4)","background-image":"","background-repeat":"repeat","background-position":"center center","background-size":"auto","background-attachment":"scroll","background-type":"","background-media":"","overlay-type":"","overlay-color":"","overlay-opacity":"","overlay-gradient":""},"tablet":{"background-color":"","background-image":"","background-repeat":"repeat","background-position":"center center","background-size":"auto","background-attachment":"scroll","background-type":"","background-media":"","overlay-type":"","overlay-color":"","overlay-opacity":"","overlay-gradient":""},"mobile":{"background-color":"","background-image":"","background-repeat":"repeat","background-position":"center center","background-size":"auto","background-attachment":"scroll","background-type":"","background-media":"","overlay-type":"","overlay-color":"","overlay-opacity":"","overlay-gradient":""}},"ast-content-background-meta":{"desktop":{"background-color":"var(--ast-global-color-5)","background-image":"","background-repeat":"repeat","background-position":"center center","background-size":"auto","background-attachment":"scroll","background-type":"","background-media":"","overlay-type":"","overlay-color":"","overlay-opacity":"","overlay-gradient":""},"tablet":{"background-color":"var(--ast-global-color-5)","background-image":"","background-repeat":"repeat","background-position":"center center","background-size":"auto","background-attachment":"scroll","background-type":"","background-media":"","overlay-type":"","overlay-color":"","overlay-opacity":"","overlay-gradient":""},"mobile":{"background-color":"var(--ast-global-color-5)","background-image":"","background-repeat":"repeat","background-position":"center center","background-size":"auto","background-attachment":"scroll","background-type":"","background-media":"","overlay-type":"","overlay-color":"","overlay-opacity":"","overlay-gradient":""}},"footnotes":""},"class_list":["post-476","page","type-page","status-publish","hentry"],"post_mailing_queue_ids":[],"_links":{"self":[{"href":"https:\/\/agora.xtec.cat\/inslacetania\/wp-json\/wp\/v2\/pages\/476","targetHints":{"allow":["GET"]}}],"collection":[{"href":"https:\/\/agora.xtec.cat\/inslacetania\/wp-json\/wp\/v2\/pages"}],"about":[{"href":"https:\/\/agora.xtec.cat\/inslacetania\/wp-json\/wp\/v2\/types\/page"}],"author":[{"embeddable":true,"href":"https:\/\/agora.xtec.cat\/inslacetania\/wp-json\/wp\/v2\/users\/4"}],"replies":[{"embeddable":true,"href":"https:\/\/agora.xtec.cat\/inslacetania\/wp-json\/wp\/v2\/comments?post=476"}],"version-history":[{"count":8,"href":"https:\/\/agora.xtec.cat\/inslacetania\/wp-json\/wp\/v2\/pages\/476\/revisions"}],"predecessor-version":[{"id":27426,"href":"https:\/\/agora.xtec.cat\/inslacetania\/wp-json\/wp\/v2\/pages\/476\/revisions\/27426"}],"up":[{"embeddable":true,"href":"https:\/\/agora.xtec.cat\/inslacetania\/wp-json\/wp\/v2\/pages\/19"}],"wp:attachment":[{"href":"https:\/\/agora.xtec.cat\/inslacetania\/wp-json\/wp\/v2\/media?parent=476"}],"curies":[{"name":"wp","href":"https:\/\/api.w.org\/{rel}","templated":true}]}}