{"id":43,"date":"2014-09-17T16:45:07","date_gmt":"2014-09-17T14:45:07","guid":{"rendered":"http:\/\/agora.xtec.cat\/inslacetania\/?page_id=43"},"modified":"2026-01-22T08:10:54","modified_gmt":"2026-01-22T07:10:54","slug":"consell-escolar","status":"publish","type":"page","link":"https:\/\/agora.xtec.cat\/inslacetania\/linstitut\/consell-escolar\/","title":{"rendered":"Consell Escolar"},"content":{"rendered":"<p>El Consell Escolar de l&#8217;Institut est\u00e0 format pels seg\u00fcents membres.<\/p>\n<h3>Membres en representaci\u00f3 de la direcci\u00f3<\/h3>\n<ul>\n<li>S\u00edlvia Vilamany\u00e0 Tristante -Directora i Presidenta del Consell Escolar<\/li>\n<li>Anna Vi\u00f1als\u00a0 Cuadrench &#8211; Cap d\u2019estudis<\/li>\n<li>Rosaura Puigb\u00f2 Morera &#8211; Secret\u00e0ria<\/li>\n<\/ul>\n<h3>Membres en representaci\u00f3 del professorat<\/h3>\n<ul>\n<li>Judit Vall Ib\u00e1\u00f1ez &#8211; ESO\/BAT<\/li>\n<li>Carles Bajona Hergueta &#8211; ESO\/BAT<\/li>\n<li>Marina Morales Valero &#8211; ESO\/BAT<\/li>\n<li>Ramon Clemente Guitart &#8211; FP<\/li>\n<li>D\u00eddac Garc\u00eda Mart\u00ednez &#8211; FP<\/li>\n<li>Toni Arnaste Boixadera &#8211; FP<\/li>\n<li>S\u00f2nia Cuesta Garc\u00eda &#8211; FP<\/li>\n<li>Pep Berenguer Canet &#8211; FP<\/li>\n<\/ul>\n<h3>Membres en representaci\u00f3 de l&#8217;alumnat<\/h3>\n<ul>\n<li>Chen Lu Zhang &#8211; ESO<\/li>\n<li>Faffa Bahriz Daddi &#8211; BAT<\/li>\n<li>Angel Lekelefah Menhciatela &#8211; FP<\/li>\n<li>M. Montserrat Garc\u00eda Casas &#8211; FP<\/li>\n<\/ul>\n<h3>Membres en representaci\u00f3 de les fam\u00edlies<\/h3>\n<ul>\n<li>Raquel Hern\u00e1ndez Plasencia<\/li>\n<li>Sergi Roman Gazquez<\/li>\n<li>Rosa M. Mateos Pablos<\/li>\n<li>Montserrat S\u00e1nchez-Maroto Inarejos<\/li>\n<\/ul>\n<h3>Representaci\u00f3 del Personal d&#8217;Administraci\u00f3 i Serveis &#8211; PAS<\/h3>\n<ul>\n<li>Elisabeth Hidalgo Rodr\u00edguez<\/li>\n<\/ul>\n<h3>Representaci\u00f3 del Personal d&#8217;Atenci\u00f3 Educativa &#8211; PAE<\/h3>\n<ul>\n<li>Jofre Hern\u00e1ndez Rosell\u00f3<\/li>\n<\/ul>\n<h3>Representaci\u00f3 de l&#8217;Ajuntament de Manresa<\/h3>\n<ul>\n<li>Llu\u00eds Vidal Sixto Orozco<\/li>\n<\/ul>\n<h3>Representaci\u00f3 de les organitzacions empresarials<\/h3>\n<ul>\n<li>Emma Moreno Puy<\/li>\n<\/ul>\n<h3>Comissions del Consell Escolar<\/h3>\n<table style=\"border-collapse: collapse; width: 100%;\" border=\"1\">\n<tbody>\n<tr style=\"height: 30px;\">\n<td style=\"width: 33.3333%; height: 30px; text-align: center;\"><strong>Comissi\u00f3 econ\u00f2mica<\/strong><\/td>\n<td style=\"width: 33.3333%; height: 30px; text-align: center;\"><strong>Comissi\u00f3 de conviv\u00e8ncia<\/strong><\/td>\n<td style=\"width: 33.3333%; height: 30px; text-align: center;\"><strong>Comissi\u00f3 permanent<\/strong><\/td>\n<\/tr>\n<tr style=\"height: 144px;\">\n<td style=\"width: 33.3333%; height: 144px;\">\n<ul>\n<li>S\u00edlvia Vilamany\u00e0 Tristante<\/li>\n<li>Rosaura Puigb\u00f2 Morera<\/li>\n<li>Maite Vall &#8211; *Administradora<\/li>\n<li>Sergi Roman Gazquez<\/li>\n<li>Marina Morales Valerao<\/li>\n<li>D\u00eddac Garcia Mart\u00ednez<\/li>\n<li>S\u00f2nia Cuesta Garc\u00eda<\/li>\n<li>M. Montserrat Garc\u00eda Casas<\/li>\n<\/ul>\n<\/td>\n<td style=\"width: 33.3333%; height: 144px;\">\n<ul>\n<li>S\u00edlvia Vilamany\u00e0 Tristante<\/li>\n<li>Rosaura Puigb\u00f2 Morera<\/li>\n<li>Anna Vi\u00f1als Cuadrench<\/li>\n<li>Judit Vall Ib\u00e1\u00f1ez<\/li>\n<li>Ramon Clemente Guitart<\/li>\n<li>*Jofre Hern\u00e1ndez Rosell\u00f3<\/li>\n<li>Angel Lekelefah Menhciatela<\/li>\n<li>Elisabeth Hidalgo Rodr\u00edguez<\/li>\n<li>Rosa M. Mateos Pablos<\/li>\n<\/ul>\n<\/td>\n<td style=\"width: 33.3333%; height: 144px;\">\n<ul>\n<li>S\u00edlvia Vilamany\u00e0 Tristante<\/li>\n<li>Rosaura Puigb\u00f2 Morera<\/li>\n<li>Anna Vi\u00f1als Cuadrench<\/li>\n<li>Raquel Hern\u00e1ndez Plasencia<\/li>\n<li>Montserrat S\u00e1nchez-Maroto Inarejos<\/li>\n<li>Toni Arnaste Boaixadera<\/li>\n<li>Carles Bajorna Hergueta<\/li>\n<li>Chen Lu Zhang<\/li>\n<li>Faffa Bahriz Daddi<\/li>\n<\/ul>\n<\/td>\n<\/tr>\n<\/tbody>\n<\/table>\n<p style=\"text-align: center;\"><a href=\"https:\/\/agora.xtec.cat\/inslacetania\/wp-content\/uploads\/usu1045\/2022\/01\/comCE.png\"><img loading=\"lazy\" decoding=\"async\" class=\"aligncenter wp-image-12924\" src=\"https:\/\/agora.xtec.cat\/inslacetania\/wp-content\/uploads\/usu1045\/2022\/01\/comCE.png\" alt=\"\" width=\"750\" height=\"399\" srcset=\"https:\/\/agora.xtec.cat\/inslacetania\/wp-content\/uploads\/usu1045\/2022\/01\/comCE.png 946w, https:\/\/agora.xtec.cat\/inslacetania\/wp-content\/uploads\/usu1045\/2022\/01\/comCE-300x160.png 300w, https:\/\/agora.xtec.cat\/inslacetania\/wp-content\/uploads\/usu1045\/2022\/01\/comCE-768x408.png 768w\" sizes=\"auto, (max-width: 750px) 100vw, 750px\" \/><\/a><\/p>\n<hr \/>\n<p>M\u00e9s informaci\u00f3 sobre els <a href=\"http:\/\/ensenyament.gencat.cat\/ca\/arees-actuacio\/centres-serveis-educatius\/centres\/consells-escolars-centres\/\" target=\"_blank\" rel=\"noopener noreferrer\">Consells Escolars dels Centres<\/a>.<\/p>\n","protected":false},"excerpt":{"rendered":"<p>El Consell Escolar de l&#8217;Institut est\u00e0 format pels seg\u00fcents membres. Membres en representaci\u00f3 de la direcci\u00f3 S\u00edlvia Vilamany\u00e0 Tristante -Directora i Presidenta del Consell Escolar Anna Vi\u00f1als\u00a0 Cuadrench &#8211; Cap d\u2019estudis Rosaura Puigb\u00f2 Morera &#8211; Secret\u00e0ria Membres en representaci\u00f3 del professorat Judit Vall Ib\u00e1\u00f1ez &#8211; ESO\/BAT Carles Bajona Hergueta &#8211; ESO\/BAT Marina Morales Valero &#8211; [&hellip;]<\/p>\n","protected":false},"author":1,"featured_media":0,"parent":19,"menu_order":80,"comment_status":"closed","ping_status":"closed","template":"","meta":{"_bbp_topic_count":0,"_bbp_reply_count":0,"_bbp_total_topic_count":0,"_bbp_total_reply_count":0,"_bbp_voice_count":0,"_bbp_anonymous_reply_count":0,"_bbp_topic_count_hidden":0,"_bbp_reply_count_hidden":0,"_bbp_forum_subforum_count":0,"site-sidebar-layout":"default","site-content-layout":"","ast-site-content-layout":"default","site-content-style":"default","site-sidebar-style":"default","ast-global-header-display":"","ast-banner-title-visibility":"","ast-main-header-display":"","ast-hfb-above-header-display":"","ast-hfb-below-header-display":"","ast-hfb-mobile-header-display":"","site-post-title":"","ast-breadcrumbs-content":"","ast-featured-img":"","footer-sml-layout":"","theme-transparent-header-meta":"","adv-header-id-meta":"","stick-header-meta":"","header-above-stick-meta":"","header-main-stick-meta":"","header-below-stick-meta":"","astra-migrate-meta-layouts":"set","ast-page-background-enabled":"default","ast-page-background-meta":{"desktop":{"background-color":"var(--ast-global-color-4)","background-image":"","background-repeat":"repeat","background-position":"center center","background-size":"auto","background-attachment":"scroll","background-type":"","background-media":"","overlay-type":"","overlay-color":"","overlay-opacity":"","overlay-gradient":""},"tablet":{"background-color":"","background-image":"","background-repeat":"repeat","background-position":"center center","background-size":"auto","background-attachment":"scroll","background-type":"","background-media":"","overlay-type":"","overlay-color":"","overlay-opacity":"","overlay-gradient":""},"mobile":{"background-color":"","background-image":"","background-repeat":"repeat","background-position":"center center","background-size":"auto","background-attachment":"scroll","background-type":"","background-media":"","overlay-type":"","overlay-color":"","overlay-opacity":"","overlay-gradient":""}},"ast-content-background-meta":{"desktop":{"background-color":"var(--ast-global-color-5)","background-image":"","background-repeat":"repeat","background-position":"center center","background-size":"auto","background-attachment":"scroll","background-type":"","background-media":"","overlay-type":"","overlay-color":"","overlay-opacity":"","overlay-gradient":""},"tablet":{"background-color":"var(--ast-global-color-5)","background-image":"","background-repeat":"repeat","background-position":"center center","background-size":"auto","background-attachment":"scroll","background-type":"","background-media":"","overlay-type":"","overlay-color":"","overlay-opacity":"","overlay-gradient":""},"mobile":{"background-color":"var(--ast-global-color-5)","background-image":"","background-repeat":"repeat","background-position":"center center","background-size":"auto","background-attachment":"scroll","background-type":"","background-media":"","overlay-type":"","overlay-color":"","overlay-opacity":"","overlay-gradient":""}},"footnotes":""},"class_list":["post-43","page","type-page","status-publish","hentry"],"post_mailing_queue_ids":[],"_links":{"self":[{"href":"https:\/\/agora.xtec.cat\/inslacetania\/wp-json\/wp\/v2\/pages\/43","targetHints":{"allow":["GET"]}}],"collection":[{"href":"https:\/\/agora.xtec.cat\/inslacetania\/wp-json\/wp\/v2\/pages"}],"about":[{"href":"https:\/\/agora.xtec.cat\/inslacetania\/wp-json\/wp\/v2\/types\/page"}],"author":[{"embeddable":true,"href":"https:\/\/agora.xtec.cat\/inslacetania\/wp-json\/wp\/v2\/users\/1"}],"replies":[{"embeddable":true,"href":"https:\/\/agora.xtec.cat\/inslacetania\/wp-json\/wp\/v2\/comments?post=43"}],"version-history":[{"count":6,"href":"https:\/\/agora.xtec.cat\/inslacetania\/wp-json\/wp\/v2\/pages\/43\/revisions"}],"predecessor-version":[{"id":28782,"href":"https:\/\/agora.xtec.cat\/inslacetania\/wp-json\/wp\/v2\/pages\/43\/revisions\/28782"}],"up":[{"embeddable":true,"href":"https:\/\/agora.xtec.cat\/inslacetania\/wp-json\/wp\/v2\/pages\/19"}],"wp:attachment":[{"href":"https:\/\/agora.xtec.cat\/inslacetania\/wp-json\/wp\/v2\/media?parent=43"}],"curies":[{"name":"wp","href":"https:\/\/api.w.org\/{rel}","templated":true}]}}