{"id":3812,"date":"2018-11-04T16:55:35","date_gmt":"2018-11-04T15:55:35","guid":{"rendered":"http:\/\/agora.xtec.cat\/inslacetania\/?page_id=3812"},"modified":"2026-02-19T13:06:47","modified_gmt":"2026-02-19T12:06:47","slug":"erasmus-ka1","status":"publish","type":"page","link":"https:\/\/agora.xtec.cat\/inslacetania\/projectes\/erasmusplus\/erasmus-ka1\/","title":{"rendered":"Erasmus+ KA1 (Mobilitat internacional)"},"content":{"rendered":"<p>L\u2019<strong>acci\u00f3 KA1<\/strong> d\u00f3na suport a la mobilitat en els sectors de l\u2019<strong>educaci\u00f3<\/strong>, la formaci\u00f3 i la joventut i t\u00e9 com a objectiu proporcionar beneficis a llarg termini als participants i les organitzacions implicades.<\/p>\n<h4>Projectes<\/h4>\n<ul>\n<li><a href=\"https:\/\/agora.xtec.cat\/inslacetania\/general\/projectes-erasmus-ka1\/\" target=\"_blank\" rel=\"noopener\"><strong>Hist\u00f2ric de projectes<\/strong><\/a><strong> de centre.<\/strong><\/li>\n<li><a href=\"https:\/\/drive.google.com\/file\/d\/1iL1dl8TDxCb4y-xmTIf6DlmBOXU0S8RA\/view?usp=drive_link\"><strong>Acc\u00e9s a la presentaci\u00f3 de la xerrada informativa Beques Erasmus+ per a professorat. Curs 2025-26 <\/strong><\/a><\/li>\n<li><a href=\"https:\/\/drive.google.com\/file\/d\/1r50jP2KDxCKrfuE5LoVhVBRQfLrfVY_t\/view?usp=drive_link\"><strong>Acc\u00e9s a la presentaci\u00f3 de la xerrada informativa Beques Erasmus+ per a alumnat. Curs 2025-26<\/strong><\/a><\/li>\n<li><span style=\"font-size: 20px; color: #000000;\"><strong>Convocat\u00f2ries curs 2025-2026 <\/strong><\/span>\n<ul>\n<li><a href=\"https:\/\/drive.google.com\/file\/d\/1A-XkSkGNH5fdNx2NYpdEWff-Bqor3Qnr\/view?usp=drive_link\"><span style=\"color: #0000ff;\"><span style=\"color: #000000;\">Alumnat de Grau Mitj\u00e0. <\/span><\/span><\/a><\/li>\n<li><span style=\"color: #000000;\"><span style=\"color: #000000;\"><a href=\"https:\/\/drive.google.com\/file\/d\/1VmumP5ClrPx1HQ5dg1-4W9meCtEhUWl3\/view?usp=drive_link\">Alumnat de Grau Superior. <\/a><\/span><\/span><\/li>\n<li><span style=\"color: #000000;\"><a href=\"https:\/\/drive.google.com\/file\/d\/1ARaEt4KSKuyUvAsUfVj3lLaKZ4ndagAe\/view?usp=drive_link\">Professorat de Cicles Formatius, modalitat ACC<\/a>\u00a0 <\/span><\/li>\n<li><span style=\"color: #000000;\"><span style=\"color: #000000;\"><a href=\"https:\/\/drive.google.com\/file\/d\/1G1TRZ-Hblq6T1gb7Js1AHm55OOIGruFX\/view?usp=drive_link\">Professorat de Cicles Formatius, modalitat STAFF &#8211; Observaci\u00f3 (Job Shadowing) <\/a><\/span><\/span><\/li>\n<li><a href=\"https:\/\/drive.google.com\/file\/d\/1-DFU3DQbkFe623WluBT9lnO79GHZFHhO\/view?usp=drive_link\">Convocat\u00f2ria d&#8217;entrevista &#8211; Alumnat de Grau Mitj\u00e0<\/a><\/li>\n<li><a href=\"https:\/\/drive.google.com\/file\/d\/1ZJd-nPAmvYOBcZTxCtTHjYAO9XtdsoFL\/view?usp=drive_link\">Convocat\u00f2ria d&#8217;entrevista &#8211; Alumnat de Grau Superior<\/a><\/li>\n<\/ul>\n<\/li>\n<li><strong>Llistats provisionals de seleccionats\/des curs 2025-2026\u00a0 <\/strong>\n<ul>\n<li>Alumnat de Grau Mitj\u00e0<\/li>\n<li><a href=\"https:\/\/drive.google.com\/file\/d\/1Bd2AXcyGaH14zBa8Rse2kWUqDVbr7436\/view?usp=drive_link\">Alumnat de Grau Superior\u00a0<\/a><\/li>\n<li><a href=\"https:\/\/drive.google.com\/file\/d\/19EbOfgO_Eg8sWtsMUF5Y1MlWA49n70fP\/view?usp=drive_link\">Professorat de Cicles Formatius, modalitat ACC &#8211; Acompanyant<\/a><\/li>\n<li><a href=\"https:\/\/drive.google.com\/file\/d\/1eTOBmU14Fo7octTRX2qB1COkgC1xUQIa\/view?usp=drive_link\">Professorat de Cicles Formatius, modalitat STAFF &#8211; Observaci\u00f3 (Job Shadowing)<\/a><\/li>\n<\/ul>\n<\/li>\n<li><strong>Llistats definitius de seleccionats\/des curs 2025-2026\u00a0 <span style=\"color: #ff0000;\">NOVETAT!!\u00a0<\/span><\/strong>\n<ul>\n<li><a href=\"https:\/\/drive.google.com\/file\/d\/1dHRy8AqigV1g3mS9KzwQg8Mu1RfQZDqr\/view?usp=drive_link\">Alumnat de Grau Mitj\u00e0\u00a0<\/a><\/li>\n<li><a href=\"https:\/\/drive.google.com\/file\/d\/1ln1YC6J33RE5zoWc7tuG1-Nk-AQAGita\/view?usp=drive_link\">Alumnat de Grau Superior\u00a0<\/a><\/li>\n<li><a href=\"https:\/\/drive.google.com\/file\/d\/1JgAQZp0GqkBDyQEXxynZYMThAZB_aWZP\/view?usp=drive_link\">Professorat de Cicles Formatius, modalitat ACC &#8211; Acompanyant<\/a><\/li>\n<li><a href=\"https:\/\/drive.google.com\/file\/d\/11OMb31yFkxRCEvpmKYgJ_BjBAoCFW-NY\/view?usp=drive_link\">Professorat de Cicles Formatius, modalitat STAFF &#8211; Observaci\u00f3 (Job Shadowing)<\/a><\/li>\n<\/ul>\n<\/li>\n<li><strong>\u00daltimes experi\u00e8ncies de l&#8217;alumnat<\/strong>:\n<ul>\n<li>Co\u00efmbra (Portugal) (<a href=\"https:\/\/agora.xtec.cat\/inslacetania\/general\/erasmus-a-coimbra\/\">1_ primers dies<\/a>) (<a href=\"https:\/\/agora.xtec.cat\/inslacetania\/general\/erasmus-fp-testimonis-de-lexperiencia-erasmus-a-portugal\/\">2_testimonis<\/a>)<\/li>\n<\/ul>\n<\/li>\n<li><strong>\u00daltimes experi\u00e8ncies del professorat<\/strong>:\n<ul>\n<li><a href=\"https:\/\/agora.xtec.cat\/inslacetania\/general\/erasmus-per-a-professorat-testimoni-dun-job-shadowing-a-lisboa\/\">Lisboa (Portugal) 2025<\/a><\/li>\n<li><a href=\"https:\/\/agora.xtec.cat\/inslacetania\/general\/erasmus-a-coimbra\/\">Dub\u00edn (Irlanda) 2025<\/a>.<\/li>\n<\/ul>\n<\/li>\n<\/ul>\n<p style=\"text-align: right;\"><a href=\"https:\/\/agora.xtec.cat\/inslacetania\/wp-content\/uploads\/usu1045\/2016\/11\/EU-flag-Erasmus-e1478460285882.jpg\"><img loading=\"lazy\" decoding=\"async\" class=\"alignnone size-medium wp-image-618\" src=\"https:\/\/agora.xtec.cat\/inslacetania\/wp-content\/uploads\/usu1045\/2016\/11\/EU-flag-Erasmus-300x86.jpg\" alt=\"\" width=\"300\" height=\"86\" \/><\/a><\/p>\n","protected":false},"excerpt":{"rendered":"<p>L\u2019acci\u00f3 KA1 d\u00f3na suport a la mobilitat en els sectors de l\u2019educaci\u00f3, la formaci\u00f3 i la joventut i t\u00e9 com a objectiu proporcionar beneficis a llarg termini als participants i les organitzacions implicades. Projectes Hist\u00f2ric de projectes de centre. Acc\u00e9s a la presentaci\u00f3 de la xerrada informativa Beques Erasmus+ per a professorat. Curs 2025-26 Acc\u00e9s [&hellip;]<\/p>\n","protected":false},"author":4,"featured_media":0,"parent":3658,"menu_order":40,"comment_status":"closed","ping_status":"closed","template":"","meta":{"_bbp_topic_count":0,"_bbp_reply_count":0,"_bbp_total_topic_count":0,"_bbp_total_reply_count":0,"_bbp_voice_count":0,"_bbp_anonymous_reply_count":0,"_bbp_topic_count_hidden":0,"_bbp_reply_count_hidden":0,"_bbp_forum_subforum_count":0,"site-sidebar-layout":"default","site-content-layout":"","ast-site-content-layout":"default","site-content-style":"default","site-sidebar-style":"default","ast-global-header-display":"","ast-banner-title-visibility":"","ast-main-header-display":"","ast-hfb-above-header-display":"","ast-hfb-below-header-display":"","ast-hfb-mobile-header-display":"","site-post-title":"","ast-breadcrumbs-content":"","ast-featured-img":"","footer-sml-layout":"","theme-transparent-header-meta":"","adv-header-id-meta":"","stick-header-meta":"","header-above-stick-meta":"","header-main-stick-meta":"","header-below-stick-meta":"","astra-migrate-meta-layouts":"set","ast-page-background-enabled":"default","ast-page-background-meta":{"desktop":{"background-color":"var(--ast-global-color-4)","background-image":"","background-repeat":"repeat","background-position":"center center","background-size":"auto","background-attachment":"scroll","background-type":"","background-media":"","overlay-type":"","overlay-color":"","overlay-opacity":"","overlay-gradient":""},"tablet":{"background-color":"","background-image":"","background-repeat":"repeat","background-position":"center center","background-size":"auto","background-attachment":"scroll","background-type":"","background-media":"","overlay-type":"","overlay-color":"","overlay-opacity":"","overlay-gradient":""},"mobile":{"background-color":"","background-image":"","background-repeat":"repeat","background-position":"center center","background-size":"auto","background-attachment":"scroll","background-type":"","background-media":"","overlay-type":"","overlay-color":"","overlay-opacity":"","overlay-gradient":""}},"ast-content-background-meta":{"desktop":{"background-color":"var(--ast-global-color-5)","background-image":"","background-repeat":"repeat","background-position":"center center","background-size":"auto","background-attachment":"scroll","background-type":"","background-media":"","overlay-type":"","overlay-color":"","overlay-opacity":"","overlay-gradient":""},"tablet":{"background-color":"var(--ast-global-color-5)","background-image":"","background-repeat":"repeat","background-position":"center center","background-size":"auto","background-attachment":"scroll","background-type":"","background-media":"","overlay-type":"","overlay-color":"","overlay-opacity":"","overlay-gradient":""},"mobile":{"background-color":"var(--ast-global-color-5)","background-image":"","background-repeat":"repeat","background-position":"center center","background-size":"auto","background-attachment":"scroll","background-type":"","background-media":"","overlay-type":"","overlay-color":"","overlay-opacity":"","overlay-gradient":""}},"footnotes":""},"class_list":["post-3812","page","type-page","status-publish","hentry"],"post_mailing_queue_ids":[],"_links":{"self":[{"href":"https:\/\/agora.xtec.cat\/inslacetania\/wp-json\/wp\/v2\/pages\/3812","targetHints":{"allow":["GET"]}}],"collection":[{"href":"https:\/\/agora.xtec.cat\/inslacetania\/wp-json\/wp\/v2\/pages"}],"about":[{"href":"https:\/\/agora.xtec.cat\/inslacetania\/wp-json\/wp\/v2\/types\/page"}],"author":[{"embeddable":true,"href":"https:\/\/agora.xtec.cat\/inslacetania\/wp-json\/wp\/v2\/users\/4"}],"replies":[{"embeddable":true,"href":"https:\/\/agora.xtec.cat\/inslacetania\/wp-json\/wp\/v2\/comments?post=3812"}],"version-history":[{"count":6,"href":"https:\/\/agora.xtec.cat\/inslacetania\/wp-json\/wp\/v2\/pages\/3812\/revisions"}],"predecessor-version":[{"id":28999,"href":"https:\/\/agora.xtec.cat\/inslacetania\/wp-json\/wp\/v2\/pages\/3812\/revisions\/28999"}],"up":[{"embeddable":true,"href":"https:\/\/agora.xtec.cat\/inslacetania\/wp-json\/wp\/v2\/pages\/3658"}],"wp:attachment":[{"href":"https:\/\/agora.xtec.cat\/inslacetania\/wp-json\/wp\/v2\/media?parent=3812"}],"curies":[{"name":"wp","href":"https:\/\/api.w.org\/{rel}","templated":true}]}}