{"id":3688,"date":"2018-10-23T20:48:08","date_gmt":"2018-10-23T18:48:08","guid":{"rendered":"http:\/\/agora.xtec.cat\/inslacetania\/?page_id=3688"},"modified":"2021-10-07T18:20:21","modified_gmt":"2021-10-07T16:20:21","slug":"europe-2020-first-target-fighting-unemployment","status":"publish","type":"page","link":"https:\/\/agora.xtec.cat\/inslacetania\/projectes\/erasmusplus\/erasmuspluska2\/europe-2020-first-target-fighting-unemployment\/","title":{"rendered":"Europe 2020 First Target: Fighting Unemployment"},"content":{"rendered":"<p><strong>Europe 2020 First Target: Fighting Unemployment<\/strong>\u00a0focuses on unemployment as a key issue for the EU. The European Commission considers employment as the first target for the EU in 2020 (75% of the 20-64 year-olds to be employed). Therefore, it seem most timely and necessary for European schools to promote teaching activities and active debates on this topic in order to raise the students\u2019 awareness of the first EU target in the next years. In national and transnational groups, this project aims, on the one hand, to examine the reasons and the effects of unemployment in both the partner regions and the EU, taking into account the multiple aspects of vulnerability in the labour market (age, sex, educational and social background, migration, labour sectors, seasonality, etc), and the role of policy-makers and economic actors as well. On the other hand, this project aims to analyse and propose measures to reach the European Union 2020 goal on both regional and European levels. Therefore, students will be asked to find out how the measures proposed by the EU and the national government bodies are being and can be implemented in the specific regions involved in the project and which new measures could be undertaken.<\/p>\n<ul>\n<li><a href=\"https:\/\/erasmusplustarget2020.simdif.com\/\" target=\"_blank\" rel=\"noopener noreferrer\">Website of the project<\/a><\/li>\n<li><a href=\"https:\/\/twinspace.etwinning.net\/15812\/home\" target=\"_blank\" rel=\"noopener noreferrer\">Twinspace of the project<\/a><\/li>\n<li><a href=\"http:\/\/ec.europa.eu\/programmes\/erasmus-plus\/projects\/eplus-project-details\/#project\/0e031113-0971-423b-b330-b47e7760cb38\" target=\"_blank\" rel=\"noopener noreferrer\">Project Card\u00a0in the\u00a0Erasmus+ Project Results Platform<\/a><\/li>\n<\/ul>\n<hr \/>\n<p>L\u2019Institut Lacet\u00e0nia \u00e9s el coordinador del projecte<strong>\u00a0Europe 2020 First Target: Fighting Unemployment<\/strong>, en el qual tamb\u00e9 participen centres d\u2019Alemanya, It\u00e0lia, Pol\u00f2nia, Gr\u00e8cia i Turquia. Aquest projecte, adre\u00e7at a l\u2019alumnat de batxillerat i amb una durada de 24 mesos (1\/9\/2015 a 31\/8\/2017), t\u00e9 com a objectiu l\u2019estudi del mercat laboral i la problem\u00e0tica de l\u2019atur als pa\u00efsos i regions participants, analitzant sobretot si \u00e9s factible l\u2019objectiu de la Uni\u00f3 Europea per a l\u2019any 2020: assolir un \u00edndex d\u2019ocupaci\u00f3 del 75% de la poblaci\u00f3 activa. Aquest projecte tamb\u00e9 representa la continuaci\u00f3\u00a0del projecte Comenius PRIME, sobre immigraci\u00f3 i integraci\u00f3 a Europa (2013-2015).<\/p>\n<hr \/>\n<p>El Institut Lacet\u00e0nia es el coordinador del proyecto <strong>Europe 2020 First Target: Fighting Unemployment<\/strong>, en el que tambi\u00e9n participan centros de Alemania, Italia, Polonia, Grecia y Turquia. Este proyecto, dirigido a alumnos de bachillerato y con\u00a0una duraci\u00f3n de 24 meses (1\/9\/2015 a 31\/8\/2017), tiene como objetivo el estudio del mercado laboral y el problema del desempleo en los pa\u00edses y regiones participantes, analizando sobre todo si es factible el objetivo marcado por la Uni\u00f3n Europea para el a\u00f1o 2020: alcanzar un \u00edndice de empleo del 75% de la poblaci\u00f3n activa. Este proyecto tambi\u00e9n representa la continuaci\u00f3n\u00a0del proyecto Comenius PRIME, sobre inmigraci\u00f3n e integraci\u00f3n en Europa (2013-2015).<\/p>\n<p style=\"text-align: right;\"><a href=\"https:\/\/agora.xtec.cat\/inslacetania\/wp-content\/uploads\/usu1045\/2016\/11\/EU-flag-Erasmus-e1478460285882.jpg\"><img loading=\"lazy\" decoding=\"async\" class=\"alignnone size-medium wp-image-618\" src=\"https:\/\/agora.xtec.cat\/inslacetania\/wp-content\/uploads\/usu1045\/2016\/11\/EU-flag-Erasmus-300x86.jpg\" alt=\"\" width=\"300\" height=\"86\" \/><\/a><\/p>\n","protected":false},"excerpt":{"rendered":"<p>Europe 2020 First Target: Fighting Unemployment\u00a0focuses on unemployment as a key issue for the EU. The European Commission considers employment as the first target for the EU in 2020 (75% of the 20-64 year-olds to be employed). Therefore, it seem most timely and necessary for European schools to promote teaching activities and active debates on [&hellip;]<\/p>\n","protected":false},"author":4,"featured_media":0,"parent":797,"menu_order":30,"comment_status":"closed","ping_status":"closed","template":"page-templates\/side-menu.php","meta":{"_bbp_topic_count":0,"_bbp_reply_count":0,"_bbp_total_topic_count":0,"_bbp_total_reply_count":0,"_bbp_voice_count":0,"_bbp_anonymous_reply_count":0,"_bbp_topic_count_hidden":0,"_bbp_reply_count_hidden":0,"_bbp_forum_subforum_count":0,"site-sidebar-layout":"default","site-content-layout":"","ast-site-content-layout":"","site-content-style":"default","site-sidebar-style":"default","ast-global-header-display":"","ast-banner-title-visibility":"","ast-main-header-display":"","ast-hfb-above-header-display":"","ast-hfb-below-header-display":"","ast-hfb-mobile-header-display":"","site-post-title":"","ast-breadcrumbs-content":"","ast-featured-img":"","footer-sml-layout":"","theme-transparent-header-meta":"","adv-header-id-meta":"","stick-header-meta":"","header-above-stick-meta":"","header-main-stick-meta":"","header-below-stick-meta":"","astra-migrate-meta-layouts":"default","ast-page-background-enabled":"default","ast-page-background-meta":{"desktop":{"background-color":"var(--ast-global-color-4)","background-image":"","background-repeat":"repeat","background-position":"center center","background-size":"auto","background-attachment":"scroll","background-type":"","background-media":"","overlay-type":"","overlay-color":"","overlay-opacity":"","overlay-gradient":""},"tablet":{"background-color":"","background-image":"","background-repeat":"repeat","background-position":"center center","background-size":"auto","background-attachment":"scroll","background-type":"","background-media":"","overlay-type":"","overlay-color":"","overlay-opacity":"","overlay-gradient":""},"mobile":{"background-color":"","background-image":"","background-repeat":"repeat","background-position":"center center","background-size":"auto","background-attachment":"scroll","background-type":"","background-media":"","overlay-type":"","overlay-color":"","overlay-opacity":"","overlay-gradient":""}},"ast-content-background-meta":{"desktop":{"background-color":"var(--ast-global-color-5)","background-image":"","background-repeat":"repeat","background-position":"center center","background-size":"auto","background-attachment":"scroll","background-type":"","background-media":"","overlay-type":"","overlay-color":"","overlay-opacity":"","overlay-gradient":""},"tablet":{"background-color":"var(--ast-global-color-5)","background-image":"","background-repeat":"repeat","background-position":"center center","background-size":"auto","background-attachment":"scroll","background-type":"","background-media":"","overlay-type":"","overlay-color":"","overlay-opacity":"","overlay-gradient":""},"mobile":{"background-color":"var(--ast-global-color-5)","background-image":"","background-repeat":"repeat","background-position":"center center","background-size":"auto","background-attachment":"scroll","background-type":"","background-media":"","overlay-type":"","overlay-color":"","overlay-opacity":"","overlay-gradient":""}},"footnotes":""},"class_list":["post-3688","page","type-page","status-publish","hentry"],"post_mailing_queue_ids":[],"_links":{"self":[{"href":"https:\/\/agora.xtec.cat\/inslacetania\/wp-json\/wp\/v2\/pages\/3688","targetHints":{"allow":["GET"]}}],"collection":[{"href":"https:\/\/agora.xtec.cat\/inslacetania\/wp-json\/wp\/v2\/pages"}],"about":[{"href":"https:\/\/agora.xtec.cat\/inslacetania\/wp-json\/wp\/v2\/types\/page"}],"author":[{"embeddable":true,"href":"https:\/\/agora.xtec.cat\/inslacetania\/wp-json\/wp\/v2\/users\/4"}],"replies":[{"embeddable":true,"href":"https:\/\/agora.xtec.cat\/inslacetania\/wp-json\/wp\/v2\/comments?post=3688"}],"version-history":[{"count":3,"href":"https:\/\/agora.xtec.cat\/inslacetania\/wp-json\/wp\/v2\/pages\/3688\/revisions"}],"predecessor-version":[{"id":12281,"href":"https:\/\/agora.xtec.cat\/inslacetania\/wp-json\/wp\/v2\/pages\/3688\/revisions\/12281"}],"up":[{"embeddable":true,"href":"https:\/\/agora.xtec.cat\/inslacetania\/wp-json\/wp\/v2\/pages\/797"}],"wp:attachment":[{"href":"https:\/\/agora.xtec.cat\/inslacetania\/wp-json\/wp\/v2\/media?parent=3688"}],"curies":[{"name":"wp","href":"https:\/\/api.w.org\/{rel}","templated":true}]}}