{"id":3683,"date":"2018-10-23T20:47:56","date_gmt":"2018-10-23T18:47:56","guid":{"rendered":"http:\/\/agora.xtec.cat\/inslacetania\/?page_id=3683"},"modified":"2019-02-01T20:49:04","modified_gmt":"2019-02-01T19:49:04","slug":"social-europe-2020","status":"publish","type":"page","link":"https:\/\/agora.xtec.cat\/inslacetania\/projectes\/erasmusplus\/erasmuspluska2\/social-europe-2020\/","title":{"rendered":"Social Europe 2020: Combating Social Exclusion and Poverty in the European Union"},"content":{"rendered":"<p>L\u2019Institut Lacet\u00e0nia \u00e9s el coordinador d\u2019un nou projecte Erasmus+:\u00a0<strong>Social Europe 2020: Combating Social Exclusion and Poverty in the European\u00a0Union<\/strong> en el qual tamb\u00e9 participen centres d\u2019Alemanya (G\u00f6ppingen), It\u00e0lia (Roma), Pol\u00f2nia (Lublin), Gr\u00e8cia (Kavala) i Dinamarca (Naestved). Aquest projecte, adre\u00e7at a l\u2019alumnat de batxillerat i amb una durada de 24 mesos (1\/9\/2017 a 31\/8\/2019), t\u00e9 com a objectiu l\u2019estudi de les pol\u00edtiques adre\u00e7ades a combatre la desigualtat social a la Uni\u00f3 Europea i als seus pa\u00efsos, analitzant sobretot si \u00e9s factible l\u2019objectiu de la Comissi\u00f3 Europea per a l\u2019any 2020: reduir en uns 20 milions de persones el nombre de gent en risc d\u2019exclusi\u00f3 social al nostre continent.<\/p>\n<p>According to the European Comission, the number of people living at risk of poverty or social exclusion in the EU increased from 118 million in 2010 to a peak value of 124 million in 2012. Although this number has decreased to about 122 million in 2014, almost every fourth person in the EU remained at risk of poverty or social exclusion over the period 2010 to 2014. For this reason, the European Commission aims to reduce the number of people at risk of poverty or social exclusion by 20 million by 2020. Within this context, the EU launched in 2010 the European platform against poverty and social exclusion as one of seven flagship initiatives of the Europe 2020 strategy for smart, sustainable, and inclusive growth. One of the key actions of this platform, which will remain active until 2020, is to work in partnership with civil society to support more effectively the implementation of social policy reforms.<\/p>\n<p>In national and transnational groups, this project aims, on the one hand, to examine the reasons and the effects of social exclusion and poverty in both the partner regions and the EU, taking into account the multiple aspects of social vulnerability (age, sex, educational and social background, migration, etc), and the role of policy-makers and social agents. On the other hand, we intend to analyse and propose measures to reach the European Union 2020 goal both on regional and European levels. Therefore, students will be asked to find out how the measures proposed by the EU and the national government bodies are being and can be implemented in the specific regions involved in the project and which new measures could be undertaken. It is true that social exclusion and poverty differ from country to country, especially from North to South. However, students will deal with this topic no only from a national and regional viewpoint, but also taking into account the social situation in other European countries in order to draw similarities, differences and suggestions on how to overcome social exclusion and poverty. By carrying out this project transnationally, we aim to develop the students\u2019 awareness of the diversity of the local, national, and international situation concerning social exclusion and poverty.<\/p>\n<p>By considering equality as a key issue of unemployment and social exclusion, this project also aims to foster principles and values such as social equality and social cohesion. Furthermore, students\u2019 transnational work will reinforce the sense of common goals and European citizenship.<\/p>\n<p style=\"text-align: right;\"><a href=\"https:\/\/agora.xtec.cat\/inslacetania\/wp-content\/uploads\/usu1045\/2016\/11\/EU-flag-Erasmus-e1478460285882.jpg\"><img loading=\"lazy\" decoding=\"async\" class=\"alignnone size-medium wp-image-618\" src=\"https:\/\/agora.xtec.cat\/inslacetania\/wp-content\/uploads\/usu1045\/2016\/11\/EU-flag-Erasmus-300x86.jpg\" alt=\"\" width=\"300\" height=\"86\" \/><\/a><\/p>\n","protected":false},"excerpt":{"rendered":"<p>L\u2019Institut Lacet\u00e0nia \u00e9s el coordinador d\u2019un nou projecte Erasmus+:\u00a0Social Europe 2020: Combating Social Exclusion and Poverty in the European\u00a0Union en el qual tamb\u00e9 participen centres d\u2019Alemanya (G\u00f6ppingen), It\u00e0lia (Roma), Pol\u00f2nia (Lublin), Gr\u00e8cia (Kavala) i Dinamarca (Naestved). Aquest projecte, adre\u00e7at a l\u2019alumnat de batxillerat i amb una durada de 24 mesos (1\/9\/2017 a 31\/8\/2019), t\u00e9 com [&hellip;]<\/p>\n","protected":false},"author":4,"featured_media":0,"parent":797,"menu_order":10,"comment_status":"closed","ping_status":"closed","template":"page-templates\/side-menu.php","meta":{"_bbp_topic_count":0,"_bbp_reply_count":0,"_bbp_total_topic_count":0,"_bbp_total_reply_count":0,"_bbp_voice_count":0,"_bbp_anonymous_reply_count":0,"_bbp_topic_count_hidden":0,"_bbp_reply_count_hidden":0,"_bbp_forum_subforum_count":0,"site-sidebar-layout":"default","site-content-layout":"","ast-site-content-layout":"","site-content-style":"default","site-sidebar-style":"default","ast-global-header-display":"","ast-banner-title-visibility":"","ast-main-header-display":"","ast-hfb-above-header-display":"","ast-hfb-below-header-display":"","ast-hfb-mobile-header-display":"","site-post-title":"","ast-breadcrumbs-content":"","ast-featured-img":"","footer-sml-layout":"","theme-transparent-header-meta":"","adv-header-id-meta":"","stick-header-meta":"","header-above-stick-meta":"","header-main-stick-meta":"","header-below-stick-meta":"","astra-migrate-meta-layouts":"default","ast-page-background-enabled":"default","ast-page-background-meta":{"desktop":{"background-color":"var(--ast-global-color-4)","background-image":"","background-repeat":"repeat","background-position":"center center","background-size":"auto","background-attachment":"scroll","background-type":"","background-media":"","overlay-type":"","overlay-color":"","overlay-opacity":"","overlay-gradient":""},"tablet":{"background-color":"","background-image":"","background-repeat":"repeat","background-position":"center center","background-size":"auto","background-attachment":"scroll","background-type":"","background-media":"","overlay-type":"","overlay-color":"","overlay-opacity":"","overlay-gradient":""},"mobile":{"background-color":"","background-image":"","background-repeat":"repeat","background-position":"center center","background-size":"auto","background-attachment":"scroll","background-type":"","background-media":"","overlay-type":"","overlay-color":"","overlay-opacity":"","overlay-gradient":""}},"ast-content-background-meta":{"desktop":{"background-color":"var(--ast-global-color-5)","background-image":"","background-repeat":"repeat","background-position":"center center","background-size":"auto","background-attachment":"scroll","background-type":"","background-media":"","overlay-type":"","overlay-color":"","overlay-opacity":"","overlay-gradient":""},"tablet":{"background-color":"var(--ast-global-color-5)","background-image":"","background-repeat":"repeat","background-position":"center center","background-size":"auto","background-attachment":"scroll","background-type":"","background-media":"","overlay-type":"","overlay-color":"","overlay-opacity":"","overlay-gradient":""},"mobile":{"background-color":"var(--ast-global-color-5)","background-image":"","background-repeat":"repeat","background-position":"center center","background-size":"auto","background-attachment":"scroll","background-type":"","background-media":"","overlay-type":"","overlay-color":"","overlay-opacity":"","overlay-gradient":""}},"footnotes":""},"class_list":["post-3683","page","type-page","status-publish","hentry"],"post_mailing_queue_ids":[],"_links":{"self":[{"href":"https:\/\/agora.xtec.cat\/inslacetania\/wp-json\/wp\/v2\/pages\/3683","targetHints":{"allow":["GET"]}}],"collection":[{"href":"https:\/\/agora.xtec.cat\/inslacetania\/wp-json\/wp\/v2\/pages"}],"about":[{"href":"https:\/\/agora.xtec.cat\/inslacetania\/wp-json\/wp\/v2\/types\/page"}],"author":[{"embeddable":true,"href":"https:\/\/agora.xtec.cat\/inslacetania\/wp-json\/wp\/v2\/users\/4"}],"replies":[{"embeddable":true,"href":"https:\/\/agora.xtec.cat\/inslacetania\/wp-json\/wp\/v2\/comments?post=3683"}],"version-history":[{"count":3,"href":"https:\/\/agora.xtec.cat\/inslacetania\/wp-json\/wp\/v2\/pages\/3683\/revisions"}],"predecessor-version":[{"id":4720,"href":"https:\/\/agora.xtec.cat\/inslacetania\/wp-json\/wp\/v2\/pages\/3683\/revisions\/4720"}],"up":[{"embeddable":true,"href":"https:\/\/agora.xtec.cat\/inslacetania\/wp-json\/wp\/v2\/pages\/797"}],"wp:attachment":[{"href":"https:\/\/agora.xtec.cat\/inslacetania\/wp-json\/wp\/v2\/media?parent=3683"}],"curies":[{"name":"wp","href":"https:\/\/api.w.org\/{rel}","templated":true}]}}