{"id":3658,"date":"2018-10-22T22:58:15","date_gmt":"2018-10-22T20:58:15","guid":{"rendered":"http:\/\/agora.xtec.cat\/inslacetania\/?page_id=3658"},"modified":"2024-12-12T08:20:59","modified_gmt":"2024-12-12T07:20:59","slug":"erasmusplus","status":"publish","type":"page","link":"https:\/\/agora.xtec.cat\/inslacetania\/projectes\/erasmusplus\/","title":{"rendered":"Erasmus+"},"content":{"rendered":"<p style=\"text-align: justify;\">Erasmus + \u00e9s el programa europeu en els \u00e0mbits de l&#8217;educaci\u00f3, la formaci\u00f3, la joventut i l&#8217;esport. L&#8217;Institut \u00e9s acreedor de les cartes Erasmus+ per <a href=\"https:\/\/agora.xtec.cat\/inslacetania\/projectes\/erasmusplus\/carta-erasmus-de-formacio-professional-21-27\/\" target=\"_blank\" rel=\"noopener\">Cicles Formatius de Grau Mitj\u00e0<\/a> i per <a href=\"https:\/\/agora.xtec.cat\/inslacetania\/projectes\/erasmusplus\/erasmus-charter-2021-2027\/\" target=\"_blank\" rel=\"noopener noreferrer\">Cicles Formatius de Grau Superior<\/a> atorgades per la Comissi\u00f3 Europea pel per\u00edode 2021-2027 que permet a Institut i estudiants beneficiar-se de la participaci\u00f3 en aquests projectes.<\/p>\n<p style=\"text-align: justify;\">Erasmus + \u00e9s el programa \u00fanic que tracta d&#8217;impulsar les perspectives laborals i el desenvolupament personal, a m\u00e9s d&#8217;ajudar als nostres sistemes d&#8217;educaci\u00f3, formaci\u00f3 i joventut a proporcionar un ensenyament i un aprenentatge que dotin les persones de les capacitats necess\u00e0ries per al mercat laboral i la societat actual i futura. \u00c9s una gran oportunitat per a Institut i estudiants d&#8217;obrir-se a Europa i desenvolupar noves compet\u00e8ncies i capacitats en col\u00b7laboraci\u00f3 amb d&#8217;altres institucions del continent.<\/p>\n<p style=\"text-align: justify;\">L&#8217;institut Lacet\u00e0nia participa en l&#8217;<span style=\"background-color: #ffff00;\"><a style=\"background-color: #ffff00;\" href=\"https:\/\/agora.xtec.cat\/inslacetania\/projectes\/erasmusplus\/erasmus-ka1\/\"><strong><span style=\"color: #0000ff;\">acci\u00f3 KA1 d&#8217;aquest programa.<\/span><\/strong><\/a><\/span><\/p>\n<p style=\"text-align: left;\"><a href=\"https:\/\/agora.xtec.cat\/inslacetania\/wp-content\/uploads\/usu1045\/2016\/11\/EU-flag-Erasmus-e1478460285882.jpg\"><img loading=\"lazy\" decoding=\"async\" class=\"size-medium wp-image-618 alignright\" src=\"https:\/\/agora.xtec.cat\/inslacetania\/wp-content\/uploads\/usu1045\/2016\/11\/EU-flag-Erasmus-300x86.jpg\" alt=\"\" width=\"300\" height=\"86\" \/><\/a><\/p>\n","protected":false},"excerpt":{"rendered":"<p>Erasmus + \u00e9s el programa europeu en els \u00e0mbits de l&#8217;educaci\u00f3, la formaci\u00f3, la joventut i l&#8217;esport. L&#8217;Institut \u00e9s acreedor de les cartes Erasmus+ per Cicles Formatius de Grau Mitj\u00e0 i per Cicles Formatius de Grau Superior atorgades per la Comissi\u00f3 Europea pel per\u00edode 2021-2027 que permet a Institut i estudiants beneficiar-se de la participaci\u00f3 [&hellip;]<\/p>\n","protected":false},"author":4,"featured_media":0,"parent":514,"menu_order":20,"comment_status":"closed","ping_status":"closed","template":"page-templates\/side-menu.php","meta":{"_bbp_topic_count":0,"_bbp_reply_count":0,"_bbp_total_topic_count":0,"_bbp_total_reply_count":0,"_bbp_voice_count":0,"_bbp_anonymous_reply_count":0,"_bbp_topic_count_hidden":0,"_bbp_reply_count_hidden":0,"_bbp_forum_subforum_count":0,"site-sidebar-layout":"default","site-content-layout":"","ast-site-content-layout":"","site-content-style":"default","site-sidebar-style":"default","ast-global-header-display":"","ast-banner-title-visibility":"","ast-main-header-display":"","ast-hfb-above-header-display":"","ast-hfb-below-header-display":"","ast-hfb-mobile-header-display":"","site-post-title":"","ast-breadcrumbs-content":"","ast-featured-img":"","footer-sml-layout":"","theme-transparent-header-meta":"","adv-header-id-meta":"","stick-header-meta":"","header-above-stick-meta":"","header-main-stick-meta":"","header-below-stick-meta":"","astra-migrate-meta-layouts":"default","ast-page-background-enabled":"default","ast-page-background-meta":{"desktop":{"background-color":"var(--ast-global-color-4)","background-image":"","background-repeat":"repeat","background-position":"center center","background-size":"auto","background-attachment":"scroll","background-type":"","background-media":"","overlay-type":"","overlay-color":"","overlay-opacity":"","overlay-gradient":""},"tablet":{"background-color":"","background-image":"","background-repeat":"repeat","background-position":"center center","background-size":"auto","background-attachment":"scroll","background-type":"","background-media":"","overlay-type":"","overlay-color":"","overlay-opacity":"","overlay-gradient":""},"mobile":{"background-color":"","background-image":"","background-repeat":"repeat","background-position":"center center","background-size":"auto","background-attachment":"scroll","background-type":"","background-media":"","overlay-type":"","overlay-color":"","overlay-opacity":"","overlay-gradient":""}},"ast-content-background-meta":{"desktop":{"background-color":"var(--ast-global-color-5)","background-image":"","background-repeat":"repeat","background-position":"center center","background-size":"auto","background-attachment":"scroll","background-type":"","background-media":"","overlay-type":"","overlay-color":"","overlay-opacity":"","overlay-gradient":""},"tablet":{"background-color":"var(--ast-global-color-5)","background-image":"","background-repeat":"repeat","background-position":"center center","background-size":"auto","background-attachment":"scroll","background-type":"","background-media":"","overlay-type":"","overlay-color":"","overlay-opacity":"","overlay-gradient":""},"mobile":{"background-color":"var(--ast-global-color-5)","background-image":"","background-repeat":"repeat","background-position":"center center","background-size":"auto","background-attachment":"scroll","background-type":"","background-media":"","overlay-type":"","overlay-color":"","overlay-opacity":"","overlay-gradient":""}},"footnotes":""},"class_list":["post-3658","page","type-page","status-publish","hentry"],"post_mailing_queue_ids":[],"_links":{"self":[{"href":"https:\/\/agora.xtec.cat\/inslacetania\/wp-json\/wp\/v2\/pages\/3658","targetHints":{"allow":["GET"]}}],"collection":[{"href":"https:\/\/agora.xtec.cat\/inslacetania\/wp-json\/wp\/v2\/pages"}],"about":[{"href":"https:\/\/agora.xtec.cat\/inslacetania\/wp-json\/wp\/v2\/types\/page"}],"author":[{"embeddable":true,"href":"https:\/\/agora.xtec.cat\/inslacetania\/wp-json\/wp\/v2\/users\/4"}],"replies":[{"embeddable":true,"href":"https:\/\/agora.xtec.cat\/inslacetania\/wp-json\/wp\/v2\/comments?post=3658"}],"version-history":[{"count":6,"href":"https:\/\/agora.xtec.cat\/inslacetania\/wp-json\/wp\/v2\/pages\/3658\/revisions"}],"predecessor-version":[{"id":24421,"href":"https:\/\/agora.xtec.cat\/inslacetania\/wp-json\/wp\/v2\/pages\/3658\/revisions\/24421"}],"up":[{"embeddable":true,"href":"https:\/\/agora.xtec.cat\/inslacetania\/wp-json\/wp\/v2\/pages\/514"}],"wp:attachment":[{"href":"https:\/\/agora.xtec.cat\/inslacetania\/wp-json\/wp\/v2\/media?parent=3658"}],"curies":[{"name":"wp","href":"https:\/\/api.w.org\/{rel}","templated":true}]}}