{"id":3342,"date":"2018-09-14T18:42:36","date_gmt":"2018-09-14T16:42:36","guid":{"rendered":"http:\/\/agora.xtec.cat\/inslacetania\/?page_id=3342"},"modified":"2024-08-28T09:09:25","modified_gmt":"2024-08-28T07:09:25","slug":"tic-tac","status":"publish","type":"page","link":"https:\/\/agora.xtec.cat\/inslacetania\/recursos\/tic-tac\/","title":{"rendered":"TIC-TAC"},"content":{"rendered":"<h4><span style=\"color: #000000;\">Cultura Digital<\/span><\/h4>\n<ul>\n<li><a href=\"https:\/\/agora.xtec.cat\/inslacetania\/linstitut\/docs-gestio\/estrategia-digital-de-centre\/estrategia\/cultura-digital\/\">Enlla\u00e7 directe (Plans d&#8217;Acollida, Documentaci\u00f3, FAQs, &#8230;)<\/a><\/li>\n<\/ul>\n<h4><span style=\"color: #000000;\">Recursos TIC-TAC<\/span><\/h4>\n<ul>\n<li><a href=\"https:\/\/www.youtube.com\/channel\/UCnyJG_IR3gcbeya1dkEdb0g\" target=\"_blank\" rel=\"noopener\">Videotutorials<\/a><\/li>\n<\/ul>\n<p style=\"padding-left: 90px;\"><a href=\"https:\/\/www.youtube.com\/channel\/UCnyJG_IR3gcbeya1dkEdb0g\" target=\"_blank\" rel=\"noopener\"><img loading=\"lazy\" decoding=\"async\" class=\"alignnone wp-image-4607\" src=\"https:\/\/agora.xtec.cat\/inslacetania\/wp-content\/uploads\/usu1045\/2019\/01\/TAC-Lacetania-Videotutorials.png\" alt=\"\" width=\"300\" height=\"170\" \/><\/a><\/p>\n<ul>\n<li><a href=\"https:\/\/phet.colorado.edu\/en\/simulations\/category\/html\">Simuladors: Aritm\u00e8tica, Matem\u00e0tiques, F\u00edsica, Electr\u00f2nica, &#8230;<\/a><\/li>\n<\/ul>\n<p style=\"padding-left: 90px;\"><a href=\"https:\/\/phet.colorado.edu\/en\/simulations\/category\/html\" target=\"_blank\" rel=\"noopener\"><img loading=\"lazy\" decoding=\"async\" class=\"alignnone wp-image-4609 size-medium\" src=\"https:\/\/agora.xtec.cat\/inslacetania\/wp-content\/uploads\/usu1045\/2019\/01\/TAC-Lacetania-Simuladors-300x182.png\" alt=\"\" width=\"300\" height=\"182\" srcset=\"https:\/\/agora.xtec.cat\/inslacetania\/wp-content\/uploads\/usu1045\/2019\/01\/TAC-Lacetania-Simuladors-300x182.png 300w, https:\/\/agora.xtec.cat\/inslacetania\/wp-content\/uploads\/usu1045\/2019\/01\/TAC-Lacetania-Simuladors-768x465.png 768w, https:\/\/agora.xtec.cat\/inslacetania\/wp-content\/uploads\/usu1045\/2019\/01\/TAC-Lacetania-Simuladors-1024x620.png 1024w, https:\/\/agora.xtec.cat\/inslacetania\/wp-content\/uploads\/usu1045\/2019\/01\/TAC-Lacetania-Simuladors.png 1147w\" sizes=\"auto, (max-width: 300px) 100vw, 300px\" \/><\/a><\/p>\n<p style=\"text-align: left; padding-left: 90px;\">\n","protected":false},"excerpt":{"rendered":"<p>Cultura Digital Enlla\u00e7 directe (Plans d&#8217;Acollida, Documentaci\u00f3, FAQs, &#8230;) Recursos TIC-TAC Videotutorials Simuladors: Aritm\u00e8tica, Matem\u00e0tiques, F\u00edsica, Electr\u00f2nica, &#8230;<\/p>\n","protected":false},"author":4,"featured_media":0,"parent":3316,"menu_order":0,"comment_status":"closed","ping_status":"closed","template":"page-templates\/side-menu.php","meta":{"_bbp_topic_count":0,"_bbp_reply_count":0,"_bbp_total_topic_count":0,"_bbp_total_reply_count":0,"_bbp_voice_count":0,"_bbp_anonymous_reply_count":0,"_bbp_topic_count_hidden":0,"_bbp_reply_count_hidden":0,"_bbp_forum_subforum_count":0,"site-sidebar-layout":"default","site-content-layout":"","ast-site-content-layout":"","site-content-style":"default","site-sidebar-style":"default","ast-global-header-display":"","ast-banner-title-visibility":"","ast-main-header-display":"","ast-hfb-above-header-display":"","ast-hfb-below-header-display":"","ast-hfb-mobile-header-display":"","site-post-title":"","ast-breadcrumbs-content":"","ast-featured-img":"","footer-sml-layout":"","theme-transparent-header-meta":"","adv-header-id-meta":"","stick-header-meta":"","header-above-stick-meta":"","header-main-stick-meta":"","header-below-stick-meta":"","astra-migrate-meta-layouts":"default","ast-page-background-enabled":"default","ast-page-background-meta":{"desktop":{"background-color":"var(--ast-global-color-4)","background-image":"","background-repeat":"repeat","background-position":"center center","background-size":"auto","background-attachment":"scroll","background-type":"","background-media":"","overlay-type":"","overlay-color":"","overlay-opacity":"","overlay-gradient":""},"tablet":{"background-color":"","background-image":"","background-repeat":"repeat","background-position":"center center","background-size":"auto","background-attachment":"scroll","background-type":"","background-media":"","overlay-type":"","overlay-color":"","overlay-opacity":"","overlay-gradient":""},"mobile":{"background-color":"","background-image":"","background-repeat":"repeat","background-position":"center center","background-size":"auto","background-attachment":"scroll","background-type":"","background-media":"","overlay-type":"","overlay-color":"","overlay-opacity":"","overlay-gradient":""}},"ast-content-background-meta":{"desktop":{"background-color":"var(--ast-global-color-5)","background-image":"","background-repeat":"repeat","background-position":"center center","background-size":"auto","background-attachment":"scroll","background-type":"","background-media":"","overlay-type":"","overlay-color":"","overlay-opacity":"","overlay-gradient":""},"tablet":{"background-color":"var(--ast-global-color-5)","background-image":"","background-repeat":"repeat","background-position":"center center","background-size":"auto","background-attachment":"scroll","background-type":"","background-media":"","overlay-type":"","overlay-color":"","overlay-opacity":"","overlay-gradient":""},"mobile":{"background-color":"var(--ast-global-color-5)","background-image":"","background-repeat":"repeat","background-position":"center center","background-size":"auto","background-attachment":"scroll","background-type":"","background-media":"","overlay-type":"","overlay-color":"","overlay-opacity":"","overlay-gradient":""}},"footnotes":""},"class_list":["post-3342","page","type-page","status-publish","hentry"],"post_mailing_queue_ids":[],"_links":{"self":[{"href":"https:\/\/agora.xtec.cat\/inslacetania\/wp-json\/wp\/v2\/pages\/3342","targetHints":{"allow":["GET"]}}],"collection":[{"href":"https:\/\/agora.xtec.cat\/inslacetania\/wp-json\/wp\/v2\/pages"}],"about":[{"href":"https:\/\/agora.xtec.cat\/inslacetania\/wp-json\/wp\/v2\/types\/page"}],"author":[{"embeddable":true,"href":"https:\/\/agora.xtec.cat\/inslacetania\/wp-json\/wp\/v2\/users\/4"}],"replies":[{"embeddable":true,"href":"https:\/\/agora.xtec.cat\/inslacetania\/wp-json\/wp\/v2\/comments?post=3342"}],"version-history":[{"count":5,"href":"https:\/\/agora.xtec.cat\/inslacetania\/wp-json\/wp\/v2\/pages\/3342\/revisions"}],"predecessor-version":[{"id":23051,"href":"https:\/\/agora.xtec.cat\/inslacetania\/wp-json\/wp\/v2\/pages\/3342\/revisions\/23051"}],"up":[{"embeddable":true,"href":"https:\/\/agora.xtec.cat\/inslacetania\/wp-json\/wp\/v2\/pages\/3316"}],"wp:attachment":[{"href":"https:\/\/agora.xtec.cat\/inslacetania\/wp-json\/wp\/v2\/media?parent=3342"}],"curies":[{"name":"wp","href":"https:\/\/api.w.org\/{rel}","templated":true}]}}