{"id":3219,"date":"2018-07-12T19:42:07","date_gmt":"2018-07-12T17:42:07","guid":{"rendered":"http:\/\/agora.xtec.cat\/inslacetania\/?page_id=3219"},"modified":"2026-02-05T12:42:42","modified_gmt":"2026-02-05T11:42:42","slug":"politica-de-qualitat","status":"publish","type":"page","link":"https:\/\/agora.xtec.cat\/inslacetania\/projectes\/qualitat\/politica-de-qualitat\/","title":{"rendered":"Pol\u00edtica de qualitat i medi ambient"},"content":{"rendered":"<table style=\"border-collapse: collapse; width: 97.7336%;\">\n<tbody>\n<tr>\n<td style=\"width: 50%;\"><a href=\"https:\/\/agora.xtec.cat\/inslacetania\/wp-content\/uploads\/usu1045\/2024\/11\/educacio_h2.png\"><img loading=\"lazy\" decoding=\"async\" class=\"alignnone wp-image-23965\" src=\"https:\/\/agora.xtec.cat\/inslacetania\/wp-content\/uploads\/usu1045\/2024\/11\/educacio_h2.png\" alt=\"\" width=\"224\" height=\"47\" srcset=\"https:\/\/agora.xtec.cat\/inslacetania\/wp-content\/uploads\/usu1045\/2024\/11\/educacio_h2.png 701w, https:\/\/agora.xtec.cat\/inslacetania\/wp-content\/uploads\/usu1045\/2024\/11\/educacio_h2-300x63.png 300w\" sizes=\"auto, (max-width: 224px) 100vw, 224px\" \/><\/a><\/td>\n<td style=\"width: 78.4769%;\"><a href=\"https:\/\/agora.xtec.cat\/inslacetania\/wp-content\/uploads\/usu1045\/2025\/09\/IMAGOTIP_LACETANIA_01.png\"><img loading=\"lazy\" decoding=\"async\" class=\"wp-image-27524 alignright\" src=\"https:\/\/agora.xtec.cat\/inslacetania\/wp-content\/uploads\/usu1045\/2025\/09\/IMAGOTIP_LACETANIA_01.png\" alt=\"\" width=\"185\" height=\"57\" srcset=\"https:\/\/agora.xtec.cat\/inslacetania\/wp-content\/uploads\/usu1045\/2025\/09\/IMAGOTIP_LACETANIA_01.png 969w, https:\/\/agora.xtec.cat\/inslacetania\/wp-content\/uploads\/usu1045\/2025\/09\/IMAGOTIP_LACETANIA_01-300x93.png 300w, https:\/\/agora.xtec.cat\/inslacetania\/wp-content\/uploads\/usu1045\/2025\/09\/IMAGOTIP_LACETANIA_01-768x237.png 768w\" sizes=\"auto, (max-width: 185px) 100vw, 185px\" \/><\/a><\/td>\n<\/tr>\n<tr>\n<td style=\"width: 128.477%;\" colspan=\"2\">\n<p style=\"text-align: left;\"><span style=\"font-weight: 400;\">La filosofia i les estrat\u00e8gies de l\u2019Institut Lacet\u00e0nia es fonamenten en la seva pol\u00edtica de qualitat i medi ambient. Les actuacions de l\u2019Institut, d\u2019acord amb el seu projecte educatiu, assumeixen el comprom\u00eds de liderar i mantenir un <\/span><b>Sistema de Gesti\u00f3 Integrat (SGI)<\/b><span style=\"font-weight: 400;\"> segons les normes <\/span><b>ISO 9001:2015<\/b><span style=\"font-weight: 400;\"> i <\/span><b>ISO 14001:2015<\/b><span style=\"font-weight: 400;\">, orientat a:<\/span><\/p>\n<h3 style=\"text-align: left;\"><b>Gesti\u00f3 de la Qualitat i Satisfacci\u00f3<\/b><\/h3>\n<ul style=\"text-align: left;\">\n<li style=\"font-weight: 400;\" aria-level=\"1\"><b>Identificar i analitzar el context<\/b><span style=\"font-weight: 400;\"> del centre i les necessitats i expectatives de les parts interessades.<\/span><\/li>\n<li style=\"font-weight: 400;\" aria-level=\"1\"><b>Assegurar la satisfacci\u00f3<\/b><span style=\"font-weight: 400;\"> dels membres de la comunitat educativa, complint els requisits acordats i superant les seves expectatives.<\/span><\/li>\n<li style=\"font-weight: 400;\" aria-level=\"1\"><b>Garantir l\u2019efic\u00e0cia dels processos<\/b><span style=\"font-weight: 400;\">: Assegurar que els serveis educatius compleixen els requisits establerts i s\u00f3n eficients.<\/span><\/li>\n<li style=\"font-weight: 400;\" aria-level=\"1\"><b>Potenciar el factor hum\u00e0<\/b><span style=\"font-weight: 400;\">: Promoure la formaci\u00f3, la compet\u00e8ncia i la participaci\u00f3 de tot el personal com a eix fonamental de la qualitat.<\/span><\/li>\n<\/ul>\n<h3 style=\"text-align: left;\"><b>Comprom\u00eds Ambiental i Sostenibilitat<\/b><\/h3>\n<ul style=\"text-align: left;\">\n<li style=\"font-weight: 400;\" aria-level=\"1\"><b>Protecci\u00f3 integral del medi ambient<\/b><span style=\"font-weight: 400;\">: Assumim un comprom\u00eds ferm amb la protecci\u00f3 del medi que inclou la prevenci\u00f3 ambiental en relaci\u00f3 amb el context del centre. Aix\u00f2 implica:<\/span>\n<ul>\n<li style=\"font-weight: 400;\" aria-level=\"2\"><span style=\"font-weight: 400;\">Protegir l&#8217;entorn contra possibles danys i deterioraments derivats de les activitats i serveis del centre.<\/span><\/li>\n<li style=\"font-weight: 400;\" aria-level=\"2\"><span style=\"font-weight: 400;\">Fer un <\/span><b>\u00fas sostenible dels recursos<\/b><span style=\"font-weight: 400;\"> naturals, especialment l&#8217;energia i l&#8217;aigua.<\/span><\/li>\n<li style=\"font-weight: 400;\" aria-level=\"2\"><b>Mitigar el canvi clim\u00e0tic<\/b><span style=\"font-weight: 400;\"> i adaptar-s&#8217;hi mitjan\u00e7ant accions concretes en la gesti\u00f3 di\u00e0ria.<\/span><\/li>\n<li style=\"font-weight: 400;\" aria-level=\"2\"><span style=\"font-weight: 400;\">Treballar per la <\/span><b>protecci\u00f3 de la biodiversitat<\/b><span style=\"font-weight: 400;\"> i els ecosistemes locals.<\/span><\/li>\n<\/ul>\n<\/li>\n<li style=\"font-weight: 400;\" aria-level=\"1\"><b>Gesti\u00f3 de residus i impacte<\/b><span style=\"font-weight: 400;\">: Millorar el rendiment ambiental mitjan\u00e7ant l\u2019avaluaci\u00f3 i control dels aspectes ambientals significatius, prioritzant la minimitzaci\u00f3 de residus de rebuig i la prevenci\u00f3 de la contaminaci\u00f3.<\/span><\/li>\n<li style=\"font-weight: 400;\" aria-level=\"1\"><b>Sensibilitzaci\u00f3<\/b><span style=\"font-weight: 400;\">: Formar el personal, l&#8217;alumnat i els col\u00b7laboradors en bones pr\u00e0ctiques ambientals i responsabilitat compartida.<\/span><\/li>\n<\/ul>\n<h3 style=\"text-align: left;\"><b>Marc Legal i Millora Cont\u00ednua<\/b><\/h3>\n<ul style=\"text-align: left;\">\n<li style=\"font-weight: 400;\" aria-level=\"1\"><b>Compliment normatiu<\/b><span style=\"font-weight: 400;\">: Mantenir un comprom\u00eds estricte amb el <\/span><b>compliment dels requisits legals vigents<\/b><span style=\"font-weight: 400;\"> aplicables a la qualitat i al medi ambient, aix\u00ed com d&#8217;altres requisits que apliquin a les instal\u00b7lacions del centre.<\/span><\/li>\n<li style=\"font-weight: 400;\" aria-level=\"1\"><b>Evoluci\u00f3 del sistema<\/b><span style=\"font-weight: 400;\">: Fomentar la <\/span><b>millora cont\u00ednua<\/b><span style=\"font-weight: 400;\"> del Sistema de Gesti\u00f3 Integrat (SGI) per millorar constantment l&#8217;acompliment i el rendiment global del centre.<\/span><\/li>\n<li style=\"font-weight: 400;\" aria-level=\"1\"><b>Objectius mesurables<\/b><span style=\"font-weight: 400;\">: Proporcionar un marc de refer\u00e8ncia per establir i revisar peri\u00f2dicament objectius de qualitat i ambientals clars que garanteixin l&#8217;efic\u00e0cia del sistema.<\/span><\/li>\n<\/ul>\n<p style=\"text-align: left;\"><b>Nota de vig\u00e8ncia:<\/b><span style=\"font-weight: 400;\"> El comprom\u00eds amb la qualitat i el medi ambient afecta tota l\u2019organitzaci\u00f3 i la millora cont\u00ednua \u00e9s una responsabilitat de tot l\u2019equip professional del centre. L\u2019equip directiu, a trav\u00e9s de la seva gesti\u00f3, amb l\u2019observaci\u00f3 de l\u2019acompliment de la normativa legal vigent, i amb tots els mitjans al seu abast, vetlla pel seu assoliment.<\/span><\/p>\n<p style=\"text-align: left;\"><b>Aprovada per la Comissi\u00f3 de Sistema de Gesti\u00f3 Integrada, setembre 2025 (actualitzada febrer 2026).<\/b><\/p>\n<\/td>\n<\/tr>\n<\/tbody>\n<\/table>\n","protected":false},"excerpt":{"rendered":"<p>La filosofia i les estrat\u00e8gies de l\u2019Institut Lacet\u00e0nia es fonamenten en la seva pol\u00edtica de qualitat i medi ambient. Les actuacions de l\u2019Institut, d\u2019acord amb el seu projecte educatiu, assumeixen el comprom\u00eds de liderar i mantenir un Sistema de Gesti\u00f3 Integrat (SGI) segons les normes ISO 9001:2015 i ISO 14001:2015, orientat a: Gesti\u00f3 de la [&hellip;]<\/p>\n","protected":false},"author":4,"featured_media":0,"parent":12445,"menu_order":100,"comment_status":"closed","ping_status":"closed","template":"","meta":{"_bbp_topic_count":0,"_bbp_reply_count":0,"_bbp_total_topic_count":0,"_bbp_total_reply_count":0,"_bbp_voice_count":0,"_bbp_anonymous_reply_count":0,"_bbp_topic_count_hidden":0,"_bbp_reply_count_hidden":0,"_bbp_forum_subforum_count":0,"site-sidebar-layout":"default","site-content-layout":"","ast-site-content-layout":"default","site-content-style":"default","site-sidebar-style":"default","ast-global-header-display":"","ast-banner-title-visibility":"","ast-main-header-display":"","ast-hfb-above-header-display":"","ast-hfb-below-header-display":"","ast-hfb-mobile-header-display":"","site-post-title":"","ast-breadcrumbs-content":"","ast-featured-img":"","footer-sml-layout":"","theme-transparent-header-meta":"","adv-header-id-meta":"","stick-header-meta":"","header-above-stick-meta":"","header-main-stick-meta":"","header-below-stick-meta":"","astra-migrate-meta-layouts":"set","ast-page-background-enabled":"default","ast-page-background-meta":{"desktop":{"background-color":"var(--ast-global-color-4)","background-image":"","background-repeat":"repeat","background-position":"center center","background-size":"auto","background-attachment":"scroll","background-type":"","background-media":"","overlay-type":"","overlay-color":"","overlay-opacity":"","overlay-gradient":""},"tablet":{"background-color":"","background-image":"","background-repeat":"repeat","background-position":"center center","background-size":"auto","background-attachment":"scroll","background-type":"","background-media":"","overlay-type":"","overlay-color":"","overlay-opacity":"","overlay-gradient":""},"mobile":{"background-color":"","background-image":"","background-repeat":"repeat","background-position":"center center","background-size":"auto","background-attachment":"scroll","background-type":"","background-media":"","overlay-type":"","overlay-color":"","overlay-opacity":"","overlay-gradient":""}},"ast-content-background-meta":{"desktop":{"background-color":"var(--ast-global-color-5)","background-image":"","background-repeat":"repeat","background-position":"center center","background-size":"auto","background-attachment":"scroll","background-type":"","background-media":"","overlay-type":"","overlay-color":"","overlay-opacity":"","overlay-gradient":""},"tablet":{"background-color":"var(--ast-global-color-5)","background-image":"","background-repeat":"repeat","background-position":"center center","background-size":"auto","background-attachment":"scroll","background-type":"","background-media":"","overlay-type":"","overlay-color":"","overlay-opacity":"","overlay-gradient":""},"mobile":{"background-color":"var(--ast-global-color-5)","background-image":"","background-repeat":"repeat","background-position":"center center","background-size":"auto","background-attachment":"scroll","background-type":"","background-media":"","overlay-type":"","overlay-color":"","overlay-opacity":"","overlay-gradient":""}},"footnotes":""},"class_list":["post-3219","page","type-page","status-publish","hentry"],"post_mailing_queue_ids":[],"_links":{"self":[{"href":"https:\/\/agora.xtec.cat\/inslacetania\/wp-json\/wp\/v2\/pages\/3219","targetHints":{"allow":["GET"]}}],"collection":[{"href":"https:\/\/agora.xtec.cat\/inslacetania\/wp-json\/wp\/v2\/pages"}],"about":[{"href":"https:\/\/agora.xtec.cat\/inslacetania\/wp-json\/wp\/v2\/types\/page"}],"author":[{"embeddable":true,"href":"https:\/\/agora.xtec.cat\/inslacetania\/wp-json\/wp\/v2\/users\/4"}],"replies":[{"embeddable":true,"href":"https:\/\/agora.xtec.cat\/inslacetania\/wp-json\/wp\/v2\/comments?post=3219"}],"version-history":[{"count":6,"href":"https:\/\/agora.xtec.cat\/inslacetania\/wp-json\/wp\/v2\/pages\/3219\/revisions"}],"predecessor-version":[{"id":28904,"href":"https:\/\/agora.xtec.cat\/inslacetania\/wp-json\/wp\/v2\/pages\/3219\/revisions\/28904"}],"up":[{"embeddable":true,"href":"https:\/\/agora.xtec.cat\/inslacetania\/wp-json\/wp\/v2\/pages\/12445"}],"wp:attachment":[{"href":"https:\/\/agora.xtec.cat\/inslacetania\/wp-json\/wp\/v2\/media?parent=3219"}],"curies":[{"name":"wp","href":"https:\/\/api.w.org\/{rel}","templated":true}]}}