{"id":3099,"date":"2018-06-12T13:41:23","date_gmt":"2018-06-12T11:41:23","guid":{"rendered":"http:\/\/agora.xtec.cat\/inslacetania\/?page_id=3099"},"modified":"2024-08-31T19:55:13","modified_gmt":"2024-08-31T17:55:13","slug":"cfgm-carrosseria-tm20","status":"publish","type":"page","link":"https:\/\/agora.xtec.cat\/inslacetania\/estudis\/fp\/cfgm\/cfgm-carrosseria-tm20\/","title":{"rendered":"CFGM Carrosseria \u2013 TM20"},"content":{"rendered":"<p>Fam\u00edlia professional: Transport i manteniment de vehicles<\/p>\n<p style=\"text-align: center;\"><a href=\"https:\/\/agora.xtec.cat\/inslacetania\/wp-content\/uploads\/usu1045\/2022\/12\/CHASIS_Y_PLATAFORMAS.jpg\"><img loading=\"lazy\" decoding=\"async\" class=\"alignnone size-full wp-image-16296\" src=\"https:\/\/agora.xtec.cat\/inslacetania\/wp-content\/uploads\/usu1045\/2022\/12\/CHASIS_Y_PLATAFORMAS.jpg\" alt=\"\" width=\"400\" height=\"250\" srcset=\"https:\/\/agora.xtec.cat\/inslacetania\/wp-content\/uploads\/usu1045\/2022\/12\/CHASIS_Y_PLATAFORMAS.jpg 400w, https:\/\/agora.xtec.cat\/inslacetania\/wp-content\/uploads\/usu1045\/2022\/12\/CHASIS_Y_PLATAFORMAS-300x188.jpg 300w\" sizes=\"auto, (max-width: 400px) 100vw, 400px\" \/><\/a><\/p>\n<h4>Descripci\u00f3<\/h4>\n<p>Aquests estudis postobligatoris capaciten per reparar i muntar accessoris del vehicle i transformar-ne la carrosseria, el bastidor, la cabina i els equips.<\/p>\n<p>Tenen una durada de 2.000 hores (amb formaci\u00f3 al centre educatiu i a l&#8217;empresa) distribu\u00efdes en dos cursos acad\u00e8mics.<\/p>\n<p>L\u2019alumnat pot realitzar pr\u00e0ctiques en empreses estrangeres dins del programa europeu de mobilitat Erasmus+.<\/p>\n<p style=\"text-align: center;\"><iframe loading=\"lazy\" title=\"YouTube video player\" src=\"https:\/\/www.youtube.com\/embed\/aVyog6vLX6Y\" width=\"560\" height=\"315\" frameborder=\"0\" allowfullscreen=\"allowfullscreen\"><\/iframe><\/p>\n<h4>Continguts:<\/h4>\n<ul>\n<li>Elements Amovibles<\/li>\n<li>Elements Met\u00e0l\u00b7lics i Sint\u00e8tics<\/li>\n<li>Elements Fixos<\/li>\n<li>Igualaci\u00f3 i Preparaci\u00f3 de Superf\u00edcies<\/li>\n<li>Elements Estructurals del Vehicle<\/li>\n<li>Embelliment de Superf\u00edcies<\/li>\n<li>Personalitzaci\u00f3 i Decoraci\u00f3 de Vehicles<\/li>\n<li>Mecanitzat B\u00e0sic<\/li>\n<li>Angl\u00e8s professional<\/li>\n<li>Itinerari per a l`ocupabilitat I<\/li>\n<li>Itinerari per a l`ocupabilitat II<\/li>\n<li>Digitalitzaci\u00f3 aplicada al sector productiu<\/li>\n<li>Sostenibilitat aplicada al sector productiu<\/li>\n<li>Optativa \/ Optatives<\/li>\n<li>Dual \/ Dual Intensiva<\/li>\n<\/ul>\n<h4>Principals ocupacions i llocs de treball<\/h4>\n<ul>\n<li>Planxista, reparador o reparadora de carrosseries de vehicles<\/li>\n<li>Instal\u00b7lador o instal\u00b7ladora de vidres i muntador o muntadora d\u2019accessoris<\/li>\n<li>Pintor o pintora de carrosseries de vehicles<\/li>\n<\/ul>\n<h4>Horari<\/h4>\n<p>Mati de 8 a 14:30<\/p>\n","protected":false},"excerpt":{"rendered":"<p>Fam\u00edlia professional: Transport i manteniment de vehicles Descripci\u00f3 Aquests estudis postobligatoris capaciten per reparar i muntar accessoris del vehicle i transformar-ne la carrosseria, el bastidor, la cabina i els equips. Tenen una durada de 2.000 hores (amb formaci\u00f3 al centre educatiu i a l&#8217;empresa) distribu\u00efdes en dos cursos acad\u00e8mics. L\u2019alumnat pot realitzar pr\u00e0ctiques en empreses [&hellip;]<\/p>\n","protected":false},"author":4,"featured_media":0,"parent":632,"menu_order":15,"comment_status":"closed","ping_status":"closed","template":"page-templates\/side-menu.php","meta":{"_bbp_topic_count":0,"_bbp_reply_count":0,"_bbp_total_topic_count":0,"_bbp_total_reply_count":0,"_bbp_voice_count":0,"_bbp_anonymous_reply_count":0,"_bbp_topic_count_hidden":0,"_bbp_reply_count_hidden":0,"_bbp_forum_subforum_count":0,"site-sidebar-layout":"default","site-content-layout":"","ast-site-content-layout":"","site-content-style":"default","site-sidebar-style":"default","ast-global-header-display":"","ast-banner-title-visibility":"","ast-main-header-display":"","ast-hfb-above-header-display":"","ast-hfb-below-header-display":"","ast-hfb-mobile-header-display":"","site-post-title":"","ast-breadcrumbs-content":"","ast-featured-img":"","footer-sml-layout":"","theme-transparent-header-meta":"","adv-header-id-meta":"","stick-header-meta":"","header-above-stick-meta":"","header-main-stick-meta":"","header-below-stick-meta":"","astra-migrate-meta-layouts":"default","ast-page-background-enabled":"default","ast-page-background-meta":{"desktop":{"background-color":"var(--ast-global-color-4)","background-image":"","background-repeat":"repeat","background-position":"center center","background-size":"auto","background-attachment":"scroll","background-type":"","background-media":"","overlay-type":"","overlay-color":"","overlay-opacity":"","overlay-gradient":""},"tablet":{"background-color":"","background-image":"","background-repeat":"repeat","background-position":"center center","background-size":"auto","background-attachment":"scroll","background-type":"","background-media":"","overlay-type":"","overlay-color":"","overlay-opacity":"","overlay-gradient":""},"mobile":{"background-color":"","background-image":"","background-repeat":"repeat","background-position":"center center","background-size":"auto","background-attachment":"scroll","background-type":"","background-media":"","overlay-type":"","overlay-color":"","overlay-opacity":"","overlay-gradient":""}},"ast-content-background-meta":{"desktop":{"background-color":"var(--ast-global-color-5)","background-image":"","background-repeat":"repeat","background-position":"center center","background-size":"auto","background-attachment":"scroll","background-type":"","background-media":"","overlay-type":"","overlay-color":"","overlay-opacity":"","overlay-gradient":""},"tablet":{"background-color":"var(--ast-global-color-5)","background-image":"","background-repeat":"repeat","background-position":"center center","background-size":"auto","background-attachment":"scroll","background-type":"","background-media":"","overlay-type":"","overlay-color":"","overlay-opacity":"","overlay-gradient":""},"mobile":{"background-color":"var(--ast-global-color-5)","background-image":"","background-repeat":"repeat","background-position":"center center","background-size":"auto","background-attachment":"scroll","background-type":"","background-media":"","overlay-type":"","overlay-color":"","overlay-opacity":"","overlay-gradient":""}},"footnotes":""},"class_list":["post-3099","page","type-page","status-publish","hentry"],"post_mailing_queue_ids":[],"_links":{"self":[{"href":"https:\/\/agora.xtec.cat\/inslacetania\/wp-json\/wp\/v2\/pages\/3099","targetHints":{"allow":["GET"]}}],"collection":[{"href":"https:\/\/agora.xtec.cat\/inslacetania\/wp-json\/wp\/v2\/pages"}],"about":[{"href":"https:\/\/agora.xtec.cat\/inslacetania\/wp-json\/wp\/v2\/types\/page"}],"author":[{"embeddable":true,"href":"https:\/\/agora.xtec.cat\/inslacetania\/wp-json\/wp\/v2\/users\/4"}],"replies":[{"embeddable":true,"href":"https:\/\/agora.xtec.cat\/inslacetania\/wp-json\/wp\/v2\/comments?post=3099"}],"version-history":[{"count":6,"href":"https:\/\/agora.xtec.cat\/inslacetania\/wp-json\/wp\/v2\/pages\/3099\/revisions"}],"predecessor-version":[{"id":23090,"href":"https:\/\/agora.xtec.cat\/inslacetania\/wp-json\/wp\/v2\/pages\/3099\/revisions\/23090"}],"up":[{"embeddable":true,"href":"https:\/\/agora.xtec.cat\/inslacetania\/wp-json\/wp\/v2\/pages\/632"}],"wp:attachment":[{"href":"https:\/\/agora.xtec.cat\/inslacetania\/wp-json\/wp\/v2\/media?parent=3099"}],"curies":[{"name":"wp","href":"https:\/\/api.w.org\/{rel}","templated":true}]}}