{"id":28245,"date":"2025-11-13T16:05:01","date_gmt":"2025-11-13T15:05:01","guid":{"rendered":"https:\/\/agora.xtec.cat\/inslacetania\/?page_id=28245"},"modified":"2025-11-13T16:05:01","modified_gmt":"2025-11-13T15:05:01","slug":"complecio-cicles-formatius-loe-que-sextingeixen","status":"publish","type":"page","link":"https:\/\/agora.xtec.cat\/inslacetania\/estudis\/fp\/complecio-cicles-formatius-loe-que-sextingeixen\/","title":{"rendered":"Compleci\u00f3 cicles formatius LOE que s&#8217;extingeixen"},"content":{"rendered":"<header class=\"entry-header\">\n<h1 class=\"entry-title\"><span style=\"color: #008080;\"><strong>Compleci\u00f3 cicles formatius LOE<\/strong><\/span><\/h1>\n<\/header>\n<header><\/header>\n<div class=\"entry-content\">\n<p>\u00c9s el procediment establert per l\u2019administraci\u00f3 per completar els ensenyaments de formaci\u00f3 professional que s\u2019extingeixen. Es poden completar els estudis durant els dos cursos seg\u00fcents a l\u2019extinci\u00f3.<\/p>\n<p>Est\u00e0 regulat en Ordre EDF\/74\/2025, de 15 de maig.<\/p>\n<div>\n<p>Aquesta compleci\u00f3<strong> NO dona dret a assistir a les classes presencials<\/strong> dels m\u00f2duls professionals del nou pla d\u2019estudis, \u00e9s a dir, tothom que tingui mat\u00e8ries pendents les haur\u00e0 de finalitzar mitjan\u00e7ant una prova, proves o activitats avaluatives que es facin durant el mes de novembre i abril d\u2019aquest proper curs i del seg\u00fcent.<\/p>\n<h3><b>Objectiu:<\/b><\/h3>\n<div>\n<p>Facilitar a l\u2019alumnat\u00a0<strong>que ha cursat<\/strong>\u00a0un cicle formatiu de Formaci\u00f3 Professional LOE, que estan en extinci\u00f3, a l\u2019<strong>Institut Lacet\u00e0nia de Manresa <\/strong>per tal de que el pugui completar. El\u00a0darrer centre on ho hagi fet,\u00a0<strong>ha d\u2019\u00e9sser<\/strong> <strong>l\u2019Institut Lacet\u00e0nia.<\/strong><\/p>\n<\/div>\n<div>\n<h3><strong>Fins quan?:<\/strong><\/h3>\n<p>Es poden completar durant els dos cursos acad\u00e8mics seg\u00fcents a l\u2019extinci\u00f3. <strong>Cursos 2025-2026 i 2026-2027.<\/strong><\/p>\n<h3><strong>Per\u00edode d\u2019inscripci\u00f3:<\/strong><\/h3>\n<p><strong>De l\u20191 al 15 d\u2019octubre.<\/strong> Que <strong>permet participar a la convocat\u00f2ria de novembre i abril.<\/strong><\/p>\n<p><strong>De l\u20191 al 15 de mar\u00e7<\/strong>. Que <strong>permet participar a la convocat\u00f2ria d\u2019abril.<\/strong><\/p>\n<h3><strong>Convocat\u00f2ries<\/strong><\/h3>\n<ul>\n<li>Per a la <strong>convocat\u00f2ria de novembre, entre l\u20191 i el 30 de novembre.<\/strong><\/li>\n<li>Per a la <strong>convocat\u00f2ria d\u2019abril, entre l\u20191 i el 30 d\u2019abril.<\/strong>* L\u2019alumnat haur\u00e0 de confirmar, amb l\u2019antelaci\u00f3, l\u2019assist\u00e8ncia o la ren\u00fancia a la segona convocat\u00f2ria via inst\u00e0ncia adre\u00e7ada al centre per correu electr\u00f2nic a<\/li>\n<li><a id=\"email-address\" href=\"mailto:inslacetania@xtec.cat\">inslacetania@xtec.cat<\/a><\/li>\n<\/ul>\n<p>El calendari d\u2019ex\u00e0mens es publicar\u00e0 al WEB del centre i als panells informatius de l&#8217;entrada de l&#8217;institut.<\/p>\n<h3><strong>Cicles en proc\u00e9s de compleci\u00f3 per l\u2019any 2025-2026 i 2026-2027:<\/strong><\/h3>\n<p>Tots el cicles LOE que s\u2019han impartit a l\u2019Institut Lacet\u00e0nia de Manresa<\/p>\n<\/div>\n<\/div>\n<h3><strong>Inscripci\u00f3<\/strong><\/h3>\n<ul>\n<li>Us podeu inscriure <strong>presencialment\u00a0 presentant una inst\u00e0ncia gen\u00e8rica<\/strong> a l&#8217;institut en horaris d&#8217;atenci\u00f3 al p\u00fablic de secretaria.<\/li>\n<\/ul>\n<p>Documents que cal presentar per poder-se matricular:<\/p>\n<ul>\n<li>Fotoc\u00f2pia del DNI (annexada)<\/li>\n<li>Ingr\u00e9s del preu p\u00fablic a trav\u00e9s de la plataforma de matr\u00edcula (CFGS). La ren\u00fancia a la convocat\u00f2ria d\u2019abril no implica la devoluci\u00f3 de la matr\u00edcula.<\/li>\n<\/ul>\n<h3><strong>Preu p\u00fablic<\/strong><\/h3>\n<p>Preu p\u00fablic per la compleci\u00f3, per unitat formativa, dels\u00a0<i><b><u>cicles formatius de grau superior<\/u><\/b><\/i>\u00a0de formaci\u00f3\u00a0professional inicial, d\u2019arts pl\u00e0stiques i disseny, derivats de la Llei org\u00e0nica 2\/2006, de 3 de maig, d\u2019educaci\u00f3<br \/>\n(LOE), impartits en els centres dependents del Departament d\u2019Educaci\u00f3 i Formaci\u00f3 Professional:\u00a0<b>25,00 euros.<\/b><\/p>\n<p>La ren\u00fancia a la convocat\u00f2ria d\u2019abril no implica la devoluci\u00f3 de la matr\u00edcula.<\/p>\n<h3><strong>Calendari d\u2019ex\u00e0mens<\/strong><\/h3>\n<p><a href=\"https:\/\/docs.google.com\/spreadsheets\/d\/e\/2PACX-1vQifXuJAkgkReqBXpzB13rVRs38KEeJOPGrFhniplsuPviQ2Miypnm_4bDzi-hSlkOad6koQwkMOmC9\/pubhtml?gid=1698046948&amp;single=true\">Calendari de proves de compleci\u00f3 de t\u00edtol novembre 2025\u00a0 CFGM<\/a><\/p>\n<p><a href=\"https:\/\/docs.google.com\/spreadsheets\/d\/e\/2PACX-1vSEXmLPBnyaIYe0ta1w8QhcNUK_zVcBQAC0tv6GlCoCvO2dEJ71BCAd5uXwqmgFCe3f8pzkf6_3zmTk\/pubhtml?gid=0&amp;single=true\">Calendari de proves de compleci\u00f3 de t\u00edtol novembre 2025\u00a0 CFGS<\/a><\/p>\n<h3><strong>Lliurament de notes<\/strong><\/h3>\n<p data-start=\"92\" data-end=\"256\">Les persones participants en la convocat\u00f2ria del mes de novembre podran recollir el butllet\u00ed de notes a la consergeria del centre el dia\u00a0<strong data-start=\"229\" data-end=\"255\">14 de desembre de 2025<\/strong>.<\/p>\n<p data-start=\"258\" data-end=\"345\">El per\u00edode de reclamacions ser\u00e0 compr\u00e8s entre els dies\u00a0<strong data-start=\"313\" data-end=\"344\">16 de desembre de 2025 a les 15:30 h a l&#8217;aula corresponent on s&#8217;han fet les proves.\u00a0<\/strong><\/p>\n<\/div>\n","protected":false},"excerpt":{"rendered":"<p>Compleci\u00f3 cicles formatius LOE \u00c9s el procediment establert per l\u2019administraci\u00f3 per completar els ensenyaments de formaci\u00f3 professional que s\u2019extingeixen. Es poden completar els estudis durant els dos cursos seg\u00fcents a l\u2019extinci\u00f3. Est\u00e0 regulat en Ordre EDF\/74\/2025, de 15 de maig. Aquesta compleci\u00f3 NO dona dret a assistir a les classes presencials dels m\u00f2duls professionals del [&hellip;]<\/p>\n","protected":false},"author":13,"featured_media":0,"parent":531,"menu_order":90,"comment_status":"closed","ping_status":"closed","template":"","meta":{"_bbp_topic_count":0,"_bbp_reply_count":0,"_bbp_total_topic_count":0,"_bbp_total_reply_count":0,"_bbp_voice_count":0,"_bbp_anonymous_reply_count":0,"_bbp_topic_count_hidden":0,"_bbp_reply_count_hidden":0,"_bbp_forum_subforum_count":0,"site-sidebar-layout":"default","site-content-layout":"","ast-site-content-layout":"default","site-content-style":"default","site-sidebar-style":"default","ast-global-header-display":"","ast-banner-title-visibility":"","ast-main-header-display":"","ast-hfb-above-header-display":"","ast-hfb-below-header-display":"","ast-hfb-mobile-header-display":"","site-post-title":"","ast-breadcrumbs-content":"","ast-featured-img":"","footer-sml-layout":"","theme-transparent-header-meta":"default","adv-header-id-meta":"","stick-header-meta":"","header-above-stick-meta":"","header-main-stick-meta":"","header-below-stick-meta":"","astra-migrate-meta-layouts":"set","ast-page-background-enabled":"default","ast-page-background-meta":{"desktop":{"background-color":"var(--ast-global-color-4)","background-image":"","background-repeat":"repeat","background-position":"center center","background-size":"auto","background-attachment":"scroll","background-type":"","background-media":"","overlay-type":"","overlay-color":"","overlay-opacity":"","overlay-gradient":""},"tablet":{"background-color":"","background-image":"","background-repeat":"repeat","background-position":"center center","background-size":"auto","background-attachment":"scroll","background-type":"","background-media":"","overlay-type":"","overlay-color":"","overlay-opacity":"","overlay-gradient":""},"mobile":{"background-color":"","background-image":"","background-repeat":"repeat","background-position":"center center","background-size":"auto","background-attachment":"scroll","background-type":"","background-media":"","overlay-type":"","overlay-color":"","overlay-opacity":"","overlay-gradient":""}},"ast-content-background-meta":{"desktop":{"background-color":"var(--ast-global-color-5)","background-image":"","background-repeat":"repeat","background-position":"center center","background-size":"auto","background-attachment":"scroll","background-type":"","background-media":"","overlay-type":"","overlay-color":"","overlay-opacity":"","overlay-gradient":""},"tablet":{"background-color":"var(--ast-global-color-5)","background-image":"","background-repeat":"repeat","background-position":"center center","background-size":"auto","background-attachment":"scroll","background-type":"","background-media":"","overlay-type":"","overlay-color":"","overlay-opacity":"","overlay-gradient":""},"mobile":{"background-color":"var(--ast-global-color-5)","background-image":"","background-repeat":"repeat","background-position":"center center","background-size":"auto","background-attachment":"scroll","background-type":"","background-media":"","overlay-type":"","overlay-color":"","overlay-opacity":"","overlay-gradient":""}},"footnotes":""},"class_list":["post-28245","page","type-page","status-publish","hentry"],"post_mailing_queue_ids":[],"_links":{"self":[{"href":"https:\/\/agora.xtec.cat\/inslacetania\/wp-json\/wp\/v2\/pages\/28245","targetHints":{"allow":["GET"]}}],"collection":[{"href":"https:\/\/agora.xtec.cat\/inslacetania\/wp-json\/wp\/v2\/pages"}],"about":[{"href":"https:\/\/agora.xtec.cat\/inslacetania\/wp-json\/wp\/v2\/types\/page"}],"author":[{"embeddable":true,"href":"https:\/\/agora.xtec.cat\/inslacetania\/wp-json\/wp\/v2\/users\/13"}],"replies":[{"embeddable":true,"href":"https:\/\/agora.xtec.cat\/inslacetania\/wp-json\/wp\/v2\/comments?post=28245"}],"version-history":[{"count":1,"href":"https:\/\/agora.xtec.cat\/inslacetania\/wp-json\/wp\/v2\/pages\/28245\/revisions"}],"predecessor-version":[{"id":28246,"href":"https:\/\/agora.xtec.cat\/inslacetania\/wp-json\/wp\/v2\/pages\/28245\/revisions\/28246"}],"up":[{"embeddable":true,"href":"https:\/\/agora.xtec.cat\/inslacetania\/wp-json\/wp\/v2\/pages\/531"}],"wp:attachment":[{"href":"https:\/\/agora.xtec.cat\/inslacetania\/wp-json\/wp\/v2\/media?parent=28245"}],"curies":[{"name":"wp","href":"https:\/\/api.w.org\/{rel}","templated":true}]}}