{"id":27717,"date":"2025-10-03T10:53:53","date_gmt":"2025-10-03T08:53:53","guid":{"rendered":"https:\/\/agora.xtec.cat\/inslacetania\/?page_id=27717"},"modified":"2025-10-09T19:08:09","modified_gmt":"2025-10-09T17:08:09","slug":"menu-pla-devacuacio","status":"publish","type":"page","link":"https:\/\/agora.xtec.cat\/inslacetania\/menu-pla-devacuacio\/","title":{"rendered":"Men\u00fa Pla d&#8217;Evacuaci\u00f3"},"content":{"rendered":"<p><strong>Acc\u00e9s als formularis necessaris per al recompte del Pla d&#8217;Evacuaci\u00f3 (acc\u00e9s restringit).<\/strong><\/p>\n<ul>\n<li style=\"list-style-type: none;\">\n<ul><!--\n \t\n\n<li><a href=\"https:\/\/docs.google.com\/forms\/d\/e\/1FAIpQLSfMMujuUcsUFp4qg5DzHi8kjh0FWqB1fkFWzJgPjiLwD7D0NA\/viewform?usp=sharing&amp;ouid=102094097294437854238\">Designaci\u00f3 de responsables de zona<\/a><\/li>\n\n\n--><\/p>\n<li><a href=\"https:\/\/docs.google.com\/forms\/d\/e\/1FAIpQLSc-W6z2KTpvcz6BgfhS9-7qR9ZdsTWYnH2_d7hzMKan-igWyw\/viewform?usp=sharing&amp;ouid=102094097294437854238\">Designaci\u00f3 de responsables de zona<\/a><\/li>\n<\/ul>\n<\/li>\n<\/ul>\n<p><!-- https:\/\/docs.google.com\/forms\/d\/e\/1FAIpQLSc-W6z2KTpvcz6BgfhS9-7qR9ZdsTWYnH2_d7hzMKan-igWyw\/viewform?usp=sharing&ouid=102094097294437854238 --><\/p>\n<p>&nbsp;<\/p>\n<p><strong>Visualitzaci\u00f3 de dades:<\/strong><\/p>\n<ul>\n<li style=\"list-style-type: none;\">\n<ul>\n<li style=\"list-style-type: none;\">\n<ul>\n<li><a href=\"https:\/\/docs.google.com\/spreadsheets\/d\/13cMIDZZE7qnARfGq92A-JsXP08jjSzX4SazaHm-EpQ0\/edit?usp=drive_link\">Visualitzaci\u00f3 dades Pla\u00e7a Ramon Saera<\/a><\/li>\n<li><a href=\"https:\/\/docs.google.com\/spreadsheets\/d\/1JH0ocR_aY_Lm14a8nSpKqeWPt0MGVzv2ojqH2jZ6hfQ\/edit?usp=drive_link\">Visualitzaci\u00f3 dades Llar d&#8217;infants<\/a><\/li>\n<li><a href=\"https:\/\/docs.google.com\/spreadsheets\/d\/1y6dBT8rCHQMlJmII3lTOkn5wb1CMtjWrqh-afK-XSrk\/edit?usp=sharing\">Visualitzaci\u00f3 dades 1r Parc<\/a><\/li>\n<li><a href=\"https:\/\/docs.google.com\/spreadsheets\/d\/1zGH_L6RVR1ExeR3GOyfQ8G-sWvM_pqXcBQkrC-wmBCM\/edit?usp=sharing\">Visualitzaci\u00f3 dades 2n Parc<\/a><\/li>\n<li><a href=\"https:\/\/docs.google.com\/spreadsheets\/d\/1hhDP0lvXhmaSYaRSF3x7jxg1n2yChCUWrLvbjGXDXK0\/edit?usp=sharing\">Visualitzaci\u00f3 dades 3r Parc<\/a><\/li>\n<\/ul>\n<\/li>\n<\/ul>\n<\/li>\n<\/ul>\n","protected":false},"excerpt":{"rendered":"<p>Acc\u00e9s als formularis necessaris per al recompte del Pla d&#8217;Evacuaci\u00f3 (acc\u00e9s restringit). Designaci\u00f3 de responsables de zona &nbsp; Visualitzaci\u00f3 de dades: Visualitzaci\u00f3 dades Pla\u00e7a Ramon Saera Visualitzaci\u00f3 dades Llar d&#8217;infants Visualitzaci\u00f3 dades 1r Parc Visualitzaci\u00f3 dades 2n Parc Visualitzaci\u00f3 dades 3r Parc<\/p>\n","protected":false},"author":1,"featured_media":0,"parent":0,"menu_order":0,"comment_status":"closed","ping_status":"closed","template":"","meta":{"_bbp_topic_count":0,"_bbp_reply_count":0,"_bbp_total_topic_count":0,"_bbp_total_reply_count":0,"_bbp_voice_count":0,"_bbp_anonymous_reply_count":0,"_bbp_topic_count_hidden":0,"_bbp_reply_count_hidden":0,"_bbp_forum_subforum_count":0,"site-sidebar-layout":"default","site-content-layout":"","ast-site-content-layout":"","site-content-style":"default","site-sidebar-style":"default","ast-global-header-display":"","ast-banner-title-visibility":"","ast-main-header-display":"","ast-hfb-above-header-display":"","ast-hfb-below-header-display":"","ast-hfb-mobile-header-display":"","site-post-title":"","ast-breadcrumbs-content":"","ast-featured-img":"","footer-sml-layout":"","theme-transparent-header-meta":"","adv-header-id-meta":"","stick-header-meta":"","header-above-stick-meta":"","header-main-stick-meta":"","header-below-stick-meta":"","astra-migrate-meta-layouts":"default","ast-page-background-enabled":"default","ast-page-background-meta":{"desktop":{"background-color":"var(--ast-global-color-4)","background-image":"","background-repeat":"repeat","background-position":"center center","background-size":"auto","background-attachment":"scroll","background-type":"","background-media":"","overlay-type":"","overlay-color":"","overlay-opacity":"","overlay-gradient":""},"tablet":{"background-color":"","background-image":"","background-repeat":"repeat","background-position":"center center","background-size":"auto","background-attachment":"scroll","background-type":"","background-media":"","overlay-type":"","overlay-color":"","overlay-opacity":"","overlay-gradient":""},"mobile":{"background-color":"","background-image":"","background-repeat":"repeat","background-position":"center center","background-size":"auto","background-attachment":"scroll","background-type":"","background-media":"","overlay-type":"","overlay-color":"","overlay-opacity":"","overlay-gradient":""}},"ast-content-background-meta":{"desktop":{"background-color":"var(--ast-global-color-5)","background-image":"","background-repeat":"repeat","background-position":"center center","background-size":"auto","background-attachment":"scroll","background-type":"","background-media":"","overlay-type":"","overlay-color":"","overlay-opacity":"","overlay-gradient":""},"tablet":{"background-color":"var(--ast-global-color-5)","background-image":"","background-repeat":"repeat","background-position":"center center","background-size":"auto","background-attachment":"scroll","background-type":"","background-media":"","overlay-type":"","overlay-color":"","overlay-opacity":"","overlay-gradient":""},"mobile":{"background-color":"var(--ast-global-color-5)","background-image":"","background-repeat":"repeat","background-position":"center center","background-size":"auto","background-attachment":"scroll","background-type":"","background-media":"","overlay-type":"","overlay-color":"","overlay-opacity":"","overlay-gradient":""}},"footnotes":""},"class_list":["post-27717","page","type-page","status-publish","hentry"],"post_mailing_queue_ids":[],"_links":{"self":[{"href":"https:\/\/agora.xtec.cat\/inslacetania\/wp-json\/wp\/v2\/pages\/27717","targetHints":{"allow":["GET"]}}],"collection":[{"href":"https:\/\/agora.xtec.cat\/inslacetania\/wp-json\/wp\/v2\/pages"}],"about":[{"href":"https:\/\/agora.xtec.cat\/inslacetania\/wp-json\/wp\/v2\/types\/page"}],"author":[{"embeddable":true,"href":"https:\/\/agora.xtec.cat\/inslacetania\/wp-json\/wp\/v2\/users\/1"}],"replies":[{"embeddable":true,"href":"https:\/\/agora.xtec.cat\/inslacetania\/wp-json\/wp\/v2\/comments?post=27717"}],"version-history":[{"count":6,"href":"https:\/\/agora.xtec.cat\/inslacetania\/wp-json\/wp\/v2\/pages\/27717\/revisions"}],"predecessor-version":[{"id":27847,"href":"https:\/\/agora.xtec.cat\/inslacetania\/wp-json\/wp\/v2\/pages\/27717\/revisions\/27847"}],"wp:attachment":[{"href":"https:\/\/agora.xtec.cat\/inslacetania\/wp-json\/wp\/v2\/media?parent=27717"}],"curies":[{"name":"wp","href":"https:\/\/api.w.org\/{rel}","templated":true}]}}