{"id":27319,"date":"2025-07-21T11:31:22","date_gmt":"2025-07-21T09:31:22","guid":{"rendered":"https:\/\/agora.xtec.cat\/inslacetania\/?page_id=27319"},"modified":"2025-07-24T11:42:06","modified_gmt":"2025-07-24T09:42:06","slug":"ifct0108-operacions-auxiliars-de-muntatge-i-manteniment-de-sistemes-microinformatics","status":"publish","type":"page","link":"https:\/\/agora.xtec.cat\/inslacetania\/estudis\/fp\/certificats-de-professionalitat\/ifct0108-operacions-auxiliars-de-muntatge-i-manteniment-de-sistemes-microinformatics\/","title":{"rendered":"IFCT0108: Operacions Auxiliars de Muntatge i Manteniment de Sistemes Microinform\u00e0tics"},"content":{"rendered":"<h3>Vols saber com funcionen els ordinadors? Vols saber com arreglar-los?<\/h3>\n<p><span style=\"color: #ff6600;\"><strong>Titulaci\u00f3 oficial (Certificat de professionalitat de nivell 1)<\/strong><\/span><\/p>\n<h3>Objectius<\/h3>\n<ol>\n<li>En aquest curs aprendr\u00e0s els coneixements b\u00e0sics del funcionament d&#8217;ordinadors i altres sistemes microinform\u00e0tics.<\/li>\n<li>Adquirir\u00e0s les habilitats necessaries per poder detectar les principals averies i actuar sobre els \u00e8quips desmuntant, muntant i reparant els \u00e8quips fent-ho de manera eficient i segura seguint els procediments adequats complint amb les normes de seguretat.<\/li>\n<li>Aprendr\u00e0s el funcionament dels diferents components que formen els ordinadors, quina \u00e9s la funci\u00f3 de cada un d&#8217;ells, identificar-los a nivell de software i hardware per tal de poder resoldre les principals averies que es poden produir en els \u00e8quips.<\/li>\n<\/ol>\n<div>\n<div class=\"\" data-block=\"true\" data-editor=\"1q7ks\" data-offset-key=\"af11q-0-0\">\n<div class=\"_1mf _1mj\" data-offset-key=\"af11q-0-0\">\n<div class=\"\" data-block=\"true\" data-editor=\"75oe0\" data-offset-key=\"9jv43-0-0\">\n<div class=\"\" data-block=\"true\" data-editor=\"75oe0\" data-offset-key=\"9jv43-0-0\">\n<div class=\"_1mf _1mj\" data-offset-key=\"9jv43-0-0\">\n<div class=\"\" data-block=\"true\" data-editor=\"75oe0\" data-offset-key=\"9jv43-0-0\">\n<h3>Continguts:<\/h3>\n<ul>\n<li><span style=\"font-size: 16px;\"><strong>MF1207_1<\/strong>: Operacions auxiliars de muntatge de components inform\u00e0tics (130 h)<\/span><\/li>\n<li><span style=\"font-size: 16px;\"><strong>MF1208_1<\/strong>: Operacions auxiliars de manteniment de sistemes microinform\u00e0tics (70 h)<\/span><\/li>\n<li><span style=\"font-size: 16px;\"><strong>MF1209_1:<\/strong>\u00a0Operacions auxiliars amb tecnologies de la informaci\u00f3 i la comunicaci\u00f3 (90 h)<\/span><\/li>\n<li><span style=\"font-size: 16px;\"><strong>MP0098<\/strong>: M\u00f2dul de pr\u00e0ctiques professionals no laborals d\u2019operacions auxiliars de muntatge i manteniment de sistemes microinform\u00e0tics (80 hores).<\/span><\/li>\n<li><span style=\"font-size: 16px;\"><strong>Formaci\u00f3 Complement\u00e0ria: 40 H<\/strong><\/span><\/li>\n<li class=\"_1mf _1mj\" data-offset-key=\"9jv43-0-0\"><span style=\"font-size: 16px;\"><strong>Practiques formatives: 80 H<\/strong><\/span><\/li>\n<\/ul>\n<h3>Horari:<\/h3>\n<ul>\n<li>Tardes: 15:00 h a 20:00 h<\/li>\n<\/ul>\n<h3>Inici del curs:<\/h3>\n<ul>\n<li>Novembre 2025<\/li>\n<\/ul>\n<\/div>\n<\/div>\n<\/div>\n<\/div>\n<\/div>\n<\/div>\n<\/div>\n<p>Per a m\u00e9s informaci\u00f3 o inscripcions pots trucar al <strong><span style=\"color: #000000;\"><a class=\"\" style=\"color: #000000;\" href=\"tel:938773750\" aria-label=\"Tel\u00e9fono 938 77 37 50\">93 877 37 50<\/a><\/span><\/strong> o b\u00e9 escriure un correu electr\u00f2nic a: <strong>inslacetania@xtec.cat<\/strong><\/p>\n<p><em>Aquesta actuaci\u00f3 est\u00e0 impulsada i subvencionada pel <strong>Servei P\u00fablic d\u2019Ocupaci\u00f3 de Catalunya (SOC) amb fons rebuts del Ministeri d\u2019Educaci\u00f3, Formaci\u00f3 Professional i Esports i del Servei P\u00fablic d\u2019Ocupaci\u00f3 Estatal (SEPE).<\/strong><\/em><\/p>\n","protected":false},"excerpt":{"rendered":"<p>Vols saber com funcionen els ordinadors? Vols saber com arreglar-los? Titulaci\u00f3 oficial (Certificat de professionalitat de nivell 1) Objectius En aquest curs aprendr\u00e0s els coneixements b\u00e0sics del funcionament d&#8217;ordinadors i altres sistemes microinform\u00e0tics. Adquirir\u00e0s les habilitats necessaries per poder detectar les principals averies i actuar sobre els \u00e8quips desmuntant, muntant i reparant els \u00e8quips fent-ho [&hellip;]<\/p>\n","protected":false},"author":13,"featured_media":0,"parent":22957,"menu_order":12,"comment_status":"closed","ping_status":"closed","template":"page-templates\/side-menu.php","meta":{"_bbp_topic_count":0,"_bbp_reply_count":0,"_bbp_total_topic_count":0,"_bbp_total_reply_count":0,"_bbp_voice_count":0,"_bbp_anonymous_reply_count":0,"_bbp_topic_count_hidden":0,"_bbp_reply_count_hidden":0,"_bbp_forum_subforum_count":0,"site-sidebar-layout":"default","site-content-layout":"","ast-site-content-layout":"","site-content-style":"default","site-sidebar-style":"default","ast-global-header-display":"","ast-banner-title-visibility":"","ast-main-header-display":"","ast-hfb-above-header-display":"","ast-hfb-below-header-display":"","ast-hfb-mobile-header-display":"","site-post-title":"","ast-breadcrumbs-content":"","ast-featured-img":"","footer-sml-layout":"","theme-transparent-header-meta":"","adv-header-id-meta":"","stick-header-meta":"","header-above-stick-meta":"","header-main-stick-meta":"","header-below-stick-meta":"","astra-migrate-meta-layouts":"default","ast-page-background-enabled":"default","ast-page-background-meta":{"desktop":{"background-color":"var(--ast-global-color-4)","background-image":"","background-repeat":"repeat","background-position":"center center","background-size":"auto","background-attachment":"scroll","background-type":"","background-media":"","overlay-type":"","overlay-color":"","overlay-opacity":"","overlay-gradient":""},"tablet":{"background-color":"","background-image":"","background-repeat":"repeat","background-position":"center center","background-size":"auto","background-attachment":"scroll","background-type":"","background-media":"","overlay-type":"","overlay-color":"","overlay-opacity":"","overlay-gradient":""},"mobile":{"background-color":"","background-image":"","background-repeat":"repeat","background-position":"center center","background-size":"auto","background-attachment":"scroll","background-type":"","background-media":"","overlay-type":"","overlay-color":"","overlay-opacity":"","overlay-gradient":""}},"ast-content-background-meta":{"desktop":{"background-color":"var(--ast-global-color-5)","background-image":"","background-repeat":"repeat","background-position":"center center","background-size":"auto","background-attachment":"scroll","background-type":"","background-media":"","overlay-type":"","overlay-color":"","overlay-opacity":"","overlay-gradient":""},"tablet":{"background-color":"var(--ast-global-color-5)","background-image":"","background-repeat":"repeat","background-position":"center center","background-size":"auto","background-attachment":"scroll","background-type":"","background-media":"","overlay-type":"","overlay-color":"","overlay-opacity":"","overlay-gradient":""},"mobile":{"background-color":"var(--ast-global-color-5)","background-image":"","background-repeat":"repeat","background-position":"center center","background-size":"auto","background-attachment":"scroll","background-type":"","background-media":"","overlay-type":"","overlay-color":"","overlay-opacity":"","overlay-gradient":""}},"footnotes":""},"class_list":["post-27319","page","type-page","status-publish","hentry"],"post_mailing_queue_ids":[],"_links":{"self":[{"href":"https:\/\/agora.xtec.cat\/inslacetania\/wp-json\/wp\/v2\/pages\/27319","targetHints":{"allow":["GET"]}}],"collection":[{"href":"https:\/\/agora.xtec.cat\/inslacetania\/wp-json\/wp\/v2\/pages"}],"about":[{"href":"https:\/\/agora.xtec.cat\/inslacetania\/wp-json\/wp\/v2\/types\/page"}],"author":[{"embeddable":true,"href":"https:\/\/agora.xtec.cat\/inslacetania\/wp-json\/wp\/v2\/users\/13"}],"replies":[{"embeddable":true,"href":"https:\/\/agora.xtec.cat\/inslacetania\/wp-json\/wp\/v2\/comments?post=27319"}],"version-history":[{"count":7,"href":"https:\/\/agora.xtec.cat\/inslacetania\/wp-json\/wp\/v2\/pages\/27319\/revisions"}],"predecessor-version":[{"id":27334,"href":"https:\/\/agora.xtec.cat\/inslacetania\/wp-json\/wp\/v2\/pages\/27319\/revisions\/27334"}],"up":[{"embeddable":true,"href":"https:\/\/agora.xtec.cat\/inslacetania\/wp-json\/wp\/v2\/pages\/22957"}],"wp:attachment":[{"href":"https:\/\/agora.xtec.cat\/inslacetania\/wp-json\/wp\/v2\/media?parent=27319"}],"curies":[{"name":"wp","href":"https:\/\/api.w.org\/{rel}","templated":true}]}}