{"id":27315,"date":"2025-07-21T11:23:51","date_gmt":"2025-07-21T09:23:51","guid":{"rendered":"https:\/\/agora.xtec.cat\/inslacetania\/?page_id=27315"},"modified":"2025-11-18T10:45:33","modified_gmt":"2025-11-18T09:45:33","slug":"operacions-auxiliars-de-serveis-administratius-i-generals","status":"publish","type":"page","link":"https:\/\/agora.xtec.cat\/inslacetania\/estudis\/fp\/certificats-de-professionalitat\/operacions-auxiliars-de-serveis-administratius-i-generals\/","title":{"rendered":"ADGG048: Operacions auxiliars de serveis administratius i generals"},"content":{"rendered":"<p>Amb aquest Certificat de Professionalitat, aprendr\u00e0s a\u00a0<strong>gestionar la documentaci\u00f3\u00a0<\/strong>i la missatgeria d\u2019una empresa o entitat, a utilitzar<strong>\u00a0programes inform\u00e0tics per a la gesti\u00f3 de dades<\/strong>\u00a0i a\u00a0<strong>organitzar i coordinar tasques administratives<\/strong>. A m\u00e9s, adquirir\u00e0s les habilitats de comunicaci\u00f3 oral i escrita que necessitar\u00e0s per desenvolupar la teva feina com a auxiliar administratiu o auxiliar administrativa.<\/p>\n<p>Durant el curs obtindr\u00e0s els coneixements necessaris per\u00a0<strong>desenvolupar tasques administratives en diferents entitats p\u00fabliques i privades<\/strong>, aix\u00ed com en empreses de diferents sectors.<\/p>\n<p>No deixis escapar aquesta oportunitat de formar-te\u00a0<strong>en un sector amb una gran demanda laboral<\/strong>! Inscriu-te i comen\u00e7a a construir el teu futur professional!<\/p>\n<p><span style=\"color: #ff6600;\"><strong>Titulaci\u00f3 oficial (Certificat de professionalitat de nivell 1)<\/strong><\/span><\/p>\n<h3>Objectiu:<\/h3>\n<ol>\n<li>Distribuir, reproduir i transmetre la informaci\u00f3 i documentaci\u00f3 requerides en les tasques administratives i de gesti\u00f3, internes i externes<\/li>\n<li>Realitzar tr\u00e0mits elementals de verificaci\u00f3 de dades i documents a requeriment de t\u00e8cnics de nivell superior amb efic\u00e0cia, d&#8217;acord amb instruccions o procediments establerts<\/li>\n<\/ol>\n<div>\n<div class=\"\" data-block=\"true\" data-editor=\"1q7ks\" data-offset-key=\"af11q-0-0\">\n<div class=\"_1mf _1mj\" data-offset-key=\"af11q-0-0\">\n<div class=\"\" data-block=\"true\" data-editor=\"75oe0\" data-offset-key=\"9jv43-0-0\">\n<div class=\"\" data-block=\"true\" data-editor=\"75oe0\" data-offset-key=\"9jv43-0-0\">\n<div class=\"_1mf _1mj\" data-offset-key=\"9jv43-0-0\">\n<div class=\"\" data-block=\"true\" data-editor=\"75oe0\" data-offset-key=\"9jv43-0-0\">\n<h3>Continguts:<\/h3>\n<ul>\n<li><strong>MF0969_1<\/strong>: T\u00e8cniques administratives b\u00e0siques d&#8217;oficina.<\/li>\n<li><strong>MF0970_1<\/strong>: Operacions b\u00e0siques de comunicaci\u00f3<\/li>\n<li><strong>MF0971_1<\/strong>:Reproducci\u00f3 I arxiu<\/li>\n<li><span style=\"font-size: 16px;\"><strong>Formaci\u00f3 Complement\u00e0ria: 40 H<\/strong><\/span><\/li>\n<li class=\"_1mf _1mj\" data-offset-key=\"9jv43-0-0\"><span style=\"font-size: 16px;\"><strong>Practiques formatives: 80 H<\/strong><\/span><\/li>\n<\/ul>\n<h3>Horari:<\/h3>\n<ul>\n<li>Tardes: 15:00 h a 20:00 h<\/li>\n<\/ul>\n<h3>Inici del curs:<\/h3>\n<ul>\n<li>Novembre 2025<\/li>\n<\/ul>\n<\/div>\n<\/div>\n<\/div>\n<\/div>\n<\/div>\n<\/div>\n<\/div>\n<p>Per a m\u00e9s informaci\u00f3 o inscripcions pots trucar al <strong><span style=\"color: #000000;\"><a class=\"\" style=\"color: #000000;\" href=\"tel:938773750\" aria-label=\"Tel\u00e9fono 938 77 37 50\">93 877 37 50<\/a><\/span><\/strong> o b\u00e9 escriure un correu electr\u00f2nic a: <strong>inslacetania@xtec.cat<\/strong><\/p>\n<p><em>Aquesta actuaci\u00f3 est\u00e0 impulsada i subvencionada pel <strong>Servei P\u00fablic d\u2019Ocupaci\u00f3 de Catalunya (SOC) amb fons rebuts del Ministeri d\u2019Educaci\u00f3, Formaci\u00f3 Professional i Esports i del Servei P\u00fablic d\u2019Ocupaci\u00f3 Estatal (SEPE).<\/strong><\/em><\/p>\n<p><a href=\"https:\/\/agora.xtec.cat\/inslacetania\/wp-content\/uploads\/usu1045\/2025\/11\/CP-Operacions-auxiliars-de-serveis-administratius-i-generals-3-2.png\"><img loading=\"lazy\" decoding=\"async\" class=\"wp-image-28365 aligncenter\" src=\"https:\/\/agora.xtec.cat\/inslacetania\/wp-content\/uploads\/usu1045\/2025\/11\/CP-Operacions-auxiliars-de-serveis-administratius-i-generals-3-2-724x1024.png\" alt=\"\" width=\"558\" height=\"789\" srcset=\"https:\/\/agora.xtec.cat\/inslacetania\/wp-content\/uploads\/usu1045\/2025\/11\/CP-Operacions-auxiliars-de-serveis-administratius-i-generals-3-2-724x1024.png 724w, https:\/\/agora.xtec.cat\/inslacetania\/wp-content\/uploads\/usu1045\/2025\/11\/CP-Operacions-auxiliars-de-serveis-administratius-i-generals-3-2-212x300.png 212w, https:\/\/agora.xtec.cat\/inslacetania\/wp-content\/uploads\/usu1045\/2025\/11\/CP-Operacions-auxiliars-de-serveis-administratius-i-generals-3-2-768x1086.png 768w, https:\/\/agora.xtec.cat\/inslacetania\/wp-content\/uploads\/usu1045\/2025\/11\/CP-Operacions-auxiliars-de-serveis-administratius-i-generals-3-2-1086x1536.png 1086w, https:\/\/agora.xtec.cat\/inslacetania\/wp-content\/uploads\/usu1045\/2025\/11\/CP-Operacions-auxiliars-de-serveis-administratius-i-generals-3-2-1448x2048.png 1448w, https:\/\/agora.xtec.cat\/inslacetania\/wp-content\/uploads\/usu1045\/2025\/11\/CP-Operacions-auxiliars-de-serveis-administratius-i-generals-3-2.png 1587w\" sizes=\"auto, (max-width: 558px) 100vw, 558px\" \/><\/a><\/p>\n\n\n<p><\/p>\n","protected":false},"excerpt":{"rendered":"<p>Amb aquest Certificat de Professionalitat, aprendr\u00e0s a\u00a0gestionar la documentaci\u00f3\u00a0i la missatgeria d\u2019una empresa o entitat, a utilitzar\u00a0programes inform\u00e0tics per a la gesti\u00f3 de dades\u00a0i a\u00a0organitzar i coordinar tasques administratives. A m\u00e9s, adquirir\u00e0s les habilitats de comunicaci\u00f3 oral i escrita que necessitar\u00e0s per desenvolupar la teva feina com a auxiliar administratiu o auxiliar administrativa. Durant el [&hellip;]<\/p>\n","protected":false},"author":13,"featured_media":0,"parent":22957,"menu_order":10,"comment_status":"closed","ping_status":"closed","template":"","meta":{"_bbp_topic_count":0,"_bbp_reply_count":0,"_bbp_total_topic_count":0,"_bbp_total_reply_count":0,"_bbp_voice_count":0,"_bbp_anonymous_reply_count":0,"_bbp_topic_count_hidden":0,"_bbp_reply_count_hidden":0,"_bbp_forum_subforum_count":0,"site-sidebar-layout":"default","site-content-layout":"","ast-site-content-layout":"default","site-content-style":"default","site-sidebar-style":"default","ast-global-header-display":"","ast-banner-title-visibility":"","ast-main-header-display":"","ast-hfb-above-header-display":"","ast-hfb-below-header-display":"","ast-hfb-mobile-header-display":"","site-post-title":"","ast-breadcrumbs-content":"","ast-featured-img":"","footer-sml-layout":"","theme-transparent-header-meta":"","adv-header-id-meta":"","stick-header-meta":"","header-above-stick-meta":"","header-main-stick-meta":"","header-below-stick-meta":"","astra-migrate-meta-layouts":"set","ast-page-background-enabled":"default","ast-page-background-meta":{"desktop":{"background-color":"var(--ast-global-color-4)","background-image":"","background-repeat":"repeat","background-position":"center center","background-size":"auto","background-attachment":"scroll","background-type":"","background-media":"","overlay-type":"","overlay-color":"","overlay-opacity":"","overlay-gradient":""},"tablet":{"background-color":"","background-image":"","background-repeat":"repeat","background-position":"center center","background-size":"auto","background-attachment":"scroll","background-type":"","background-media":"","overlay-type":"","overlay-color":"","overlay-opacity":"","overlay-gradient":""},"mobile":{"background-color":"","background-image":"","background-repeat":"repeat","background-position":"center center","background-size":"auto","background-attachment":"scroll","background-type":"","background-media":"","overlay-type":"","overlay-color":"","overlay-opacity":"","overlay-gradient":""}},"ast-content-background-meta":{"desktop":{"background-color":"var(--ast-global-color-5)","background-image":"","background-repeat":"repeat","background-position":"center center","background-size":"auto","background-attachment":"scroll","background-type":"","background-media":"","overlay-type":"","overlay-color":"","overlay-opacity":"","overlay-gradient":""},"tablet":{"background-color":"var(--ast-global-color-5)","background-image":"","background-repeat":"repeat","background-position":"center center","background-size":"auto","background-attachment":"scroll","background-type":"","background-media":"","overlay-type":"","overlay-color":"","overlay-opacity":"","overlay-gradient":""},"mobile":{"background-color":"var(--ast-global-color-5)","background-image":"","background-repeat":"repeat","background-position":"center center","background-size":"auto","background-attachment":"scroll","background-type":"","background-media":"","overlay-type":"","overlay-color":"","overlay-opacity":"","overlay-gradient":""}},"footnotes":""},"class_list":["post-27315","page","type-page","status-publish","hentry"],"post_mailing_queue_ids":[],"_links":{"self":[{"href":"https:\/\/agora.xtec.cat\/inslacetania\/wp-json\/wp\/v2\/pages\/27315","targetHints":{"allow":["GET"]}}],"collection":[{"href":"https:\/\/agora.xtec.cat\/inslacetania\/wp-json\/wp\/v2\/pages"}],"about":[{"href":"https:\/\/agora.xtec.cat\/inslacetania\/wp-json\/wp\/v2\/types\/page"}],"author":[{"embeddable":true,"href":"https:\/\/agora.xtec.cat\/inslacetania\/wp-json\/wp\/v2\/users\/13"}],"replies":[{"embeddable":true,"href":"https:\/\/agora.xtec.cat\/inslacetania\/wp-json\/wp\/v2\/comments?post=27315"}],"version-history":[{"count":5,"href":"https:\/\/agora.xtec.cat\/inslacetania\/wp-json\/wp\/v2\/pages\/27315\/revisions"}],"predecessor-version":[{"id":28366,"href":"https:\/\/agora.xtec.cat\/inslacetania\/wp-json\/wp\/v2\/pages\/27315\/revisions\/28366"}],"up":[{"embeddable":true,"href":"https:\/\/agora.xtec.cat\/inslacetania\/wp-json\/wp\/v2\/pages\/22957"}],"wp:attachment":[{"href":"https:\/\/agora.xtec.cat\/inslacetania\/wp-json\/wp\/v2\/media?parent=27315"}],"curies":[{"name":"wp","href":"https:\/\/api.w.org\/{rel}","templated":true}]}}